{"id":4182,"date":"2025-04-02T10:48:09","date_gmt":"2025-04-02T08:48:09","guid":{"rendered":"https:\/\/semmelweis.hu\/sportkozpont\/?page_id=4182"},"modified":"2025-04-02T10:48:09","modified_gmt":"2025-04-02T08:48:09","slug":"futsal-csarnok","status":"publish","type":"page","link":"https:\/\/semmelweis.hu\/sportkozpont\/futsal-csarnok\/","title":{"rendered":"Futsal csarnok"},"content":{"rendered":"<p>K\u00f6nny\u0171szerkezetes futsal csarnok \u00e9p\u00fcl a Sportk\u00f6zpontban hamarosan<\/p>\n<p>L\u00e1tv\u00e1nytervek:<\/p>\n<p><a href=\"https:\/\/semmelweis.hu\/sportkozpont\/files\/2025\/04\/FUTSAL-CSARNOK.pdf\">FUTSAL CSARNOK<\/a><\/p>\n","protected":false},"excerpt":{"rendered":"<p>K\u00f6nny\u0171szerkezetes futsal csarnok \u00e9p\u00fcl a Sportk\u00f6zpontban hamarosan<br \/>\nL\u00e1tv\u00e1nytervek:<br \/>\n<a href=\"https:\/\/semmelweis.hu\/sportkozpont\/files\/2025\/04\/FUTSAL-CSARNOK.pdf\">FUTSAL CSARNOK<\/a><\/p>\n","protected":false},"author":101137,"featured_media":0,"parent":0,"menu_order":0,"comment_status":"closed","ping_status":"closed","template":"","meta":{"_acf_changed":false,"footnotes":""},"categories":[],"tags":[],"class_list":["post-4182","page","type-page","status-publish","hentry"],"acf":[],"_links":{"self":[{"href":"https:\/\/semmelweis.hu\/sportkozpont\/wp-json\/wp\/v2\/pages\/4182","targetHints":{"allow":["GET"]}}],"collection":[{"href":"https:\/\/semmelweis.hu\/sportkozpont\/wp-json\/wp\/v2\/pages"}],"about":[{"href":"https:\/\/semmelweis.hu\/sportkozpont\/wp-json\/wp\/v2\/types\/page"}],"author":[{"embeddable":true,"href":"https:\/\/semmelweis.hu\/sportkozpont\/wp-json\/wp\/v2\/users\/101137"}],"replies":[{"embeddable":true,"href":"https:\/\/semmelweis.hu\/sportkozpont\/wp-json\/wp\/v2\/comments?post=4182"}],"version-history":[{"count":2,"href":"https:\/\/semmelweis.hu\/sportkozpont\/wp-json\/wp\/v2\/pages\/4182\/revisions"}],"predecessor-version":[{"id":4184,"href":"https:\/\/semmelweis.hu\/sportkozpont\/wp-json\/wp\/v2\/pages\/4182\/revisions\/4184"}],"wp:attachment":[{"href":"https:\/\/semmelweis.hu\/sportkozpont\/wp-json\/wp\/v2\/media?parent=4182"}],"wp:term":[{"taxonomy":"category","embeddable":true,"href":"https:\/\/semmelweis.hu\/sportkozpont\/wp-json\/wp\/v2\/categories?post=4182"},{"taxonomy":"post_tag","embeddable":true,"href":"https:\/\/semmelweis.hu\/sportkozpont\/wp-json\/wp\/v2\/tags?post=4182"}],"curies":[{"name":"wp","href":"https:\/\/api.w.org\/{rel}","templated":true}]}}