{"id":3981,"date":"2024-04-12T13:55:40","date_gmt":"2024-04-12T11:55:40","guid":{"rendered":"https:\/\/semmelweis.hu\/sportkozpont\/?page_id=3981"},"modified":"2025-10-31T13:28:20","modified_gmt":"2025-10-31T12:28:20","slug":"sport-es-eletmod","status":"publish","type":"page","link":"https:\/\/semmelweis.hu\/sportkozpont\/oktatas\/sport-es-eletmod\/","title":{"rendered":"A &#8222;Sport \u00e9s \u00e9letm\u00f3d 1 -6 k\u00f6telez\u0151en v\u00e1laszthat\u00f3 t\u00e1rgyak"},"content":{"rendered":"<p>Az al\u00e1bbiakban (2025\/2026. \u00e9vi tan\u00e9vt\u0151l kezd\u0151d\u0151en) tal\u00e1lj\u00e1k a 100 k\u00e9rd\u00e9ses tesztsorokat a helyes v\u00e1lasszal. A teszt\u00edr\u00e1s ezen k\u00e9rd\u00e9sekb\u0151l lesz \u00f6ssze\u00e1ll\u00edtva.<\/p>\n<div class=\"responsive-tabs\">\n<h2 class=\"tabtitle\">100 k\u00e9rd\u00e9ses tesztsorok<\/h2>\n<div class=\"tabcontent\">\n\n<p><a href=\"https:\/\/semmelweis.hu\/sportkozpont\/files\/2025\/10\/Sport-es-eletmod-_-Koredzes-szabadban-tesztkerdesek-valasszal.pdf\">Sport \u00e9s \u00e9letm\u00f3d _ K\u00f6redz\u00e9s szabadban tesztk\u00e9rd\u00e9sek v\u00e1lasszal<\/a><\/p>\n<p><a href=\"https:\/\/semmelweis.hu\/sportkozpont\/files\/2025\/10\/Sport-es-eletmod-_-Turazas-tesztkerdesek-valasszal.pdf\">Sport \u00e9s \u00e9letm\u00f3d _ T\u00far\u00e1z\u00e1s tesztk\u00e9rd\u00e9sek v\u00e1lasszal<\/a><\/p>\n<p><a href=\"https:\/\/semmelweis.hu\/sportkozpont\/files\/2025\/10\/Sport-es-eletmod-_-Terepfutas-tesztkerdesek-valasszal.pdf\">Sport \u00e9s \u00e9letm\u00f3d _ Terepfut\u00e1s tesztk\u00e9rd\u00e9sek v\u00e1lasszal<\/a><\/p>\n<p><a href=\"https:\/\/semmelweis.hu\/sportkozpont\/files\/2025\/10\/Sport-es-eletmod-_-Uszas-tesztkerdesek-valasszal.pdf\">Sport \u00e9s \u00e9letm\u00f3d _ \u00dasz\u00e1s tesztk\u00e9rd\u00e9sek v\u00e1lasszal<\/a><\/p>\n\n<\/div><h2 class=\"tabtitle\">Arch\u00edv<\/h2>\n<div class=\"tabcontent\">\n\n<p>Itt tal\u00e1lhat\u00f3 a <em><strong>Sport \u00e9s \u00e9letm\u00f3d t\u00e1rgyak<\/strong><\/em><span style=\"font-size: 14pt\"><strong> \u00fasz\u00e1s<\/strong><\/span> kurzusainak jegyzete.<\/p>\n<p><a href=\"https:\/\/semmelweis.hu\/sportkozpont\/files\/2025\/04\/Uszas-jegyzet-2024_25_2.pdf\">\u00dasz\u00e1s jegyzet 2024_25_2<\/a><\/p>\n<p><a href=\"https:\/\/semmelweis.hu\/sportkozpont\/files\/2024\/10\/Uszas-jegyzet-2024_2025.pdf\">\u00dasz\u00e1s jegyzet 2024_2025<\/a><\/p>\n<p><a href=\"https:\/\/semmelweis.hu\/sportkozpont\/files\/2024\/04\/uszas-jegyzet-2023_24_2.pdf\">\u00fasz\u00e1s jegyzet 2023_24_2<\/a><\/p>\n<\/div><\/div>\n","protected":false},"excerpt":{"rendered":"<p>Az al\u00e1bbiakban (2025\/2026. \u00e9vi tan\u00e9vt\u0151l kezd\u0151d\u0151en) tal\u00e1lj\u00e1k a 100 k\u00e9rd\u00e9ses tesztsorokat a helyes v\u00e1lasszal. A teszt\u00edr\u00e1s ezen k\u00e9rd\u00e9sekb\u0151l lesz \u00f6ssze\u00e1ll\u00edtva.<\/p>\n<p><a href=\"https:\/\/semmelweis.hu\/sportkozpont\/files\/2025\/10\/Sport-es-eletmod-_-Koredzes-szabadban-tesztkerdesek-valasszal.pdf\">Sport \u00e9s \u00e9letm\u00f3d _ K\u00f6redz\u00e9s szabadban tesztk\u00e9rd\u00e9sek v\u00e1lasszal<\/a><br \/>\n<a href=\"https:\/\/semmelweis.hu\/sportkozpont\/files\/2025\/10\/Sport-es-eletmod-_-Turazas-tesztkerdesek-valasszal.pdf\">Sport \u00e9s \u00e9letm\u00f3d _ T\u00far\u00e1z\u00e1s tesztk\u00e9rd\u00e9sek v\u00e1lasszal<\/a><br \/>\n<a href=\"https:\/\/semmelweis.hu\/sportkozpont\/files\/2025\/10\/Sport-es-eletmod-_-Terepfutas-tesztkerdesek-valasszal.pdf\">Sport \u00e9s \u00e9letm\u00f3d _ Terepfut\u00e1s tesztk\u00e9rd\u00e9sek v\u00e1lasszal<\/a><br \/>\n<a href=\"https:\/\/semmelweis.hu\/sportkozpont\/files\/2025\/10\/Sport-es-eletmod-_-Uszas-tesztkerdesek-valasszal.pdf\">Sport \u00e9s \u00e9letm\u00f3d _ \u00dasz\u00e1s tesztk\u00e9rd\u00e9sek v\u00e1lasszal<\/a><\/p>\n<p>Itt tal\u00e1lhat\u00f3 a Sport \u00e9s \u00e9letm\u00f3d t\u00e1rgyak \u00fasz\u00e1s kurzusainak jegyzete.<br \/>\n<a href=\"https:\/\/semmelweis.hu\/sportkozpont\/files\/2025\/04\/Uszas-jegyzet-2024_25_2.pdf\">\u00dasz\u00e1s jegyzet 2024_25_2<\/a><br \/>\n<a href=\"https:\/\/semmelweis.hu\/sportkozpont\/files\/2024\/10\/Uszas-jegyzet-2024_2025.pdf\">\u00dasz\u00e1s jegyzet 2024_2025<\/a><br \/>\n<a href=\"https:\/\/semmelweis.hu\/sportkozpont\/files\/2024\/04\/uszas-jegyzet-2023_24_2.pdf\">\u00fasz\u00e1s jegyzet 2023_24_2<\/a><\/p>\n","protected":false},"author":101137,"featured_media":0,"parent":444,"menu_order":1,"comment_status":"closed","ping_status":"closed","template":"","meta":{"_acf_changed":false,"footnotes":""},"categories":[],"tags":[],"class_list":["post-3981","page","type-page","status-publish","hentry"],"acf":[],"_links":{"self":[{"href":"https:\/\/semmelweis.hu\/sportkozpont\/wp-json\/wp\/v2\/pages\/3981","targetHints":{"allow":["GET"]}}],"collection":[{"href":"https:\/\/semmelweis.hu\/sportkozpont\/wp-json\/wp\/v2\/pages"}],"about":[{"href":"https:\/\/semmelweis.hu\/sportkozpont\/wp-json\/wp\/v2\/types\/page"}],"author":[{"embeddable":true,"href":"https:\/\/semmelweis.hu\/sportkozpont\/wp-json\/wp\/v2\/users\/101137"}],"replies":[{"embeddable":true,"href":"https:\/\/semmelweis.hu\/sportkozpont\/wp-json\/wp\/v2\/comments?post=3981"}],"version-history":[{"count":10,"href":"https:\/\/semmelweis.hu\/sportkozpont\/wp-json\/wp\/v2\/pages\/3981\/revisions"}],"predecessor-version":[{"id":4102,"href":"https:\/\/semmelweis.hu\/sportkozpont\/wp-json\/wp\/v2\/pages\/3981\/revisions\/4102"}],"up":[{"embeddable":true,"href":"https:\/\/semmelweis.hu\/sportkozpont\/wp-json\/wp\/v2\/pages\/444"}],"wp:attachment":[{"href":"https:\/\/semmelweis.hu\/sportkozpont\/wp-json\/wp\/v2\/media?parent=3981"}],"wp:term":[{"taxonomy":"category","embeddable":true,"href":"https:\/\/semmelweis.hu\/sportkozpont\/wp-json\/wp\/v2\/categories?post=3981"},{"taxonomy":"post_tag","embeddable":true,"href":"https:\/\/semmelweis.hu\/sportkozpont\/wp-json\/wp\/v2\/tags?post=3981"}],"curies":[{"name":"wp","href":"https:\/\/api.w.org\/{rel}","templated":true}]}}