{"id":3880,"date":"2023-11-21T14:26:39","date_gmt":"2023-11-21T13:26:39","guid":{"rendered":"https:\/\/semmelweis.hu\/sportkozpont\/?page_id=3880"},"modified":"2026-03-25T11:01:31","modified_gmt":"2026-03-25T10:01:31","slug":"sportstipendium-der-semmelweis-universitat-ferenc-csik-ausschreibung","status":"publish","type":"page","link":"https:\/\/semmelweis.hu\/sportkozpont\/en\/callforapplication\/german\/sportstipendium-der-semmelweis-universitat-ferenc-csik-ausschreibung\/","title":{"rendered":"Sportstipendium der Semmelweis Universit\u00e4t Ferenc Cs\u00edk  Ausschreibung 2025\/2026\/2"},"content":{"rendered":"<div class=\"responsive-tabs\">\n<h2 class=\"tabtitle\">2025\/2026\/2 Kategorie B f\u00fcr Sportveranstalterinnen<\/h2>\n<div class=\"tabcontent\">\n\n<p>Das Sportstipendium der Semmelweis Universit\u00e4t (im Folgenden Cs\u00edk-Stipendium genannt) wird an Studierende vergeben, die herausragende sportliche Leistungen erbracht haben, sowie an Studierende, die sportliche Aktivit\u00e4ten organisieren.\u00a0<\/p>\n<p>Das Cs\u00edk-Stipendium wird an Studierende vergeben, die zus\u00e4tzlich zu den in der aktuellen Stipendienausschreibung genannten akademischen Anforderungen regelm\u00e4\u00dfig am Sportleben und der Werbung der Universit\u00e4t teilnehmen. Die Stipendien werden auf der Grundlage einer Bewerbung vergeben. Die Ausschreibungen werden von der Prorektorin \/ vom Prorektor f\u00fcr Bildung ver\u00f6ffentlicht.<\/p>\n<ol>\n<li><strong>Voraussetzungen f\u00fcr die Einreichung eines Antrags<\/strong><\/li>\n<\/ol>\n<ul>\n<li>aktiver Studierendenstatus<\/li>\n<li>Absolvierung von Pflichtkreditpunkten in den letzten zwei aktiven Semestern<\/li>\n<li>das ausgef\u00fcllte Antragsformular (Kategorie\u00a0<strong>\u201eB\u201d<\/strong>\u00a0f\u00fcr Sportveranstalter)<\/li>\n<\/ul>\n<ol>\n<li>Das Stipendium kann von folgenden Studierenden beantragt werden: b) F\u00fcr die Kategorie B k\u00f6nnen sich diejenigen Veranstalterinnen\/Veranstalter von sportlichen Aktivit\u00e4ten bewerben, die sich in Zusammenarbeit mit einer Organisationseinheit der Universit\u00e4t ehrenamtlich an der Organisation des Sportlebens und der sportlichen Aktivit\u00e4ten f\u00fcr Studierende beteiligen.<\/li>\n<li><strong>Das Stipendium gilt f\u00fcr h\u00f6chstens ein akademisches Jahr<\/strong><\/li>\n<\/ol>\n<p>\u2013 einem H\u00f6chstbetrag von 45.000 HUF pro Monat f\u00fcr Veranstalterinnen\/Veranstalter von sportlichen Aktivit\u00e4ten.<\/p>\n<ol start=\"4\">\n<li><strong>Einreichung und Bewertung des Antrags:<\/strong><\/li>\n<\/ol>\n<ul>\n<li>Der Antrag ist bis zum 27. 02. 2026. \u2013 11. 03. 2026 12:00 Uhr, im Neptun-System einzureichen.<\/li>\n<\/ul>\n<p>Die Bewerbungen werden von Ausschuss unter dem Vorsitz der Prorektorin \/ des Prorektors f\u00fcr allgemeine Angelegenheiten und unter Beteiligung von Mitarbeiterinnen\/Mitarbeitern des Zentrums f\u00fcr K\u00f6rpererziehung und Sport.<\/p>\n<p><strong>\u00a0<\/strong><strong>Bekanntgabe des Ausschreibungsergebnisses<\/strong><\/p>\n<p>Die Ergebnisse werden 15 Tage nach Ablauf der Einreichungsfrist auf der Website des Zentrums f\u00fcr K\u00f6rpererziehung und Sport und der Universit\u00e4t ver\u00f6ffentlicht.<\/p>\n<p><a href=\"https:\/\/semmelweis.hu\/sportkozpont\/files\/2026\/02\/Kategorie-\u201eB-fur-Sportveranstalterinnen_Sportveranstalter.pdf\">Kategorie \u201eB\u201c f\u00fcr Sportveranstalterinnen_Sportveranstalter<\/a><\/p>\n\n<\/div><h2 class=\"tabtitle\">2025\/2026<\/h2>\n<div class=\"tabcontent\">\n\n<p>Das Sportstipendium der Semmelweis Universit\u00e4t (im Folgenden Cs\u00edk-Stipendium genannt) wird an Studierende vergeben, die herausragende sportliche Leistungen erbracht haben, sowie an Studierende, die sportliche Aktivit\u00e4ten organisieren.\u00a0<\/p>\n<p>Das Cs\u00edk-Stipendium wird an Studierende vergeben, die zus\u00e4tzlich zu den in der aktuellen Stipendienausschreibung genannten akademischen Anforderungen regelm\u00e4\u00dfig am Sportleben und der Werbung der Universit\u00e4t teilnehmen. Die Stipendien werden auf der Grundlage einer Bewerbung vergeben. Die Ausschreibungen werden von der Prorektorin \/ vom Prorektor f\u00fcr Bildung ver\u00f6ffentlicht.<\/p>\n<p>&nbsp;<\/p>\n<ol>\n<li><strong>Voraussetzungen f\u00fcr die Einreichung eines Antrags<\/strong><\/li>\n<\/ol>\n<ul>\n<li>aktiver Studierendenstatus<\/li>\n<li>Absolvierung von Pflichtkreditpunkten in den letzten zwei aktiven Semestern<\/li>\n<li>das ausgef\u00fcllte Antragsformular (Kategorie <strong>\u201eA<\/strong>&#8221; f\u00fcr Elitesportler oder Kategorie <strong>\u201eB&#8221;<\/strong> f\u00fcr Sportveranstalter)<\/li>\n<\/ul>\n<ol start=\"2\">\n<li>Das Stipendium kann von folgenden Studierenden beantragt werden: <strong>a) Spitzensportlerinnen\/Spitzensportler<\/strong><\/li>\n<\/ol>\n<p>Sportlerinnen und Sportler in olympischen Sportarten, die auf der h\u00f6chsten nationalen Ebene ihrer Sportart antreten (Korbball: NBI\/A; Volleyball: Extraliga; Handball: NBI; Fu\u00dfball: NBI; Leichtathletik: Nationalteam; Tennis: NBI; Tischtennis: NBI; Eishockey: NBI; Judo: OBI; Schach: NBI; Federball: NBI; Futsal: NBI usw.) oder, im Falle von Einzelsportarten, die an Weltmeisterschaften oder in einer nationalen Altersklassenmannschaft teilgenommen oder die Pl\u00e4tze 1-3 bei den nationalen Meisterschaften der jeweiligen Sportart erreicht haben.<\/p>\n<p>b) F\u00fcr die Kategorie B k\u00f6nnen sich diejenigen Veranstalterinnen\/Veranstalter von sportlichen Aktivit\u00e4ten bewerben, die sich in Zusammenarbeit mit einer Organisationseinheit der Universit\u00e4t ehrenamtlich an der Organisation des Sportlebens und der sportlichen Aktivit\u00e4ten f\u00fcr Studierende beteiligen.<\/p>\n<p><strong style=\"font-size: 1rem\">Das Stipendium gilt f\u00fcr h\u00f6chstens ein akademisches Jahr<\/strong><\/p>\n<p>&#8211; bei einem H\u00f6chstbetrag von 120.000 HUF pro Monat f\u00fcr Spitzensportlerinnen\/Spitzensportler sowie<\/p>\n<p>&#8211; einem H\u00f6chstbetrag von 45.000 HUF pro Monat f\u00fcr Veranstalterinnen\/Veranstalter von sportlichen Aktivit\u00e4ten.<\/p>\n<p>&nbsp;<\/p>\n<p><strong>Einreichung und Bewertung des Antrags:<\/strong><\/p>\n<ul>\n<li>Der Antrag ist bis zum 20. 09. 25 12:00 Uhr \u2013\u00a0 4. 10. 2025 18:00 Uhr, im Neptun-System einzureichen.<\/li>\n<\/ul>\n<p>Die Bewerbungen werden von\u00a0 Ausschuss unter dem Vorsitz der Prorektorin \/ des Prorektors f\u00fcr allgemeine Angelegenheiten und unter Beteiligung von Mitarbeiterinnen\/Mitarbeitern des Zentrums f\u00fcr K\u00f6rpererziehung und Sport.<\/p>\n<ol start=\"5\">\n<li><strong> Bekanntgabe des Ausschreibungsergebnisses<\/strong><\/li>\n<\/ol>\n<p>Die Ergebnisse werden 15 Tage nach Ablauf der Einreichungsfrist auf der Website des Zentrums f\u00fcr K\u00f6rpererziehung und Sport und der Universit\u00e4t ver\u00f6ffentlicht.<\/p>\n<p><a href=\"https:\/\/semmelweis.hu\/sportkozpont\/files\/2023\/11\/Palyazati-urlap-elsportoloi-kategoria_ger_vo.pdf\">Kategorie \u201eA\u201c f\u00fcr Spitzensportlerinnen \/ Spitzensportler<\/a><\/p>\n<p><a href=\"https:\/\/semmelweis.hu\/sportkozpont\/files\/2023\/11\/palyazati-urlap-sportszervezesi-kategoria_ger_vo-korr-ff.pdf\">Kategorie \u201eB\u201c f\u00fcr Sportveranstalterinnen\/Sportveranstalter<\/a><\/p>\n<p>&nbsp;<\/p>\n\n<\/div><h2 class=\"tabtitle\">2024\/2025\/2<\/h2>\n<div class=\"tabcontent\">\n\n<p>Das Sportstipendium der Semmelweis Universit\u00e4t (im Folgenden Cs\u00edk-Stipendium genannt) wird an Studierende vergeben, die herausragende sportliche Leistungen erbracht haben, sowie an Studierende, die sportliche Aktivit\u00e4ten organisieren.\u00a0<\/p>\n<p>Das Cs\u00edk-Stipendium wird an Studierende vergeben, die zus\u00e4tzlich zu den in der aktuellen Stipendienausschreibung genannten akademischen Anforderungen regelm\u00e4\u00dfig am Sportleben und der Werbung der Universit\u00e4t teilnehmen. Die Stipendien werden auf der Grundlage einer Bewerbung vergeben. Die Ausschreibungen werden von der Prorektorin \/ vom Prorektor f\u00fcr Bildung ver\u00f6ffentlicht.<\/p>\n<p>&nbsp;<\/p>\n<ol>\n<li><strong>Voraussetzungen f\u00fcr die Einreichung eines Antrags<\/strong><\/li>\n<\/ol>\n<ul>\n<li>aktiver Studierendenstatus<\/li>\n<li>Absolvierung von Pflichtkreditpunkten in den letzten zwei aktiven Semestern<\/li>\n<li>das ausgef\u00fcllte Antragsformular (Kategorie\u00a0<strong>\u201eB\u201d<\/strong>\u00a0f\u00fcr Sportveranstalter)<\/li>\n<li>Bewerberinnen und Bewerber f\u00fcr das Sportstipendium \u201eGut im Studium \u2013 Gut im Sport\u201c oder das \u201eIstv\u00e1n Sz\u00edv\u00f3s-Sportstipendium\u201d sind nicht f\u00f6rderf\u00e4hig.<\/li>\n<\/ul>\n<ol>\n<li>Das Stipendium kann von folgenden Studierenden beantragt werden: b) F\u00fcr die Kategorie B k\u00f6nnen sich diejenigen Veranstalterinnen\/Veranstalter von sportlichen Aktivit\u00e4ten bewerben, die sich in Zusammenarbeit mit einer Organisationseinheit der Universit\u00e4t ehrenamtlich an der Organisation des Sportlebens und der sportlichen Aktivit\u00e4ten f\u00fcr Studierende beteiligen.<\/li>\n<li><strong>Das Stipendium gilt f\u00fcr h\u00f6chstens ein akademisches Jahr<\/strong><\/li>\n<\/ol>\n<p>\u2013 einem H\u00f6chstbetrag von 45.000 HUF pro Monat f\u00fcr Veranstalterinnen\/Veranstalter von sportlichen Aktivit\u00e4ten.<\/p>\n<ol start=\"4\">\n<li><strong>Einreichung und Bewertung des Antrags:<\/strong><\/li>\n<\/ol>\n<ul>\n<li>Der Antrag ist bis zum 24. 02. 2025. &#8211; 7. 03. 2025 12:00 Uhr, im Neptun-System einzureichen.<\/li>\n<\/ul>\n<p>Die Bewerbungen werden von einem f\u00fcnfk\u00f6pfigen Ausschuss unter dem Vorsitz der Prorektorin \/ des Prorektors f\u00fcr allgemeine Angelegenheiten und unter Beteiligung von Mitarbeiterinnen\/Mitarbeitern des Zentrums f\u00fcr K\u00f6rpererziehung und Sport.\u00a0<\/p>\n<p><strong>\u00a0<\/strong><strong style=\"font-size: 1rem\">Bekanntgabe des Ausschreibungsergebnisses<\/strong><\/p>\n<p>Die Ergebnisse werden 15 Tage nach Ablauf der Einreichungsfrist auf der Website des Zentrums f\u00fcr K\u00f6rpererziehung und Sport und der Universit\u00e4t ver\u00f6ffentlicht.<\/p>\n<p><a href=\"https:\/\/semmelweis.hu\/sportkozpont\/files\/2023\/11\/palyazati-urlap-sportszervezesi-kategoria_ger_vo-korr-ff.pdf\">Kategorie \u201eB\u201c f\u00fcr Sportveranstalterinnen\/Sportveranstalter<\/a><\/p>\n\n<\/div><h2 class=\"tabtitle\">2024\/2025<\/h2>\n<div class=\"tabcontent\">\n\n<p>Das Sportstipendium der Semmelweis Universit\u00e4t (im Folgenden Cs\u00edk-Stipendium genannt) wird an Studierende vergeben, die herausragende sportliche Leistungen erbracht haben, sowie an Studierende, die sportliche Aktivit\u00e4ten organisieren.\u00a0<\/p>\n<p>Das Cs\u00edk-Stipendium wird an Studierende vergeben, die zus\u00e4tzlich zu den in der aktuellen Stipendienausschreibung genannten akademischen Anforderungen regelm\u00e4\u00dfig am Sportleben und der Werbung der Universit\u00e4t teilnehmen. Die Stipendien werden auf der Grundlage einer Bewerbung vergeben. Die Ausschreibungen werden von der Prorektorin \/ vom Prorektor f\u00fcr Bildung ver\u00f6ffentlicht.<\/p>\n<p>&nbsp;<\/p>\n<ol>\n<li><strong>Voraussetzungen f\u00fcr die Einreichung eines Antrags<\/strong><\/li>\n<\/ol>\n<ul>\n<li>aktiver Studierendenstatus<\/li>\n<li>Absolvierung von Pflichtkreditpunkten in den letzten zwei aktiven Semestern<\/li>\n<li>das ausgef\u00fcllte Antragsformular (Kategorie <strong>\u201eA<\/strong>&#8221; f\u00fcr Elitesportler oder Kategorie <strong>\u201eB&#8221;<\/strong> f\u00fcr Sportveranstalter)<\/li>\n<li>Bewerberinnen und Bewerber f\u00fcr das Sportstipendium \u201eGut im Studium \u2013 Gut im Sport\u201c oder das \u201eIstv\u00e1n Sz\u00edv\u00f3s-Sportstipendium&#8221; sind nicht f\u00f6rderf\u00e4hig.<\/li>\n<\/ul>\n<ol start=\"2\">\n<li>Das Stipendium kann von folgenden Studierenden beantragt werden:<\/li>\n<li><strong>a) Spitzensportlerinnen\/Spitzensportler<\/strong><\/li>\n<\/ol>\n<p>Sportlerinnen und Sportler in olympischen Sportarten, die auf der h\u00f6chsten nationalen Ebene ihrer Sportart antreten (Korbball: NBI\/A; Volleyball: Extraliga; Handball: NBI; Fu\u00dfball: NBI; Leichtathletik: Nationalteam; Tennis: NBI; Tischtennis: NBI; Eishockey: NBI; Judo: OBI; Schach: NBI; Federball: NBI; Futsal: NBI usw.) oder, im Falle von Einzelsportarten, die an Weltmeisterschaften oder in einer nationalen Altersklassenmannschaft teilgenommen oder die Pl\u00e4tze 1-3 bei den nationalen Meisterschaften der jeweiligen Sportart erreicht haben.<\/p>\n<ol>\n<li>b) F\u00fcr die Kategorie B k\u00f6nnen sich diejenigen Veranstalterinnen\/Veranstalter von sportlichen Aktivit\u00e4ten bewerben, die sich in Zusammenarbeit mit einer Organisationseinheit der Universit\u00e4t ehrenamtlich an der Organisation des Sportlebens und der sportlichen Aktivit\u00e4ten f\u00fcr Studierende beteiligen.<\/li>\n<li><strong> Das Stipendium gilt f\u00fcr h\u00f6chstens ein akademisches Jahr <\/strong><\/li>\n<\/ol>\n<p>&#8211; bei einem H\u00f6chstbetrag von 120.000 HUF pro Monat f\u00fcr Spitzensportlerinnen\/Spitzensportler sowie<\/p>\n<p>&#8211; einem H\u00f6chstbetrag von 45.000 HUF pro Monat f\u00fcr Veranstalterinnen\/Veranstalter von sportlichen Aktivit\u00e4ten.<\/p>\n<p>&nbsp;<\/p>\n<ol start=\"4\">\n<li><strong> Einreichung und Bewertung des Antrags:<\/strong><\/li>\n<\/ol>\n<ul>\n<li>Der Antrag ist bis zum 16. 09. \u2013 27. 09. 2024 12:00 Uhr, im Neptun-System einzureichen.<\/li>\n<\/ul>\n<p>Die Bewerbungen werden von einem f\u00fcnfk\u00f6pfigen Ausschuss unter dem Vorsitz der Prorektorin \/ des Prorektors f\u00fcr allgemeine Angelegenheiten und unter Beteiligung von Mitarbeiterinnen\/Mitarbeitern des Zentrums f\u00fcr K\u00f6rpererziehung und Sport.\u00a0<\/p>\n<p><strong>\u00a0<\/strong><\/p>\n<ol start=\"5\">\n<li><strong> Bekanntgabe des Ausschreibungsergebnisses<\/strong><\/li>\n<\/ol>\n<p>Die Ergebnisse werden 15 Tage nach Ablauf der Einreichungsfrist auf der Website des Zentrums f\u00fcr K\u00f6rpererziehung und Sport und der Universit\u00e4t ver\u00f6ffentlicht.<\/p>\n<p><a href=\"https:\/\/semmelweis.hu\/sportkozpont\/files\/2023\/11\/Palyazati-urlap-elsportoloi-kategoria_ger_vo.pdf\">Kategorie \u201eA\u201c f\u00fcr Spitzensportlerinnen \/ Spitzensportler<\/a><\/p>\n<p><a href=\"https:\/\/semmelweis.hu\/sportkozpont\/files\/2023\/11\/palyazati-urlap-sportszervezesi-kategoria_ger_vo-korr-ff.pdf\">Kategorie \u201eB\u201c f\u00fcr Sportveranstalterinnen\/Sportveranstalter<\/a><\/p>\n<p>&nbsp;<\/p>\n\n<\/div><h2 class=\"tabtitle\">2023\/2024<\/h2>\n<div class=\"tabcontent\">\n\n<p>Das Sportstipendium der Semmelweis Universit\u00e4t (im Folgenden Cs\u00edk-Stipendium genannt) wird an Studierende vergeben, die herausragende sportliche Leistungen erbracht haben, sowie an Studierende, die sportliche Aktivit\u00e4ten organisieren.\u00a0<\/p>\n<p>Das Cs\u00edk-Stipendium wird an Studierende vergeben, die zus\u00e4tzlich zu den in der aktuellen Stipendienausschreibung genannten akademischen Anforderungen regelm\u00e4\u00dfig am Sportleben und der Werbung der Universit\u00e4t teilnehmen. Die Stipendien werden auf der Grundlage einer Bewerbung vergeben. Die Ausschreibungen werden von der Prorektorin \/ vom Prorektor f\u00fcr Bildung ver\u00f6ffentlicht.<\/p>\n<p>&nbsp;<\/p>\n<ol>\n<li><strong>Voraussetzungen f\u00fcr die Einreichung eines Antrags<\/strong><\/li>\n<\/ol>\n<ul>\n<li>aktiver Studierendenstatus<\/li>\n<li>Absolvierung von Pflichtkreditpunkten in den letzten zwei aktiven Semestern<\/li>\n<li>das ausgef\u00fcllte Antragsformular (Kategorie <strong>\u201eA<\/strong>&#8221; f\u00fcr Elitesportler oder Kategorie <strong>\u201eB&#8221;<\/strong> f\u00fcr Sportveranstalter)<\/li>\n<li>Bewerberinnen und Bewerber f\u00fcr das Sportstipendium \u201eGut im Studium \u2013 Gut im Sport\u201c oder das \u201eIstv\u00e1n Sz\u00edv\u00f3s-Sportstipendium&#8221; sind nicht f\u00f6rderf\u00e4hig.<\/li>\n<\/ul>\n<ol start=\"2\">\n<li>Das Stipendium kann von folgenden Studierenden beantragt werden:<\/li>\n<li><strong>a) Spitzensportlerinnen\/Spitzensportler<\/strong><\/li>\n<\/ol>\n<p>Sportlerinnen und Sportler in olympischen Sportarten, die auf der h\u00f6chsten nationalen Ebene ihrer Sportart antreten (Korbball: NBI\/A; Volleyball: Extraliga; Handball: NBI; Fu\u00dfball: NBI; Leichtathletik: Nationalteam; Tennis: NBI; Tischtennis: NBI; Eishockey: NBI; Judo: OBI; Schach: NBI; Federball: NBI; Futsal: NBI usw.) oder, im Falle von Einzelsportarten, die an Weltmeisterschaften oder in einer nationalen Altersklassenmannschaft teilgenommen oder die Pl\u00e4tze 1-3 bei den nationalen Meisterschaften der jeweiligen Sportart erreicht haben.<\/p>\n<ol>\n<li>b) F\u00fcr die Kategorie B k\u00f6nnen sich diejenigen Veranstalterinnen\/Veranstalter von sportlichen Aktivit\u00e4ten bewerben, die sich in Zusammenarbeit mit einer Organisationseinheit der Universit\u00e4t ehrenamtlich an der Organisation des Sportlebens und der sportlichen Aktivit\u00e4ten f\u00fcr Studierende beteiligen.<\/li>\n<li><strong> Das Stipendium gilt f\u00fcr h\u00f6chstens ein akademisches Jahr <\/strong><\/li>\n<\/ol>\n<p>&#8211; bei einem H\u00f6chstbetrag von 120.000 HUF pro Monat f\u00fcr Spitzensportlerinnen\/Spitzensportler sowie<\/p>\n<p>&#8211; einem H\u00f6chstbetrag von 45.000 HUF pro Monat f\u00fcr Veranstalterinnen\/Veranstalter von sportlichen Aktivit\u00e4ten.<\/p>\n<p>&nbsp;<\/p>\n<ol start=\"4\">\n<li><strong> Einreichung und Bewertung des Antrags:<\/strong><\/li>\n<\/ol>\n<ul>\n<li>Der Antrag ist bis zum 23 november \u2013 4 december 2023, 15:00 Uhr, im Neptun-System einzureichen.<\/li>\n<\/ul>\n<p>Die Bewerbungen werden von einem f\u00fcnfk\u00f6pfigen Ausschuss unter dem Vorsitz der Prorektorin \/ des Prorektors f\u00fcr allgemeine Angelegenheiten und unter Beteiligung von Mitarbeiterinnen\/Mitarbeitern des Zentrums f\u00fcr K\u00f6rpererziehung und Sport.<\/p>\n<ol start=\"5\">\n<li><strong> Bekanntgabe des Ausschreibungsergebnisses<\/strong><\/li>\n<\/ol>\n<p>Die Ergebnisse werden 15 Tage nach Ablauf der Einreichungsfrist auf der Website des Zentrums f\u00fcr K\u00f6rpererziehung und Sport und der Universit\u00e4t ver\u00f6ffentlicht.<\/p>\n<p><a href=\"https:\/\/semmelweis.hu\/sportkozpont\/files\/2023\/11\/Palyazati-urlap-elsportoloi-kategoria_ger_vo.pdf\">Kategorie \u201eA\u201c f\u00fcr Spitzensportlerinnen \/ Spitzensportler<\/a><\/p>\n<p><a href=\"https:\/\/semmelweis.hu\/sportkozpont\/files\/2023\/11\/palyazati-urlap-sportszervezesi-kategoria_ger_vo-korr-ff.pdf\">Kategorie \u201eB\u201c f\u00fcr Sportveranstalterinnen\/Sportveranstalter<\/a><\/p>\n<\/div><\/div>\n","protected":false},"excerpt":{"rendered":"<p>Das Sportstipendium der Semmelweis Universit\u00e4t (im Folgenden Cs\u00edk-Stipendium genannt) wird an Studierende vergeben, die herausragende sportliche Leistungen erbracht haben, sowie an Studierende, die sportliche Aktivit\u00e4ten organisieren.\u00a0 Das Cs\u00edk-Stipendium wird an Studierende vergeben, die zus\u00e4tzlich zu den in der aktuellen Stipendienausschreibung genannten akademischen Anforderungen regelm\u00e4\u00dfig am Sportleben und der Werbung der Universit\u00e4t teilnehmen. Die Stipendien werden &hellip;<\/p>\n","protected":false},"author":101137,"featured_media":0,"parent":3781,"menu_order":1,"comment_status":"closed","ping_status":"closed","template":"","meta":{"_acf_changed":false,"footnotes":""},"categories":[],"tags":[],"class_list":["post-3880","page","type-page","status-publish","hentry"],"acf":[],"_links":{"self":[{"href":"https:\/\/semmelweis.hu\/sportkozpont\/wp-json\/wp\/v2\/pages\/3880","targetHints":{"allow":["GET"]}}],"collection":[{"href":"https:\/\/semmelweis.hu\/sportkozpont\/wp-json\/wp\/v2\/pages"}],"about":[{"href":"https:\/\/semmelweis.hu\/sportkozpont\/wp-json\/wp\/v2\/types\/page"}],"author":[{"embeddable":true,"href":"https:\/\/semmelweis.hu\/sportkozpont\/wp-json\/wp\/v2\/users\/101137"}],"replies":[{"embeddable":true,"href":"https:\/\/semmelweis.hu\/sportkozpont\/wp-json\/wp\/v2\/comments?post=3880"}],"version-history":[{"count":10,"href":"https:\/\/semmelweis.hu\/sportkozpont\/wp-json\/wp\/v2\/pages\/3880\/revisions"}],"predecessor-version":[{"id":4429,"href":"https:\/\/semmelweis.hu\/sportkozpont\/wp-json\/wp\/v2\/pages\/3880\/revisions\/4429"}],"up":[{"embeddable":true,"href":"https:\/\/semmelweis.hu\/sportkozpont\/wp-json\/wp\/v2\/pages\/3781"}],"wp:attachment":[{"href":"https:\/\/semmelweis.hu\/sportkozpont\/wp-json\/wp\/v2\/media?parent=3880"}],"wp:term":[{"taxonomy":"category","embeddable":true,"href":"https:\/\/semmelweis.hu\/sportkozpont\/wp-json\/wp\/v2\/categories?post=3880"},{"taxonomy":"post_tag","embeddable":true,"href":"https:\/\/semmelweis.hu\/sportkozpont\/wp-json\/wp\/v2\/tags?post=3880"}],"curies":[{"name":"wp","href":"https:\/\/api.w.org\/{rel}","templated":true}]}}