{"id":3853,"date":"2023-11-21T13:41:04","date_gmt":"2023-11-21T12:41:04","guid":{"rendered":"https:\/\/semmelweis.hu\/sportkozpont\/?page_id=3853"},"modified":"2026-03-30T09:36:25","modified_gmt":"2026-03-30T07:36:25","slug":"semmelweis-egyetem-csik-ferenc-sportosztondija-palyazati-kiiras","status":"publish","type":"page","link":"https:\/\/semmelweis.hu\/sportkozpont\/oktatas\/oktatas\/semmelweis-egyetem-csik-ferenc-sportosztondija-palyazati-kiiras\/","title":{"rendered":"SE Cs\u00edk Ferenc Sport\u00f6szt\u00f6nd\u00edja sportszervez\u0151i kateg\u00f3ri\u00e1j\u00e1nak p\u00e1ly\u00e1zati ki\u00edr\u00e1sa 2025\/2026\/2 szemeszterre"},"content":{"rendered":"<div class=\"responsive-tabs\">\n<h2 class=\"tabtitle\">2025\/2026\/2 sportszervez\u00e9si kateg\u00f3ri\u00e1ra d\u00edjazott<\/h2>\n<div class=\"tabcontent\">\n\n<p><strong>Sportszervez\u0151i kateg\u00f3ria<\/strong><\/p>\n<p>20.000 Ft<br \/>\nSz\u0151ke P\u00e9ter Soma \u00c1OK<\/p>\n\n<\/div><h2 class=\"tabtitle\">2025\/2026\/2 p\u00e1ly\u00e1zati ki\u00edr\u00e1s sportszervez\u00e9si kateg\u00f3ri\u00e1ra<\/h2>\n<div class=\"tabcontent\">\n\n<p>A Semmelweis Egyetem Sport\u00f6szt\u00f6nd\u00edjban (tov\u00e1bbiakban Cs\u00edk \u00d6szt\u00f6nd\u00edj) a kiemelked\u0151 sporttev\u00e9kenys\u00e9get v\u00e9gz\u0151, valamint a sporttev\u00e9kenys\u00e9get szervez\u0151 hallgat\u00f3 r\u00e9szes\u00fclhet.\u00a0Az \u00f6szt\u00f6nd\u00edjban azok a hallgat\u00f3k r\u00e9szes\u00fclhetnek, akik az aktu\u00e1lis \u00f6szt\u00f6nd\u00edj ki\u00edr\u00e1sban meghat\u00e1rozott esetleges tanulm\u00e1nyi k\u00f6vetelm\u00e9nyeken t\u00fal rendszeresen r\u00e9szt v\u00e1llalnak az Egyetem sport\u00e9let\u00e9ben, n\u00e9pszer\u0171s\u00edt\u00e9s\u00e9ben. Az \u00f6szt\u00f6nd\u00edjak oda\u00edt\u00e9l\u00e9se p\u00e1ly\u00e1zat alapj\u00e1n t\u00f6rt\u00e9nik. A p\u00e1ly\u00e1zatokat az oktat\u00e1si rektorhelyettes \u00edrja ki.<\/p>\n<p><strong>1<\/strong>.\u00a0<strong>A p\u00e1ly\u00e1zat beny\u00fajt\u00e1s\u00e1nak felt\u00e9telei<\/strong><\/p>\n<ul>\n<li>akt\u00edv hallgat\u00f3i jogviszony<\/li>\n<li>a k\u00f6telez\u0151 kreditpontok megszerz\u00e9se a legutols\u00f3 2 akt\u00edv szemeszterben<\/li>\n<li>a kit\u00f6lt\u00f6tt <a href=\"https:\/\/semmelweis.hu\/sportkozpont\/files\/2026\/02\/palyazati-urlap-sportszervezesi-kategoria-2026.pdf\">p\u00e1ly\u00e1zati \u0171rlap sportszervez\u00e9si kateg\u00f3ria 2026<\/a><\/li>\n<\/ul>\n<p><strong>2.\u00a0<\/strong><strong>Az \u00f6szt\u00f6nd\u00edjra azok a hallgat\u00f3k p\u00e1ly\u00e1zhatnak, akik\u00a0<\/strong><em><u>b) sportszervez\u00e9si kateg\u00f3ri\u00e1ban<\/u><\/em>\u00a0azok, akik \u00f6nk\u00e9ntes munk\u00e1val r\u00e9szt vesznek az egyetemi hallgat\u00f3k sz\u00e1m\u00e1ra meghirdetett sport\u00e9let, sportol\u00e1si lehet\u0151s\u00e9gek szervez\u00e9s\u00e9ben, egy\u00fcttm\u0171k\u00f6dve az egyetem valamely szervezeti egys\u00e9g\u00e9vel.<\/p>\n<p><strong>3. Az \u00f6szt\u00f6nd\u00edj legfeljebb egy tan\u00e9vre sz\u00f3l,\u00a0<\/strong>sportszervez\u00e9si kateg\u00f3ri\u00e1ban legfeljebb 45 ezer forint\/h\u00f3.<\/p>\n<p><strong>4. A p\u00e1ly\u00e1zat beny\u00fajt\u00e1sa \u00e9s elb\u00edr\u00e1l\u00e1sa<\/strong><\/p>\n<p>A p\u00e1ly\u00e1zat a Neptun rendszerben ny\u00fajthat\u00f3 be 2026. febru\u00e1r 27-\u00e9n 12:00 \u2013 m\u00e1rcius 11-\u00e9n 12:00-ig\u00a0<\/p>\n<p>A p\u00e1ly\u00e1zati elb\u00edr\u00e1l\u00e1s el\u0151k\u00e9sz\u00edt\u00e9se az \u00e1ltal\u00e1nos rektorhelyettes \u00e1ltal vezetett \u00e9s a Testnevel\u00e9si \u00e9s Sportk\u00f6zpont bevon\u00e1s\u00e1val fel\u00e1ll\u00edtott bizotts\u00e1g \u00e9rt\u00e9kel\u00e9se alapj\u00e1n t\u00f6rt\u00e9nik.<\/p>\n<p><strong>\u00a0<\/strong><strong>5. A p\u00e1ly\u00e1zati eredm\u00e9ny k\u00f6zz\u00e9t\u00e9tele<\/strong><\/p>\n<p>A p\u00e1ly\u00e1zati eredm\u00e9ny a beny\u00fajt\u00e1si hat\u00e1rid\u0151t\u0151l sz\u00e1m\u00edtott 15. napon ker\u00fcl nyilv\u00e1noss\u00e1gra a Testnevel\u00e9si \u00e9s Sportk\u00f6zpont illetve az Egyetem honlapj\u00e1n.<\/p>\n\n<\/div><h2 class=\"tabtitle\">2025\/2026\/ tan\u00e9v d\u00edjazottak<\/h2>\n<div class=\"tabcontent\">\n\n<p><strong>Sportszervez\u0151i kateg\u00f3ria<\/strong><\/p>\n<p>20.000 Ft<br \/>\nSchulhoff Tam\u00e1s \u00c1OK<\/p>\n<p><strong>\u00c9lsportol\u00f3i kateg\u00f3ria<\/strong><\/p>\n<p>50.000 Ft<br \/>\nOsv\u00e1th-Nagy No\u00e9mi ETK<br \/>\nT\u00f3th Bertalan \u00c1kos FOK<\/p>\n<p>25.000 Ft<br \/>\nGolopencza Szonja ETK<br \/>\nP\u00e1czai Panna \u00c1OK<\/p>\n\n<\/div><h2 class=\"tabtitle\">2025\/2026\/ tan\u00e9v p\u00e1ly\u00e1zati ki\u00edr\u00e1s<\/h2>\n<div class=\"tabcontent\">\n\n<p>A Semmelweis Egyetem Sport\u00f6szt\u00f6nd\u00edjban (tov\u00e1bbiakban Cs\u00edk \u00d6szt\u00f6nd\u00edj) a kiemelked\u0151 sporttev\u00e9kenys\u00e9get v\u00e9gz\u0151, valamint a sporttev\u00e9kenys\u00e9get szervez\u0151 hallgat\u00f3 r\u00e9szes\u00fclhet.\u00a0Az \u00f6szt\u00f6nd\u00edjban azok a hallgat\u00f3k r\u00e9szes\u00fclhetnek, akik az aktu\u00e1lis \u00f6szt\u00f6nd\u00edj ki\u00edr\u00e1sban meghat\u00e1rozott esetleges tanulm\u00e1nyi k\u00f6vetelm\u00e9nyeken t\u00fal rendszeresen r\u00e9szt v\u00e1llalnak az Egyetem sport\u00e9let\u00e9ben, n\u00e9pszer\u0171s\u00edt\u00e9s\u00e9ben. Az \u00f6szt\u00f6nd\u00edjak oda\u00edt\u00e9l\u00e9se p\u00e1ly\u00e1zat alapj\u00e1n t\u00f6rt\u00e9nik. A p\u00e1ly\u00e1zatokat az oktat\u00e1si rektorhelyettes \u00edrja ki.<\/p>\n<p>&nbsp;<\/p>\n<ol>\n<li><strong>1<\/strong>.\u00a0<strong>A p\u00e1ly\u00e1zat beny\u00fajt\u00e1s\u00e1nak felt\u00e9telei<\/strong><\/li>\n<\/ol>\n<ul>\n<li>akt\u00edv hallgat\u00f3i jogviszony<\/li>\n<li>a k\u00f6telez\u0151 kreditpontok megszerz\u00e9se a legutols\u00f3 2 akt\u00edv szemeszterben<\/li>\n<li>a kit\u00f6lt\u00f6tt p\u00e1ly\u00e1zati adatlapot, (\u201e<strong>A<\/strong>\u201d \u00e9lsportol\u00f3i kateg\u00f3ria, vagy \u201e<strong>B\u201d<\/strong>\u00a0sportszervez\u0151i kateg\u00f3ria)<\/li>\n<\/ul>\n<ol start=\"2\">\n<li><strong>Az \u00f6szt\u00f6nd\u00edjra azok a hallgat\u00f3k p\u00e1ly\u00e1zhatnak, akik<\/strong><\/li>\n<li><em><u>a) \u00e9lsportol\u00f3i kateg\u00f3ri\u00e1ban<\/u><\/em><\/li>\n<\/ol>\n<p>azon olimpiai spot\u00e1gakban versenyz\u0151k, akik sport\u00e1guk legmagasabb oszt\u00e1ly\u00e1ban szerepelnek, (kos\u00e1rlabda: NBI\/A; r\u00f6plabda: Extra liga; k\u00e9zilabda: NBI; labdar\u00fag\u00e1s: NBI; atl\u00e9tika: v\u00e1logatott; tenisz: NBI; asztalitenisz: NBI; j\u00e9gkorong: NBI; cselg\u00e1ncs: OBI; sakk: NBI, tollaslabda: NBI; futsal: NBI stb.) illetve egy\u00e9ni sport\u00e1g eset\u00e9ben vil\u00e1gversenyeken, vagy koroszt\u00e1lyos v\u00e1logatottban versenyeznek, vagy az adott sport\u00e1g Orsz\u00e1gos Bajnoks\u00e1g\u00e1n 1-3 helyez\u00e9st \u00e9rtek el,<\/p>\n<ol>\n<li><em><u>b) sportszervez\u00e9si kateg\u00f3ri\u00e1ban<\/u><\/em>\u00a0azok, akik \u00f6nk\u00e9ntes munk\u00e1val r\u00e9szt vesznek az egyetemi hallgat\u00f3k sz\u00e1m\u00e1ra meghirdetett sport\u00e9let, sportol\u00e1si lehet\u0151s\u00e9gek szervez\u00e9s\u00e9ben, egy\u00fcttm\u0171k\u00f6dve az egyetem valamely szervezeti egys\u00e9g\u00e9vel.<\/li>\n<li><strong>Az \u00f6szt\u00f6nd\u00edj legfeljebb egy tan\u00e9vre sz\u00f3l,<\/strong><\/li>\n<\/ol>\n<p>\u00e9lsportol\u00f3i kateg\u00f3ri\u00e1ban legfeljebb 120 ezer forint\/h\u00f3,<\/p>\n<p>sportszervez\u00e9si kateg\u00f3ri\u00e1ban legfeljebb 45 ezer forint\/h\u00f3.<\/p>\n<p>&nbsp;<\/p>\n<ol start=\"4\">\n<li><strong>A p\u00e1ly\u00e1zat beny\u00fajt\u00e1sa \u00e9s elb\u00edr\u00e1l\u00e1sa<\/strong><\/li>\n<\/ol>\n<p>A p\u00e1ly\u00e1zat a Neptu rendszerben ny\u00fajthat\u00f3 be <strong>2025. szeptember 20-\u00e1n 8:00 \u2013 okt\u00f3ber 4-\u00e9n 18:00-ig\u00a0<\/strong><\/p>\n<p>A p\u00e1ly\u00e1zati elb\u00edr\u00e1l\u00e1s el\u0151k\u00e9sz\u00edt\u00e9se az oktat\u00e1si rektorhelyettes \u00e1ltal vezetett \u00e9s a Testnevel\u00e9si \u00e9s Sportk\u00f6zpont bevon\u00e1s\u00e1val fel\u00e1ll\u00edtott bizotts\u00e1g \u00e9rt\u00e9kel\u00e9se alapj\u00e1n t\u00f6rt\u00e9nik.<\/p>\n<p><strong>\u00a0<\/strong><\/p>\n<ol start=\"5\">\n<li><strong>A p\u00e1ly\u00e1zati eredm\u00e9ny k\u00f6zz\u00e9t\u00e9tele<\/strong><\/li>\n<\/ol>\n<p>A p\u00e1ly\u00e1zati eredm\u00e9ny a beny\u00fajt\u00e1si hat\u00e1rid\u0151t\u0151l sz\u00e1m\u00edtott 15. napon ker\u00fcl nyilv\u00e1noss\u00e1gra a Testnevel\u00e9si \u00e9s Sportk\u00f6zpont illetve az Egyetem honlapj\u00e1n<\/p>\n<p><a href=\"https:\/\/semmelweis.hu\/sportkozpont\/files\/2023\/11\/palyazati-urlap-elsportoloi-kategoria.pdf\">p\u00e1ly\u00e1zati \u0171rlap \u00e9lsportol\u00f3i kateg\u00f3ria<\/a><\/p>\n<p><a href=\"https:\/\/semmelweis.hu\/sportkozpont\/files\/2023\/11\/palyazati-urlap-sportszervezesi-kategoria.pdf\">p\u00e1ly\u00e1zati \u0171rlap sportszervez\u00e9si kateg\u00f3ria<\/a><\/p>\n<p>&nbsp;<\/p>\n\n<\/div><h2 class=\"tabtitle\">2024\/2025\/2 szemeszter d\u00edjazottak<\/h2>\n<div class=\"tabcontent\">\n\n<p><strong>Sportszervez\u0151i kateg\u00f3ria:<\/strong><\/p>\n<p>45.000 Ft<\/p>\n<p>Schulhoff Tam\u00e1s \u00c1OK<br \/>\nEkshwanku MEHMI angol \u00c1OK<\/p>\n\n<\/div><h2 class=\"tabtitle\">2024\/2025\/2 sportszervez\u0151 kateg\u00f3ria<\/h2>\n<div class=\"tabcontent\">\n\n<p>A Semmelweis Egyetem Sport\u00f6szt\u00f6nd\u00edjban (tov\u00e1bbiakban Cs\u00edk \u00d6szt\u00f6nd\u00edj) a kiemelked\u0151 sporttev\u00e9kenys\u00e9get v\u00e9gz\u0151, valamint a sporttev\u00e9kenys\u00e9get szervez\u0151 hallgat\u00f3 r\u00e9szes\u00fclhet.\u00a0Az \u00f6szt\u00f6nd\u00edjban azok a hallgat\u00f3k r\u00e9szes\u00fclhetnek, akik az aktu\u00e1lis \u00f6szt\u00f6nd\u00edj ki\u00edr\u00e1sban meghat\u00e1rozott esetleges tanulm\u00e1nyi k\u00f6vetelm\u00e9nyeken t\u00fal rendszeresen r\u00e9szt v\u00e1llalnak az Egyetem sport\u00e9let\u00e9ben, n\u00e9pszer\u0171s\u00edt\u00e9s\u00e9ben. Az \u00f6szt\u00f6nd\u00edjak oda\u00edt\u00e9l\u00e9se p\u00e1ly\u00e1zat alapj\u00e1n t\u00f6rt\u00e9nik. A p\u00e1ly\u00e1zatokat az oktat\u00e1si rektorhelyettes \u00edrja ki.<\/p>\n<p>&nbsp;<\/p>\n<p><strong>1<\/strong>.\u00a0<strong>A p\u00e1ly\u00e1zat beny\u00fajt\u00e1s\u00e1nak felt\u00e9telei<\/strong><\/p>\n<ul>\n<li>akt\u00edv hallgat\u00f3i jogviszony<\/li>\n<li>a k\u00f6telez\u0151 kreditpontok megszerz\u00e9se a legutols\u00f3 2 akt\u00edv szemeszterben<\/li>\n<li>a kit\u00f6lt\u00f6tt p\u00e1ly\u00e1zati adatlapot, (\u201e<strong>B\u201d<\/strong>\u00a0sportszervez\u0151i kateg\u00f3ria)<\/li>\n<li>p\u00e1ly\u00e1z\u00f3 a \u201eJ\u00f3 tanul\u00f3 \u2013 J\u00f3 sportol\u00f3\u201d \u00e9s a \u201eDr. Sz\u00edv\u00f3s Istv\u00e1n Sportol\u00f3i \u00d6szt\u00f6nd\u00edj\u201d p\u00e1ly\u00e1zatokkal egyidej\u0171leg sportol\u00f3i p\u00e1ly\u00e1zatot nem ny\u00fajthat be<\/li>\n<\/ul>\n<p><strong>2. <\/strong><strong>Az \u00f6szt\u00f6nd\u00edjra azok a hallgat\u00f3k p\u00e1ly\u00e1zhatnak, akik <\/strong><em><u>b) sportszervez\u00e9si kateg\u00f3ri\u00e1ban<\/u><\/em> azok, akik \u00f6nk\u00e9ntes munk\u00e1val r\u00e9szt vesznek az egyetemi hallgat\u00f3k sz\u00e1m\u00e1ra meghirdetett sport\u00e9let, sportol\u00e1si lehet\u0151s\u00e9gek szervez\u00e9s\u00e9ben, egy\u00fcttm\u0171k\u00f6dve az egyetem valamely szervezeti egys\u00e9g\u00e9vel.<\/p>\n<p><strong>3. Az \u00f6szt\u00f6nd\u00edj legfeljebb egy tan\u00e9vre sz\u00f3l, <\/strong>sportszervez\u00e9si kateg\u00f3ri\u00e1ban legfeljebb 45 ezer forint\/h\u00f3.<\/p>\n<p><strong>4. A p\u00e1ly\u00e1zat beny\u00fajt\u00e1sa \u00e9s elb\u00edr\u00e1l\u00e1sa<\/strong><\/p>\n<p>A p\u00e1ly\u00e1zat a Neptun rendszerben ny\u00fajthat\u00f3 be 2025. febru\u00e1r 24-\u00e9n 12:00 \u2013 m\u00e1rcius 7-\u00e9n 12:00-ig\u00a0<\/p>\n<p>A p\u00e1ly\u00e1zati elb\u00edr\u00e1l\u00e1s el\u0151k\u00e9sz\u00edt\u00e9se az \u00e1ltal\u00e1nos rektorhelyettes \u00e1ltal vezetett \u00e9s a Testnevel\u00e9si \u00e9s Sportk\u00f6zpont bevon\u00e1s\u00e1val fel\u00e1ll\u00edtott 5 f\u0151s bizotts\u00e1g \u00e9rt\u00e9kel\u00e9se alapj\u00e1n t\u00f6rt\u00e9nik.<\/p>\n<p><strong>\u00a0<\/strong><strong>5. A p\u00e1ly\u00e1zati eredm\u00e9ny k\u00f6zz\u00e9t\u00e9tele<\/strong><\/p>\n<p>A p\u00e1ly\u00e1zati eredm\u00e9ny a beny\u00fajt\u00e1si hat\u00e1rid\u0151t\u0151l sz\u00e1m\u00edtott 15. napon ker\u00fcl nyilv\u00e1noss\u00e1gra a Testnevel\u00e9si \u00e9s Sportk\u00f6zpont illetve az Egyetem honlapj\u00e1n<\/p>\n<p><a href=\"https:\/\/semmelweis.hu\/sportkozpont\/files\/2023\/11\/palyazati-urlap-sportszervezesi-kategoria.pdf\">p\u00e1ly\u00e1zati \u0171rlap sportszervez\u00e9si kateg\u00f3ria<\/a><\/p>\n\n<\/div><h2 class=\"tabtitle\">2024\/2025 tan\u00e9v d\u00edjazottak<\/h2>\n<div class=\"tabcontent\">\n\n<p><strong>Sportszervez\u0151i kateg\u00f3ria:<\/strong><\/p>\n<p>45.000 Ft<br \/>\nReza-Moazen S\u00e1ra GYTK<br \/>\nAmirata Karimpour GYTK angol<\/p>\n<p><strong>\u00c9lsportol\u00f3i Kateg\u00f3ria<\/strong><\/p>\n<p>20.000Ft<br \/>\nSch\u00fctz Constantin AOK n\u00e9met<\/p>\n<p>30.000 Ft<br \/>\nB\u00edr\u00f3 Janka Vir\u00e1g AOK<\/p>\n<p>50.000Ft<br \/>\nF\u00fczi Zs\u00f3fia ETK<br \/>\nPap Andrea ETK<br \/>\nTinordi Gabriella ETK<\/p>\n<p>60.000 Ft<br \/>\nDob\u00f3 Eszter ETK<br \/>\nMay Alexandra AOK<br \/>\nT\u00f3th R\u00f3me\u00f3 AOK<\/p>\n<p>80.000 Ft<br \/>\nVir\u00e1g Zs\u00f3fia ETK<\/p>\n<p>100.000 Ft<br \/>\nJuh\u00e1sz Em\u00edlia ETK<br \/>\nLacza Bor\u00f3ka Borb\u00e1la AOK<br \/>\nOsv\u00e1th-Nagy No\u00e9mi ETK<\/p>\n<p>&nbsp;<\/p>\n\n<\/div><h2 class=\"tabtitle\">2024\/2025 tan\u00e9v<\/h2>\n<div class=\"tabcontent\">\n\n<p>A Semmelweis Egyetem Sport\u00f6szt\u00f6nd\u00edjban (tov\u00e1bbiakban Cs\u00edk \u00d6szt\u00f6nd\u00edj) a kiemelked\u0151 sporttev\u00e9kenys\u00e9get v\u00e9gz\u0151, valamint a sporttev\u00e9kenys\u00e9get szervez\u0151 hallgat\u00f3 r\u00e9szes\u00fclhet.\u00a0Az \u00f6szt\u00f6nd\u00edjban azok a hallgat\u00f3k r\u00e9szes\u00fclhetnek, akik az aktu\u00e1lis \u00f6szt\u00f6nd\u00edj ki\u00edr\u00e1sban meghat\u00e1rozott esetleges tanulm\u00e1nyi k\u00f6vetelm\u00e9nyeken t\u00fal rendszeresen r\u00e9szt v\u00e1llalnak az Egyetem sport\u00e9let\u00e9ben, n\u00e9pszer\u0171s\u00edt\u00e9s\u00e9ben. Az \u00f6szt\u00f6nd\u00edjak oda\u00edt\u00e9l\u00e9se p\u00e1ly\u00e1zat alapj\u00e1n t\u00f6rt\u00e9nik. A p\u00e1ly\u00e1zatokat az oktat\u00e1si rektorhelyettes \u00edrja ki.<\/p>\n<p>&nbsp;<\/p>\n<ol>\n<li><strong>1<\/strong>. <strong>A p\u00e1ly\u00e1zat beny\u00fajt\u00e1s\u00e1nak felt\u00e9telei<\/strong><\/li>\n<\/ol>\n<ul>\n<li>akt\u00edv hallgat\u00f3i jogviszony<\/li>\n<li>a k\u00f6telez\u0151 kreditpontok megszerz\u00e9se a legutols\u00f3 2 akt\u00edv szemeszterben<\/li>\n<li>a kit\u00f6lt\u00f6tt p\u00e1ly\u00e1zati adatlapot, (\u201e<strong>A<\/strong>\u201d \u00e9lsportol\u00f3i kateg\u00f3ria, vagy \u201e<strong>B\u201d<\/strong> sportszervez\u0151i kateg\u00f3ria)<\/li>\n<li>p\u00e1ly\u00e1z\u00f3 a \u201eJ\u00f3 tanul\u00f3 \u2013 J\u00f3 sportol\u00f3\u201d \u00e9s a \u201eDr. Sz\u00edv\u00f3s Istv\u00e1n Sportol\u00f3i \u00d6szt\u00f6nd\u00edj\u201d p\u00e1ly\u00e1zatokkal egyidej\u0171leg sportol\u00f3i p\u00e1ly\u00e1zatot nem ny\u00fajthat be<\/li>\n<\/ul>\n<ol start=\"2\">\n<li><strong> Az \u00f6szt\u00f6nd\u00edjra azok a hallgat\u00f3k p\u00e1ly\u00e1zhatnak, akik<\/strong><\/li>\n<li><em><u>a) \u00e9lsportol\u00f3i kateg\u00f3ri\u00e1ban<\/u><\/em><\/li>\n<\/ol>\n<p>azon olimpiai spot\u00e1gakban versenyz\u0151k, akik sport\u00e1guk legmagasabb oszt\u00e1ly\u00e1ban szerepelnek, (kos\u00e1rlabda: NBI\/A; r\u00f6plabda: Extra liga; k\u00e9zilabda: NBI; labdar\u00fag\u00e1s: NBI; atl\u00e9tika: v\u00e1logatott; tenisz: NBI; asztalitenisz: NBI; j\u00e9gkorong: NBI; cselg\u00e1ncs: OBI; sakk: NBI, tollaslabda: NBI; futsal: NBI stb.) illetve egy\u00e9ni sport\u00e1g eset\u00e9ben vil\u00e1gversenyeken, vagy koroszt\u00e1lyos v\u00e1logatottban versenyeznek, vagy az adott sport\u00e1g Orsz\u00e1gos Bajnoks\u00e1g\u00e1n 1-3 helyez\u00e9st \u00e9rtek el,<\/p>\n<ol>\n<li><em><u>b) sportszervez\u00e9si kateg\u00f3ri\u00e1ban<\/u><\/em> azok, akik \u00f6nk\u00e9ntes munk\u00e1val r\u00e9szt vesznek az egyetemi hallgat\u00f3k sz\u00e1m\u00e1ra meghirdetett sport\u00e9let, sportol\u00e1si lehet\u0151s\u00e9gek szervez\u00e9s\u00e9ben, egy\u00fcttm\u0171k\u00f6dve az egyetem valamely szervezeti egys\u00e9g\u00e9vel.<\/li>\n<li><strong> Az \u00f6szt\u00f6nd\u00edj legfeljebb egy tan\u00e9vre sz\u00f3l, <\/strong><\/li>\n<\/ol>\n<p>\u00e9lsportol\u00f3i kateg\u00f3ri\u00e1ban legfeljebb 120 ezer forint\/h\u00f3,<\/p>\n<p>sportszervez\u00e9si kateg\u00f3ri\u00e1ban legfeljebb 45 ezer forint\/h\u00f3.<\/p>\n<p>&nbsp;<\/p>\n<ol start=\"4\">\n<li><strong> A p\u00e1ly\u00e1zat beny\u00fajt\u00e1sa \u00e9s elb\u00edr\u00e1l\u00e1sa<\/strong><\/li>\n<\/ol>\n<p>A p\u00e1ly\u00e1zat a Neptu rendszerben ny\u00fajthat\u00f3 be<span style=\"font-size: 1rem\"> 2024. szeptember 16-\u00e1n 8:00 &#8211; szeptember 27 12:00-ig\u00a0<\/span><\/p>\n<p>A p\u00e1ly\u00e1zati elb\u00edr\u00e1l\u00e1s el\u0151k\u00e9sz\u00edt\u00e9se az \u00e1ltal\u00e1nos rektorhelyettes \u00e1ltal vezetett \u00e9s a Testnevel\u00e9si \u00e9s Sportk\u00f6zpont bevon\u00e1s\u00e1val fel\u00e1ll\u00edtott 5 f\u0151s bizotts\u00e1g \u00e9rt\u00e9kel\u00e9se alapj\u00e1n t\u00f6rt\u00e9nik.\u00a0<\/p>\n<p><strong>\u00a0<\/strong><\/p>\n<ol start=\"5\">\n<li><strong> A p\u00e1ly\u00e1zati eredm\u00e9ny k\u00f6zz\u00e9t\u00e9tele<\/strong><\/li>\n<\/ol>\n<p>A p\u00e1ly\u00e1zati eredm\u00e9ny a beny\u00fajt\u00e1si hat\u00e1rid\u0151t\u0151l sz\u00e1m\u00edtott 15. napon ker\u00fcl nyilv\u00e1noss\u00e1gra a Testnevel\u00e9si \u00e9s Sportk\u00f6zpont illetve az Egyetem honlapj\u00e1n<\/p>\n<p><a href=\"https:\/\/semmelweis.hu\/sportkozpont\/files\/2023\/11\/palyazati-urlap-elsportoloi-kategoria.pdf\">p\u00e1ly\u00e1zati \u0171rlap \u00e9lsportol\u00f3i kateg\u00f3ria<\/a><\/p>\n<p><a href=\"https:\/\/semmelweis.hu\/sportkozpont\/files\/2023\/11\/palyazati-urlap-sportszervezesi-kategoria.pdf\">p\u00e1ly\u00e1zati \u0171rlap sportszervez\u00e9si kateg\u00f3ria<\/a><\/p>\n\n<\/div><h2 class=\"tabtitle\">2023\/2024 tan\u00e9v d\u00edjazottak<\/h2>\n<div class=\"tabcontent\">\n\n<p><strong>Sportszervez\u0151i kateg\u00f3ria:<\/strong><\/p>\n<p>45.000 Ft<br \/>\nM\u00e9sz\u00e1ros Andrea ETK<br \/>\nAmirata Karimpour GYTK angol<br \/>\nSeres Botond AOK<\/p>\n<p>25.000 Ft<br \/>\nHajd\u00fa Botond ETK<br \/>\nMajsai Melinda ETK<\/p>\n<p><strong>\u00c9lsportol\u00f3i Kateg\u00f3ria<\/strong><\/p>\n<p>70.000 Ft<br \/>\nTinordi Gabriella EKK<br \/>\nLucca Hoshephine Kost AOK n\u00e9met<\/p>\n<p>&nbsp;<\/p>\n\n<\/div><h2 class=\"tabtitle\">2023\/2024 tan\u00e9v<\/h2>\n<div class=\"tabcontent\">\n\n<p>A Semmelweis Egyetem Sport\u00f6szt\u00f6nd\u00edjban (tov\u00e1bbiakban Cs\u00edk \u00d6szt\u00f6nd\u00edj) a kiemelked\u0151 sporttev\u00e9kenys\u00e9get v\u00e9gz\u0151, valamint a sporttev\u00e9kenys\u00e9get szervez\u0151 hallgat\u00f3 r\u00e9szes\u00fclhet.\u00a0Az \u00f6szt\u00f6nd\u00edjban azok a hallgat\u00f3k r\u00e9szes\u00fclhetnek, akik az aktu\u00e1lis \u00f6szt\u00f6nd\u00edj ki\u00edr\u00e1sban meghat\u00e1rozott esetleges tanulm\u00e1nyi k\u00f6vetelm\u00e9nyeken t\u00fal rendszeresen r\u00e9szt v\u00e1llalnak az Egyetem sport\u00e9let\u00e9ben, n\u00e9pszer\u0171s\u00edt\u00e9s\u00e9ben. Az \u00f6szt\u00f6nd\u00edjak oda\u00edt\u00e9l\u00e9se p\u00e1ly\u00e1zat alapj\u00e1n t\u00f6rt\u00e9nik. A p\u00e1ly\u00e1zatokat az oktat\u00e1si rektorhelyettes \u00edrja ki.<\/p>\n<p>&nbsp;<\/p>\n<ol>\n<li><strong>1<\/strong>. <strong>A p\u00e1ly\u00e1zat beny\u00fajt\u00e1s\u00e1nak felt\u00e9telei<\/strong><\/li>\n<\/ol>\n<ul>\n<li>akt\u00edv hallgat\u00f3i jogviszony<\/li>\n<li>a k\u00f6telez\u0151 kreditpontok megszerz\u00e9se a legutols\u00f3 2 akt\u00edv szemeszterben<\/li>\n<li>a kit\u00f6lt\u00f6tt p\u00e1ly\u00e1zati adatlapot, (\u201e<strong>A<\/strong>\u201d \u00e9lsportol\u00f3i kateg\u00f3ria, vagy \u201e<strong>B\u201d<\/strong> sportszervez\u0151i kateg\u00f3ria)<\/li>\n<li>p\u00e1ly\u00e1z\u00f3 a \u201eJ\u00f3 tanul\u00f3 \u2013 J\u00f3 sportol\u00f3\u201d \u00e9s a \u201eDr. Sz\u00edv\u00f3s Istv\u00e1n Sportol\u00f3i \u00d6szt\u00f6nd\u00edj\u201d p\u00e1ly\u00e1zatokkal egyidej\u0171leg sportol\u00f3i p\u00e1ly\u00e1zatot nem ny\u00fajthat be<\/li>\n<\/ul>\n<ol start=\"2\">\n<li><strong> Az \u00f6szt\u00f6nd\u00edjra azok a hallgat\u00f3k p\u00e1ly\u00e1zhatnak, akik<\/strong><\/li>\n<li><em><u>a) \u00e9lsportol\u00f3i kateg\u00f3ri\u00e1ban<\/u><\/em><\/li>\n<\/ol>\n<p>azon olimpiai spot\u00e1gakban versenyz\u0151k, akik sport\u00e1guk legmagasabb oszt\u00e1ly\u00e1ban szerepelnek, (kos\u00e1rlabda: NBI\/A; r\u00f6plabda: Extra liga; k\u00e9zilabda: NBI; labdar\u00fag\u00e1s: NBI; atl\u00e9tika: v\u00e1logatott; tenisz: NBI; asztalitenisz: NBI; j\u00e9gkorong: NBI; cselg\u00e1ncs: OBI; sakk: NBI, tollaslabda: NBI; futsal: NBI stb.) illetve egy\u00e9ni sport\u00e1g eset\u00e9ben vil\u00e1gversenyeken, vagy koroszt\u00e1lyos v\u00e1logatottban versenyeznek, vagy az adott sport\u00e1g Orsz\u00e1gos Bajnoks\u00e1g\u00e1n 1-3 helyez\u00e9st \u00e9rtek el,<\/p>\n<ol>\n<li><em><u>b) sportszervez\u00e9si kateg\u00f3ri\u00e1ban<\/u><\/em> azok, akik \u00f6nk\u00e9ntes munk\u00e1val r\u00e9szt vesznek az egyetemi hallgat\u00f3k sz\u00e1m\u00e1ra meghirdetett sport\u00e9let, sportol\u00e1si lehet\u0151s\u00e9gek szervez\u00e9s\u00e9ben, egy\u00fcttm\u0171k\u00f6dve az egyetem valamely szervezeti egys\u00e9g\u00e9vel.<\/li>\n<li><strong> Az \u00f6szt\u00f6nd\u00edj legfeljebb egy tan\u00e9vre sz\u00f3l, <\/strong><\/li>\n<\/ol>\n<p>\u00e9lsportol\u00f3i kateg\u00f3ri\u00e1ban legfeljebb 120 ezer forint\/h\u00f3,<\/p>\n<p>sportszervez\u00e9si kateg\u00f3ri\u00e1ban legfeljebb 45 ezer forint\/h\u00f3.<\/p>\n<p>&nbsp;<\/p>\n<ol start=\"4\">\n<li><strong> A p\u00e1ly\u00e1zat beny\u00fajt\u00e1sa \u00e9s elb\u00edr\u00e1l\u00e1sa<\/strong><\/li>\n<\/ol>\n<p>A p\u00e1ly\u00e1zat a Neptu rendszerben ny\u00fajthat\u00f3 be<span style=\"font-size: 1rem\"> 2023. december 4-\u00e9n 15.00-ig\u00a0<\/span><\/p>\n<p>A p\u00e1ly\u00e1zati elb\u00edr\u00e1l\u00e1s el\u0151k\u00e9sz\u00edt\u00e9se az \u00e1ltal\u00e1nos rektorhelyettes \u00e1ltal vezetett \u00e9s a Testnevel\u00e9si \u00e9s Sportk\u00f6zpont bevon\u00e1s\u00e1val fel\u00e1ll\u00edtott 5 f\u0151s bizotts\u00e1g \u00e9rt\u00e9kel\u00e9se alapj\u00e1n t\u00f6rt\u00e9nik.\u00a0<\/p>\n<p><strong>\u00a0<\/strong><\/p>\n<ol start=\"5\">\n<li><strong> A p\u00e1ly\u00e1zati eredm\u00e9ny k\u00f6zz\u00e9t\u00e9tele<\/strong><\/li>\n<\/ol>\n<p>A p\u00e1ly\u00e1zati eredm\u00e9ny a beny\u00fajt\u00e1si hat\u00e1rid\u0151t\u0151l sz\u00e1m\u00edtott 15. napon ker\u00fcl nyilv\u00e1noss\u00e1gra a Testnevel\u00e9si \u00e9s Sportk\u00f6zpont illetve az Egyetem honlapj\u00e1n<\/p>\n<p><a href=\"https:\/\/semmelweis.hu\/sportkozpont\/files\/2023\/11\/palyazati-urlap-elsportoloi-kategoria.pdf\">p\u00e1ly\u00e1zati \u0171rlap \u00e9lsportol\u00f3i kateg\u00f3ria<\/a><\/p>\n<p><a href=\"https:\/\/semmelweis.hu\/sportkozpont\/files\/2023\/11\/palyazati-urlap-sportszervezesi-kategoria.pdf\">p\u00e1ly\u00e1zati \u0171rlap sportszervez\u00e9si kategoria<\/a><\/p>\n<\/div><\/div>\n","protected":false},"excerpt":{"rendered":"<p>Sportszervez\u0151i kateg\u00f3ria 20.000 Ft Sz\u0151ke P\u00e9ter Soma \u00c1OK A Semmelweis Egyetem Sport\u00f6szt\u00f6nd\u00edjban (tov\u00e1bbiakban Cs\u00edk \u00d6szt\u00f6nd\u00edj) a kiemelked\u0151 sporttev\u00e9kenys\u00e9get v\u00e9gz\u0151, valamint a sporttev\u00e9kenys\u00e9get szervez\u0151 hallgat\u00f3 r\u00e9szes\u00fclhet.\u00a0Az \u00f6szt\u00f6nd\u00edjban azok a hallgat\u00f3k r\u00e9szes\u00fclhetnek, akik az aktu\u00e1lis \u00f6szt\u00f6nd\u00edj ki\u00edr\u00e1sban meghat\u00e1rozott esetleges tanulm\u00e1nyi k\u00f6vetelm\u00e9nyeken t\u00fal rendszeresen r\u00e9szt v\u00e1llalnak az Egyetem sport\u00e9let\u00e9ben, n\u00e9pszer\u0171s\u00edt\u00e9s\u00e9ben. Az \u00f6szt\u00f6nd\u00edjak oda\u00edt\u00e9l\u00e9se p\u00e1ly\u00e1zat alapj\u00e1n t\u00f6rt\u00e9nik. A p\u00e1ly\u00e1zatokat &hellip;<\/p>\n","protected":false},"author":101137,"featured_media":0,"parent":3166,"menu_order":2,"comment_status":"closed","ping_status":"closed","template":"","meta":{"_acf_changed":false,"footnotes":""},"categories":[12],"tags":[],"class_list":["post-3853","page","type-page","status-publish","hentry","category-palyazatok"],"acf":[],"_links":{"self":[{"href":"https:\/\/semmelweis.hu\/sportkozpont\/wp-json\/wp\/v2\/pages\/3853","targetHints":{"allow":["GET"]}}],"collection":[{"href":"https:\/\/semmelweis.hu\/sportkozpont\/wp-json\/wp\/v2\/pages"}],"about":[{"href":"https:\/\/semmelweis.hu\/sportkozpont\/wp-json\/wp\/v2\/types\/page"}],"author":[{"embeddable":true,"href":"https:\/\/semmelweis.hu\/sportkozpont\/wp-json\/wp\/v2\/users\/101137"}],"replies":[{"embeddable":true,"href":"https:\/\/semmelweis.hu\/sportkozpont\/wp-json\/wp\/v2\/comments?post=3853"}],"version-history":[{"count":10,"href":"https:\/\/semmelweis.hu\/sportkozpont\/wp-json\/wp\/v2\/pages\/3853\/revisions"}],"predecessor-version":[{"id":4425,"href":"https:\/\/semmelweis.hu\/sportkozpont\/wp-json\/wp\/v2\/pages\/3853\/revisions\/4425"}],"up":[{"embeddable":true,"href":"https:\/\/semmelweis.hu\/sportkozpont\/wp-json\/wp\/v2\/pages\/3166"}],"wp:attachment":[{"href":"https:\/\/semmelweis.hu\/sportkozpont\/wp-json\/wp\/v2\/media?parent=3853"}],"wp:term":[{"taxonomy":"category","embeddable":true,"href":"https:\/\/semmelweis.hu\/sportkozpont\/wp-json\/wp\/v2\/categories?post=3853"},{"taxonomy":"post_tag","embeddable":true,"href":"https:\/\/semmelweis.hu\/sportkozpont\/wp-json\/wp\/v2\/tags?post=3853"}],"curies":[{"name":"wp","href":"https:\/\/api.w.org\/{rel}","templated":true}]}}