{"id":3656,"date":"2023-03-28T10:02:49","date_gmt":"2023-03-28T08:02:49","guid":{"rendered":"https:\/\/semmelweis.hu\/sportkozpont\/?page_id=3656"},"modified":"2024-09-11T10:11:02","modified_gmt":"2024-09-11T08:11:02","slug":"50-jubileumi-medikus-kupa","status":"publish","type":"page","link":"https:\/\/semmelweis.hu\/sportkozpont\/50-jubileumi-medikus-kupa\/","title":{"rendered":"50. jubileumi Medikus Kupa"},"content":{"rendered":"<h1 class=\"entry-title text-uppercase\">BUDAPESTEN MARAD A MEDIKUS KUPA \u2013 MEGV\u00c9DTE C\u00cdM\u00c9T A SEMMELWEIS EGYETEM<\/h1>\n<p><a href=\"https:\/\/semmelweis.hu\/hirek\/2023\/04\/02\/budapesten-marad-a-medikus-kupa-megvedte-cimet-a-semmelweis-egyetem\/\">https:\/\/semmelweis.hu\/hirek\/2023\/04\/02\/budapesten-marad-a-medikus-kupa-megvedte-cimet-a-semmelweis-egyetem\/<\/a><\/p>\n<p>&nbsp;<\/p>\n<p>&nbsp;<\/p>\n<p>A Medikus Kupa 1972 \u00f3ta ker\u00fcl megrendez\u00e9sre, a sportrendezv\u00e9nyen m\u00e1ra m\u00e1r a 400 f\u0151t is meghalad\u00f3 hallgat\u00f3 versenyez egym\u00e1ssal!A j\u00f6v\u0151 eg\u00e9szs\u00e9g\u00fcgy\u00e9ben feladatot v\u00e1llal\u00f3 hallgat\u00f3k sportszer\u0171 k\u00fczdelmekben m\u00e9rik \u00f6ssze erej\u00fcket k\u00e9zilabda, kos\u00e1rlabda, r\u00f6plabda, labdar\u00fag\u00e1s \u00e9s v\u00edzilabda sport\u00e1gakban \u00e9s mutatj\u00e1k be cheerleader csapataik felk\u00e9sz\u00fclts\u00e9g\u00e9t.<\/p>\n<p>K\u00fcl\u00f6n\u00f6sen nagy \u00f6r\u00f6m sz\u00e1munkra, hogy a 2023-as \u00e9vben a Semmelweis Egyetem l\u00e1tja vend\u00e9g\u00fcl P\u00e9cs, Szeged \u00e9s Debrecen sportol\u00f3it, hiszen az idei a Medikus Kupa 50. \u00e9vfordul\u00f3ja jegy\u00e9ben telik.<\/p>\n<p><strong>Szeretettel v\u00e1rjuk a szurkolni v\u00e1gy\u00f3 egyetemi polg\u00e1rokat az ingyenes sportrendezv\u00e9nyre. <\/strong><\/p>\n<p><strong>D\u00e9lut\u00e1nnal nem \u00e9r v\u00e9get a program est\u00e9re: a H\u00d6K szervez\u00e9s\u00e9ben kedvezm\u00e9nyes el\u0151rev\u00e1s\u00e1rolt bel\u00e9p\u0151jeggyel koncerttel egybek\u00f6t\u00f6tt sz\u00f3rakoz\u00e1si lehet\u0151s\u00e9g v\u00e1rja \u00d6n\u00f6ket!\u00a0<a href=\"https:\/\/smmlwspartiesbyhok.hu\/en\/event\/medikus-kupa\/\">https:\/\/smmlwspartiesbyhok.hu\/en\/event\/medikus-kupa\/<\/a><\/strong><\/p>\n<p><span style=\"font-size: 18pt\">Sporthelysz\u00ednek:\u00a0<\/span><\/p>\n<p><em><strong>Kos\u00e1rlabda, R\u00f6plabda, Labdar\u00fag\u00e1s, V\u00edzilabda<\/strong><\/em><\/p>\n<p>a Nemzeti K\u00f6zszolg\u00e1lati Egyetemen<\/p>\n<p>1089 Budapest, Di\u00f3szegi S\u00e1muel utca 19.<\/p>\n<p><strong><em>K\u00e9zilabda:<\/em><\/strong><\/p>\n<p>\u00a0Semmelweis Egyetem Testnevel\u00e9si \u00e9s Sportk\u00f6zpontj\u00e1ban<\/p>\n<p>1107 Budapest, Z\u00e1gr\u00e1bi utca 14.<\/p>\n<p>Figyelm\u00fckbe aj\u00e1nlom tov\u00e1bb\u00e1 a vas\u00e1rnap, a 16:00 \u00f3rakor kezd\u0151d\u0151 d\u00edj\u00e1tad\u00f3 g\u00e1l\u00e1t, ahol az egyetemi cheerleader csapatok mutatj\u00e1k be rendk\u00edv\u00fcl l\u00e1tv\u00e1nyos m\u0171sorukat, melynek helysz\u00edne szint\u00e9n a Nemzeti K\u00f6zszolg\u00e1lati Egyetem ar\u00e9n\u00e1ja (a kos\u00e1rlabda m\u00e9rk\u0151z\u00e9sek helysz\u00edne)<\/p>\n<p><iframe loading=\"lazy\" src=\"\/\/www.youtube.com\/embed\/ozi7nbpeucM\" width=\"560\" height=\"314\"><\/iframe><\/p>\n<div class=\"responsive-tabs\">\n<h2 class=\"tabtitle\">K\u00e9zilabda.<\/h2>\n<div class=\"tabcontent\">\n\n<ol start=\"2023\">\n<li><strong> \u00e1prilis 1. szombat<\/strong><\/li>\n<\/ol>\n<p><strong>\u00a0<\/strong><\/p>\n<p>\u00a0 8:00\u00a0\u00a0\u00a0\u00a0\u00a0\u00a0\u00a0\u00a0\u00a0\u00a0\u00a0\u00a0\u00a0\u00a0 Debrecen \u2013 P\u00e9cs \u00a0\u00a0\u00a0\u00a0\u00a0\u00a0\u00a0\u00a0\u00a0\u00a0\u00a0\u00a0\u00a0\u00a0\u00a0\u00a0\u00a0\u00a0\u00a0 n\u0151i<\/p>\n<p>\u00a0 9:00\u00a0\u00a0\u00a0\u00a0\u00a0\u00a0\u00a0\u00a0\u00a0\u00a0\u00a0\u00a0\u00a0\u00a0 Budapest \u2013 Szeged\u00a0\u00a0\u00a0\u00a0\u00a0\u00a0\u00a0\u00a0\u00a0\u00a0\u00a0\u00a0\u00a0\u00a0\u00a0\u00a0 n\u0151i<\/p>\n<p>10:00\u00a0\u00a0\u00a0\u00a0\u00a0\u00a0\u00a0\u00a0\u00a0\u00a0\u00a0\u00a0\u00a0\u00a0 Budapest \u2013 Debrecen\u00a0 \u00a0\u00a0\u00a0\u00a0\u00a0\u00a0\u00a0\u00a0\u00a0\u00a0 f\u00e9rfi<\/p>\n<p>11:00\u00a0\u00a0\u00a0\u00a0\u00a0\u00a0\u00a0\u00a0\u00a0\u00a0\u00a0\u00a0\u00a0\u00a0\u00a0 P\u00e9cs \u2013 Szeged\u00a0 \u00a0\u00a0\u00a0\u00a0\u00a0\u00a0\u00a0\u00a0\u00a0\u00a0\u00a0\u00a0\u00a0\u00a0\u00a0\u00a0\u00a0\u00a0\u00a0\u00a0\u00a0\u00a0 f\u00e9rfi<\/p>\n<p>14:00\u00a0\u00a0\u00a0\u00a0\u00a0\u00a0\u00a0\u00a0\u00a0\u00a0\u00a0\u00a0\u00a0\u00a0\u00a0 Debrecen- Budapest\u00a0\u00a0\u00a0\u00a0\u00a0\u00a0\u00a0\u00a0\u00a0\u00a0\u00a0\u00a0\u00a0\u00a0 n\u0151i<\/p>\n<p>15:00\u00a0\u00a0\u00a0\u00a0\u00a0\u00a0\u00a0\u00a0\u00a0\u00a0\u00a0\u00a0\u00a0\u00a0\u00a0 P\u00e9cs- Szeged\u00a0\u00a0 \u00a0\u00a0\u00a0\u00a0\u00a0\u00a0\u00a0\u00a0\u00a0\u00a0\u00a0\u00a0\u00a0\u00a0\u00a0\u00a0\u00a0\u00a0\u00a0\u00a0\u00a0\u00a0 n\u0151i<\/p>\n<p>16:00\u00a0\u00a0\u00a0\u00a0\u00a0\u00a0\u00a0\u00a0\u00a0\u00a0\u00a0\u00a0\u00a0\u00a0 P\u00e9cs- Budapest\u00a0\u00a0\u00a0\u00a0\u00a0\u00a0\u00a0\u00a0\u00a0\u00a0\u00a0\u00a0\u00a0\u00a0\u00a0\u00a0\u00a0\u00a0\u00a0\u00a0\u00a0 f\u00e9rfi<\/p>\n<p>17:00\u00a0\u00a0\u00a0\u00a0\u00a0\u00a0\u00a0\u00a0\u00a0\u00a0\u00a0\u00a0\u00a0\u00a0\u00a0 Debrecen &#8211; Szeged\u00a0\u00a0\u00a0\u00a0\u00a0\u00a0\u00a0\u00a0\u00a0\u00a0\u00a0\u00a0\u00a0\u00a0\u00a0\u00a0\u00a0 f\u00e9rfi<\/p>\n<p>&nbsp;<\/p>\n<ol start=\"2023\">\n<li><strong> \u00e1prilis 2. vas\u00e1rnap<\/strong><\/li>\n<\/ol>\n<p><strong>\u00a0<\/strong>8:00 \u00a0\u00a0\u00a0\u00a0\u00a0\u00a0\u00a0\u00a0\u00a0\u00a0\u00a0\u00a0\u00a0 Szeged \u2013 Budapest \u00a0\u00a0\u00a0\u00a0\u00a0\u00a0\u00a0\u00a0\u00a0\u00a0\u00a0\u00a0\u00a0\u00a0\u00a0\u00a0 f\u00e9rfi\u00a0<\/p>\n<p>\u00a0 9:00\u00a0\u00a0\u00a0\u00a0\u00a0\u00a0\u00a0\u00a0\u00a0\u00a0\u00a0\u00a0\u00a0\u00a0 P\u00e9cs \u2013 Debrecen\u00a0 \u00a0\u00a0\u00a0\u00a0\u00a0\u00a0\u00a0\u00a0\u00a0\u00a0\u00a0\u00a0\u00a0\u00a0\u00a0\u00a0\u00a0\u00a0 f\u00e9rfi\u00a0<\/p>\n<p>10:00\u00a0\u00a0\u00a0\u00a0\u00a0\u00a0\u00a0\u00a0\u00a0\u00a0\u00a0\u00a0\u00a0\u00a0 Szeged &#8211; Debrecen\u00a0\u00a0\u00a0\u00a0\u00a0\u00a0\u00a0\u00a0\u00a0\u00a0\u00a0\u00a0\u00a0\u00a0\u00a0\u00a0\u00a0 n\u0151i\u00a0<\/p>\n<p>11:00\u00a0\u00a0\u00a0\u00a0\u00a0\u00a0\u00a0\u00a0\u00a0\u00a0\u00a0\u00a0\u00a0\u00a0\u00a0 P\u00e9cs &#8211; Budapest\u00a0\u00a0\u00a0\u00a0\u00a0\u00a0\u00a0\u00a0\u00a0\u00a0\u00a0\u00a0\u00a0\u00a0\u00a0\u00a0\u00a0\u00a0\u00a0\u00a0\u00a0 n\u0151i\u00a0<\/p>\n\n<\/div><h2 class=\"tabtitle\">Kos\u00e1rlabda<\/h2>\n<div class=\"tabcontent\">\n\n<ol start=\"2023\">\n<li><strong> \u00e1prilis 1. szombat<\/strong><\/li>\n<\/ol>\n<p><strong>\u00a0 <\/strong>8:00\u00a0\u00a0\u00a0\u00a0\u00a0\u00a0\u00a0\u00a0\u00a0\u00a0\u00a0\u00a0\u00a0\u00a0 Debrecen &#8211; Szeged\u00a0\u00a0\u00a0\u00a0\u00a0\u00a0\u00a0\u00a0\u00a0\u00a0\u00a0\u00a0\u00a0\u00a0\u00a0\u00a0\u00a0 n\u0151i<\/p>\n<p>\u00a0 9:10\u00a0\u00a0\u00a0\u00a0\u00a0\u00a0\u00a0\u00a0\u00a0\u00a0\u00a0\u00a0\u00a0\u00a0\u00a0 P\u00e9cs- Budapest\u00a0 \u00a0\u00a0\u00a0\u00a0\u00a0\u00a0\u00a0\u00a0\u00a0\u00a0\u00a0\u00a0\u00a0\u00a0\u00a0\u00a0\u00a0\u00a0\u00a0\u00a0 n\u0151i<\/p>\n<p>10:20\u00a0\u00a0\u00a0\u00a0\u00a0\u00a0\u00a0\u00a0\u00a0\u00a0\u00a0\u00a0\u00a0\u00a0\u00a0 Szeged- Budapest\u00a0 \u00a0\u00a0\u00a0\u00a0 \u00a0\u00a0\u00a0\u00a0\u00a0\u00a0\u00a0\u00a0\u00a0\u00a0\u00a0 f\u00e9rfi<\/p>\n<p>11:30\u00a0\u00a0\u00a0\u00a0\u00a0\u00a0\u00a0\u00a0\u00a0\u00a0\u00a0\u00a0\u00a0\u00a0\u00a0 P\u00e9cs- Debrecen\u00a0 \u00a0\u00a0\u00a0\u00a0\u00a0\u00a0\u00a0\u00a0\u00a0\u00a0\u00a0\u00a0\u00a0\u00a0\u00a0\u00a0\u00a0\u00a0\u00a0\u00a0 f\u00e9rfi<\/p>\n<p>14:00\u00a0\u00a0\u00a0\u00a0\u00a0\u00a0\u00a0\u00a0\u00a0\u00a0\u00a0\u00a0\u00a0\u00a0\u00a0 Szeged- Budapest\u00a0 \u00a0\u00a0\u00a0\u00a0\u00a0\u00a0\u00a0\u00a0\u00a0\u00a0\u00a0\u00a0\u00a0\u00a0\u00a0\u00a0 n\u0151i<\/p>\n<p>15:10\u00a0\u00a0\u00a0\u00a0\u00a0\u00a0\u00a0\u00a0\u00a0\u00a0\u00a0\u00a0\u00a0\u00a0\u00a0 Debrecen- P\u00e9cs\u00a0\u00a0\u00a0\u00a0\u00a0\u00a0\u00a0\u00a0\u00a0\u00a0\u00a0\u00a0\u00a0\u00a0\u00a0\u00a0\u00a0\u00a0\u00a0\u00a0\u00a0 n\u0151i<\/p>\n<p>16:20\u00a0\u00a0\u00a0\u00a0\u00a0\u00a0\u00a0\u00a0\u00a0\u00a0\u00a0\u00a0\u00a0\u00a0\u00a0 Budapest \u2013 Debrecen\u00a0\u00a0\u00a0\u00a0\u00a0\u00a0\u00a0\u00a0\u00a0\u00a0\u00a0\u00a0 f\u00e9rfi<\/p>\n<p>17:30\u00a0\u00a0\u00a0\u00a0\u00a0\u00a0\u00a0\u00a0\u00a0\u00a0\u00a0\u00a0\u00a0\u00a0\u00a0 P\u00e9cs- Szeged\u00a0\u00a0 \u00a0\u00a0\u00a0\u00a0\u00a0\u00a0\u00a0\u00a0\u00a0\u00a0\u00a0\u00a0\u00a0\u00a0\u00a0\u00a0\u00a0\u00a0\u00a0\u00a0\u00a0\u00a0\u00a0 f\u00e9rfi<\/p>\n<ol start=\"2023\">\n<li><strong> \u00e1prilis 2. vas\u00e1rnap<\/strong><\/li>\n<\/ol>\n<p><strong>\u00a0<\/strong>\u00a0 8:00 \u00a0\u00a0\u00a0\u00a0\u00a0\u00a0\u00a0\u00a0\u00a0\u00a0\u00a0\u00a0\u00a0 Debrecen \u2013 Szeged\u00a0\u00a0\u00a0\u00a0\u00a0\u00a0\u00a0\u00a0\u00a0\u00a0\u00a0\u00a0\u00a0\u00a0\u00a0\u00a0 f\u00e9rfi<\/p>\n<p>\u00a0 9:10\u00a0\u00a0\u00a0\u00a0\u00a0\u00a0\u00a0\u00a0\u00a0\u00a0\u00a0\u00a0\u00a0\u00a0\u00a0 Budapest \u2013 P\u00e9cs \u00a0\u00a0\u00a0\u00a0\u00a0\u00a0\u00a0\u00a0\u00a0\u00a0\u00a0\u00a0\u00a0\u00a0\u00a0\u00a0\u00a0\u00a0\u00a0 f\u00e9rfi<\/p>\n<p>10:20\u00a0\u00a0\u00a0\u00a0\u00a0\u00a0\u00a0\u00a0\u00a0\u00a0\u00a0\u00a0\u00a0\u00a0\u00a0 Budapest- Debrecen\u00a0 \u00a0\u00a0\u00a0\u00a0\u00a0\u00a0\u00a0\u00a0\u00a0\u00a0\u00a0\u00a0 n\u0151i<\/p>\n<p>11:30\u00a0\u00a0\u00a0\u00a0\u00a0\u00a0\u00a0\u00a0\u00a0\u00a0\u00a0\u00a0\u00a0\u00a0\u00a0 P\u00e9cs- Szeged \u00a0 \u00a0\u00a0\u00a0\u00a0\u00a0\u00a0\u00a0\u00a0\u00a0\u00a0\u00a0\u00a0\u00a0\u00a0\u00a0\u00a0\u00a0\u00a0\u00a0\u00a0\u00a0\u00a0\u00a0 n\u0151i<\/p>\n<p>&nbsp;<\/p>\n\n<\/div><h2 class=\"tabtitle\">R\u00f6plabda<\/h2>\n<div class=\"tabcontent\">\n\n<ol start=\"2023\">\n<li><strong> \u00e1prilis 1. szombat<\/strong><\/li>\n<\/ol>\n<p><strong>\u00a0<\/strong>\u00a0 8:00\u00a0\u00a0\u00a0\u00a0\u00a0\u00a0\u00a0\u00a0\u00a0\u00a0\u00a0\u00a0\u00a0\u00a0 Szeged \u2013 Debrecen\u00a0 \u00a0\u00a0\u00a0\u00a0\u00a0\u00a0\u00a0\u00a0\u00a0\u00a0\u00a0\u00a0\u00a0\u00a0\u00a0 n\u0151i<\/p>\n<p>\u00a0 9:00\u00a0\u00a0\u00a0\u00a0\u00a0\u00a0\u00a0\u00a0\u00a0\u00a0\u00a0\u00a0\u00a0\u00a0 Budapest \u2013 P\u00e9cs \u00a0\u00a0\u00a0\u00a0\u00a0\u00a0\u00a0\u00a0\u00a0\u00a0\u00a0\u00a0\u00a0\u00a0\u00a0\u00a0\u00a0\u00a0\u00a0 n\u0151i<\/p>\n<p>10:00\u00a0\u00a0\u00a0\u00a0\u00a0\u00a0\u00a0\u00a0\u00a0\u00a0\u00a0\u00a0\u00a0\u00a0 Budapest- Debrecen\u00a0 \u00a0\u00a0\u00a0\u00a0\u00a0\u00a0\u00a0\u00a0\u00a0\u00a0\u00a0 f\u00e9rfi<\/p>\n<p>11:00\u00a0\u00a0\u00a0\u00a0\u00a0\u00a0\u00a0\u00a0\u00a0\u00a0\u00a0\u00a0\u00a0\u00a0\u00a0 Szeged &#8211; P\u00e9cs\u00a0\u00a0\u00a0\u00a0\u00a0\u00a0\u00a0\u00a0\u00a0\u00a0\u00a0\u00a0\u00a0\u00a0\u00a0\u00a0\u00a0\u00a0\u00a0\u00a0\u00a0\u00a0\u00a0\u00a0 f\u00e9rfi<\/p>\n<p>14:00\u00a0\u00a0\u00a0\u00a0\u00a0\u00a0\u00a0\u00a0\u00a0\u00a0\u00a0\u00a0\u00a0\u00a0\u00a0 Budapest- Szeged\u00a0 \u00a0\u00a0\u00a0\u00a0\u00a0\u00a0\u00a0\u00a0\u00a0\u00a0\u00a0\u00a0\u00a0\u00a0\u00a0\u00a0 n\u0151i<\/p>\n<p>15:00\u00a0\u00a0\u00a0\u00a0\u00a0\u00a0\u00a0\u00a0\u00a0\u00a0\u00a0\u00a0\u00a0\u00a0\u00a0 P\u00e9cs- Debrecen\u00a0 \u00a0\u00a0\u00a0\u00a0\u00a0\u00a0\u00a0\u00a0\u00a0\u00a0\u00a0\u00a0\u00a0\u00a0\u00a0\u00a0\u00a0\u00a0\u00a0\u00a0 n\u0151i<\/p>\n<p>16:00\u00a0\u00a0\u00a0\u00a0\u00a0\u00a0\u00a0\u00a0\u00a0\u00a0\u00a0\u00a0\u00a0\u00a0 Szeged \u2013 Debrecen\u00a0 \u00a0\u00a0\u00a0\u00a0\u00a0\u00a0\u00a0\u00a0\u00a0\u00a0\u00a0\u00a0\u00a0\u00a0\u00a0 f\u00e9rfi<\/p>\n<p>17:00\u00a0\u00a0\u00a0\u00a0\u00a0\u00a0\u00a0\u00a0\u00a0\u00a0\u00a0\u00a0\u00a0\u00a0\u00a0 Budapest \u2013 P\u00e9cs\u00a0 \u00a0\u00a0\u00a0\u00a0\u00a0\u00a0\u00a0\u00a0\u00a0\u00a0\u00a0\u00a0\u00a0\u00a0\u00a0\u00a0\u00a0\u00a0 f\u00e9rfi<\/p>\n<p><strong>2023.\u00e1prilis 2. vas\u00e1rnap<\/strong><\/p>\n<p><strong>\u00a0<\/strong>\u00a0 8:00 \u00a0\u00a0\u00a0\u00a0\u00a0\u00a0\u00a0\u00a0\u00a0\u00a0\u00a0\u00a0\u00a0 Budapest\u00a0 \u2013 Szeged\u00a0\u00a0\u00a0\u00a0\u00a0\u00a0\u00a0\u00a0\u00a0\u00a0\u00a0\u00a0\u00a0\u00a0\u00a0 f\u00e9rfi<\/p>\n<p>\u00a0 9:00\u00a0\u00a0\u00a0\u00a0\u00a0\u00a0\u00a0\u00a0\u00a0\u00a0\u00a0\u00a0\u00a0\u00a0 P\u00e9cs \u2013 Debrecen\u00a0 \u00a0\u00a0\u00a0\u00a0\u00a0\u00a0\u00a0\u00a0\u00a0\u00a0\u00a0\u00a0\u00a0\u00a0\u00a0\u00a0\u00a0\u00a0 f\u00e9rfi<\/p>\n<p>10:00\u00a0\u00a0\u00a0\u00a0\u00a0\u00a0\u00a0\u00a0\u00a0\u00a0\u00a0\u00a0\u00a0\u00a0 Budapest \u2013 D<u>ebrecen<\/u>\u00a0\u00a0\u00a0\u00a0\u00a0\u00a0\u00a0\u00a0\u00a0\u00a0\u00a0\u00a0 n\u0151i<\/p>\n<p>11:00\u00a0\u00a0\u00a0\u00a0\u00a0\u00a0\u00a0\u00a0\u00a0\u00a0\u00a0\u00a0\u00a0\u00a0\u00a0 P\u00e9cs- Szeged\u00a0\u00a0 \u00a0\u00a0\u00a0\u00a0\u00a0\u00a0\u00a0\u00a0\u00a0\u00a0\u00a0\u00a0\u00a0\u00a0\u00a0\u00a0\u00a0\u00a0\u00a0\u00a0\u00a0\u00a0\u00a0 n\u0151i<\/p>\n\n<\/div><h2 class=\"tabtitle\">Labdar\u00fag\u00e1s<\/h2>\n<div class=\"tabcontent\">\n\n<ol start=\"2023\">\n<li><strong> \u00e1prilis 1. szombat<\/strong><\/li>\n<\/ol>\n<p>9 :00\u00a0\u00a0\u00a0\u00a0\u00a0\u00a0\u00a0\u00a0\u00a0\u00a0\u00a0\u00a0\u00a0\u00a0\u00a0 Budapest &#8211; Debrecen n\u0151i m\u00e9rk\u0151z\u00e9s<\/p>\n<p>10:00\u00a0\u00a0\u00a0\u00a0\u00a0\u00a0\u00a0\u00a0\u00a0\u00a0\u00a0\u00a0\u00a0\u00a0 Szeged \u2013 Budapest \u00a0\u00a0\u00a0\u00a0\u00a0\u00a0\u00a0\u00a0\u00a0\u00a0\u00a0\u00a0\u00a0\u00a0\u00a0\u00a0\u00a0\u00a0\u00a0\u00a0\u00a0\u00a0\u00a0\u00a0\u00a0\u00a0\u00a0<\/p>\n<p>11:00\u00a0\u00a0\u00a0\u00a0\u00a0\u00a0\u00a0\u00a0\u00a0\u00a0\u00a0\u00a0\u00a0\u00a0\u00a0 Debrecen \u2013 P\u00e9cs<\/p>\n<p>14:00\u00a0\u00a0\u00a0\u00a0\u00a0\u00a0\u00a0\u00a0\u00a0\u00a0\u00a0\u00a0\u00a0\u00a0\u00a0 P\u00e9cs- Budapest n\u0151i m\u00e9rk\u0151z\u00e9s<\/p>\n<p>15:00\u00a0\u00a0\u00a0\u00a0\u00a0\u00a0\u00a0\u00a0\u00a0\u00a0\u00a0\u00a0\u00a0\u00a0\u00a0 Budapest &#8211; Debrecen<\/p>\n<p>16:00\u00a0\u00a0\u00a0\u00a0\u00a0\u00a0\u00a0\u00a0\u00a0\u00a0\u00a0\u00a0\u00a0\u00a0 P\u00e9cs \u2013 Szeged\u00a0<\/p>\n<ol start=\"2023\">\n<li><strong> \u00e1prilis 2. vas\u00e1rnap<\/strong><\/li>\n<\/ol>\n<p>09:00\u00a0\u00a0\u00a0\u00a0\u00a0\u00a0\u00a0\u00a0\u00a0\u00a0\u00a0\u00a0\u00a0\u00a0 Debrecen \u2013 Szeged<\/p>\n<p>10:00\u00a0\u00a0\u00a0\u00a0\u00a0\u00a0\u00a0\u00a0\u00a0\u00a0\u00a0\u00a0\u00a0\u00a0 Budapest \u2013 P\u00e9cs<\/p>\n<p>11:00 \u00a0\u00a0\u00a0\u00a0\u00a0\u00a0\u00a0\u00a0\u00a0\u00a0\u00a0\u00a0\u00a0\u00a0 Debrecen &#8211; P\u00e9cs n\u0151i m\u00e9rk\u0151z\u00e9s<\/p>\n\n<\/div><h2 class=\"tabtitle\">V\u00edzilabda<\/h2>\n<div class=\"tabcontent\">\n\n<ol start=\"2023\">\n<li><strong> \u00e1prilis 1. szombat<\/strong><\/li>\n<\/ol>\n<p>10:00\u00a0\u00a0\u00a0\u00a0\u00a0\u00a0\u00a0\u00a0\u00a0\u00a0\u00a0\u00a0\u00a0\u00a0 Debrecen \u2013 Szeged\u00a0 \u00a0\u00a0\u00a0\u00a0\u00a0\u00a0\u00a0\u00a0\u00a0\u00a0\u00a0\u00a0\u00a0\u00a0\u00a0\u00a0\u00a0\u00a0\u00a0\u00a0\u00a0\u00a0\u00a0\u00a0\u00a0\u00a0\u00a0\u00a0\u00a0\u00a0\u00a0\u00a0\u00a0\u00a0\u00a0\u00a0\u00a0\u00a0<\/p>\n<p>11:00\u00a0\u00a0\u00a0\u00a0\u00a0\u00a0\u00a0\u00a0\u00a0\u00a0\u00a0\u00a0\u00a0\u00a0\u00a0 P\u00e9cs \u2013 Budapest<\/p>\n<p>15:30\u00a0\u00a0\u00a0\u00a0\u00a0\u00a0\u00a0\u00a0\u00a0\u00a0\u00a0\u00a0\u00a0\u00a0\u00a0 Szeged- P\u00e9cs<\/p>\n<p>16:30\u00a0\u00a0\u00a0\u00a0\u00a0\u00a0\u00a0\u00a0\u00a0\u00a0\u00a0\u00a0\u00a0\u00a0\u00a0 Budapest \u2013 Debrecen<\/p>\n<ol start=\"2023\">\n<li><strong> \u00e1prilis 2. vas\u00e1rnap<\/strong><\/li>\n<\/ol>\n<p>09:30\u00a0\u00a0\u00a0\u00a0\u00a0\u00a0\u00a0\u00a0\u00a0\u00a0\u00a0\u00a0\u00a0\u00a0 Debrecen \u2013 P\u00e9cs\u00a0<\/p>\n<p>10:30\u00a0\u00a0\u00a0\u00a0\u00a0\u00a0\u00a0\u00a0\u00a0\u00a0\u00a0\u00a0\u00a0\u00a0\u00a0 All stars m\u00e9rk\u0151z\u00e9s<\/p>\n<p>11:30\u00a0\u00a0\u00a0\u00a0\u00a0\u00a0\u00a0\u00a0\u00a0\u00a0\u00a0\u00a0\u00a0\u00a0\u00a0 Budapest- Szeged<\/p>\n<\/div><\/div>\n","protected":false},"excerpt":{"rendered":"<p>BUDAPESTEN MARAD A MEDIKUS KUPA \u2013 MEGV\u00c9DTE C\u00cdM\u00c9T A SEMMELWEIS EGYETEM <a href=\"https:\/\/semmelweis.hu\/hirek\/2023\/04\/02\/budapesten-marad-a-medikus-kupa-megvedte-cimet-a-semmelweis-egyetem\/\">https:\/\/semmelweis.hu\/hirek\/2023\/04\/02\/budapesten-marad-a-medikus-kupa-megvedte-cimet-a-semmelweis-egyetem\/<\/a> &nbsp; &nbsp; A Medikus Kupa 1972 \u00f3ta ker\u00fcl megrendez\u00e9sre, a sportrendezv\u00e9nyen m\u00e1ra m\u00e1r a 400 f\u0151t is meghalad\u00f3 hallgat\u00f3 versenyez egym\u00e1ssal!A j\u00f6v\u0151 eg\u00e9szs\u00e9g\u00fcgy\u00e9ben feladatot v\u00e1llal\u00f3 hallgat\u00f3k sportszer\u0171 k\u00fczdelmekben m\u00e9rik \u00f6ssze erej\u00fcket k\u00e9zilabda, kos\u00e1rlabda, r\u00f6plabda, labdar\u00fag\u00e1s \u00e9s v\u00edzilabda sport\u00e1gakban \u00e9s mutatj\u00e1k be cheerleader csapataik felk\u00e9sz\u00fclts\u00e9g\u00e9t. &hellip;<\/p>\n","protected":false},"author":101137,"featured_media":0,"parent":0,"menu_order":0,"comment_status":"closed","ping_status":"closed","template":"","meta":{"_acf_changed":false,"footnotes":""},"categories":[9],"tags":[],"class_list":["post-3656","page","type-page","status-publish","hentry","category-hirek"],"acf":[],"_links":{"self":[{"href":"https:\/\/semmelweis.hu\/sportkozpont\/wp-json\/wp\/v2\/pages\/3656","targetHints":{"allow":["GET"]}}],"collection":[{"href":"https:\/\/semmelweis.hu\/sportkozpont\/wp-json\/wp\/v2\/pages"}],"about":[{"href":"https:\/\/semmelweis.hu\/sportkozpont\/wp-json\/wp\/v2\/types\/page"}],"author":[{"embeddable":true,"href":"https:\/\/semmelweis.hu\/sportkozpont\/wp-json\/wp\/v2\/users\/101137"}],"replies":[{"embeddable":true,"href":"https:\/\/semmelweis.hu\/sportkozpont\/wp-json\/wp\/v2\/comments?post=3656"}],"version-history":[{"count":11,"href":"https:\/\/semmelweis.hu\/sportkozpont\/wp-json\/wp\/v2\/pages\/3656\/revisions"}],"predecessor-version":[{"id":4041,"href":"https:\/\/semmelweis.hu\/sportkozpont\/wp-json\/wp\/v2\/pages\/3656\/revisions\/4041"}],"wp:attachment":[{"href":"https:\/\/semmelweis.hu\/sportkozpont\/wp-json\/wp\/v2\/media?parent=3656"}],"wp:term":[{"taxonomy":"category","embeddable":true,"href":"https:\/\/semmelweis.hu\/sportkozpont\/wp-json\/wp\/v2\/categories?post=3656"},{"taxonomy":"post_tag","embeddable":true,"href":"https:\/\/semmelweis.hu\/sportkozpont\/wp-json\/wp\/v2\/tags?post=3656"}],"curies":[{"name":"wp","href":"https:\/\/api.w.org\/{rel}","templated":true}]}}