{"id":3201,"date":"2021-11-22T12:06:33","date_gmt":"2021-11-22T11:06:33","guid":{"rendered":"https:\/\/semmelweis.hu\/sportkozpont\/?page_id=3201"},"modified":"2026-03-23T14:40:28","modified_gmt":"2026-03-23T13:40:28","slug":"potlas","status":"publish","type":"page","link":"https:\/\/semmelweis.hu\/sportkozpont\/oktatas\/potlas\/","title":{"rendered":"Testnevel\u00e9s \u00f3r\u00e1k p\u00f3tl\u00e1sa"},"content":{"rendered":"<p>A 2025\/2026 II. szemeszterben kihagyott \u00f3r\u00e1k p\u00f3tl\u00e1s\u00e1ra 1 &#8211; 4 \u00e9vfolyamok sz\u00e1m\u00e1ra <strong>2026. m\u00e1jus 26 &#8211; 29 <\/strong>k\u00f6z\u00f6tt lesz lehet\u0151s\u00e9g <strong>8:00 &#8211; 16:00 \u00f3ra k\u00f6z\u00f6tt a Sportk\u00f6zpontban.<\/strong><\/p>\n<p><strong>C\u00edm:<br \/>\n<\/strong>Semmelweis Egyetem<br \/>\nTestnevel\u00e9si \u00e9s Sportk\u00f6zpont<br \/>\n1107 Budapest, Z\u00e1gr\u00e1bi utca 14.<\/p>\n<p><strong>Naponta csak 1 \u00f3ra p\u00f3tolhat\u00f3 \u00e9s egy h\u00e9t alatt maximum 2!<\/strong> <br \/>\nKiz\u00e1r\u00f3lag igazgat\u00f3i enged\u00e9llyel lehet t\u00f6bb mint 2 \u00f3r\u00e1t p\u00f3tolni!<\/p>\n<p>Az \u00f3r\u00e1k minden nap ugyanabban az id\u0151ben lesznek, el\u0151zetesen nem sz\u00fcks\u00e9ges regisztr\u00e1lni:<\/p>\n<ul>\n<li>8:00 &#8211; 9:00<\/li>\n<li>9:00 &#8211; 10:00<\/li>\n<li>10:00 &#8211; 11:00<\/li>\n<li>11:00 &#8211; 12:00<\/li>\n<li>12:00 &#8211; 13:00<\/li>\n<li>13:00 &#8211; 14:00<\/li>\n<li>14:00 &#8211; 15:00<\/li>\n<li>15:00 &#8211; 16:00<\/li>\n<\/ul>\n<p>&nbsp;<\/p>\n<p>&nbsp;<\/p>\n<p>&nbsp;<\/p>\n","protected":false},"excerpt":{"rendered":"<p>A 2025\/2026 II. szemeszterben kihagyott \u00f3r\u00e1k p\u00f3tl\u00e1s\u00e1ra 1 &#8211; 4 \u00e9vfolyamok sz\u00e1m\u00e1ra 2026. m\u00e1jus 26 &#8211; 29 k\u00f6z\u00f6tt lesz lehet\u0151s\u00e9g 8:00 &#8211; 16:00 \u00f3ra k\u00f6z\u00f6tt a Sportk\u00f6zpontban. C\u00edm: Semmelweis Egyetem Testnevel\u00e9si \u00e9s Sportk\u00f6zpont 1107 Budapest, Z\u00e1gr\u00e1bi utca 14. Naponta csak 1 \u00f3ra p\u00f3tolhat\u00f3 \u00e9s egy h\u00e9t alatt maximum 2! Kiz\u00e1r\u00f3lag igazgat\u00f3i enged\u00e9llyel lehet t\u00f6bb mint &hellip;<\/p>\n","protected":false},"author":101137,"featured_media":0,"parent":444,"menu_order":1,"comment_status":"closed","ping_status":"closed","template":"","meta":{"_acf_changed":false,"footnotes":""},"categories":[],"tags":[],"class_list":["post-3201","page","type-page","status-publish","hentry"],"acf":[],"_links":{"self":[{"href":"https:\/\/semmelweis.hu\/sportkozpont\/wp-json\/wp\/v2\/pages\/3201","targetHints":{"allow":["GET"]}}],"collection":[{"href":"https:\/\/semmelweis.hu\/sportkozpont\/wp-json\/wp\/v2\/pages"}],"about":[{"href":"https:\/\/semmelweis.hu\/sportkozpont\/wp-json\/wp\/v2\/types\/page"}],"author":[{"embeddable":true,"href":"https:\/\/semmelweis.hu\/sportkozpont\/wp-json\/wp\/v2\/users\/101137"}],"replies":[{"embeddable":true,"href":"https:\/\/semmelweis.hu\/sportkozpont\/wp-json\/wp\/v2\/comments?post=3201"}],"version-history":[{"count":12,"href":"https:\/\/semmelweis.hu\/sportkozpont\/wp-json\/wp\/v2\/pages\/3201\/revisions"}],"predecessor-version":[{"id":4422,"href":"https:\/\/semmelweis.hu\/sportkozpont\/wp-json\/wp\/v2\/pages\/3201\/revisions\/4422"}],"up":[{"embeddable":true,"href":"https:\/\/semmelweis.hu\/sportkozpont\/wp-json\/wp\/v2\/pages\/444"}],"wp:attachment":[{"href":"https:\/\/semmelweis.hu\/sportkozpont\/wp-json\/wp\/v2\/media?parent=3201"}],"wp:term":[{"taxonomy":"category","embeddable":true,"href":"https:\/\/semmelweis.hu\/sportkozpont\/wp-json\/wp\/v2\/categories?post=3201"},{"taxonomy":"post_tag","embeddable":true,"href":"https:\/\/semmelweis.hu\/sportkozpont\/wp-json\/wp\/v2\/tags?post=3201"}],"curies":[{"name":"wp","href":"https:\/\/api.w.org\/{rel}","templated":true}]}}