{"id":3166,"date":"2021-10-20T09:59:57","date_gmt":"2021-10-20T07:59:57","guid":{"rendered":"https:\/\/semmelweis.hu\/sportkozpont\/?page_id=3166"},"modified":"2022-07-20T09:47:47","modified_gmt":"2022-07-20T07:47:47","slug":"oktatas","status":"publish","type":"page","link":"https:\/\/semmelweis.hu\/sportkozpont\/oktatas\/oktatas\/","title":{"rendered":"P\u00e1ly\u00e1zatok, \u00f6szt\u00f6nd\u00edjak"},"content":{"rendered":"","protected":false},"excerpt":{"rendered":"","protected":false},"author":101137,"featured_media":0,"parent":444,"menu_order":8,"comment_status":"closed","ping_status":"closed","template":"","meta":{"_acf_changed":false,"footnotes":""},"categories":[],"tags":[],"class_list":["post-3166","page","type-page","status-publish","hentry"],"acf":[],"_links":{"self":[{"href":"https:\/\/semmelweis.hu\/sportkozpont\/wp-json\/wp\/v2\/pages\/3166","targetHints":{"allow":["GET"]}}],"collection":[{"href":"https:\/\/semmelweis.hu\/sportkozpont\/wp-json\/wp\/v2\/pages"}],"about":[{"href":"https:\/\/semmelweis.hu\/sportkozpont\/wp-json\/wp\/v2\/types\/page"}],"author":[{"embeddable":true,"href":"https:\/\/semmelweis.hu\/sportkozpont\/wp-json\/wp\/v2\/users\/101137"}],"replies":[{"embeddable":true,"href":"https:\/\/semmelweis.hu\/sportkozpont\/wp-json\/wp\/v2\/comments?post=3166"}],"version-history":[{"count":2,"href":"https:\/\/semmelweis.hu\/sportkozpont\/wp-json\/wp\/v2\/pages\/3166\/revisions"}],"predecessor-version":[{"id":3168,"href":"https:\/\/semmelweis.hu\/sportkozpont\/wp-json\/wp\/v2\/pages\/3166\/revisions\/3168"}],"up":[{"embeddable":true,"href":"https:\/\/semmelweis.hu\/sportkozpont\/wp-json\/wp\/v2\/pages\/444"}],"wp:attachment":[{"href":"https:\/\/semmelweis.hu\/sportkozpont\/wp-json\/wp\/v2\/media?parent=3166"}],"wp:term":[{"taxonomy":"category","embeddable":true,"href":"https:\/\/semmelweis.hu\/sportkozpont\/wp-json\/wp\/v2\/categories?post=3166"},{"taxonomy":"post_tag","embeddable":true,"href":"https:\/\/semmelweis.hu\/sportkozpont\/wp-json\/wp\/v2\/tags?post=3166"}],"curies":[{"name":"wp","href":"https:\/\/api.w.org\/{rel}","templated":true}]}}