{"id":31,"date":"2015-09-25T16:15:59","date_gmt":"2015-09-25T14:15:59","guid":{"rendered":"http:\/\/semmelweis-egyetem.hu\/sportkozpont\/?page_id=31"},"modified":"2025-09-16T14:35:29","modified_gmt":"2025-09-16T12:35:29","slug":"jo-tanulo-jo-sportolo-palyazat","status":"publish","type":"page","link":"https:\/\/semmelweis.hu\/sportkozpont\/oktatas\/oktatas\/jo-tanulo-jo-sportolo-palyazat\/","title":{"rendered":"J\u00f3 Tanul\u00f3 &#8211; J\u00f3 Sportol\u00f3 p\u00e1ly\u00e1zati felh\u00edv\u00e1s 2025\/26. tan\u00e9v &#8211; beny\u00fajt\u00e1si hat\u00e1rid\u0151 2025. november 15."},"content":{"rendered":"<div class=\"responsive-tabs\">\n<h2 class=\"tabtitle\">2025\/2026 tan\u00e9v<\/h2>\n<div class=\"tabcontent\">\n\n<p><strong>P\u00e1ly\u00e1zati felh\u00edv\u00e1s\u00a0<\/strong><strong>\u00a0<\/strong><strong>a\u00a0<em>J\u00f3 tanul\u00f3 \u2013 J\u00f3 sportol\u00f3<\/em>\u00a0kit\u00fcntet\u00e9s d\u00edjainak elnyer\u00e9s\u00e9re<\/strong><\/p>\n<p>A Semmelweis Egyetem Testnevel\u00e9si \u00e9s Sportk\u00f6zpont p\u00e1ly\u00e1zatot hirdet a \u00a0\u00a0\u201e<em>J\u00f3 tanul\u00f3 \u2013 J\u00f3 sportol\u00f3\u201d<\/em>\u00a0kit\u00fcntet\u00e9s d\u00edjainak elnyer\u00e9s\u00e9re.<\/p>\n<p><strong>I. A p\u00e1ly\u00e1zat beny\u00fajt\u00e1s\u00e1nak felt\u00e9telei<\/strong><\/p>\n<p>(1) A kit\u00fcntet\u00e9st az a Semmelweis Egyetem beiratkozott nappali tagozatos, gradu\u00e1lis k\u00e9pz\u00e9sben r\u00e9szvev\u0151 hallgat\u00f3ja kaphatja, aki<\/p>\n<p>a) a p\u00e1ly\u00e1z\u00e1si ki\u00edr\u00e1st megel\u0151z\u0151 k\u00e9t szemeszterben 4.00 vagy enn\u00e9l magasabb s\u00falyozott tanulm\u00e1nyi \u00e1tlaggal rendelkezik,<\/p>\n<p>b) tanulm\u00e1nyi el\u00e9gtelens\u00e9g miatt nem ism\u00e9telt \u00e9vet,<\/p>\n<p>c) fegyelmi b\u00fcntet\u00e9s hat\u00e1lya alatt nem \u00e1ll, \u00e9s nem is \u00e1llt, \u00e9s<\/p>\n<p>d) a p\u00e1ly\u00e1zati ki\u00edr\u00e1st megel\u0151z\u0151 k\u00e9t tanulm\u00e1nyi szemeszterben a 7. sz\u00e1m\u00fa<\/p>\n<p>mell\u00e9kletben felsorolt sportbeli k\u00f6vetelm\u00e9nyek valamelyik\u00e9b\u0151l dokument\u00e1ltan teljes\u00edtett \u00e9s<\/p>\n<p>e) a p\u00e1ly\u00e1zati ki\u00edr\u00e1st megel\u0151z\u0151 k\u00e9t tanulm\u00e1nyi szemeszterben a 7. sz\u00e1m\u00fa mell\u00e9kletben felsorolt tudom\u00e1nyos munk\u00e1ban dokument\u00e1ltan teljes\u00edtett.<\/p>\n<p>(2) Az (1) bekezd\u00e9s d) pontja tekintet\u00e9ben a m\u00e1r el\u00e9rt sporteredm\u00e9nyt a hallgat\u00f3 csak egyszer jogosult besz\u00e1m\u00edttatni a p\u00e1ly\u00e1zat beny\u00fajt\u00e1sa sor\u00e1n, a j\u00f6v\u0151ben ezen el\u00e9rt eredm\u00e9nyre nem hivatkozhat.<\/p>\n<p>A p\u00e1ly\u00e1zati \u0171rlapot \u2013 ,<a href=\"https:\/\/semmelweis.hu\/sportkozpont\/files\/2022\/09\/6_sz_melleklet_20220521-kitoltheto-jo-tanulo-jo-sportolo-adatlap.docx\">6_sz_melleklet_20220521 kit\u00f6lthet\u0151 (j\u00f3 tanul\u00f3 j\u00f3 sportol\u00f3 adatlap)<\/a>\u00a0amely a formanyomtatv\u00e1nyt\u00e1rb\u00f3l el\u00e9rhet\u0151 \u2013 \u00e9s a p\u00e1ly\u00e1z\u00f3 tanulm\u00e1nyaira \u00e9s sporttev\u00e9kenys\u00e9g\u00e9re vonatkoz\u00f3 r\u00f6vid \u00f6n\u00e9letrajzot\u00a0<strong>2025. november 15-ig<\/strong>\u00a0<strong>lehet beny\u00fajtani<\/strong>, szem\u00e9lyesen 15:00 \u00f3r\u00e1ig a Sportk\u00f6zpontba, vagy postai \u00faton november 15-\u00e9n 24 \u00f3r\u00e1ig, a SE Testnevel\u00e9si \u00e9s Sportk\u00f6zpont, 1107 Budapest, Z\u00e1gr\u00e1bi utca 14 c\u00edmre val\u00f3 megk\u00fcld\u00e9ssel.<\/p>\n<p>P\u00e1ly\u00e1zati \u0171rlapok let\u00f6lthet\u0151k innen:<\/p>\n<p><a href=\"https:\/\/semmelweis.hu\/sportkozpont\/files\/2022\/09\/6_sz_melleklet_20220521-kitoltheto-jo-tanulo-jo-sportolo-adatlap.docx\">6_sz_melleklet_20220521 kit\u00f6lthet\u0151 (j\u00f3 tanul\u00f3 j\u00f3 sportol\u00f3 adatlap)<\/a><\/p>\n<p><a href=\"https:\/\/semmelweis.hu\/sportkozpont\/files\/2022\/09\/6_sz_melleklet_20220521-jo-tanulo-jo-sportolo-adatlap-letoltheto.pdf\">6_sz_melleklet_20220521 (j\u00f3 tanul\u00f3 j\u00f3 sportol\u00f3 adatlap let\u00f6lthet\u0151)<\/a><\/p>\n<p><strong>II.\u00a0<\/strong><\/p>\n<p>A p\u00e1ly\u00e1zatokat az SE TSK igazgat\u00f3ja \u00e1ltal vezetett 5 f\u0151s Bizotts\u00e1g \u00e9rt\u00e9keli.<\/p>\n<p>A Bizotts\u00e1g az \u00f6sszegzett pontok alapj\u00e1n sorrendet \u00e1ll\u00edt fel az els\u0151 hat helyezett d\u00edjaz\u00e1s\u00e1ra. Azonos pontsz\u00e1mok kialakul\u00e1sa eset\u00e9n az oktat\u00e1si rektorhelyettes javaslatot tesz a sorrendis\u00e9gre vonatkoz\u00f3lag. Az Egyetem Szen\u00e1tusa az oktat\u00e1si rektorhelyettes el\u0151terjeszt\u00e9se alapj\u00e1n d\u00f6nt a \u201eJ\u00f3 tanul\u00f3 \u2013 j\u00f3 sportol\u00f3\u201d kit\u00fcntet\u0151 c\u00edm oda\u00edt\u00e9l\u00e9s\u00e9r\u0151l az arra \u00e9rdemes hallgat\u00f3knak.<\/p>\n<p>A d\u00edjak \u00e1tad\u00e1s\u00e1ra a Nemzeti \u00dcnnep (m\u00e1rcius 15.) alkalm\u00e1b\u00f3l tartott rendezv\u00e9nyen ker\u00fcl sor.<\/p>\n<p>A p\u00e1ly\u00e1zattal kapcsolatos r\u00e9szletes felt\u00e9telekr\u0151l \u00e9s szab\u00e1lyokr\u00f3l az Egyetem Szen\u00e1tus\u00e1nak 33\/2022. (V.13.) sz\u00e1m\u00fa hat\u00e1rozat\u00e1nak elfogadott Hallgat\u00f3i kit\u00fcntet\u00e9sekr\u0151l sz\u00f3l\u00f3 szab\u00e1lyzata rendelkezik, amelybe az \u00e9rdekeltek az Interneten a Jogi \u00e9s Igazgat\u00e1si F\u0151igazgat\u00f3s\u00e1g alhonlapj\u00e1n\u00a0<a href=\"https:\/\/semmelweis.hu\/jogigfoig\/dokumentumtar\/szabalyzattar\/hallgatoi-kituntetesekrol-szolo-szabalyzat\/\">https:\/\/semmelweis.hu\/jogigfoig\/dokumentumtar\/szabalyzattar\/hallgatoi-kituntetesekrol-szolo-szabalyzat\/<\/a>, a Testnevel\u00e9si \u00e9s Sportk\u00f6zpontban (1107 Budapest, Z\u00e1gr\u00e1bi utca 14.) vagy a D\u00e9k\u00e1ni Hivatalokban tekinthetnek be hivatali id\u0151ben.<\/p>\n<p>Budapest, 2025. szeptember\u00a0 16.<\/p>\n<p>\u00a0\u00a0\u00a0\u00a0\u00a0\u00a0\u00a0\u00a0\u00a0\u00a0\u00a0\u00a0\u00a0\u00a0\u00a0\u00a0\u00a0\u00a0\u00a0\u00a0\u00a0\u00a0\u00a0\u00a0\u00a0\u00a0\u00a0\u00a0\u00a0\u00a0\u00a0\u00a0\u00a0\u00a0\u00a0\u00a0\u00a0\u00a0\u00a0\u00a0\u00a0\u00a0\u00a0\u00a0\u00a0\u00a0\u00a0\u00a0\u00a0\u00a0\u00a0\u00a0\u00a0\u00a0\u00a0\u00a0\u00a0\u00a0\u00a0\u00a0\u00a0\u00a0\u00a0\u00a0\u00a0\u00a0\u00a0\u00a0\u00a0\u00a0\u00a0\u00a0\u00a0\u00a0\u00a0\u00a0\u00a0\u00a0\u00a0\u00a0\u00a0\u00a0\u00a0\u00a0\u00a0\u00a0\u00a0\u00a0\u00a0\u00a0\u00a0\u00a0\u00a0\u00a0\u00a0\u00a0\u00a0\u00a0\u00a0\u00a0\u00a0\u00a0 V\u00e1rszegi Korn\u00e9lia<br \/>\n\u00a0\u00a0\u00a0\u00a0\u00a0\u00a0\u00a0\u00a0\u00a0\u00a0\u00a0\u00a0\u00a0\u00a0\u00a0\u00a0\u00a0\u00a0\u00a0\u00a0\u00a0\u00a0\u00a0\u00a0\u00a0\u00a0\u00a0\u00a0\u00a0\u00a0\u00a0\u00a0\u00a0\u00a0\u00a0\u00a0\u00a0\u00a0\u00a0\u00a0\u00a0\u00a0\u00a0\u00a0\u00a0\u00a0\u00a0\u00a0\u00a0\u00a0\u00a0\u00a0\u00a0\u00a0\u00a0\u00a0\u00a0\u00a0\u00a0\u00a0\u00a0\u00a0\u00a0\u00a0\u00a0\u00a0\u00a0\u00a0\u00a0\u00a0\u00a0\u00a0\u00a0\u00a0\u00a0\u00a0\u00a0\u00a0\u00a0\u00a0\u00a0\u00a0\u00a0\u00a0\u00a0\u00a0\u00a0\u00a0\u00a0\u00a0\u00a0\u00a0\u00a0\u00a0\u00a0\u00a0\u00a0\u00a0\u00a0\u00a0\u00a0\u00a0\u00a0\u00a0\u00a0\u00a0\u00a0\u00a0\u00a0 igazgat\u00f3\u00a0<br \/>\n\u00a0\u00a0\u00a0\u00a0\u00a0\u00a0\u00a0\u00a0\u00a0\u00a0\u00a0\u00a0\u00a0\u00a0\u00a0\u00a0\u00a0\u00a0\u00a0\u00a0\u00a0\u00a0\u00a0\u00a0\u00a0\u00a0\u00a0\u00a0\u00a0\u00a0\u00a0\u00a0\u00a0\u00a0\u00a0\u00a0\u00a0\u00a0\u00a0\u00a0\u00a0\u00a0\u00a0\u00a0\u00a0\u00a0\u00a0\u00a0\u00a0\u00a0\u00a0\u00a0\u00a0\u00a0\u00a0\u00a0\u00a0\u00a0\u00a0\u00a0\u00a0\u00a0\u00a0\u00a0\u00a0\u00a0\u00a0\u00a0\u00a0\u00a0\u00a0\u00a0\u00a0\u00a0\u00a0\u00a0\u00a0\u00a0\u00a0\u00a0\u00a0\u00a0\u00a0\u00a0\u00a0\u00a0\u00a0\u00a0\u00a0\u00a0\u00a0\u00a0 Testnevel\u00e9si \u00e9s Sportk\u00f6zpont<\/p>\n<p>&nbsp;<\/p>\n<p>&nbsp;<\/p>\n\n<\/div><h2 class=\"tabtitle\">archiv<\/h2>\n<div class=\"tabcontent\">\n\n<p>Tisztelt Hallgat\u00f3k!<\/p>\n<p>A 2024. szeptember 1-j\u00e9n ki\u00edr\u00e1sra ker\u00fclt \u201eJ\u00f3 tanul\u00f3- j\u00f3 sportol\u00f3\u201d p\u00e1ly\u00e1zatra be\u00e9rkezett alacsony sz\u00e1m\u00fa p\u00e1ly\u00e1zati anyagra val\u00f3 tekintettel p\u00f3t ki\u00edr\u00e1sra ker\u00fcl sor, melynek keret\u00e9ben az \u00faj jelentkez\u0151k <strong>2025. febru\u00e1r 14-ig<\/strong> kapnak lehet\u0151s\u00e9get a beny\u00fajt\u00e1sra. Az els\u0151 k\u00f6rben p\u00e1ly\u00e1z\u00f3k anyaga tov\u00e1bbra is \u00e9rv\u00e9nyes, \u00faj p\u00e1ly\u00e1z\u00e1sra nincs sz\u00fcks\u00e9g.<br \/>\nV\u00e1rjuk minden olyan p\u00e1ly\u00e1z\u00f3 jelentkez\u00e9s\u00e9t, akiknek kiemelked\u0151 sporteredm\u00e9ny\u00fck mellett a tanulm\u00e1nyi \u00e1tlaguk legal\u00e1bb 4.00!<\/p>\n<p>\u00dcdv\u00f6zlettel:<\/p>\n<p>V\u00e1rszegi Korn\u00e9lia<br \/>\n\u00a0igazgat\u00f3\u00a0<br \/>\n\u00a0Testnevel\u00e9si \u00e9s Sportk\u00f6zpont<\/p>\n<p>&nbsp;<\/p>\n<p><strong>P\u00e1ly\u00e1zati felh\u00edv\u00e1s <\/strong><strong>\u00a0<\/strong><strong>a <em>J\u00f3 tanul\u00f3 \u2013 J\u00f3 sportol\u00f3<\/em> kit\u00fcntet\u00e9s d\u00edjainak elnyer\u00e9s\u00e9re<\/strong><\/p>\n<p>A Semmelweis Egyetem Testnevel\u00e9si \u00e9s Sportk\u00f6zpont p\u00e1ly\u00e1zatot hirdet a \u00a0\u00a0\u201e<em>J\u00f3 tanul\u00f3 \u2013 J\u00f3 sportol\u00f3\u201d<\/em> kit\u00fcntet\u00e9s d\u00edjainak elnyer\u00e9s\u00e9re.<\/p>\n<p><strong>I. A p\u00e1ly\u00e1zat beny\u00fajt\u00e1s\u00e1nak felt\u00e9telei<\/strong><\/p>\n<p>(1) A kit\u00fcntet\u00e9st az a Semmelweis Egyetem beiratkozott nappali tagozatos, gradu\u00e1lis k\u00e9pz\u00e9sben r\u00e9szvev\u0151 hallgat\u00f3ja kaphatja, aki<\/p>\n<p>a) a p\u00e1ly\u00e1z\u00e1si ki\u00edr\u00e1st megel\u0151z\u0151 k\u00e9t szemeszterben 4.00 vagy enn\u00e9l magasabb s\u00falyozott tanulm\u00e1nyi \u00e1tlaggal rendelkezik,<\/p>\n<p>b) tanulm\u00e1nyi el\u00e9gtelens\u00e9g miatt nem ism\u00e9telt \u00e9vet,<\/p>\n<p>c) fegyelmi b\u00fcntet\u00e9s hat\u00e1lya alatt nem \u00e1ll, \u00e9s nem is \u00e1llt, \u00e9s<\/p>\n<p>d) a p\u00e1ly\u00e1zati ki\u00edr\u00e1st megel\u0151z\u0151 k\u00e9t tanulm\u00e1nyi szemeszterben a 7. sz\u00e1m\u00fa<\/p>\n<p>mell\u00e9kletben felsorolt sportbeli k\u00f6vetelm\u00e9nyek valamelyik\u00e9b\u0151l dokument\u00e1ltan teljes\u00edtett \u00e9s<\/p>\n<p>e) a p\u00e1ly\u00e1zati ki\u00edr\u00e1st megel\u0151z\u0151 k\u00e9t tanulm\u00e1nyi szemeszterben a 7. sz\u00e1m\u00fa mell\u00e9kletben felsorolt tudom\u00e1nyos munk\u00e1ban dokument\u00e1ltan teljes\u00edtett.<\/p>\n<p>(2) Az (1) bekezd\u00e9s d) pontja tekintet\u00e9ben a m\u00e1r el\u00e9rt sporteredm\u00e9nyt a hallgat\u00f3 csak egyszer jogosult besz\u00e1m\u00edttatni a p\u00e1ly\u00e1zat beny\u00fajt\u00e1sa sor\u00e1n, a j\u00f6v\u0151ben ezen el\u00e9rt eredm\u00e9nyre nem hivatkozhat.<\/p>\n<p>A p\u00e1ly\u00e1zati \u0171rlapot \u2013 ,<a href=\"https:\/\/semmelweis.hu\/sportkozpont\/files\/2022\/09\/6_sz_melleklet_20220521-kitoltheto-jo-tanulo-jo-sportolo-adatlap.docx\">6_sz_melleklet_20220521 kit\u00f6lthet\u0151 (j\u00f3 tanul\u00f3 j\u00f3 sportol\u00f3 adatlap)<\/a> amely a formanyomtatv\u00e1nyt\u00e1rb\u00f3l el\u00e9rhet\u0151 \u2013 \u00e9s a p\u00e1ly\u00e1z\u00f3 tanulm\u00e1nyaira \u00e9s sporttev\u00e9kenys\u00e9g\u00e9re vonatkoz\u00f3 r\u00f6vid \u00f6n\u00e9letrajzot <strong>2024. november 15-ig<\/strong> <strong>lehet beny\u00fajtani<\/strong>, szem\u00e9lyesen 15:00 \u00f3r\u00e1ig a Sportk\u00f6zpontba, vagy postai \u00faton november 15-\u00e9n 24 \u00f3r\u00e1ig, a SE Testnevel\u00e9si \u00e9s Sportk\u00f6zpont, 1107 Budapest, Z\u00e1gr\u00e1bi utca 14 c\u00edmre val\u00f3 megk\u00fcld\u00e9ssel.<\/p>\n<p>P\u00e1ly\u00e1zati \u0171rlapok let\u00f6lthet\u0151k innen:<\/p>\n<p><a href=\"https:\/\/semmelweis.hu\/sportkozpont\/files\/2022\/09\/6_sz_melleklet_20220521-kitoltheto-jo-tanulo-jo-sportolo-adatlap.docx\">6_sz_melleklet_20220521 kit\u00f6lthet\u0151 (j\u00f3 tanul\u00f3 j\u00f3 sportol\u00f3 adatlap)<\/a><\/p>\n<p><a href=\"https:\/\/semmelweis.hu\/sportkozpont\/files\/2022\/09\/6_sz_melleklet_20220521-jo-tanulo-jo-sportolo-adatlap-letoltheto.pdf\">6_sz_melleklet_20220521 (j\u00f3 tanul\u00f3 j\u00f3 sportol\u00f3 adatlap let\u00f6lthet\u0151)<\/a><\/p>\n<p><strong>II.\u00a0<\/strong><\/p>\n<p>A p\u00e1ly\u00e1zatokat az SE TSK igazgat\u00f3ja \u00e1ltal vezetett 5 f\u0151s Bizotts\u00e1g \u00e9rt\u00e9keli.<\/p>\n<p>A Bizotts\u00e1g az \u00f6sszegzett pontok alapj\u00e1n sorrendet \u00e1ll\u00edt fel az els\u0151 hat helyezett d\u00edjaz\u00e1s\u00e1ra. Azonos pontsz\u00e1mok kialakul\u00e1sa eset\u00e9n az oktat\u00e1si rektorhelyettes javaslatot tesz a sorrendis\u00e9gre vonatkoz\u00f3lag. Az Egyetem Szen\u00e1tusa az oktat\u00e1si rektorhelyettes el\u0151terjeszt\u00e9se alapj\u00e1n d\u00f6nt a \u201eJ\u00f3 tanul\u00f3 \u2013 j\u00f3 sportol\u00f3\u201d kit\u00fcntet\u0151 c\u00edm oda\u00edt\u00e9l\u00e9s\u00e9r\u0151l az arra \u00e9rdemes hallgat\u00f3knak.<\/p>\n<p>A d\u00edjak \u00e1tad\u00e1s\u00e1ra a Nemzeti \u00dcnnep (m\u00e1rcius 15.) alkalm\u00e1b\u00f3l tartott rendezv\u00e9nyen ker\u00fcl sor.<\/p>\n<p>A p\u00e1ly\u00e1zattal kapcsolatos r\u00e9szletes felt\u00e9telekr\u0151l \u00e9s szab\u00e1lyokr\u00f3l az Egyetem Szen\u00e1tus\u00e1nak 33\/2022. (V.13.) sz\u00e1m\u00fa hat\u00e1rozat\u00e1nak elfogadott Hallgat\u00f3i kit\u00fcntet\u00e9sekr\u0151l sz\u00f3l\u00f3 szab\u00e1lyzata rendelkezik, amelybe az \u00e9rdekeltek az Interneten a Jogi \u00e9s Igazgat\u00e1si F\u0151igazgat\u00f3s\u00e1g alhonlapj\u00e1n <a href=\"https:\/\/semmelweis.hu\/jogigfoig\/dokumentumtar\/szabalyzattar\/hallgatoi-kituntetesekrol-szolo-szabalyzat\/\">https:\/\/semmelweis.hu\/jogigfoig\/dokumentumtar\/szabalyzattar\/hallgatoi-kituntetesekrol-szolo-szabalyzat\/<\/a>, a Testnevel\u00e9si \u00e9s Sportk\u00f6zpontban (1107 Budapest, Z\u00e1gr\u00e1bi utca 14.) vagy a D\u00e9k\u00e1ni Hivatalokban tekinthetnek be hivatali id\u0151ben.<\/p>\n<p>Budapest, 2024. augusztus 30.<\/p>\n<p>\u00a0\u00a0\u00a0\u00a0\u00a0\u00a0\u00a0\u00a0\u00a0\u00a0\u00a0\u00a0\u00a0\u00a0\u00a0\u00a0\u00a0\u00a0\u00a0\u00a0\u00a0\u00a0\u00a0\u00a0\u00a0\u00a0\u00a0\u00a0\u00a0\u00a0\u00a0\u00a0\u00a0\u00a0\u00a0\u00a0\u00a0\u00a0\u00a0\u00a0\u00a0\u00a0\u00a0\u00a0\u00a0\u00a0\u00a0\u00a0\u00a0\u00a0\u00a0\u00a0\u00a0\u00a0\u00a0\u00a0\u00a0\u00a0\u00a0\u00a0\u00a0\u00a0\u00a0\u00a0\u00a0\u00a0\u00a0\u00a0\u00a0\u00a0\u00a0\u00a0\u00a0\u00a0\u00a0\u00a0\u00a0\u00a0\u00a0\u00a0\u00a0\u00a0\u00a0\u00a0\u00a0\u00a0\u00a0\u00a0\u00a0\u00a0\u00a0\u00a0\u00a0\u00a0\u00a0\u00a0\u00a0\u00a0\u00a0\u00a0\u00a0\u00a0 V\u00e1rszegi Korn\u00e9lia<br \/>\n\u00a0\u00a0\u00a0\u00a0\u00a0\u00a0\u00a0\u00a0\u00a0\u00a0\u00a0\u00a0\u00a0\u00a0\u00a0\u00a0\u00a0\u00a0\u00a0\u00a0\u00a0\u00a0\u00a0\u00a0\u00a0\u00a0\u00a0\u00a0\u00a0\u00a0\u00a0\u00a0\u00a0\u00a0\u00a0\u00a0\u00a0\u00a0\u00a0\u00a0\u00a0\u00a0\u00a0\u00a0\u00a0\u00a0\u00a0\u00a0\u00a0\u00a0\u00a0\u00a0\u00a0\u00a0\u00a0\u00a0\u00a0\u00a0\u00a0\u00a0\u00a0\u00a0\u00a0\u00a0\u00a0\u00a0\u00a0\u00a0\u00a0\u00a0\u00a0\u00a0\u00a0\u00a0\u00a0\u00a0\u00a0\u00a0\u00a0\u00a0\u00a0\u00a0\u00a0\u00a0\u00a0\u00a0\u00a0\u00a0\u00a0\u00a0\u00a0\u00a0\u00a0\u00a0\u00a0\u00a0\u00a0\u00a0\u00a0\u00a0\u00a0\u00a0\u00a0\u00a0\u00a0\u00a0\u00a0\u00a0\u00a0 igazgat\u00f3\u00a0<br \/>\n\u00a0\u00a0\u00a0\u00a0\u00a0\u00a0\u00a0\u00a0\u00a0\u00a0\u00a0\u00a0\u00a0\u00a0\u00a0\u00a0\u00a0\u00a0\u00a0\u00a0\u00a0\u00a0\u00a0\u00a0\u00a0\u00a0\u00a0\u00a0\u00a0\u00a0\u00a0\u00a0\u00a0\u00a0\u00a0\u00a0\u00a0\u00a0\u00a0\u00a0\u00a0\u00a0\u00a0\u00a0\u00a0\u00a0\u00a0\u00a0\u00a0\u00a0\u00a0\u00a0\u00a0\u00a0\u00a0\u00a0\u00a0\u00a0\u00a0\u00a0\u00a0\u00a0\u00a0\u00a0\u00a0\u00a0\u00a0\u00a0\u00a0\u00a0\u00a0\u00a0\u00a0\u00a0\u00a0\u00a0\u00a0\u00a0\u00a0\u00a0\u00a0\u00a0\u00a0\u00a0\u00a0\u00a0\u00a0\u00a0\u00a0\u00a0\u00a0\u00a0 Testnevel\u00e9si \u00e9s Sportk\u00f6zpont<\/p>\n<p>&nbsp;<\/p>\n<p style=\"text-align: left\">\u00a0 \u00a0 \u00a0 \u00a0 \u00a0 \u00a0 \u00a0<\/p>\n<\/div><\/div>\n","protected":false},"excerpt":{"rendered":"<p>P\u00e1ly\u00e1zati felh\u00edv\u00e1s\u00a0\u00a0a\u00a0J\u00f3 tanul\u00f3 \u2013 J\u00f3 sportol\u00f3\u00a0kit\u00fcntet\u00e9s d\u00edjainak elnyer\u00e9s\u00e9re A Semmelweis Egyetem Testnevel\u00e9si \u00e9s Sportk\u00f6zpont p\u00e1ly\u00e1zatot hirdet a \u00a0\u00a0\u201eJ\u00f3 tanul\u00f3 \u2013 J\u00f3 sportol\u00f3\u201d\u00a0kit\u00fcntet\u00e9s d\u00edjainak elnyer\u00e9s\u00e9re. I. A p\u00e1ly\u00e1zat beny\u00fajt\u00e1s\u00e1nak felt\u00e9telei (1) A kit\u00fcntet\u00e9st az a Semmelweis Egyetem beiratkozott nappali tagozatos, gradu\u00e1lis k\u00e9pz\u00e9sben r\u00e9szvev\u0151 hallgat\u00f3ja kaphatja, aki a) a p\u00e1ly\u00e1z\u00e1si ki\u00edr\u00e1st megel\u0151z\u0151 k\u00e9t szemeszterben 4.00 vagy enn\u00e9l &hellip;<\/p>\n","protected":false},"author":101137,"featured_media":0,"parent":3166,"menu_order":1,"comment_status":"closed","ping_status":"closed","template":"","meta":{"_acf_changed":false,"footnotes":""},"categories":[12],"tags":[],"class_list":["post-31","page","type-page","status-publish","hentry","category-palyazatok"],"acf":[],"_links":{"self":[{"href":"https:\/\/semmelweis.hu\/sportkozpont\/wp-json\/wp\/v2\/pages\/31","targetHints":{"allow":["GET"]}}],"collection":[{"href":"https:\/\/semmelweis.hu\/sportkozpont\/wp-json\/wp\/v2\/pages"}],"about":[{"href":"https:\/\/semmelweis.hu\/sportkozpont\/wp-json\/wp\/v2\/types\/page"}],"author":[{"embeddable":true,"href":"https:\/\/semmelweis.hu\/sportkozpont\/wp-json\/wp\/v2\/users\/101137"}],"replies":[{"embeddable":true,"href":"https:\/\/semmelweis.hu\/sportkozpont\/wp-json\/wp\/v2\/comments?post=31"}],"version-history":[{"count":11,"href":"https:\/\/semmelweis.hu\/sportkozpont\/wp-json\/wp\/v2\/pages\/31\/revisions"}],"predecessor-version":[{"id":4284,"href":"https:\/\/semmelweis.hu\/sportkozpont\/wp-json\/wp\/v2\/pages\/31\/revisions\/4284"}],"up":[{"embeddable":true,"href":"https:\/\/semmelweis.hu\/sportkozpont\/wp-json\/wp\/v2\/pages\/3166"}],"wp:attachment":[{"href":"https:\/\/semmelweis.hu\/sportkozpont\/wp-json\/wp\/v2\/media?parent=31"}],"wp:term":[{"taxonomy":"category","embeddable":true,"href":"https:\/\/semmelweis.hu\/sportkozpont\/wp-json\/wp\/v2\/categories?post=31"},{"taxonomy":"post_tag","embeddable":true,"href":"https:\/\/semmelweis.hu\/sportkozpont\/wp-json\/wp\/v2\/tags?post=31"}],"curies":[{"name":"wp","href":"https:\/\/api.w.org\/{rel}","templated":true}]}}