{"id":3052,"date":"2021-07-29T12:35:54","date_gmt":"2021-07-29T10:35:54","guid":{"rendered":"https:\/\/semmelweis.hu\/sportkozpont\/?page_id=3052"},"modified":"2024-01-18T10:58:40","modified_gmt":"2024-01-18T09:58:40","slug":"adatvedelem","status":"publish","type":"page","link":"https:\/\/semmelweis.hu\/sportkozpont\/rolunk\/adatvedelem\/","title":{"rendered":"Adatv\u00e9delem"},"content":{"rendered":"<p><strong>A Testnevel\u00e9si \u00e9s Sportk\u00f6zpont \u00e1ltal v\u00e9gzett szem\u00e9lyes adatkezel\u00e9ssel kapcsolatos inform\u00e1ci\u00f3k el\u00e9rhet\u0151s\u00e9ge<\/strong><\/p>\n<p>A Testnevel\u00e9si \u00e9s Sportk\u00f6zpont adatkezel\u00e9si t\u00e1j\u00e9koztat\u00f3ja:<\/p>\n<p><a href=\"https:\/\/semmelweis.hu\/sportkozpont\/files\/2024\/01\/6464_1_AOTSIST_2024-tajekoztato.pdf\">Adatkezel\u00e9si t\u00e1j\u00e9koztat\u00f3 TSK 2024<\/a><\/p>\n<p>2.1.\u00a0\u00a0 Az adatkezel\u0151\u00a0 Testnevel\u00e9si \u00e9s Sportk\u00f6zpont\u00a0 szolg\u00e1ltat\u00e1si feladataival (munka\u00fcgy)\u00a0\u00a0 \u00f6sszef\u00fcgg\u0151 adatkezel\u00e9sekkel kapcsolatos inform\u00e1ci\u00f3k<\/p>\n<p><a href=\"https:\/\/semmelweis.hu\/sportkozpont\/files\/2023\/03\/Adatkezelesi-nyilvantartas-ADL-munkaugy-_-TSK-2023.xlsx\">Adatkezel\u00e9si nyilv\u00e1ntart\u00e1s-ADL munka\u00fcgy _ TSK 2023<\/a><\/p>\n<p>2.2.\u00a0\u00a0 Az adatkezel\u0151\u00a0 Testnevel\u00e9si \u00e9s Sportk\u00f6zpont\u00a0 szolg\u00e1ltat\u00e1si feladataival (megb\u00edz\u00e1si szerz\u0151d\u00e9sek)\u00a0\u00a0 \u00f6sszef\u00fcgg\u0151 adatkezel\u00e9sekkel kapcsolatos inform\u00e1ci\u00f3k<\/p>\n<p><a href=\"https:\/\/semmelweis.hu\/sportkozpont\/files\/2023\/03\/Adatkezelesi-nyilvantartas-ADL-megbizas-_-TSK-2023.xlsx\">Adatkezel\u00e9si-nyilv\u00e1ntart\u00e1s-ADL megb\u00edz\u00e1s _ TSK 2023<\/a><\/p>\n<p>2.3.\u00a0\u00a0 Az adatkezel\u0151\u00a0 Testnevel\u00e9si \u00e9s Sportk\u00f6zpont\u00a0 szolg\u00e1ltat\u00e1si feladataival (szerz\u0151d\u00e9ses partnerek)\u00a0\u00a0 \u00f6sszef\u00fcgg\u0151 adatkezel\u00e9sekkel kapcsolatos inform\u00e1ci\u00f3k<\/p>\n<p><a href=\"https:\/\/semmelweis.hu\/sportkozpont\/files\/2023\/03\/Adatkezelesi-nyilvantartas-ADL-szerzodeses-partnerek-_-TSK-2023.xlsx\">Adatkezel\u00e9si-nyilv\u00e1ntart\u00e1s-ADL szerz\u0151d\u00e9ses partnerek _ TSK 2023<\/a><\/p>\n<p>2.4.\u00a0\u00a0 Az adatkezel\u0151\u00a0 Testnevel\u00e9si \u00e9s Sportk\u00f6zpont\u00a0 szolg\u00e1ltat\u00e1si feladataival (Medikus Kupa)\u00a0\u00a0 \u00f6sszef\u00fcgg\u0151 adatkezel\u00e9sekkel kapcsolatos inform\u00e1ci\u00f3k<\/p>\n<p><a href=\"https:\/\/semmelweis.hu\/sportkozpont\/files\/2023\/03\/Adatkezelesi-nyilvantartas-ADL-Medikus-Kupa-_-TSK-2023.xlsx\">Adatkezel\u00e9si-nyilv\u00e1ntart\u00e1s-ADL Medikus Kupa _ TSK 2023<\/a><\/p>\n<p>2.5.\u00a0\u00a0 Az adatkezel\u0151\u00a0 Testnevel\u00e9si \u00e9s Sportk\u00f6zpont\u00a0 szolg\u00e1ltat\u00e1si feladataival (oktat\u00e1s)\u00a0\u00a0 \u00f6sszef\u00fcgg\u0151 adatkezel\u00e9sekkel kapcsolatos inform\u00e1ci\u00f3k<\/p>\n<p><a href=\"https:\/\/semmelweis.hu\/sportkozpont\/files\/2023\/03\/Adatkezelesi-nyilvantartas-ADL-oktatas-_-TSK-2023.xlsx\">Adatkezel\u00e9si-nyilv\u00e1ntart\u00e1s-ADL oktat\u00e1s _ TSK 2023<\/a><\/p>\n<p>&nbsp;<\/p>\n<p>A semmelweis Egyetem Adatv\u00e9delmi, valamint k\u00f6z\u00e9rdek\u0171 adatok megismer\u00e9s\u00e9re ir\u00e1nyul\u00f3 ig\u00e9nyek teljes\u00edt\u00e9s\u00e9nek, tov\u00e1bb\u00e1 a k\u00f6telez\u0151en k\u00f6zz\u00e9teend\u0151 adatok nyilv\u00e1noss\u00e1gra hozatal\u00e1nak rendj\u00e9r\u0151l sz\u00f3l\u00f3 szab\u00e1lyzata<\/p>\n<p><a href=\"https:\/\/semmelweis.hu\/jogigfoig\/dokumentumtar\/szabalyzattar\/adatvedelmi-szabalyzat\/\">https:\/\/semmelweis.hu\/jogigfoig\/dokumentumtar\/szabalyzattar\/adatvedelmi-szabalyzat\/<\/a><\/p>\n<p><strong>Adatkezel\u00e9si nyilv\u00e1ntart\u00e1sok &#8211;\u00a0 Archivum<\/strong><\/p>\n<p><a href=\"https:\/\/semmelweis.hu\/sportkozpont\/files\/2021\/11\/Adatkezel\u00e9si-t\u00e1j\u00e9koztat\u00f3-TSK.pdf\">Adatkezel\u00e9si t\u00e1j\u00e9koztat\u00f3 TSK<\/a><\/p>\n<p><a href=\"https:\/\/semmelweis.hu\/sportkozpont\/files\/2023\/03\/Adatkezelesi-tajekoztato-TSK.pdf\">Adatkezel\u00e9si t\u00e1j\u00e9koztat\u00f3 TSK 2023. <\/a><\/p>\n","protected":false},"excerpt":{"rendered":"<p>A Testnevel\u00e9si \u00e9s Sportk\u00f6zpont \u00e1ltal v\u00e9gzett szem\u00e9lyes adatkezel\u00e9ssel kapcsolatos inform\u00e1ci\u00f3k el\u00e9rhet\u0151s\u00e9ge A Testnevel\u00e9si \u00e9s Sportk\u00f6zpont adatkezel\u00e9si t\u00e1j\u00e9koztat\u00f3ja: <a href=\"https:\/\/semmelweis.hu\/sportkozpont\/files\/2024\/01\/6464_1_AOTSIST_2024-tajekoztato.pdf\">Adatkezel\u00e9si t\u00e1j\u00e9koztat\u00f3 TSK 2024<\/a> 2.1.\u00a0\u00a0 Az adatkezel\u0151\u00a0 Testnevel\u00e9si \u00e9s Sportk\u00f6zpont\u00a0 szolg\u00e1ltat\u00e1si feladataival (munka\u00fcgy)\u00a0\u00a0 \u00f6sszef\u00fcgg\u0151 adatkezel\u00e9sekkel kapcsolatos inform\u00e1ci\u00f3k <a href=\"https:\/\/semmelweis.hu\/sportkozpont\/files\/2023\/03\/Adatkezelesi-nyilvantartas-ADL-munkaugy-_-TSK-2023.xlsx\">Adatkezel\u00e9si nyilv\u00e1ntart\u00e1s-ADL munka\u00fcgy _ TSK 2023<\/a> 2.2.\u00a0\u00a0 Az adatkezel\u0151\u00a0 Testnevel\u00e9si \u00e9s Sportk\u00f6zpont\u00a0 szolg\u00e1ltat\u00e1si feladataival (megb\u00edz\u00e1si szerz\u0151d\u00e9sek)\u00a0\u00a0 \u00f6sszef\u00fcgg\u0151 adatkezel\u00e9sekkel kapcsolatos inform\u00e1ci\u00f3k <a href=\"https:\/\/semmelweis.hu\/sportkozpont\/files\/2023\/03\/Adatkezelesi-nyilvantartas-ADL-megbizas-_-TSK-2023.xlsx\">Adatkezel\u00e9si-nyilv\u00e1ntart\u00e1s-ADL megb\u00edz\u00e1s _ TSK 2023<\/a> 2.3.\u00a0\u00a0 Az adatkezel\u0151\u00a0 Testnevel\u00e9si \u00e9s Sportk\u00f6zpont\u00a0 szolg\u00e1ltat\u00e1si feladataival (szerz\u0151d\u00e9ses partnerek)\u00a0\u00a0 \u00f6sszef\u00fcgg\u0151 &hellip;<\/p>\n","protected":false},"author":101137,"featured_media":0,"parent":15,"menu_order":3,"comment_status":"closed","ping_status":"closed","template":"","meta":{"_acf_changed":false,"footnotes":""},"categories":[],"tags":[],"class_list":["post-3052","page","type-page","status-publish","hentry"],"acf":[],"_links":{"self":[{"href":"https:\/\/semmelweis.hu\/sportkozpont\/wp-json\/wp\/v2\/pages\/3052","targetHints":{"allow":["GET"]}}],"collection":[{"href":"https:\/\/semmelweis.hu\/sportkozpont\/wp-json\/wp\/v2\/pages"}],"about":[{"href":"https:\/\/semmelweis.hu\/sportkozpont\/wp-json\/wp\/v2\/types\/page"}],"author":[{"embeddable":true,"href":"https:\/\/semmelweis.hu\/sportkozpont\/wp-json\/wp\/v2\/users\/101137"}],"replies":[{"embeddable":true,"href":"https:\/\/semmelweis.hu\/sportkozpont\/wp-json\/wp\/v2\/comments?post=3052"}],"version-history":[{"count":9,"href":"https:\/\/semmelweis.hu\/sportkozpont\/wp-json\/wp\/v2\/pages\/3052\/revisions"}],"predecessor-version":[{"id":3903,"href":"https:\/\/semmelweis.hu\/sportkozpont\/wp-json\/wp\/v2\/pages\/3052\/revisions\/3903"}],"up":[{"embeddable":true,"href":"https:\/\/semmelweis.hu\/sportkozpont\/wp-json\/wp\/v2\/pages\/15"}],"wp:attachment":[{"href":"https:\/\/semmelweis.hu\/sportkozpont\/wp-json\/wp\/v2\/media?parent=3052"}],"wp:term":[{"taxonomy":"category","embeddable":true,"href":"https:\/\/semmelweis.hu\/sportkozpont\/wp-json\/wp\/v2\/categories?post=3052"},{"taxonomy":"post_tag","embeddable":true,"href":"https:\/\/semmelweis.hu\/sportkozpont\/wp-json\/wp\/v2\/tags?post=3052"}],"curies":[{"name":"wp","href":"https:\/\/api.w.org\/{rel}","templated":true}]}}