{"id":21,"date":"2015-05-01T16:05:22","date_gmt":"2015-05-01T14:05:22","guid":{"rendered":"http:\/\/semmelweis-egyetem.hu\/sportkozpont\/?page_id=21"},"modified":"2025-06-25T11:12:05","modified_gmt":"2025-06-25T09:12:05","slug":"szabadidos-sport","status":"publish","type":"page","link":"https:\/\/semmelweis.hu\/sportkozpont\/oktatas\/szabadidos-sport\/","title":{"rendered":"K\u00f6telez\u0151 &#8211; \u00e9s szabadid\u0151sport, versenysport"},"content":{"rendered":"<div class=\"keretes w-100\">\n<p><strong>K\u00f6telez\u0151 Testnevel\u00e9s t\u00e1rgyak \/ K\u00f6telez\u0151en v\u00e1laszthat\u00f3 t\u00e1rgyak<\/strong><\/p>\n<\/div>\n<p>Egyetemi \u00e9veik alatt a Testnevel\u00e9si \u00e9s Sportk\u00f6zpont szervez\u00e9s\u00e9ben teljes\u00edthetik a minden szemeszterben k\u00f6telez\u0151 testestnevel\u00e9s t\u00e1rgyak k\u00f6vetelm\u00e9nyeit, melyr\u0151l b\u0151vebb inform\u00e1ci\u00f3t itt tal\u00e1lhat:\u00a0<a href=\"https:\/\/semmelweis.hu\/sportkozpont\/oktatas\/informacio\/\">https:\/\/semmelweis.hu\/sportkozpont\/oktatas\/informacio\/<\/a><\/p>\n<p>&nbsp;<\/p>\n<div class=\"keretes w-100\">\n<p><strong>Szabadid\u0151sport<\/strong><\/p>\n<\/div>\n<p><strong>Sportp\u00e1lya b\u00e9rl\u00e9s<\/strong><\/p>\n<p><strong style=\"background-color: #ffffff;font-size: 1rem\">A Testnevel\u00e9si \u00e9s Sportk\u00f6zpont p\u00e1ly\u00e1it<\/strong><span style=\"background-color: #ffffff;font-size: 1rem\"> az egyetem hallgat\u00f3i kedvezm\u00e9nyesen b\u00e9relhetik. A Z\u00e1gr\u00e1bi \u00fati sporttelepen a recepci\u00f3n a szabad kapacit\u00e1s f\u00fcggv\u00e9ny\u00e9ben el\u0151zetes telefonos bejelentkez\u00e9ssel (+36\/20-825-0667) vagy\u00a0 e-mailen a sport.booking@semmelweis.hu c\u00edmen,\u00a0\u00a0<\/span><a href=\"https:\/\/semmelweis.hu\/sportkozpont\/palyaberles\/\">b\u00e9relhetik a sportcsarnokot, illetve a szabadt\u00e9ri p\u00e1ly\u00e1kat szabad kapacit\u00e1s f\u00fcggv\u00e9ny\u00e9ben, \u00e9rv\u00e9nyes di\u00e1kigazolv\u00e1ny bemutat\u00e1s\u00e1val, a mindenkori b\u00e9rleti d\u00edj 50%-\u00e1\u00e9rt<\/a><span style=\"background-color: #ffffff;font-size: 1rem\">.<\/span><a href=\"https:\/\/semmelweis.hu\/sportkozpont\/palyaberles\/\">R\u00e9szletek itt \u2192<\/a><\/p>\n<p>A <strong>Pesterzs\u00e9beti Uszoda<\/strong><\/p>\n<p>A Semmelweis Egyetem hallgat\u00f3i az ESMTK Pesterzs\u00e9beti Uszod\u00e1ban (1204 Bp, Zodony u. 1.) \u00a0eg\u00e9sz \u00e9vben t\u00e9r\u00edt\u00e9smentesen \u00faszhatnak \u00e9rv\u00e9nyes di\u00e1kigazolv\u00e1ny bemutat\u00e1s\u00e1val. <a href=\"https:\/\/www.pesterzsebetiuszoda.hu\/\">https:\/\/www.pesterzsebetiuszoda.hu\/<\/a><\/p>\n<p><a href=\"https:\/\/semmelweis.hu\/sportkozpont\/oktatas\/informacio\/\">R\u00e9szletek itt \u2192<\/a><\/p>\n<p><strong>Eg\u00e9szs\u00e9gfejleszt\u00e9si K\u00f6zpont<\/strong><\/p>\n<p>Az eg\u00e9szszs\u00e9gfejleszt\u00e9si k\u00f6zpont a hallgat\u00f3k j\u00f3ll\u00e9te ill. fitts\u00e9ge meg\u0151rz\u00e9se \u00e9rdek\u00e9ben dietetikai, \u00e9letm\u00f3d tan\u00e1csad\u00e1s mellett online \u00f3r\u00e1kkal is seg\u00edti a hallgat\u00f3kat:<\/p>\n<p><a href=\"https:\/\/semmelweis.hu\/egeszsegfejlesztes\/online-egeszsegszolgaltatasok\/csoportos-orak\/\">https:\/\/semmelweis.hu\/egeszsegfejlesztes\/online-egeszsegszolgaltatasok\/csoportos-orak\/<\/a><\/p>\n<p>&nbsp;<\/p>\n<div class=\"keretes w-100\">\n<p><strong>Versenysport<\/strong><\/p>\n<\/div>\n<p><strong>Semmelweis Egyetem Sport Klub<\/strong><\/p>\n<p>A hallgat\u00f3i \u00e9vek alatt sem kell lemondani a versenysportr\u00f3l, erre k\u00edn\u00e1l megold\u00e1st a sport klubunk, ahol sz\u00e1mos szakoszt\u00e1lyb\u00f3l lehet v\u00e1lasztani:\u00a0<a href=\"https:\/\/semmelweis.hu\/sportklub\/\">https:\/\/semmelweis.hu\/sportklub\/<\/a><\/p>\n<p><strong>MEFS<\/strong><\/p>\n<p>A Magyar Egyetemi \u00e9s F\u0151iskolai Sportsz\u00f6vets\u00e9g (MEFS) \u00e1ltal szervezett versenyek ir\u00e1nt \u00e9rdekl\u0151d\u0151 hallgat\u00f3k a <a href=\"http:\/\/www.mefs.hu\" target=\"_blank\" rel=\"noopener\">www.mefs.hu<\/a> weboldalon r\u00e9szletes felvil\u00e1gos\u00edt\u00e1st kaphatnak.<strong> Az Egyetem sz\u00edneiben csapatsport\u00e1gakban indul\u00f3 hallgat\u00f3kat a Testnevel\u00e9si \u00e9s Sportk\u00f6zpont nevezi a versenyre. Egy\u00e9nileg a\u00a0<a href=\"https:\/\/nevezes.mefob.hu\/\">https:\/\/nevezes.mefob.hu\/ <\/a><\/strong>oldalon tudnak nevezni.<\/p>\n<p>Tov\u00e1bbi inform\u00e1ci\u00f3 az al\u00e1bbi nemzetk\u00f6zi versenyekr\u0151l: <a href=\"https:\/\/mefs.hu\/sportelet\/versenysport\/\">https:\/\/mefs.hu\/sportelet\/versenysport\/<\/a><\/p>\n<p>Egyetemi Vil\u00e1gj\u00e1t\u00e9kok (Universiade)\u00a0<br \/>\nEur\u00f3pai Egyetemi J\u00e1t\u00e9kok (EUSA)<br \/>\nEgyetemi Vil\u00e1gj\u00e1t\u00e9kok (EVB)<br \/>\nEur\u00f3pai Egyetemek Bajnoks\u00e1ga (EUSA)<\/p>\n<p>Testnevel\u00e9ssel \u00e9s sportol\u00e1ssal, nevez\u00e9ssel kapcsolatban b\u0151vebb inform\u00e1ci\u00f3t a <a href=\"mailto:titkarsag.tsk@semmelweis.hu\">titkarsag.tsk@semmelweis.hu<\/a> c\u00edmen k\u00e9rhetnek.\u00a0<\/p>\n<p>&nbsp;<\/p>\n<p>&nbsp;<\/p>\n<p>AZ <strong>ETK \u00e9s PAK hallgat\u00f3nak<\/strong> k\u00f6telez\u0151 testnevel\u00e9ssel (esetleges t\u00e1rgy al\u00f3li felmentt\u00e9ssel) \u00e9s versenysporttal kapcsolatban a Karok Testnevel\u00e9s csoportjai tudnak felvil\u00e1gos\u00edt\u00e1st adni.<\/p>\n<p>ETK:\u00a0<a href=\"https:\/\/semmelweis.hu\/etk\/tanszekek\/fizioterapiai-tanszek\/testnevelesi-csoport\/\">https:\/\/semmelweis.hu\/etk\/tanszekek\/fizioterapiai-tanszek\/testnevelesi-csoport\/<\/a><\/p>\n<p>PAK:\u00a0<a href=\"https:\/\/semmelweis.hu\/pak\/oktatas\/oktatasi-tevekenysegunk\/\">https:\/\/semmelweis.hu\/pak\/oktatas\/oktatasi-tevekenysegunk\/<\/a><\/p>\n","protected":false},"excerpt":{"rendered":"<p>K\u00f6telez\u0151 Testnevel\u00e9s t\u00e1rgyak \/ K\u00f6telez\u0151en v\u00e1laszthat\u00f3 t\u00e1rgyak Egyetemi \u00e9veik alatt a Testnevel\u00e9si \u00e9s Sportk\u00f6zpont szervez\u00e9s\u00e9ben teljes\u00edthetik a minden szemeszterben k\u00f6telez\u0151 testestnevel\u00e9s t\u00e1rgyak k\u00f6vetelm\u00e9nyeit, melyr\u0151l b\u0151vebb inform\u00e1ci\u00f3t itt tal\u00e1lhat:\u00a0 <a href=\"https:\/\/semmelweis.hu\/sportkozpont\/oktatas\/informacio\/\">https:\/\/semmelweis.hu\/sportkozpont\/oktatas\/informacio\/<\/a> &nbsp; Szabadid\u0151sport Sportp\u00e1lya b\u00e9rl\u00e9s A Testnevel\u00e9si \u00e9s Sportk\u00f6zpont p\u00e1ly\u00e1it az egyetem hallgat\u00f3i kedvezm\u00e9nyesen b\u00e9relhetik. A Z\u00e1gr\u00e1bi \u00fati sporttelepen a recepci\u00f3n a szabad kapacit\u00e1s f\u00fcggv\u00e9ny\u00e9ben el\u0151zetes telefonos bejelentkez\u00e9ssel &hellip;<\/p>\n","protected":false},"author":101137,"featured_media":0,"parent":444,"menu_order":9,"comment_status":"open","ping_status":"closed","template":"","meta":{"_acf_changed":false,"footnotes":""},"categories":[],"tags":[],"class_list":["post-21","page","type-page","status-publish","hentry"],"acf":[],"_links":{"self":[{"href":"https:\/\/semmelweis.hu\/sportkozpont\/wp-json\/wp\/v2\/pages\/21","targetHints":{"allow":["GET"]}}],"collection":[{"href":"https:\/\/semmelweis.hu\/sportkozpont\/wp-json\/wp\/v2\/pages"}],"about":[{"href":"https:\/\/semmelweis.hu\/sportkozpont\/wp-json\/wp\/v2\/types\/page"}],"author":[{"embeddable":true,"href":"https:\/\/semmelweis.hu\/sportkozpont\/wp-json\/wp\/v2\/users\/101137"}],"replies":[{"embeddable":true,"href":"https:\/\/semmelweis.hu\/sportkozpont\/wp-json\/wp\/v2\/comments?post=21"}],"version-history":[{"count":13,"href":"https:\/\/semmelweis.hu\/sportkozpont\/wp-json\/wp\/v2\/pages\/21\/revisions"}],"predecessor-version":[{"id":4247,"href":"https:\/\/semmelweis.hu\/sportkozpont\/wp-json\/wp\/v2\/pages\/21\/revisions\/4247"}],"up":[{"embeddable":true,"href":"https:\/\/semmelweis.hu\/sportkozpont\/wp-json\/wp\/v2\/pages\/444"}],"wp:attachment":[{"href":"https:\/\/semmelweis.hu\/sportkozpont\/wp-json\/wp\/v2\/media?parent=21"}],"wp:term":[{"taxonomy":"category","embeddable":true,"href":"https:\/\/semmelweis.hu\/sportkozpont\/wp-json\/wp\/v2\/categories?post=21"},{"taxonomy":"post_tag","embeddable":true,"href":"https:\/\/semmelweis.hu\/sportkozpont\/wp-json\/wp\/v2\/tags?post=21"}],"curies":[{"name":"wp","href":"https:\/\/api.w.org\/{rel}","templated":true}]}}