{"id":15,"date":"2012-09-27T16:14:35","date_gmt":"2012-09-27T14:14:35","guid":{"rendered":"http:\/\/semmelweis-egyetem.hu\/sportkozpont\/?page_id=15"},"modified":"2022-07-20T10:17:17","modified_gmt":"2022-07-20T08:17:17","slug":"rolunk","status":"publish","type":"page","link":"https:\/\/semmelweis.hu\/sportkozpont\/rolunk\/","title":{"rendered":"R\u00f3lunk"},"content":{"rendered":"<p style=\"text-align: justify;\">A Testnevel\u00e9si \u00e9s Sportk\u00f6zpont\u00a0f\u0151 feladata, hogy\u00a0az \u00c1ltal\u00e1nos Orvostudom\u00e1nyi Kar, a Fogorvostudom\u00e1nyi Kar, a Gy\u00f3gyszer\u00e9sztudom\u00e1nyi Kar \u00e9s az Eg\u00e9szs\u00e9g\u00fcgyi K\u00f6zszolg\u00e1lati Kar hallgat\u00f3i r\u00e9sz\u00e9re oktassa a k\u00f6telez\u0151 testnevel\u00e9s t\u00e1rgyat, valamint megszervezze a szabadid\u0151sportot.<\/p>\n<p style=\"text-align: justify;\">Szabad kapacit\u00e1s f\u00fcggv\u00e9ny\u00e9ben a sportp\u00e1ly\u00e1k \u00e9rt\u00e9kes\u00edt\u00e9se r\u00e9v\u00e9n v\u00e1rjuk az Egyetem mozogni v\u00e1gy\u00f3 munkat\u00e1rsait \u00e9s a k\u00fcls\u0151 vend\u00e9geket egyar\u00e1nt.\u00a0Lehet\u0151s\u00e9get \u00e9s helysz\u00ednt k\u00edn\u00e1lunk csal\u00e1di sportnapok, c\u00e9ges rendezv\u00e9nyek lebonyol\u00edt\u00e1s\u00e1hoz.<\/p>\n\r\n        [slb_exclude]\r\n        <div class=\"row galeria-wrapper mx-0 h-auto\">\r\n            <div class=\"col-9 pl-0 pr-2\">\r\n            <span class=\"gallery-item frame\">\r\n\t\t\t\t<div class=\"galeria-left-img\"><a href=\"https:\/\/semmelweis.hu\/sportkozpont\/files\/2022\/07\/Mozogj-nalunk.jpg\"><img src=https:\/\/semmelweis.hu\/sportkozpont\/files\/2022\/07\/Mozogj-nalunk.jpg  \r\n                            alt=\"\" \r\n                            class=\"attachment-sote-gallery-big size-sote-gallery-big\" \r\n                            srcset=\"https:\/\/semmelweis.hu\/sportkozpont\/files\/2022\/07\/Mozogj-nalunk-300x200.jpg 300w, https:\/\/semmelweis.hu\/sportkozpont\/files\/2022\/07\/Mozogj-nalunk-768x512.jpg 768w, https:\/\/semmelweis.hu\/sportkozpont\/files\/2022\/07\/Mozogj-nalunk-450x300.jpg 450w, https:\/\/semmelweis.hu\/sportkozpont\/files\/2022\/07\/Mozogj-nalunk.jpg 950w\" ><\/a><\/div>\r\n            <\/span>\r\n\r\n            <\/div>\r\n\r\n\t\t\t<div class=\"col-3 pl-0 pr-0\">\r\n\t\t\t\t<div class=\"galeria-right-img d-flex justify-content-between flex-column h-100 w-100 px-0 mx-0 \">\r\n                <div class=\"galeria-box\">\r\n\t\t\t\t\t<h3 class=\"galeria-title\">Gal\u00e9ria<\/h3>\r\n\t\t\t\t\t<div class=\"galeria-subtitle\">\r\n\r\n\t\t\t\t\t\t<div class=\"galeria-page-counter\"><span>8<\/span>k\u00e9p<\/div>\r\n                    <\/div> <\/div>\r\n                    <span class=\"gallery-item frame d-none d-md-flex\">\r\n\t\t\t\t\t<div class=\"galeria-small-img mt-0\"><a href=\"https:\/\/semmelweis.hu\/sportkozpont\/files\/2022\/07\/kosarlabda-meccs.jpg\"><img src=https:\/\/semmelweis.hu\/sportkozpont\/files\/2022\/07\/kosarlabda-meccs.jpg \r\n                                alt=\"\"  \r\n                                class=\"attachment-sote-gallery-small size-sote-gallery-small\" \r\n                                srcset=\"https:\/\/semmelweis.hu\/sportkozpont\/files\/2022\/07\/kosarlabda-meccs-300x200.jpg 300w, https:\/\/semmelweis.hu\/sportkozpont\/files\/2022\/07\/kosarlabda-meccs-768x512.jpg 768w, https:\/\/semmelweis.hu\/sportkozpont\/files\/2022\/07\/kosarlabda-meccs-450x300.jpg 450w, https:\/\/semmelweis.hu\/sportkozpont\/files\/2022\/07\/kosarlabda-meccs.jpg 950w\" ><\/a><\/div>\r\n                    <\/span>\r\n                    <span class=\"gallery-item frame d-none d-md-flex\">\r\n\t\t\t\t\t<div class=\"galeria-small-img mt-0\"><a href=\"https:\/\/semmelweis.hu\/sportkozpont\/files\/2022\/06\/joga-2.jpg\"><img src=https:\/\/semmelweis.hu\/sportkozpont\/files\/2022\/06\/joga-2.jpg \r\n                                alt=\"\" \r\n                                class=\"attachment-sote-gallery-small size-sote-gallery-small\" \r\n                                srcset=\"https:\/\/semmelweis.hu\/sportkozpont\/files\/2022\/06\/joga-2-300x225.jpg 300w, https:\/\/semmelweis.hu\/sportkozpont\/files\/2022\/06\/joga-2-768x576.jpg 768w, https:\/\/semmelweis.hu\/sportkozpont\/files\/2022\/06\/joga-2-400x300.jpg 400w, https:\/\/semmelweis.hu\/sportkozpont\/files\/2022\/06\/joga-2.jpg 844w\" ><\/a><\/div>\r\n                    <\/span>\r\n\r\n                <\/div>\r\n\r\n            <\/div>\r\n\r\n            <span class=\"gallery-item\"><div class=\"hidden\"><a href=\"https:\/\/semmelweis.hu\/sportkozpont\/files\/2022\/02\/MK-2021-ferfi-ropi.jpg\">\r\n        <img src=https:\/\/semmelweis.hu\/sportkozpont\/files\/2022\/02\/MK-2021-ferfi-ropi.jpg alt=\"\" class=\"attachment-sote-gallery-big size-sote-gallery-big\" srcset=\"https:\/\/semmelweis.hu\/sportkozpont\/files\/2022\/02\/MK-2021-ferfi-ropi-300x200.jpg 300w, https:\/\/semmelweis.hu\/sportkozpont\/files\/2022\/02\/MK-2021-ferfi-ropi-1024x683.jpg 1024w, https:\/\/semmelweis.hu\/sportkozpont\/files\/2022\/02\/MK-2021-ferfi-ropi-768x512.jpg 768w, https:\/\/semmelweis.hu\/sportkozpont\/files\/2022\/02\/MK-2021-ferfi-ropi-450x300.jpg 450w, https:\/\/semmelweis.hu\/sportkozpont\/files\/2022\/02\/MK-2021-ferfi-ropi.jpg 1440w\" >\r\n        <\/a><\/div><\/span><span class=\"gallery-item\"><div class=\"hidden\"><a href=\"https:\/\/semmelweis.hu\/sportkozpont\/files\/2021\/10\/MK-2021-r\u00f6pi.jpg\">\r\n        <img src=https:\/\/semmelweis.hu\/sportkozpont\/files\/2021\/10\/MK-2021-r\u00f6pi.jpg alt=\"\" class=\"attachment-sote-gallery-big size-sote-gallery-big\" srcset=\"https:\/\/semmelweis.hu\/sportkozpont\/files\/2021\/10\/MK-2021-r\u00f6pi-300x200.jpg 300w, https:\/\/semmelweis.hu\/sportkozpont\/files\/2021\/10\/MK-2021-r\u00f6pi-1024x683.jpg 1024w, https:\/\/semmelweis.hu\/sportkozpont\/files\/2021\/10\/MK-2021-r\u00f6pi-768x512.jpg 768w, https:\/\/semmelweis.hu\/sportkozpont\/files\/2021\/10\/MK-2021-r\u00f6pi-450x300.jpg 450w, https:\/\/semmelweis.hu\/sportkozpont\/files\/2021\/10\/MK-2021-r\u00f6pi.jpg 1440w\" >\r\n        <\/a><\/div><\/span><span class=\"gallery-item\"><div class=\"hidden\"><a href=\"https:\/\/semmelweis.hu\/sportkozpont\/files\/2019\/04\/Teniszp\u00e1lya.jpg\">\r\n        <img src=https:\/\/semmelweis.hu\/sportkozpont\/files\/2019\/04\/Teniszp\u00e1lya.jpg alt=\"\" class=\"attachment-sote-gallery-big size-sote-gallery-big\" srcset=\"https:\/\/semmelweis.hu\/sportkozpont\/files\/2019\/04\/Teniszp\u00e1lya-300x225.jpg 300w, https:\/\/semmelweis.hu\/sportkozpont\/files\/2019\/04\/Teniszp\u00e1lya-768x576.jpg 768w, https:\/\/semmelweis.hu\/sportkozpont\/files\/2019\/04\/Teniszp\u00e1lya-1024x768.jpg 1024w, https:\/\/semmelweis.hu\/sportkozpont\/files\/2019\/04\/Teniszp\u00e1lya-400x300.jpg 400w, https:\/\/semmelweis.hu\/sportkozpont\/files\/2019\/04\/Teniszp\u00e1lya.jpg 2048w\" >\r\n        <\/a><\/div><\/span><span class=\"gallery-item\"><div class=\"hidden\"><a href=\"https:\/\/semmelweis.hu\/sportkozpont\/files\/2018\/10\/Labdar\u00fag\u00e1s-1..jpg\">\r\n        <img src=https:\/\/semmelweis.hu\/sportkozpont\/files\/2018\/10\/Labdar\u00fag\u00e1s-1..jpg alt=\"\" class=\"attachment-sote-gallery-big size-sote-gallery-big\" srcset=\"https:\/\/semmelweis.hu\/sportkozpont\/files\/2018\/10\/Labdar\u00fag\u00e1s-1.-300x225.jpg 300w, https:\/\/semmelweis.hu\/sportkozpont\/files\/2018\/10\/Labdar\u00fag\u00e1s-1.-768x576.jpg 768w, https:\/\/semmelweis.hu\/sportkozpont\/files\/2018\/10\/Labdar\u00fag\u00e1s-1.-1024x768.jpg 1024w, https:\/\/semmelweis.hu\/sportkozpont\/files\/2018\/10\/Labdar\u00fag\u00e1s-1.-400x300.jpg 400w, https:\/\/semmelweis.hu\/sportkozpont\/files\/2018\/10\/Labdar\u00fag\u00e1s-1..jpg 1560w\" >\r\n        <\/a><\/div><\/span><span class=\"gallery-item\"><div class=\"hidden\"><a href=\"https:\/\/semmelweis.hu\/sportkozpont\/files\/2017\/03\/WP_20160218_003.jpg\">\r\n        <img src=https:\/\/semmelweis.hu\/sportkozpont\/files\/2017\/03\/WP_20160218_003.jpg alt=\"\" class=\"attachment-sote-gallery-big size-sote-gallery-big\" srcset=\"https:\/\/semmelweis.hu\/sportkozpont\/files\/2017\/03\/WP_20160218_003-300x169.jpg 300w, https:\/\/semmelweis.hu\/sportkozpont\/files\/2017\/03\/WP_20160218_003-768x431.jpg 768w, https:\/\/semmelweis.hu\/sportkozpont\/files\/2017\/03\/WP_20160218_003-1024x575.jpg 1024w, https:\/\/semmelweis.hu\/sportkozpont\/files\/2017\/03\/WP_20160218_003-534x300.jpg 534w\" >\r\n        <\/a><\/div><\/span>\r\n            <\/div>\r\n\r\n            [\/slb_exclude]\r\n\t\n<p style=\"text-align: justify;\">\u00a0<\/p>\n","protected":false},"excerpt":{"rendered":"<p>A Testnevel\u00e9si \u00e9s Sportk\u00f6zpont\u00a0f\u0151 feladata, hogy\u00a0az \u00c1ltal\u00e1nos Orvostudom\u00e1nyi Kar, a Fogorvostudom\u00e1nyi Kar, a Gy\u00f3gyszer\u00e9sztudom\u00e1nyi Kar \u00e9s az Eg\u00e9szs\u00e9g\u00fcgyi K\u00f6zszolg\u00e1lati Kar hallgat\u00f3i r\u00e9sz\u00e9re oktassa a k\u00f6telez\u0151 testnevel\u00e9s t\u00e1rgyat, valamint megszervezze a szabadid\u0151sportot. Szabad kapacit\u00e1s f\u00fcggv\u00e9ny\u00e9ben a sportp\u00e1ly\u00e1k \u00e9rt\u00e9kes\u00edt\u00e9se r\u00e9v\u00e9n v\u00e1rjuk az Egyetem mozogni v\u00e1gy\u00f3 munkat\u00e1rsait \u00e9s a k\u00fcls\u0151 vend\u00e9geket egyar\u00e1nt.\u00a0Lehet\u0151s\u00e9get \u00e9s helysz\u00ednt k\u00edn\u00e1lunk csal\u00e1di sportnapok, c\u00e9ges &hellip;<\/p>\n","protected":false},"author":101137,"featured_media":0,"parent":0,"menu_order":0,"comment_status":"open","ping_status":"closed","template":"","meta":{"_acf_changed":false,"footnotes":""},"categories":[],"tags":[],"class_list":["post-15","page","type-page","status-publish","hentry"],"acf":[],"_links":{"self":[{"href":"https:\/\/semmelweis.hu\/sportkozpont\/wp-json\/wp\/v2\/pages\/15","targetHints":{"allow":["GET"]}}],"collection":[{"href":"https:\/\/semmelweis.hu\/sportkozpont\/wp-json\/wp\/v2\/pages"}],"about":[{"href":"https:\/\/semmelweis.hu\/sportkozpont\/wp-json\/wp\/v2\/types\/page"}],"author":[{"embeddable":true,"href":"https:\/\/semmelweis.hu\/sportkozpont\/wp-json\/wp\/v2\/users\/101137"}],"replies":[{"embeddable":true,"href":"https:\/\/semmelweis.hu\/sportkozpont\/wp-json\/wp\/v2\/comments?post=15"}],"version-history":[{"count":11,"href":"https:\/\/semmelweis.hu\/sportkozpont\/wp-json\/wp\/v2\/pages\/15\/revisions"}],"predecessor-version":[{"id":3389,"href":"https:\/\/semmelweis.hu\/sportkozpont\/wp-json\/wp\/v2\/pages\/15\/revisions\/3389"}],"wp:attachment":[{"href":"https:\/\/semmelweis.hu\/sportkozpont\/wp-json\/wp\/v2\/media?parent=15"}],"wp:term":[{"taxonomy":"category","embeddable":true,"href":"https:\/\/semmelweis.hu\/sportkozpont\/wp-json\/wp\/v2\/categories?post=15"},{"taxonomy":"post_tag","embeddable":true,"href":"https:\/\/semmelweis.hu\/sportkozpont\/wp-json\/wp\/v2\/tags?post=15"}],"curies":[{"name":"wp","href":"https:\/\/api.w.org\/{rel}","templated":true}]}}