{"id":1457,"date":"2016-12-07T14:36:28","date_gmt":"2016-12-07T13:36:28","guid":{"rendered":"http:\/\/semmelweis.hu\/sportkozpont\/?page_id=1457"},"modified":"2016-12-14T09:58:40","modified_gmt":"2016-12-14T08:58:40","slug":"legyen-a-tamogatonk-tao","status":"publish","type":"page","link":"https:\/\/semmelweis.hu\/sportkozpont\/fejlesztesi-terveink\/legyen-a-tamogatonk-tao\/","title":{"rendered":"Legyen a t\u00e1mogat\u00f3nk! (TAO)"},"content":{"rendered":"<p>A sportfejleszt\u00e9sek t\u00e1mogat\u00e1s\u00e1nak lehet\u0151s\u00e9gei &#8211; SporTax P\u00e9nz\u00fcgyi Menedzsment Zrt. bemutat\u00f3ja pdf form\u00e1tumban<\/p>\n<p style=\"text-align: center;\"><a class=\"button-big\" href=\"https:\/\/semmelweis.hu\/sportkozpont\/files\/2016\/12\/20161212_SE_sporttamogatas_SporTax_TAO.pdf\" download=\"\"> Let\u00f6lt\u00e9s <\/a>\u00a0<\/p>\n<p><embed src=\"https:\/\/semmelweis.hu\/sportkozpont\/files\/2016\/12\/20161212_SE_sporttamogatas_SporTax_TAO.pdf\" width=\"100%\" height=\"900\"><\/embed><\/p>\n","protected":false},"excerpt":{"rendered":"<p>A sportfejleszt\u00e9sek t\u00e1mogat\u00e1s\u00e1nak lehet\u0151s\u00e9gei &#8211; SporTax P\u00e9nz\u00fcgyi Menedzsment Zrt. bemutat\u00f3ja pdf form\u00e1tumban<br \/>\n<a class=\"button-big\" href=\"https:\/\/semmelweis.hu\/sportkozpont\/files\/2016\/12\/20161212_SE_sporttamogatas_SporTax_TAO.pdf\" download=\"\"> Let\u00f6lt\u00e9s <\/a>\u00a0<\/p>\n","protected":false},"author":12,"featured_media":0,"parent":1450,"menu_order":3,"comment_status":"closed","ping_status":"closed","template":"onecolumn-page.php","meta":{"_acf_changed":false,"footnotes":""},"categories":[],"tags":[],"class_list":["post-1457","page","type-page","status-publish","hentry"],"acf":[],"_links":{"self":[{"href":"https:\/\/semmelweis.hu\/sportkozpont\/wp-json\/wp\/v2\/pages\/1457","targetHints":{"allow":["GET"]}}],"collection":[{"href":"https:\/\/semmelweis.hu\/sportkozpont\/wp-json\/wp\/v2\/pages"}],"about":[{"href":"https:\/\/semmelweis.hu\/sportkozpont\/wp-json\/wp\/v2\/types\/page"}],"author":[{"embeddable":true,"href":"https:\/\/semmelweis.hu\/sportkozpont\/wp-json\/wp\/v2\/users\/12"}],"replies":[{"embeddable":true,"href":"https:\/\/semmelweis.hu\/sportkozpont\/wp-json\/wp\/v2\/comments?post=1457"}],"version-history":[{"count":7,"href":"https:\/\/semmelweis.hu\/sportkozpont\/wp-json\/wp\/v2\/pages\/1457\/revisions"}],"predecessor-version":[{"id":1497,"href":"https:\/\/semmelweis.hu\/sportkozpont\/wp-json\/wp\/v2\/pages\/1457\/revisions\/1497"}],"up":[{"embeddable":true,"href":"https:\/\/semmelweis.hu\/sportkozpont\/wp-json\/wp\/v2\/pages\/1450"}],"wp:attachment":[{"href":"https:\/\/semmelweis.hu\/sportkozpont\/wp-json\/wp\/v2\/media?parent=1457"}],"wp:term":[{"taxonomy":"category","embeddable":true,"href":"https:\/\/semmelweis.hu\/sportkozpont\/wp-json\/wp\/v2\/categories?post=1457"},{"taxonomy":"post_tag","embeddable":true,"href":"https:\/\/semmelweis.hu\/sportkozpont\/wp-json\/wp\/v2\/tags?post=1457"}],"curies":[{"name":"wp","href":"https:\/\/api.w.org\/{rel}","templated":true}]}}