{"id":1453,"date":"2016-12-07T14:34:53","date_gmt":"2016-12-07T13:34:53","guid":{"rendered":"http:\/\/semmelweis.hu\/sportkozpont\/?page_id=1453"},"modified":"2024-06-05T15:10:40","modified_gmt":"2024-06-05T13:10:40","slug":"a-fejlesztesi-koncepcio","status":"publish","type":"page","link":"https:\/\/semmelweis.hu\/sportkozpont\/fejlesztesi-terveink\/a-fejlesztesi-koncepcio\/","title":{"rendered":"A fejleszt\u00e9si koncepci\u00f3"},"content":{"rendered":"<p><strong>V\u00e1rszegi Korn\u00e9li\u00e1<\/strong>nak, a Semmelweis Egyetem Testnevel\u00e9si \u00e9s Sportk\u00f6zpont, Sporttelep igazgat\u00f3j\u00e1nak bemutat\u00f3ja a sportfejleszt\u00e9si szakmai tervr\u0151l<\/p>\n<p style=\"text-align: center;\">\n<!-- iframe plugin v.4.9 wordpress.org\/plugins\/iframe\/ -->\n<iframe loading=\"lazy\" id=\"iframe_container\" src=\"https:\/\/prezi.com\/embed\/_qijripbfrlg\/?bgcolor=ffffff&#038;lock_to_path=0&#038;autoplay=0&#038;autohide_ctrls=0&#038;landing_data=bHVZZmNaNDBIWnNjdEVENDRhZDFNZGNIUE43MHdLNWpsdFJLb2ZHanI5K3dURGRPcEMxdzE2VHZpa0VVYm5MaVpRPT0&#038;landing_sign=9fDVBTPXnZbREYPYBtXgtOHRSQK3gXDhJOGGFwyIe0E\" width=\"902\" height=\"656\" frameborder=\"0\" allowfullscreen=\"allowfullscreen\" scrolling=\"yes\" class=\"iframe-class\"><\/iframe>\n<\/p>\n<h4><strong>A Semmelweis Egyetem Vizilabda Klub bemutat\u00e1sa<\/strong><\/h4>\n<p> <embed src=\"https:\/\/semmelweis.hu\/sportkozpont\/files\/2016\/12\/SE_vizilabda_klub_bemutato_20161214.pdf\" width=\"100%\" height=\"800\"><\/embed><\/p>\n","protected":false},"excerpt":{"rendered":"<p>V\u00e1rszegi Korn\u00e9li\u00e1nak, a Semmelweis Egyetem Testnevel\u00e9si \u00e9s Sportk\u00f6zpont, Sporttelep igazgat\u00f3j\u00e1nak bemutat\u00f3ja a sportfejleszt\u00e9si szakmai tervr\u0151l<\/p>\n<p>A Semmelweis Egyetem Vizilabda Klub bemutat\u00e1sa<\/p>\n","protected":false},"author":12,"featured_media":0,"parent":1450,"menu_order":1,"comment_status":"closed","ping_status":"closed","template":"template-fullwidth.php","meta":{"_acf_changed":false,"footnotes":""},"categories":[],"tags":[],"class_list":["post-1453","page","type-page","status-publish","hentry"],"acf":[],"_links":{"self":[{"href":"https:\/\/semmelweis.hu\/sportkozpont\/wp-json\/wp\/v2\/pages\/1453","targetHints":{"allow":["GET"]}}],"collection":[{"href":"https:\/\/semmelweis.hu\/sportkozpont\/wp-json\/wp\/v2\/pages"}],"about":[{"href":"https:\/\/semmelweis.hu\/sportkozpont\/wp-json\/wp\/v2\/types\/page"}],"author":[{"embeddable":true,"href":"https:\/\/semmelweis.hu\/sportkozpont\/wp-json\/wp\/v2\/users\/12"}],"replies":[{"embeddable":true,"href":"https:\/\/semmelweis.hu\/sportkozpont\/wp-json\/wp\/v2\/comments?post=1453"}],"version-history":[{"count":9,"href":"https:\/\/semmelweis.hu\/sportkozpont\/wp-json\/wp\/v2\/pages\/1453\/revisions"}],"predecessor-version":[{"id":4002,"href":"https:\/\/semmelweis.hu\/sportkozpont\/wp-json\/wp\/v2\/pages\/1453\/revisions\/4002"}],"up":[{"embeddable":true,"href":"https:\/\/semmelweis.hu\/sportkozpont\/wp-json\/wp\/v2\/pages\/1450"}],"wp:attachment":[{"href":"https:\/\/semmelweis.hu\/sportkozpont\/wp-json\/wp\/v2\/media?parent=1453"}],"wp:term":[{"taxonomy":"category","embeddable":true,"href":"https:\/\/semmelweis.hu\/sportkozpont\/wp-json\/wp\/v2\/categories?post=1453"},{"taxonomy":"post_tag","embeddable":true,"href":"https:\/\/semmelweis.hu\/sportkozpont\/wp-json\/wp\/v2\/tags?post=1453"}],"curies":[{"name":"wp","href":"https:\/\/api.w.org\/{rel}","templated":true}]}}