{"id":1450,"date":"2016-12-07T14:33:12","date_gmt":"2016-12-07T13:33:12","guid":{"rendered":"http:\/\/semmelweis.hu\/sportkozpont\/?page_id=1450"},"modified":"2022-07-20T08:41:15","modified_gmt":"2022-07-20T06:41:15","slug":"fejlesztesi-terveink","status":"publish","type":"page","link":"https:\/\/semmelweis.hu\/sportkozpont\/fejlesztesi-terveink\/","title":{"rendered":"Fejleszt\u00e9si terveink"},"content":{"rendered":"<p>Semmelweis Egyetem b\u00fcszke arra, hogy az elm\u00falt \u00e9vsz\u00e1zadokban orvosok, fogorvosok, gy\u00f3gyszer\u00e9szek, kutat\u00f3k \u00e9s eg\u00e9szs\u00e9g\u00fcgyi szakdolgoz\u00f3k gener\u00e1ci\u00f3it nevelte ki a magyar eg\u00e9szs\u00e9g\u00fcgy sz\u00e1m\u00e1ra. A legmagasabb szint\u0171 tud\u00e1s \u00e1tad\u00e1s\u00e1hoz azonban elengedhetetlen, hogy az eg\u00e9szs\u00e9ges \u00e9letm\u00f3d alapj\u00e1t jelent\u0151 sportol\u00e1si lehet\u0151s\u00e9geket is korszer\u0171 k\u00f6r\u00fclm\u00e9nyek k\u00f6z\u00f6tt biztos\u00edthassa az int\u00e9zm\u00e9ny.<\/p>\n<p>Az ut\u00f3bbi \u00e9vek sportot kiemelten kezel\u0151 korm\u00e1nyzati int\u00e9zked\u00e9sei lehet\u0151v\u00e9 teszik, hogy a c\u00e9gek t\u00e1rsas\u00e1gi ad\u00f3felaj\u00e1nl\u00e1s \u00fatj\u00e1n t\u00e1mogass\u00e1k a l\u00e1tv\u00e1nycsapatsportokat, valamint a fels\u0151oktat\u00e1si int\u00e9zm\u00e9nyek sportc\u00e9l\u00fa fejleszt\u00e9seit. Erre a lehet\u0151s\u00e9gre \u00e9p\u00edtve b\u00edzunk abban, hogy min\u00e9l t\u00f6bb t\u00e1rsas\u00e1g partners\u00e9g\u00e9t el tudjuk nyerni az egyetem sportc\u00e9l\u00fa fejleszt\u00e9seinek megval\u00f3s\u00edt\u00e1sa \u00e9rdek\u00e9ben.<\/p>\n<p>A Semmelweis Egyetem \u00e1tfog\u00f3 fejleszt\u00e9si koncepci\u00f3t dolgozott ki annak \u00e9rdek\u00e9ben, hogy a legkorszer\u0171bb k\u00f6r\u00fclm\u00e9nyek k\u00f6z\u00f6tt tudja biztos\u00edtani a hallgat\u00f3i sz\u00e1m\u00e1ra a sportol\u00e1si lehet\u0151s\u00e9geket. A modern uszod\u00e1t \u00e9s sportcsarnokot is mag\u00e1ba foglal\u00f3, a hallgat\u00f3i l\u00e9tsz\u00e1mnak \u00e9s elv\u00e1r\u00e1soknak megfelel\u0151, de k\u00f6lts\u00e9ghat\u00e9konyan megval\u00f3s\u00edthat\u00f3 \u00faj sportl\u00e9tes\u00edtm\u00e9ny terve elk\u00e9sz\u00fclt, rem\u00e9lj\u00fck, elnyeri tetsz\u00e9s\u00e9t, c\u00e9ljainkat t\u00e1mogatand\u00f3nak tartja, \u00e9s partnereink k\u00f6z\u00f6tt \u00fcdv\u00f6z\u00f6lhetj\u00fck majd.\u00a0<\/p>\n<hr \/>\n<ul>\n<li class=\"page_item page-item-1453\"><a href=\"https:\/\/semmelweis.hu\/sportkozpont\/fejlesztesi-terveink\/a-fejlesztesi-koncepcio\/\">A fejleszt\u00e9si koncepci\u00f3<\/a><\/li>\n<li class=\"page_item page-item-1455\"><a href=\"https:\/\/semmelweis.hu\/sportkozpont\/fejlesztesi-terveink\/latvanytervek\/\">L\u00e1tv\u00e1nytervek<\/a><\/li>\n<li class=\"page_item page-item-1457\"><a href=\"https:\/\/semmelweis.hu\/sportkozpont\/fejlesztesi-terveink\/legyen-a-tamogatonk-tao\/\">Legyen a t\u00e1mogat\u00f3nk! (TAO)<\/a><\/li>\n<\/ul>\n","protected":false},"excerpt":{"rendered":"<p>Semmelweis Egyetem b\u00fcszke arra, hogy az elm\u00falt \u00e9vsz\u00e1zadokban orvosok, fogorvosok, gy\u00f3gyszer\u00e9szek, kutat\u00f3k \u00e9s eg\u00e9szs\u00e9g\u00fcgyi szakdolgoz\u00f3k gener\u00e1ci\u00f3it nevelte ki a magyar eg\u00e9szs\u00e9g\u00fcgy sz\u00e1m\u00e1ra. A legmagasabb szint\u0171 tud\u00e1s \u00e1tad\u00e1s\u00e1hoz azonban elengedhetetlen, hogy az eg\u00e9szs\u00e9ges \u00e9letm\u00f3d alapj\u00e1t jelent\u0151 sportol\u00e1si lehet\u0151s\u00e9geket is korszer\u0171 k\u00f6r\u00fclm\u00e9nyek k\u00f6z\u00f6tt biztos\u00edthassa az int\u00e9zm\u00e9ny. Az ut\u00f3bbi \u00e9vek sportot kiemelten kezel\u0151 korm\u00e1nyzati int\u00e9zked\u00e9sei lehet\u0151v\u00e9 teszik, hogy &hellip;<\/p>\n","protected":false},"author":12,"featured_media":0,"parent":0,"menu_order":6,"comment_status":"closed","ping_status":"closed","template":"","meta":{"_acf_changed":false,"footnotes":""},"categories":[],"tags":[],"class_list":["post-1450","page","type-page","status-publish","hentry"],"acf":[],"_links":{"self":[{"href":"https:\/\/semmelweis.hu\/sportkozpont\/wp-json\/wp\/v2\/pages\/1450","targetHints":{"allow":["GET"]}}],"collection":[{"href":"https:\/\/semmelweis.hu\/sportkozpont\/wp-json\/wp\/v2\/pages"}],"about":[{"href":"https:\/\/semmelweis.hu\/sportkozpont\/wp-json\/wp\/v2\/types\/page"}],"author":[{"embeddable":true,"href":"https:\/\/semmelweis.hu\/sportkozpont\/wp-json\/wp\/v2\/users\/12"}],"replies":[{"embeddable":true,"href":"https:\/\/semmelweis.hu\/sportkozpont\/wp-json\/wp\/v2\/comments?post=1450"}],"version-history":[{"count":9,"href":"https:\/\/semmelweis.hu\/sportkozpont\/wp-json\/wp\/v2\/pages\/1450\/revisions"}],"predecessor-version":[{"id":3388,"href":"https:\/\/semmelweis.hu\/sportkozpont\/wp-json\/wp\/v2\/pages\/1450\/revisions\/3388"}],"wp:attachment":[{"href":"https:\/\/semmelweis.hu\/sportkozpont\/wp-json\/wp\/v2\/media?parent=1450"}],"wp:term":[{"taxonomy":"category","embeddable":true,"href":"https:\/\/semmelweis.hu\/sportkozpont\/wp-json\/wp\/v2\/categories?post=1450"},{"taxonomy":"post_tag","embeddable":true,"href":"https:\/\/semmelweis.hu\/sportkozpont\/wp-json\/wp\/v2\/tags?post=1450"}],"curies":[{"name":"wp","href":"https:\/\/api.w.org\/{rel}","templated":true}]}}