{"id":1356,"date":"2016-08-26T12:49:52","date_gmt":"2016-08-26T10:49:52","guid":{"rendered":"http:\/\/semmelweis.hu\/sportkozpont\/?page_id=1356"},"modified":"2024-10-21T14:10:06","modified_gmt":"2024-10-21T12:10:06","slug":"ugyfelfogadas","status":"publish","type":"page","link":"https:\/\/semmelweis.hu\/sportkozpont\/oktatas\/ugyfelfogadas\/","title":{"rendered":"\u00dcgyf\u00e9lfogad\u00e1si id\u0151"},"content":{"rendered":"<p>Sporttal vagy testnevel\u00e9ssel kapcsolatban b\u00e1rmilyen jelleg\u0171 probl\u00e9m\u00e1val szem\u00e9lyesen \u00a0\u00fcgyet int\u00e9zni el\u0151re egyeztetett id\u0151pontban lehet.<\/p>\n<p>Id\u0151pont k\u00e9r\u00e9se:\u00a0titkarsag.tsk@semmelweis.hu<\/p>\n<p>&nbsp;<\/p>\n<p>&nbsp;<\/p>\n<p>&nbsp;<\/p>\n","protected":false},"excerpt":{"rendered":"<p>Sporttal vagy testnevel\u00e9ssel kapcsolatban b\u00e1rmilyen jelleg\u0171 probl\u00e9m\u00e1val szem\u00e9lyesen \u00a0\u00fcgyet int\u00e9zni el\u0151re egyeztetett id\u0151pontban lehet.<br \/>\nId\u0151pont k\u00e9r\u00e9se:\u00a0titkarsag.tsk@semmelweis.hu<br \/>\n&nbsp;<br \/>\n&nbsp;<br \/>\n&nbsp;<\/p>\n","protected":false},"author":101137,"featured_media":0,"parent":444,"menu_order":1,"comment_status":"closed","ping_status":"closed","template":"","meta":{"_acf_changed":false,"footnotes":""},"categories":[],"tags":[],"class_list":["post-1356","page","type-page","status-publish","hentry"],"acf":[],"_links":{"self":[{"href":"https:\/\/semmelweis.hu\/sportkozpont\/wp-json\/wp\/v2\/pages\/1356","targetHints":{"allow":["GET"]}}],"collection":[{"href":"https:\/\/semmelweis.hu\/sportkozpont\/wp-json\/wp\/v2\/pages"}],"about":[{"href":"https:\/\/semmelweis.hu\/sportkozpont\/wp-json\/wp\/v2\/types\/page"}],"author":[{"embeddable":true,"href":"https:\/\/semmelweis.hu\/sportkozpont\/wp-json\/wp\/v2\/users\/101137"}],"replies":[{"embeddable":true,"href":"https:\/\/semmelweis.hu\/sportkozpont\/wp-json\/wp\/v2\/comments?post=1356"}],"version-history":[{"count":10,"href":"https:\/\/semmelweis.hu\/sportkozpont\/wp-json\/wp\/v2\/pages\/1356\/revisions"}],"predecessor-version":[{"id":4114,"href":"https:\/\/semmelweis.hu\/sportkozpont\/wp-json\/wp\/v2\/pages\/1356\/revisions\/4114"}],"up":[{"embeddable":true,"href":"https:\/\/semmelweis.hu\/sportkozpont\/wp-json\/wp\/v2\/pages\/444"}],"wp:attachment":[{"href":"https:\/\/semmelweis.hu\/sportkozpont\/wp-json\/wp\/v2\/media?parent=1356"}],"wp:term":[{"taxonomy":"category","embeddable":true,"href":"https:\/\/semmelweis.hu\/sportkozpont\/wp-json\/wp\/v2\/categories?post=1356"},{"taxonomy":"post_tag","embeddable":true,"href":"https:\/\/semmelweis.hu\/sportkozpont\/wp-json\/wp\/v2\/tags?post=1356"}],"curies":[{"name":"wp","href":"https:\/\/api.w.org\/{rel}","templated":true}]}}