{"id":99,"date":"2022-03-08T10:30:43","date_gmt":"2022-03-08T09:30:43","guid":{"rendered":"https:\/\/semmelweis.hu\/sportklub\/?page_id=99"},"modified":"2025-10-01T13:04:43","modified_gmt":"2025-10-01T11:04:43","slug":"szabadidosport","status":"publish","type":"page","link":"https:\/\/semmelweis.hu\/sportklub\/szakosztalyok\/szabadidosport\/","title":{"rendered":"Szabadid\u0151sport (fut\u00e1s, triatlon)"},"content":{"rendered":"<h4>Szakoszt\u00e1lyvezet\u0151:<\/h4>\n<h5>Dr. Gerber G\u00e1bor<\/h5>\n<p>FOK d\u00e9k\u00e1n<\/p>\n<h5>Szervez\u0151\/kapcsolattart\u00f3:\u00a0<\/h5>\n<p><strong>Ny\u00e1m\u00e1ndi Piroska<\/strong> <br \/>\nTelefon: +36 20 825 0095 <br \/>\nE-mail: <a href=\"mailto:seskszabadidosport@gmail.com\">seskszabadidosport@gmail.com<\/a><\/p>\n<p><a class=\"btn btn-secondary\" href=\"https:\/\/semmelweis.hu\/sportklub\/tag\/szabadidosport\/\" target=\"_self\" rel=\"noopener\">Legfrissebb h\u00edreink<\/a><\/p>\n<h2>Fut\u00e1s<\/h2>\n<div class=\"keretes w-100\">\n<p><strong>Fut\u00e1s edz\u00e9s: EL\u0150ZETES \u00e9s visszaigazolt jelentkez\u00e9s ut\u00e1n<\/strong><\/p>\n<\/div>\n<p>A Semmelweis Egyetem Sport Klub Szabadid\u0151sport szakoszt\u00e1ly c\u00e9lja az \u00e9rdekl\u0151d\u0151 tagok kezd\u0151, \u00fajrakezd\u0151, halad\u00f3 amat\u0151r \u00e9s hobbisportol\u00f3k t\u00e1mogat\u00e1sa, \u00f6szt\u00f6nz\u00e9se a lehet\u0151s\u00e9gek \u00e9s felt\u00e9telek megteremt\u00e9s\u00e9vel, a sportk\u00f6z\u00f6ss\u00e9g\u00fcnk l\u00e9trehoz\u00e1s\u00e1val.<\/p>\n<p>A szakoszt\u00e1ly f\u0151 profilja jelenleg a fut\u00e1s, de hamarosan tov\u00e1bbi sportokat is csatlakoztatunk, mint p\u00e9ld\u00e1ul a triatlon.<br \/>\nK\u00f6z\u00f6ss\u00e9g\u00fcnk r\u00e9szt vesz amat\u0151r f\u0151v\u00e1rosi, \u00e9s vid\u00e9ki fut\u00f3versenyeken, egy\u00e9niben \u00e9s csapatsz\u00e1mokban egyar\u00e1nt. Versenyeinken igyeksz\u00fcnk az \u00f6kol\u00f3giai l\u00e1bnyomunkat telekocsi szervez\u00e9s\u00e9vel cs\u00f6kkenteni.<\/p>\n<p>Klubunk tagjainak kedvezm\u00e9nyes v\u00e1s\u00e1rl\u00e1si \u00e9s kedvezm\u00e9nyes nevez\u00e9si lehet\u0151s\u00e9geket biztos\u00edtunk kiemelt partnereinkn\u00e9l. A megjel\u00f6lt versenyeken ig\u00e9nybe vehetik a szakoszt\u00e1ly saj\u00e1t s\u00e1tr\u00e1t (\u00f6lt\u00f6z\u0151, \u0151rz\u00f6tt csomagmeg\u0151rz\u0151, pihen\u00e9si pont), kedvezm\u00e9nyesen, vagy ingyen nevezhetnek partnereink versenyein, fut\u00e1ssal (\u00e1llapotfelm\u00e9r\u00e9s, amat\u0151r versenyfelk\u00e9sz\u00edt\u00e9s, edz\u00e9sterv, fut\u00e1stechnika, \u00e9letm\u00f3d) kapcsolatos tan\u00e1csad\u00e1st kaphatnak, ingyenesen r\u00e9szt vehetnek edz\u00e9seinken, k\u00f6z\u00f6ss\u00e9gi esem\u00e9ny fut\u00e1sainkon \u00e9s bel\u00e9p\u00e9skor az egyes\u00fclet saj\u00e1t technikai p\u00f3l\u00f3j\u00e1val is megaj\u00e1nd\u00e9kozzuk.<\/p>\n<p>Facebook oldalunk el\u00e9rhet\u0151:\u00a0<a href=\"https:\/\/www.facebook.com\/SESKSZOSZ\">https:\/\/www.facebook.com\/SESKSZOSZ<\/a><\/p>\n<hr \/>\n<h4><strong>Az edz\u00e9seken val\u00f3 r\u00e9szv\u00e9tel felt\u00e9tele\u00a0<\/strong><\/h4>\n<ul>\n<li>\n<p><strong> a szakoszt\u00e1lyba t\u00f6rt\u00e9n\u0151 bel\u00e9p\u00e9s<\/strong><br \/>\nA bel\u00e9p\u00e9si nyilatkozat let\u00f6lthet\u0151 a <a href=\"https:\/\/semmelweis.hu\/sportklub\/dokumentumok\/\"><strong>Dokumentumok men\u00fcpontb\u00f3l \u2192<\/strong><\/a> vagy el\u00e9rhet\u0151 a port\u00e1n is\u00a0<\/p>\n<\/li>\n<li>\n<p><strong>a 18.000 Ft \/ szemeszter<\/strong> <strong>tag- \u00e9s szakoszt\u00e1lyi d\u00edj befizet\u00e9se <br \/>\n(k\u00fcls\u0151s\u00f6knek 36.000 Ft)<\/strong><\/p>\n<\/li>\n<li><strong>egyes\u00fcleti online regisztr\u00e1ci\u00f3<\/strong>: <a href=\"https:\/\/egyesuletonline.hu\/regisztracio\/se-sk\">https:\/\/egyesuletonline.hu\/regisztracio\/se-sk<\/a><\/li>\n<\/ul>\n<hr \/>\n\n\r\n        [slb_exclude]\r\n        <div class=\"row galeria-wrapper mx-0 h-auto\">\r\n            <div class=\"col-9 pl-0 pr-2\">\r\n            <span class=\"gallery-item frame\">\r\n\t\t\t\t<div class=\"galeria-left-img\"><a href=\"https:\/\/semmelweis.hu\/sportklub\/files\/2023\/09\/20230423_115332-scaled.jpg\"><img src=https:\/\/semmelweis.hu\/sportklub\/files\/2023\/09\/20230423_115332-scaled.jpg  \r\n                            alt=\"\" \r\n                            class=\"attachment-sote-gallery-big size-sote-gallery-big\" \r\n                            srcset=\"https:\/\/semmelweis.hu\/sportklub\/files\/2023\/09\/20230423_115332-300x400.jpg 300w, https:\/\/semmelweis.hu\/sportklub\/files\/2023\/09\/20230423_115332-768x1024.jpg 768w, https:\/\/semmelweis.hu\/sportklub\/files\/2023\/09\/20230423_115332-1152x1536.jpg 1152w, https:\/\/semmelweis.hu\/sportklub\/files\/2023\/09\/20230423_115332-1536x2048.jpg 1536w, https:\/\/semmelweis.hu\/sportklub\/files\/2023\/09\/20230423_115332-753x1004.jpg 753w, https:\/\/semmelweis.hu\/sportklub\/files\/2023\/09\/20230423_115332-scaled.jpg 1920w\" ><\/a><\/div>\r\n            <\/span>\r\n\r\n            <\/div>\r\n\r\n\t\t\t<div class=\"col-3 pl-0 pr-0\">\r\n\t\t\t\t<div class=\"galeria-right-img d-flex justify-content-between flex-column h-100 w-100 px-0 mx-0 \">\r\n                <div class=\"galeria-box\">\r\n\t\t\t\t\t<h3 class=\"galeria-title\">Gal\u00e9ria<\/h3>\r\n\t\t\t\t\t<div class=\"galeria-subtitle\">\r\n\r\n\t\t\t\t\t\t<div class=\"galeria-page-counter\"><span>15<\/span>k\u00e9p<\/div>\r\n                    <\/div> <\/div>\r\n                    <span class=\"gallery-item frame d-none d-md-flex\">\r\n\t\t\t\t\t<div class=\"galeria-small-img mt-0\"><a href=\"https:\/\/semmelweis.hu\/sportklub\/files\/2023\/09\/20230910_130149-scaled.jpg\"><img src=https:\/\/semmelweis.hu\/sportklub\/files\/2023\/09\/20230910_130149-scaled.jpg \r\n                                alt=\"\"  \r\n                                class=\"attachment-sote-gallery-small size-sote-gallery-small\" \r\n                                srcset=\"https:\/\/semmelweis.hu\/sportklub\/files\/2023\/09\/20230910_130149-400x300.jpg 400w, https:\/\/semmelweis.hu\/sportklub\/files\/2023\/09\/20230910_130149-1024x768.jpg 1024w, https:\/\/semmelweis.hu\/sportklub\/files\/2023\/09\/20230910_130149-768x576.jpg 768w, https:\/\/semmelweis.hu\/sportklub\/files\/2023\/09\/20230910_130149-1536x1152.jpg 1536w, https:\/\/semmelweis.hu\/sportklub\/files\/2023\/09\/20230910_130149-2048x1536.jpg 2048w, https:\/\/semmelweis.hu\/sportklub\/files\/2023\/09\/20230910_130149-753x565.jpg 753w\" ><\/a><\/div>\r\n                    <\/span>\r\n                    <span class=\"gallery-item frame d-none d-md-flex\">\r\n\t\t\t\t\t<div class=\"galeria-small-img mt-0\"><a href=\"https:\/\/semmelweis.hu\/sportklub\/files\/2023\/01\/2-1-scaled.jpeg\"><img src=https:\/\/semmelweis.hu\/sportklub\/files\/2023\/01\/2-1-scaled.jpeg \r\n                                alt=\"\" \r\n                                class=\"attachment-sote-gallery-small size-sote-gallery-small\" \r\n                                srcset=\"https:\/\/semmelweis.hu\/sportklub\/files\/2023\/01\/2-1-299x400.jpeg 299w, https:\/\/semmelweis.hu\/sportklub\/files\/2023\/01\/2-1-765x1024.jpeg 765w, https:\/\/semmelweis.hu\/sportklub\/files\/2023\/01\/2-1-768x1029.jpeg 768w, https:\/\/semmelweis.hu\/sportklub\/files\/2023\/01\/2-1-1147x1536.jpeg 1147w, https:\/\/semmelweis.hu\/sportklub\/files\/2023\/01\/2-1-1529x2048.jpeg 1529w, https:\/\/semmelweis.hu\/sportklub\/files\/2023\/01\/2-1-753x1008.jpeg 753w, https:\/\/semmelweis.hu\/sportklub\/files\/2023\/01\/2-1-scaled.jpeg 1912w\" ><\/a><\/div>\r\n                    <\/span>\r\n\r\n                <\/div>\r\n\r\n            <\/div>\r\n\r\n            <span class=\"gallery-item\"><div class=\"hidden\"><a href=\"https:\/\/semmelweis.hu\/sportklub\/files\/2023\/01\/20221009_140350-scaled.jpg\">\r\n        <img src=https:\/\/semmelweis.hu\/sportklub\/files\/2023\/01\/20221009_140350-scaled.jpg alt=\"\" class=\"attachment-sote-gallery-big size-sote-gallery-big\" srcset=\"https:\/\/semmelweis.hu\/sportklub\/files\/2023\/01\/20221009_140350-245x400.jpg 245w, https:\/\/semmelweis.hu\/sportklub\/files\/2023\/01\/20221009_140350-627x1024.jpg 627w, https:\/\/semmelweis.hu\/sportklub\/files\/2023\/01\/20221009_140350-768x1254.jpg 768w, https:\/\/semmelweis.hu\/sportklub\/files\/2023\/01\/20221009_140350-940x1536.jpg 940w, https:\/\/semmelweis.hu\/sportklub\/files\/2023\/01\/20221009_140350-1254x2048.jpg 1254w, https:\/\/semmelweis.hu\/sportklub\/files\/2023\/01\/20221009_140350-753x1230.jpg 753w, https:\/\/semmelweis.hu\/sportklub\/files\/2023\/01\/20221009_140350-scaled.jpg 1567w\" >\r\n        <\/a><\/div><\/span><span class=\"gallery-item\"><div class=\"hidden\"><a href=\"https:\/\/semmelweis.hu\/sportklub\/files\/2023\/01\/1-scaled.jpeg\">\r\n        <img src=https:\/\/semmelweis.hu\/sportklub\/files\/2023\/01\/1-scaled.jpeg alt=\"\" class=\"attachment-sote-gallery-big size-sote-gallery-big\" srcset=\"https:\/\/semmelweis.hu\/sportklub\/files\/2023\/01\/1-400x301.jpeg 400w, https:\/\/semmelweis.hu\/sportklub\/files\/2023\/01\/1-1024x771.jpeg 1024w, https:\/\/semmelweis.hu\/sportklub\/files\/2023\/01\/1-768x578.jpeg 768w, https:\/\/semmelweis.hu\/sportklub\/files\/2023\/01\/1-1536x1156.jpeg 1536w, https:\/\/semmelweis.hu\/sportklub\/files\/2023\/01\/1-2048x1541.jpeg 2048w, https:\/\/semmelweis.hu\/sportklub\/files\/2023\/01\/1-753x567.jpeg 753w\" >\r\n        <\/a><\/div><\/span><span class=\"gallery-item\"><div class=\"hidden\"><a href=\"https:\/\/semmelweis.hu\/sportklub\/files\/2023\/01\/RS161848_C19A2321-scr.jpg\">\r\n        <img src=https:\/\/semmelweis.hu\/sportklub\/files\/2023\/01\/RS161848_C19A2321-scr.jpg alt=\"\" class=\"attachment-sote-gallery-big size-sote-gallery-big\" srcset=\"https:\/\/semmelweis.hu\/sportklub\/files\/2023\/01\/RS161848_C19A2321-scr-400x267.jpg 400w, https:\/\/semmelweis.hu\/sportklub\/files\/2023\/01\/RS161848_C19A2321-scr-1024x683.jpg 1024w, https:\/\/semmelweis.hu\/sportklub\/files\/2023\/01\/RS161848_C19A2321-scr-768x512.jpg 768w, https:\/\/semmelweis.hu\/sportklub\/files\/2023\/01\/RS161848_C19A2321-scr-753x502.jpg 753w, https:\/\/semmelweis.hu\/sportklub\/files\/2023\/01\/RS161848_C19A2321-scr-203x135.jpg 203w, https:\/\/semmelweis.hu\/sportklub\/files\/2023\/01\/RS161848_C19A2321-scr.jpg 1200w\" >\r\n        <\/a><\/div><\/span><span class=\"gallery-item\"><div class=\"hidden\"><a href=\"https:\/\/semmelweis.hu\/sportklub\/files\/2022\/03\/Bosch-Urban-Borbely-Gerber-Nyamandi-Balint-Jasz-scaled.jpg\">\r\n        <img src=https:\/\/semmelweis.hu\/sportklub\/files\/2022\/03\/Bosch-Urban-Borbely-Gerber-Nyamandi-Balint-Jasz-scaled.jpg alt=\"\" class=\"attachment-sote-gallery-big size-sote-gallery-big\" srcset=\"https:\/\/semmelweis.hu\/sportklub\/files\/2022\/03\/Bosch-Urban-Borbely-Gerber-Nyamandi-Balint-Jasz-400x267.jpg 400w, https:\/\/semmelweis.hu\/sportklub\/files\/2022\/03\/Bosch-Urban-Borbely-Gerber-Nyamandi-Balint-Jasz-1024x683.jpg 1024w, https:\/\/semmelweis.hu\/sportklub\/files\/2022\/03\/Bosch-Urban-Borbely-Gerber-Nyamandi-Balint-Jasz-768x512.jpg 768w, https:\/\/semmelweis.hu\/sportklub\/files\/2022\/03\/Bosch-Urban-Borbely-Gerber-Nyamandi-Balint-Jasz-1536x1024.jpg 1536w, https:\/\/semmelweis.hu\/sportklub\/files\/2022\/03\/Bosch-Urban-Borbely-Gerber-Nyamandi-Balint-Jasz-2048x1365.jpg 2048w, https:\/\/semmelweis.hu\/sportklub\/files\/2022\/03\/Bosch-Urban-Borbely-Gerber-Nyamandi-Balint-Jasz-753x502.jpg 753w, https:\/\/semmelweis.hu\/sportklub\/files\/2022\/03\/Bosch-Urban-Borbely-Gerber-Nyamandi-Balint-Jasz-203x135.jpg 203w\" >\r\n        <\/a><\/div><\/span><span class=\"gallery-item\"><div class=\"hidden\"><a href=\"https:\/\/semmelweis.hu\/sportklub\/files\/2022\/03\/275734506_152498347226115_7202805680043256163_n.jpg\">\r\n        <img src=https:\/\/semmelweis.hu\/sportklub\/files\/2022\/03\/275734506_152498347226115_7202805680043256163_n.jpg alt=\"\" class=\"attachment-sote-gallery-big size-sote-gallery-big\" srcset=\"https:\/\/semmelweis.hu\/sportklub\/files\/2022\/03\/275734506_152498347226115_7202805680043256163_n-400x267.jpg 400w, https:\/\/semmelweis.hu\/sportklub\/files\/2022\/03\/275734506_152498347226115_7202805680043256163_n-1024x683.jpg 1024w, https:\/\/semmelweis.hu\/sportklub\/files\/2022\/03\/275734506_152498347226115_7202805680043256163_n-768x512.jpg 768w, https:\/\/semmelweis.hu\/sportklub\/files\/2022\/03\/275734506_152498347226115_7202805680043256163_n-1536x1024.jpg 1536w, https:\/\/semmelweis.hu\/sportklub\/files\/2022\/03\/275734506_152498347226115_7202805680043256163_n-753x502.jpg 753w, https:\/\/semmelweis.hu\/sportklub\/files\/2022\/03\/275734506_152498347226115_7202805680043256163_n-203x135.jpg 203w, https:\/\/semmelweis.hu\/sportklub\/files\/2022\/03\/275734506_152498347226115_7202805680043256163_n.jpg 2048w\" >\r\n        <\/a><\/div><\/span><span class=\"gallery-item\"><div class=\"hidden\"><a href=\"https:\/\/semmelweis.hu\/sportklub\/files\/2023\/01\/1-scaled.jpg\">\r\n        <img src=https:\/\/semmelweis.hu\/sportklub\/files\/2023\/01\/1-scaled.jpg alt=\"\" class=\"attachment-sote-gallery-big size-sote-gallery-big\" srcset=\"https:\/\/semmelweis.hu\/sportklub\/files\/2023\/01\/1-400x300.jpg 400w, https:\/\/semmelweis.hu\/sportklub\/files\/2023\/01\/1-1024x768.jpg 1024w, https:\/\/semmelweis.hu\/sportklub\/files\/2023\/01\/1-768x576.jpg 768w, https:\/\/semmelweis.hu\/sportklub\/files\/2023\/01\/1-1536x1152.jpg 1536w, https:\/\/semmelweis.hu\/sportklub\/files\/2023\/01\/1-2048x1536.jpg 2048w, https:\/\/semmelweis.hu\/sportklub\/files\/2023\/01\/1-753x565.jpg 753w\" >\r\n        <\/a><\/div><\/span><span class=\"gallery-item\"><div class=\"hidden\"><a href=\"https:\/\/semmelweis.hu\/sportklub\/files\/2022\/03\/20220116_123228-scaled.jpg\">\r\n        <img src=https:\/\/semmelweis.hu\/sportklub\/files\/2022\/03\/20220116_123228-scaled.jpg alt=\"\" class=\"attachment-sote-gallery-big size-sote-gallery-big\" srcset=\"https:\/\/semmelweis.hu\/sportklub\/files\/2022\/03\/20220116_123228-300x400.jpg 300w, https:\/\/semmelweis.hu\/sportklub\/files\/2022\/03\/20220116_123228-768x1024.jpg 768w, https:\/\/semmelweis.hu\/sportklub\/files\/2022\/03\/20220116_123228-1152x1536.jpg 1152w, https:\/\/semmelweis.hu\/sportklub\/files\/2022\/03\/20220116_123228-1536x2048.jpg 1536w, https:\/\/semmelweis.hu\/sportklub\/files\/2022\/03\/20220116_123228-753x1004.jpg 753w, https:\/\/semmelweis.hu\/sportklub\/files\/2022\/03\/20220116_123228-scaled.jpg 1920w\" >\r\n        <\/a><\/div><\/span><span class=\"gallery-item\"><div class=\"hidden\"><a href=\"https:\/\/semmelweis.hu\/sportklub\/files\/2023\/01\/RS161847_C19A2311-scr.jpg\">\r\n        <img src=https:\/\/semmelweis.hu\/sportklub\/files\/2023\/01\/RS161847_C19A2311-scr.jpg alt=\"\" class=\"attachment-sote-gallery-big size-sote-gallery-big\" srcset=\"https:\/\/semmelweis.hu\/sportklub\/files\/2023\/01\/RS161847_C19A2311-scr-400x267.jpg 400w, https:\/\/semmelweis.hu\/sportklub\/files\/2023\/01\/RS161847_C19A2311-scr-1024x683.jpg 1024w, https:\/\/semmelweis.hu\/sportklub\/files\/2023\/01\/RS161847_C19A2311-scr-768x512.jpg 768w, https:\/\/semmelweis.hu\/sportklub\/files\/2023\/01\/RS161847_C19A2311-scr-753x502.jpg 753w, https:\/\/semmelweis.hu\/sportklub\/files\/2023\/01\/RS161847_C19A2311-scr-203x135.jpg 203w, https:\/\/semmelweis.hu\/sportklub\/files\/2023\/01\/RS161847_C19A2311-scr.jpg 1200w\" >\r\n        <\/a><\/div><\/span><span class=\"gallery-item\"><div class=\"hidden\"><a href=\"https:\/\/semmelweis.hu\/sportklub\/files\/2022\/03\/20211010_144256-scaled.jpg\">\r\n        <img src=https:\/\/semmelweis.hu\/sportklub\/files\/2022\/03\/20211010_144256-scaled.jpg alt=\"\" class=\"attachment-sote-gallery-big size-sote-gallery-big\" srcset=\"https:\/\/semmelweis.hu\/sportklub\/files\/2022\/03\/20211010_144256-400x225.jpg 400w, https:\/\/semmelweis.hu\/sportklub\/files\/2022\/03\/20211010_144256-1024x576.jpg 1024w, https:\/\/semmelweis.hu\/sportklub\/files\/2022\/03\/20211010_144256-768x432.jpg 768w, https:\/\/semmelweis.hu\/sportklub\/files\/2022\/03\/20211010_144256-1536x864.jpg 1536w, https:\/\/semmelweis.hu\/sportklub\/files\/2022\/03\/20211010_144256-2048x1152.jpg 2048w, https:\/\/semmelweis.hu\/sportklub\/files\/2022\/03\/20211010_144256-753x424.jpg 753w\" >\r\n        <\/a><\/div><\/span><span class=\"gallery-item\"><div class=\"hidden\"><a href=\"https:\/\/semmelweis.hu\/sportklub\/files\/2023\/01\/6-scaled.jpg\">\r\n        <img src=https:\/\/semmelweis.hu\/sportklub\/files\/2023\/01\/6-scaled.jpg alt=\"\" class=\"attachment-sote-gallery-big size-sote-gallery-big\" srcset=\"https:\/\/semmelweis.hu\/sportklub\/files\/2023\/01\/6-400x300.jpg 400w, https:\/\/semmelweis.hu\/sportklub\/files\/2023\/01\/6-1024x768.jpg 1024w, https:\/\/semmelweis.hu\/sportklub\/files\/2023\/01\/6-768x576.jpg 768w, https:\/\/semmelweis.hu\/sportklub\/files\/2023\/01\/6-1536x1152.jpg 1536w, https:\/\/semmelweis.hu\/sportklub\/files\/2023\/01\/6-2048x1536.jpg 2048w, https:\/\/semmelweis.hu\/sportklub\/files\/2023\/01\/6-753x565.jpg 753w\" >\r\n        <\/a><\/div><\/span><span class=\"gallery-item\"><div class=\"hidden\"><a href=\"https:\/\/semmelweis.hu\/sportklub\/files\/2023\/01\/20221009_141718-scaled.jpg\">\r\n        <img src=https:\/\/semmelweis.hu\/sportklub\/files\/2023\/01\/20221009_141718-scaled.jpg alt=\"\" class=\"attachment-sote-gallery-big size-sote-gallery-big\" srcset=\"https:\/\/semmelweis.hu\/sportklub\/files\/2023\/01\/20221009_141718-180x400.jpg 180w, https:\/\/semmelweis.hu\/sportklub\/files\/2023\/01\/20221009_141718-461x1024.jpg 461w, https:\/\/semmelweis.hu\/sportklub\/files\/2023\/01\/20221009_141718-768x1705.jpg 768w, https:\/\/semmelweis.hu\/sportklub\/files\/2023\/01\/20221009_141718-692x1536.jpg 692w, https:\/\/semmelweis.hu\/sportklub\/files\/2023\/01\/20221009_141718-922x2048.jpg 922w, https:\/\/semmelweis.hu\/sportklub\/files\/2023\/01\/20221009_141718-753x1672.jpg 753w, https:\/\/semmelweis.hu\/sportklub\/files\/2023\/01\/20221009_141718-scaled.jpg 1153w\" >\r\n        <\/a><\/div><\/span><span class=\"gallery-item\"><div class=\"hidden\"><a href=\"https:\/\/semmelweis.hu\/sportklub\/files\/2023\/01\/5-scaled.jpg\">\r\n        <img src=https:\/\/semmelweis.hu\/sportklub\/files\/2023\/01\/5-scaled.jpg alt=\"\" class=\"attachment-sote-gallery-big size-sote-gallery-big\" srcset=\"https:\/\/semmelweis.hu\/sportklub\/files\/2023\/01\/5-400x300.jpg 400w, https:\/\/semmelweis.hu\/sportklub\/files\/2023\/01\/5-1024x768.jpg 1024w, https:\/\/semmelweis.hu\/sportklub\/files\/2023\/01\/5-768x576.jpg 768w, https:\/\/semmelweis.hu\/sportklub\/files\/2023\/01\/5-1536x1152.jpg 1536w, https:\/\/semmelweis.hu\/sportklub\/files\/2023\/01\/5-2048x1536.jpg 2048w, https:\/\/semmelweis.hu\/sportklub\/files\/2023\/01\/5-753x565.jpg 753w\" >\r\n        <\/a><\/div><\/span>\r\n            <\/div>\r\n\r\n            [\/slb_exclude]\r\n\t\n<p>&nbsp;<\/p>\n<p>&nbsp;<\/p>\n","protected":false},"excerpt":{"rendered":"<p>Szakoszt\u00e1lyvezet\u0151: Dr. Gerber G\u00e1bor FOK d\u00e9k\u00e1n Szervez\u0151\/kapcsolattart\u00f3:\u00a0 Ny\u00e1m\u00e1ndi Piroska Telefon: +36 20 825 0095 E-mail: <a href=\"mailto:seskszabadidosport@gmail.com\">seskszabadidosport@gmail.com<\/a> <a class=\"btn btn-secondary\" href=\"https:\/\/semmelweis.hu\/sportklub\/tag\/szabadidosport\/\" target=\"_self\" rel=\"noopener\">Legfrissebb h\u00edreink<\/a> Fut\u00e1s Fut\u00e1s edz\u00e9s: EL\u0150ZETES \u00e9s visszaigazolt jelentkez\u00e9s ut\u00e1n A Semmelweis Egyetem Sport Klub Szabadid\u0151sport szakoszt\u00e1ly c\u00e9lja az \u00e9rdekl\u0151d\u0151 tagok kezd\u0151, \u00fajrakezd\u0151, halad\u00f3 amat\u0151r \u00e9s hobbisportol\u00f3k t\u00e1mogat\u00e1sa, \u00f6szt\u00f6nz\u00e9se a lehet\u0151s\u00e9gek \u00e9s felt\u00e9telek megteremt\u00e9s\u00e9vel, a sportk\u00f6z\u00f6ss\u00e9g\u00fcnk l\u00e9trehoz\u00e1s\u00e1val. A szakoszt\u00e1ly f\u0151 profilja jelenleg &hellip;<\/p>\n","protected":false},"author":101997,"featured_media":0,"parent":130,"menu_order":0,"comment_status":"closed","ping_status":"closed","template":"","meta":{"_acf_changed":false,"footnotes":""},"categories":[34],"tags":[],"class_list":["post-99","page","type-page","status-publish","hentry","category-aktiv-szakosztalyok"],"acf":[],"_links":{"self":[{"href":"https:\/\/semmelweis.hu\/sportklub\/wp-json\/wp\/v2\/pages\/99","targetHints":{"allow":["GET"]}}],"collection":[{"href":"https:\/\/semmelweis.hu\/sportklub\/wp-json\/wp\/v2\/pages"}],"about":[{"href":"https:\/\/semmelweis.hu\/sportklub\/wp-json\/wp\/v2\/types\/page"}],"author":[{"embeddable":true,"href":"https:\/\/semmelweis.hu\/sportklub\/wp-json\/wp\/v2\/users\/101997"}],"replies":[{"embeddable":true,"href":"https:\/\/semmelweis.hu\/sportklub\/wp-json\/wp\/v2\/comments?post=99"}],"version-history":[{"count":12,"href":"https:\/\/semmelweis.hu\/sportklub\/wp-json\/wp\/v2\/pages\/99\/revisions"}],"predecessor-version":[{"id":1358,"href":"https:\/\/semmelweis.hu\/sportklub\/wp-json\/wp\/v2\/pages\/99\/revisions\/1358"}],"up":[{"embeddable":true,"href":"https:\/\/semmelweis.hu\/sportklub\/wp-json\/wp\/v2\/pages\/130"}],"wp:attachment":[{"href":"https:\/\/semmelweis.hu\/sportklub\/wp-json\/wp\/v2\/media?parent=99"}],"wp:term":[{"taxonomy":"category","embeddable":true,"href":"https:\/\/semmelweis.hu\/sportklub\/wp-json\/wp\/v2\/categories?post=99"},{"taxonomy":"post_tag","embeddable":true,"href":"https:\/\/semmelweis.hu\/sportklub\/wp-json\/wp\/v2\/tags?post=99"}],"curies":[{"name":"wp","href":"https:\/\/api.w.org\/{rel}","templated":true}]}}