{"id":95,"date":"2022-03-08T10:28:21","date_gmt":"2022-03-08T09:28:21","guid":{"rendered":"https:\/\/semmelweis.hu\/sportklub\/?page_id=95"},"modified":"2025-10-01T12:15:33","modified_gmt":"2025-10-01T10:15:33","slug":"roplabda","status":"publish","type":"page","link":"https:\/\/semmelweis.hu\/sportklub\/szakosztalyok\/roplabda\/","title":{"rendered":"R\u00f6plabda"},"content":{"rendered":"<h4>Szakoszt\u00e1lyvezet\u0151:<\/h4>\n<h5>Prof. Nyir\u00e1dy P\u00e9ter<\/h5>\n<p>\u00c1OK D\u00e9k\u00e1n, Urol\u00f3giai Klinika igazgat\u00f3<\/p>\n<div class=\"responsive-tabs\">\n<h2 class=\"tabtitle\">Edz\u00e9sek<\/h2>\n<div class=\"tabcontent\">\n\n<h5>N\u0151i csapat edz\u0151je: Balogh No\u00e9mi<\/h5>\n<p>Telefon: +36205252061<br \/>\nE-mail: <a href=\"mailto:baloghnoemi054@gmail.com\">baloghnoemi054@gmail.com<\/a>;\u00a0<a href=\"mailto:roplabda.sesk@gmail.com\">roplabda.sesk@gmail.com<\/a><\/p>\n<h5>F\u00e9rfi csapat edz\u0151je: Dr. Kov\u00e1cs Attila\u00a0<\/h5>\n<p><a href=\"mailto:vizipacsi69@gmail.com\"><span style=\"color: #000000;\">E- mail:<\/span>\u00a0 vizi.paci69@gmail.com<\/a><\/p>\n<div class=\"keretes w-100\">\n<p><strong>Helysz\u00edn: <\/strong>Testnevel\u00e9si \u00e9s Sportk\u00f6zpont: 1107 Budapest, Z\u00e1gr\u00e1bi u. 14.<\/p>\n<p><strong>Edz\u00e9sek id\u0151pontja:<\/strong><br \/>\nkedd, cs\u00fct\u00f6rt\u00f6k: 19.00-20.30<\/p>\n<p><strong>Az els\u0151 edz\u00e9sen val\u00f3 r\u00e9szv\u00e9tel d\u00edjtalan. Az edz\u00e9shez nem k\u00f6telez\u0151 felvenni a r\u00f6plabda edz\u00e9s t\u00e1rgyat.\u00a0Az al\u00e1\u00edr\u00e1s felt\u00e9tele (klubtags\u00e1g, d\u00edjfizet\u00e9s ut\u00e1n) 15 edz\u00e9sen t\u00f6rt\u00e9n\u0151 akt\u00edv r\u00e9szv\u00e9tel.\u00a0<\/strong><\/p>\n<p><a href=\"https:\/\/semmelweis.hu\/sportklub\/tag\/roplabda\/\">Legfrissebb h\u00edreink \u2192<\/a><\/p>\n<\/div>\n<hr \/>\n<h4><strong>Az edz\u00e9seken val\u00f3 r\u00e9szv\u00e9tel felt\u00e9tele\u00a0<\/strong><\/h4>\n<ul>\n<li>\n<p><strong> a szakoszt\u00e1lyba t\u00f6rt\u00e9n\u0151 bel\u00e9p\u00e9s<\/strong><br \/>\nA bel\u00e9p\u00e9si nyilatkozat let\u00f6lthet\u0151 a <a href=\"https:\/\/semmelweis.hu\/sportklub\/dokumentumok\/\"><strong>Dokumentumok men\u00fcpontb\u00f3l \u2192<\/strong><\/a> vagy el\u00e9rhet\u0151 a port\u00e1n is\u00a0<\/p>\n<\/li>\n<li>\n<p><strong>a 18.000 Ft \/ szemeszter<\/strong> <strong>tag- \u00e9s szakoszt\u00e1lyi d\u00edj befizet\u00e9se <br \/>\n(k\u00fcls\u0151s\u00f6knek 36.000 Ft)<\/strong><\/p>\n<\/li>\n<li><strong>egyes\u00fcleti online regisztr\u00e1ci\u00f3<\/strong>: <a href=\"https:\/\/egyesuletonline.hu\/regisztracio\/se-sk\">https:\/\/egyesuletonline.hu\/regisztracio\/se-sk<\/a><\/li>\n<\/ul>\n<hr \/>\n\n\r\n        [slb_exclude]\r\n        <div class=\"row galeria-wrapper mx-0 h-auto\">\r\n            <div class=\"col-9 pl-0 pr-2\">\r\n            <span class=\"gallery-item frame\">\r\n\t\t\t\t<div class=\"galeria-left-img\"><a href=\"https:\/\/semmelweis.hu\/sportklub\/files\/2025\/10\/RS212786__19A3893-scr.jpg\"><img src=https:\/\/semmelweis.hu\/sportklub\/files\/2025\/10\/RS212786__19A3893-scr.jpg  \r\n                            alt=\"\" \r\n                            class=\"attachment-sote-gallery-big size-sote-gallery-big\" \r\n                            srcset=\"https:\/\/semmelweis.hu\/sportklub\/files\/2025\/10\/RS212786__19A3893-scr-400x267.jpg 400w, https:\/\/semmelweis.hu\/sportklub\/files\/2025\/10\/RS212786__19A3893-scr-1024x683.jpg 1024w, https:\/\/semmelweis.hu\/sportklub\/files\/2025\/10\/RS212786__19A3893-scr-768x512.jpg 768w, https:\/\/semmelweis.hu\/sportklub\/files\/2025\/10\/RS212786__19A3893-scr-753x502.jpg 753w, https:\/\/semmelweis.hu\/sportklub\/files\/2025\/10\/RS212786__19A3893-scr-203x135.jpg 203w, https:\/\/semmelweis.hu\/sportklub\/files\/2025\/10\/RS212786__19A3893-scr.jpg 1200w\" ><\/a><\/div>\r\n            <\/span>\r\n\r\n            <\/div>\r\n\r\n\t\t\t<div class=\"col-3 pl-0 pr-0\">\r\n\t\t\t\t<div class=\"galeria-right-img d-flex justify-content-between flex-column h-100 w-100 px-0 mx-0 \">\r\n                <div class=\"galeria-box\">\r\n\t\t\t\t\t<h3 class=\"galeria-title\">Gal\u00e9ria<\/h3>\r\n\t\t\t\t\t<div class=\"galeria-subtitle\">\r\n\r\n\t\t\t\t\t\t<div class=\"galeria-page-counter\"><span>6<\/span>k\u00e9p<\/div>\r\n                    <\/div> <\/div>\r\n                    <span class=\"gallery-item frame d-none d-md-flex\">\r\n\t\t\t\t\t<div class=\"galeria-small-img mt-0\"><a href=\"https:\/\/semmelweis.hu\/sportklub\/files\/2025\/10\/RS149094_3P1A8944-scr.jpg\"><img src=https:\/\/semmelweis.hu\/sportklub\/files\/2025\/10\/RS149094_3P1A8944-scr.jpg \r\n                                alt=\"\"  \r\n                                class=\"attachment-sote-gallery-small size-sote-gallery-small\" \r\n                                srcset=\"https:\/\/semmelweis.hu\/sportklub\/files\/2025\/10\/RS149094_3P1A8944-scr-400x267.jpg 400w, https:\/\/semmelweis.hu\/sportklub\/files\/2025\/10\/RS149094_3P1A8944-scr-1024x683.jpg 1024w, https:\/\/semmelweis.hu\/sportklub\/files\/2025\/10\/RS149094_3P1A8944-scr-768x512.jpg 768w, https:\/\/semmelweis.hu\/sportklub\/files\/2025\/10\/RS149094_3P1A8944-scr-753x502.jpg 753w, https:\/\/semmelweis.hu\/sportklub\/files\/2025\/10\/RS149094_3P1A8944-scr-203x135.jpg 203w, https:\/\/semmelweis.hu\/sportklub\/files\/2025\/10\/RS149094_3P1A8944-scr.jpg 1200w\" ><\/a><\/div>\r\n                    <\/span>\r\n                    <span class=\"gallery-item frame d-none d-md-flex\">\r\n\t\t\t\t\t<div class=\"galeria-small-img mt-0\"><a href=\"https:\/\/semmelweis.hu\/sportklub\/files\/2025\/10\/RS76859_Roplabda-noi-BP-Debrecen-08-scr.jpg\"><img src=https:\/\/semmelweis.hu\/sportklub\/files\/2025\/10\/RS76859_Roplabda-noi-BP-Debrecen-08-scr.jpg \r\n                                alt=\"\" \r\n                                class=\"attachment-sote-gallery-small size-sote-gallery-small\" \r\n                                srcset=\"https:\/\/semmelweis.hu\/sportklub\/files\/2025\/10\/RS76859_Roplabda-noi-BP-Debrecen-08-scr-400x267.jpg 400w, https:\/\/semmelweis.hu\/sportklub\/files\/2025\/10\/RS76859_Roplabda-noi-BP-Debrecen-08-scr-1024x684.jpg 1024w, https:\/\/semmelweis.hu\/sportklub\/files\/2025\/10\/RS76859_Roplabda-noi-BP-Debrecen-08-scr-768x513.jpg 768w, https:\/\/semmelweis.hu\/sportklub\/files\/2025\/10\/RS76859_Roplabda-noi-BP-Debrecen-08-scr-753x503.jpg 753w, https:\/\/semmelweis.hu\/sportklub\/files\/2025\/10\/RS76859_Roplabda-noi-BP-Debrecen-08-scr-203x135.jpg 203w, https:\/\/semmelweis.hu\/sportklub\/files\/2025\/10\/RS76859_Roplabda-noi-BP-Debrecen-08-scr.jpg 1200w\" ><\/a><\/div>\r\n                    <\/span>\r\n\r\n                <\/div>\r\n\r\n            <\/div>\r\n\r\n            <span class=\"gallery-item\"><div class=\"hidden\"><a href=\"https:\/\/semmelweis.hu\/sportklub\/files\/2025\/10\/RS212794__19A3953-scr.jpg\">\r\n        <img src=https:\/\/semmelweis.hu\/sportklub\/files\/2025\/10\/RS212794__19A3953-scr.jpg alt=\"\" class=\"attachment-sote-gallery-big size-sote-gallery-big\" srcset=\"https:\/\/semmelweis.hu\/sportklub\/files\/2025\/10\/RS212794__19A3953-scr-400x267.jpg 400w, https:\/\/semmelweis.hu\/sportklub\/files\/2025\/10\/RS212794__19A3953-scr-1024x683.jpg 1024w, https:\/\/semmelweis.hu\/sportklub\/files\/2025\/10\/RS212794__19A3953-scr-768x512.jpg 768w, https:\/\/semmelweis.hu\/sportklub\/files\/2025\/10\/RS212794__19A3953-scr-753x502.jpg 753w, https:\/\/semmelweis.hu\/sportklub\/files\/2025\/10\/RS212794__19A3953-scr-203x135.jpg 203w, https:\/\/semmelweis.hu\/sportklub\/files\/2025\/10\/RS212794__19A3953-scr.jpg 1200w\" >\r\n        <\/a><\/div><\/span><span class=\"gallery-item\"><div class=\"hidden\"><a href=\"https:\/\/semmelweis.hu\/sportklub\/files\/2022\/03\/30936_transform.jpg\">\r\n        <img src=https:\/\/semmelweis.hu\/sportklub\/files\/2022\/03\/30936_transform.jpg alt=\"\" class=\"attachment-sote-gallery-big size-sote-gallery-big\" srcset=\"https:\/\/semmelweis.hu\/sportklub\/files\/2022\/03\/30936_transform-400x267.jpg 400w, https:\/\/semmelweis.hu\/sportklub\/files\/2022\/03\/30936_transform-768x512.jpg 768w, https:\/\/semmelweis.hu\/sportklub\/files\/2022\/03\/30936_transform-753x502.jpg 753w, https:\/\/semmelweis.hu\/sportklub\/files\/2022\/03\/30936_transform-203x135.jpg 203w, https:\/\/semmelweis.hu\/sportklub\/files\/2022\/03\/30936_transform.jpg 950w\" >\r\n        <\/a><\/div><\/span><span class=\"gallery-item\"><div class=\"hidden\"><a href=\"https:\/\/semmelweis.hu\/sportklub\/files\/2025\/10\/RS149093_3P1A8956-scr.jpg\">\r\n        <img src=https:\/\/semmelweis.hu\/sportklub\/files\/2025\/10\/RS149093_3P1A8956-scr.jpg alt=\"\" class=\"attachment-sote-gallery-big size-sote-gallery-big\" srcset=\"https:\/\/semmelweis.hu\/sportklub\/files\/2025\/10\/RS149093_3P1A8956-scr-400x267.jpg 400w, https:\/\/semmelweis.hu\/sportklub\/files\/2025\/10\/RS149093_3P1A8956-scr-1024x683.jpg 1024w, https:\/\/semmelweis.hu\/sportklub\/files\/2025\/10\/RS149093_3P1A8956-scr-768x512.jpg 768w, https:\/\/semmelweis.hu\/sportklub\/files\/2025\/10\/RS149093_3P1A8956-scr-753x502.jpg 753w, https:\/\/semmelweis.hu\/sportklub\/files\/2025\/10\/RS149093_3P1A8956-scr-203x135.jpg 203w, https:\/\/semmelweis.hu\/sportklub\/files\/2025\/10\/RS149093_3P1A8956-scr.jpg 1200w\" >\r\n        <\/a><\/div><\/span>\r\n            <\/div>\r\n\r\n            [\/slb_exclude]\r\n\t\n<p>&nbsp;<\/p>\n\n<\/div><h2 class=\"tabtitle\">TAO<\/h2>\n<div class=\"tabcontent\">\n\n<h4><strong>TAO Dokumentumok &#8211; R\u00f6plabda szakoszt\u00e1ly<\/strong><\/h4>\n<h5>2025\/26<\/h5>\n<ul>\n<li><a href=\"https:\/\/semmelweis.hu\/sportklub\/files\/2025\/05\/Sportfejlesztesi-program-ropi-2025_26.pdf\" target=\"_blank\" rel=\"noopener\">Sportfejleszte\u0301si program ro\u0308pi 2025_26<\/a><\/li>\n<li><a href=\"https:\/\/semmelweis.hu\/sportklub\/files\/2025\/05\/MRSZ-2025_26-jovahagyo-hatarozat.pdf\" target=\"_blank\" rel=\"noopener\">J\u00f3v\u00e1hagy\u00f3 hat\u00e1rozat_MRSZ 2025_26<\/a><\/li>\n<\/ul>\n<h5>2024<\/h5>\n<ul>\n<li><a href=\"https:\/\/semmelweis.hu\/sportklub\/files\/2024\/05\/Jovahagyott-program_SESK_ropi_2024-1.pdf\">J\u00f3v\u00e1hagyott program_SESK_r\u00f6pi_2024<\/a><\/li>\n<li><a href=\"https:\/\/semmelweis.hu\/sportklub\/files\/2024\/05\/Jovahagyo-hatarozat_SESK_ropi_2024-1.pdf\">J\u00f3v\u00e1hagy\u00f3 hat\u00e1rozat_SESK_r\u00f6pi_2024<\/a><\/li>\n<\/ul>\n<h5>2023<\/h5>\n<ul>\n<li><a href=\"https:\/\/semmelweis.hu\/sportklub\/files\/2024\/05\/Jovahagyott-program_SESK_ropi_2023-1.pdf\">J\u00f3v\u00e1hagyott program_SESK_r\u00f6pi_2023<\/a><\/li>\n<li><a href=\"https:\/\/semmelweis.hu\/sportklub\/files\/2024\/05\/Jovahagyo-hatarozat_SESK_ropi_2023-1.pdf\">J\u00f3v\u00e1hagy\u00f3 hat\u00e1rozat_SESK_r\u00f6pi_2023<\/a><\/li>\n<\/ul>\n<\/div><\/div>\n","protected":false},"excerpt":{"rendered":"<p>Szakoszt\u00e1lyvezet\u0151: Prof. Nyir\u00e1dy P\u00e9ter \u00c1OK D\u00e9k\u00e1n, Urol\u00f3giai Klinika igazgat\u00f3 N\u0151i csapat edz\u0151je: Balogh No\u00e9mi Telefon: +36205252061 E-mail: <a href=\"mailto:baloghnoemi054@gmail.com\">baloghnoemi054@gmail.com<\/a> ;\u00a0 <a href=\"mailto:roplabda.sesk@gmail.com\">roplabda.sesk@gmail.com<\/a> F\u00e9rfi csapat edz\u0151je: Dr. Kov\u00e1cs Attila\u00a0 <a href=\"mailto:vizipacsi69@gmail.com\">E- mail:\u00a0 vizi.paci69@gmail.com<\/a> Helysz\u00edn: Testnevel\u00e9si \u00e9s Sportk\u00f6zpont: 1107 Budapest, Z\u00e1gr\u00e1bi u. 14. Edz\u00e9sek id\u0151pontja: kedd, cs\u00fct\u00f6rt\u00f6k: 19.00-20.30 Az els\u0151 edz\u00e9sen val\u00f3 r\u00e9szv\u00e9tel d\u00edjtalan. Az edz\u00e9shez nem k\u00f6telez\u0151 felvenni a r\u00f6plabda edz\u00e9s t\u00e1rgyat.\u00a0Az al\u00e1\u00edr\u00e1s felt\u00e9tele &hellip;<\/p>\n","protected":false},"author":101997,"featured_media":0,"parent":130,"menu_order":0,"comment_status":"closed","ping_status":"closed","template":"","meta":{"_acf_changed":false,"footnotes":""},"categories":[34],"tags":[],"class_list":["post-95","page","type-page","status-publish","hentry","category-aktiv-szakosztalyok"],"acf":[],"_links":{"self":[{"href":"https:\/\/semmelweis.hu\/sportklub\/wp-json\/wp\/v2\/pages\/95","targetHints":{"allow":["GET"]}}],"collection":[{"href":"https:\/\/semmelweis.hu\/sportklub\/wp-json\/wp\/v2\/pages"}],"about":[{"href":"https:\/\/semmelweis.hu\/sportklub\/wp-json\/wp\/v2\/types\/page"}],"author":[{"embeddable":true,"href":"https:\/\/semmelweis.hu\/sportklub\/wp-json\/wp\/v2\/users\/101997"}],"replies":[{"embeddable":true,"href":"https:\/\/semmelweis.hu\/sportklub\/wp-json\/wp\/v2\/comments?post=95"}],"version-history":[{"count":11,"href":"https:\/\/semmelweis.hu\/sportklub\/wp-json\/wp\/v2\/pages\/95\/revisions"}],"predecessor-version":[{"id":1355,"href":"https:\/\/semmelweis.hu\/sportklub\/wp-json\/wp\/v2\/pages\/95\/revisions\/1355"}],"up":[{"embeddable":true,"href":"https:\/\/semmelweis.hu\/sportklub\/wp-json\/wp\/v2\/pages\/130"}],"wp:attachment":[{"href":"https:\/\/semmelweis.hu\/sportklub\/wp-json\/wp\/v2\/media?parent=95"}],"wp:term":[{"taxonomy":"category","embeddable":true,"href":"https:\/\/semmelweis.hu\/sportklub\/wp-json\/wp\/v2\/categories?post=95"},{"taxonomy":"post_tag","embeddable":true,"href":"https:\/\/semmelweis.hu\/sportklub\/wp-json\/wp\/v2\/tags?post=95"}],"curies":[{"name":"wp","href":"https:\/\/api.w.org\/{rel}","templated":true}]}}