{"id":86,"date":"2022-03-08T10:14:02","date_gmt":"2022-03-08T09:14:02","guid":{"rendered":"https:\/\/semmelweis.hu\/sportklub\/?page_id=86"},"modified":"2026-02-24T13:27:00","modified_gmt":"2026-02-24T12:27:00","slug":"labdarugas","status":"publish","type":"page","link":"https:\/\/semmelweis.hu\/sportklub\/szakosztalyok\/labdarugas\/","title":{"rendered":"Labdar\u00fag\u00e1s"},"content":{"rendered":"<h4>Szakoszt\u00e1lyvezet\u0151:<\/h4>\n<h5>Dr. Hank\u00f3 Bal\u00e1zs<\/h5>\n<p>kultur\u00e1lis \u00e9s innov\u00e1ci\u00f3s miniszter<\/p>\n<h5>Edz\u0151: Rimay Istv\u00e1n<\/h5>\n<p>Telefon: +36 30\/115-13-22<br \/>\ne-mail: <a href=\"mailto:pisti13hun@gmail.com\">pisti13hun@gmail.com<\/a><\/p>\n<div class=\"keretes w-100\">\n<p><strong>Testnevel\u00e9si \u00e9s Sportk\u00f6zpont<\/strong><br \/>\n1107 Budapest, Z\u00e1gr\u00e1bi u. 14.<\/p>\n<p><strong>N\u0151i labdar\u00fag\u00e1s:<\/strong> <br \/>\nh\u00e9tf\u0151: 18.30-20.00<br \/>\ncs\u00fct\u00f6rt\u00f6k: 20.00-21.30<br \/>\n<strong>F\u00e9rfi labdar\u00fag\u00e1s:<\/strong><br \/>\nkedd: 19.00-20.30<\/p>\n<p>cs\u00fct\u00f6rt\u00f6k: 18.30-20.00<\/p>\n<\/div>\n<hr \/>\n<h4><strong>Az edz\u00e9seken val\u00f3 r\u00e9szv\u00e9tel felt\u00e9tele\u00a0<\/strong><\/h4>\n<ul>\n<li>\n<p><strong> a szakoszt\u00e1lyba t\u00f6rt\u00e9n\u0151 bel\u00e9p\u00e9s<\/strong><br \/>\nA bel\u00e9p\u00e9si nyilatkozat let\u00f6lthet\u0151 a <a href=\"https:\/\/semmelweis.hu\/sportklub\/dokumentumok\/\"><strong>Dokumentumok men\u00fcpontb\u00f3l \u2192<\/strong><\/a> vagy el\u00e9rhet\u0151 a port\u00e1n is\u00a0<\/p>\n<\/li>\n<li>\n<p><strong>a 18.000 Ft \/ szemeszter<\/strong> <strong>tag- \u00e9s szakoszt\u00e1lyi d\u00edj befizet\u00e9se <br \/>\n(k\u00fcls\u0151s\u00f6knek 36.000 Ft)<\/strong><\/p>\n<\/li>\n<li><strong>egyes\u00fcleti online regisztr\u00e1ci\u00f3<\/strong>: <a href=\"https:\/\/egyesuletonline.hu\/regisztracio\/se-sk\">https:\/\/egyesuletonline.hu\/regisztracio\/se-sk<\/a><\/li>\n<\/ul>\n<hr \/>\n\n<p><strong>Cikk aj\u00e1nl\u00f3:<\/strong> <a href=\"https:\/\/neofutball.hu\/cikk\/a-jot-vagy-a-hibat-latod-meg-eloszor\/\" target=\"_blank\" rel=\"noopener\"><strong>A j\u00f3t vagy a hib\u00e1t l\u00e1tod meg el\u0151sz\u00f6r?<\/strong><\/a> Szerz\u0151: R\u00f3zant Jan\u00f3<\/p>\n<p><a href=\"https:\/\/semmelweis.hu\/sportklub\/files\/2021\/01\/RS102792_ka-20191021-IMG_5970-scr.jpg\"><img loading=\"lazy\" decoding=\"async\" class=\"aligncenter wp-image-19 size-full\" src=\"https:\/\/semmelweis.hu\/sportklub\/files\/2021\/01\/RS102792_ka-20191021-IMG_5970-scr.jpg\" alt=\"\" width=\"950\" height=\"529\" srcset=\"https:\/\/semmelweis.hu\/sportklub\/files\/2021\/01\/RS102792_ka-20191021-IMG_5970-scr.jpg 950w, https:\/\/semmelweis.hu\/sportklub\/files\/2021\/01\/RS102792_ka-20191021-IMG_5970-scr-400x223.jpg 400w, https:\/\/semmelweis.hu\/sportklub\/files\/2021\/01\/RS102792_ka-20191021-IMG_5970-scr-768x428.jpg 768w, https:\/\/semmelweis.hu\/sportklub\/files\/2021\/01\/RS102792_ka-20191021-IMG_5970-scr-753x419.jpg 753w\" sizes=\"auto, (max-width: 950px) 100vw, 950px\" \/><\/a><\/p>\n","protected":false},"excerpt":{"rendered":"<p>Szakoszt\u00e1lyvezet\u0151:<br \/>\nDr. Hank\u00f3 Bal\u00e1zs<br \/>\nkultur\u00e1lis \u00e9s innov\u00e1ci\u00f3s miniszter<br \/>\nEdz\u0151: Rimay Istv\u00e1n<br \/>\nTelefon: +36 30\/115-13-22<br \/>\ne-mail: <a href=\"mailto:pisti13hun@gmail.com\">pisti13hun@gmail.com<\/a><\/p>\n<p>Testnevel\u00e9si \u00e9s Sportk\u00f6zpont<br \/>\n1107 Budapest, Z\u00e1gr\u00e1bi u. 14.<br \/>\nN\u0151i labdar\u00fag\u00e1s:<br \/>\nh\u00e9tf\u0151: 18.30-20.00<br \/>\ncs\u00fct\u00f6rt\u00f6k: 20.00-21.30<br \/>\nF\u00e9rfi labdar\u00fag\u00e1s:<br \/>\nkedd: 19.00-20.30<br \/>\ncs\u00fct\u00f6rt\u00f6k: 18.30-20.00<\/p>\n<p>Cikk aj\u00e1nl\u00f3: <a href=\"https:\/\/neofutball.hu\/cikk\/a-jot-vagy-a-hibat-latod-meg-eloszor\/\" target=\"_blank\" rel=\"noopener\">A j\u00f3t vagy a hib\u00e1t l\u00e1tod meg el\u0151sz\u00f6r?<\/a> Szerz\u0151: R\u00f3zant Jan\u00f3<br \/>\n<a href=\"https:\/\/semmelweis.hu\/sportklub\/files\/2021\/01\/RS102792_ka-20191021-IMG_5970-scr.jpg\"><\/a><\/p>\n","protected":false},"author":101997,"featured_media":0,"parent":130,"menu_order":0,"comment_status":"closed","ping_status":"closed","template":"","meta":{"_acf_changed":false,"footnotes":""},"categories":[34],"tags":[],"class_list":["post-86","page","type-page","status-publish","hentry","category-aktiv-szakosztalyok"],"acf":[],"_links":{"self":[{"href":"https:\/\/semmelweis.hu\/sportklub\/wp-json\/wp\/v2\/pages\/86","targetHints":{"allow":["GET"]}}],"collection":[{"href":"https:\/\/semmelweis.hu\/sportklub\/wp-json\/wp\/v2\/pages"}],"about":[{"href":"https:\/\/semmelweis.hu\/sportklub\/wp-json\/wp\/v2\/types\/page"}],"author":[{"embeddable":true,"href":"https:\/\/semmelweis.hu\/sportklub\/wp-json\/wp\/v2\/users\/101997"}],"replies":[{"embeddable":true,"href":"https:\/\/semmelweis.hu\/sportklub\/wp-json\/wp\/v2\/comments?post=86"}],"version-history":[{"count":12,"href":"https:\/\/semmelweis.hu\/sportklub\/wp-json\/wp\/v2\/pages\/86\/revisions"}],"predecessor-version":[{"id":1393,"href":"https:\/\/semmelweis.hu\/sportklub\/wp-json\/wp\/v2\/pages\/86\/revisions\/1393"}],"up":[{"embeddable":true,"href":"https:\/\/semmelweis.hu\/sportklub\/wp-json\/wp\/v2\/pages\/130"}],"wp:attachment":[{"href":"https:\/\/semmelweis.hu\/sportklub\/wp-json\/wp\/v2\/media?parent=86"}],"wp:term":[{"taxonomy":"category","embeddable":true,"href":"https:\/\/semmelweis.hu\/sportklub\/wp-json\/wp\/v2\/categories?post=86"},{"taxonomy":"post_tag","embeddable":true,"href":"https:\/\/semmelweis.hu\/sportklub\/wp-json\/wp\/v2\/tags?post=86"}],"curies":[{"name":"wp","href":"https:\/\/api.w.org\/{rel}","templated":true}]}}