{"id":8,"date":"2021-01-27T12:05:20","date_gmt":"2021-01-27T11:05:20","guid":{"rendered":"https:\/\/semmelweis.hu\/sportklub\/?page_id=8"},"modified":"2022-03-09T14:47:02","modified_gmt":"2022-03-09T13:47:02","slug":"elerhetosegek","status":"publish","type":"page","link":"https:\/\/semmelweis.hu\/sportklub\/elerhetosegek\/","title":{"rendered":"El\u00e9rhet\u0151s\u00e9gek"},"content":{"rendered":"<p><strong>Az egyes\u00fclet neve:<\/strong> SEMMELWEIS EGYETEM SPORT KLUB<\/p>\n<p><strong>R\u00f6vid\u00edtett elnevez\u00e9se:<\/strong> Semmelweis Sport Klub; SE SK<\/p>\n<p><strong>Az egyes\u00fclet sz\u00e9khelye:<\/strong> 1107 Budapest, Z\u00e1gr\u00e1bi utca 14.<\/p>\n<p><strong>Eln\u00f6k:<\/strong> Dr. Merkely B\u00e9la<\/p>\n<p><strong>Az egyes\u00fclet m\u0171k\u00f6d\u00e9si form\u00e1ja:<\/strong> sportegyes\u00fclet<\/p>\n<p><strong>Az egyes\u00fclet alap\u00edt\u00e1s\u00e1nak \u00e9ve:<\/strong> 2012.<\/p>\n<p>&nbsp;<\/p>\n","protected":false},"excerpt":{"rendered":"<p>Az egyes\u00fclet neve: SEMMELWEIS EGYETEM SPORT KLUB<br \/>\nR\u00f6vid\u00edtett elnevez\u00e9se: Semmelweis Sport Klub; SE SK<br \/>\nAz egyes\u00fclet sz\u00e9khelye: 1107 Budapest, Z\u00e1gr\u00e1bi utca 14.<br \/>\nEln\u00f6k: Dr. Merkely B\u00e9la<br \/>\nAz egyes\u00fclet m\u0171k\u00f6d\u00e9si form\u00e1ja: sportegyes\u00fclet<br \/>\nAz egyes\u00fclet alap\u00edt\u00e1s\u00e1nak \u00e9ve: 2012.<br \/>\n&nbsp;<\/p>\n","protected":false},"author":12,"featured_media":0,"parent":0,"menu_order":9,"comment_status":"closed","ping_status":"closed","template":"","meta":{"_acf_changed":false,"footnotes":""},"categories":[],"tags":[],"class_list":["post-8","page","type-page","status-publish","hentry"],"acf":[],"_links":{"self":[{"href":"https:\/\/semmelweis.hu\/sportklub\/wp-json\/wp\/v2\/pages\/8","targetHints":{"allow":["GET"]}}],"collection":[{"href":"https:\/\/semmelweis.hu\/sportklub\/wp-json\/wp\/v2\/pages"}],"about":[{"href":"https:\/\/semmelweis.hu\/sportklub\/wp-json\/wp\/v2\/types\/page"}],"author":[{"embeddable":true,"href":"https:\/\/semmelweis.hu\/sportklub\/wp-json\/wp\/v2\/users\/12"}],"replies":[{"embeddable":true,"href":"https:\/\/semmelweis.hu\/sportklub\/wp-json\/wp\/v2\/comments?post=8"}],"version-history":[{"count":10,"href":"https:\/\/semmelweis.hu\/sportklub\/wp-json\/wp\/v2\/pages\/8\/revisions"}],"predecessor-version":[{"id":284,"href":"https:\/\/semmelweis.hu\/sportklub\/wp-json\/wp\/v2\/pages\/8\/revisions\/284"}],"wp:attachment":[{"href":"https:\/\/semmelweis.hu\/sportklub\/wp-json\/wp\/v2\/media?parent=8"}],"wp:term":[{"taxonomy":"category","embeddable":true,"href":"https:\/\/semmelweis.hu\/sportklub\/wp-json\/wp\/v2\/categories?post=8"},{"taxonomy":"post_tag","embeddable":true,"href":"https:\/\/semmelweis.hu\/sportklub\/wp-json\/wp\/v2\/tags?post=8"}],"curies":[{"name":"wp","href":"https:\/\/api.w.org\/{rel}","templated":true}]}}