{"id":77,"date":"2022-03-08T10:01:35","date_gmt":"2022-03-08T09:01:35","guid":{"rendered":"https:\/\/semmelweis.hu\/sportklub\/?page_id=77"},"modified":"2025-10-01T12:08:37","modified_gmt":"2025-10-01T10:08:37","slug":"jegkorong","status":"publish","type":"page","link":"https:\/\/semmelweis.hu\/sportklub\/szakosztalyok\/jegkorong\/","title":{"rendered":"J\u00e9gkorong"},"content":{"rendered":"<h4>Szakoszt\u00e1lyvezet\u0151:<\/h4>\n<h5>Dr. Giricz Zolt\u00e1n<\/h5>\n<p>Farmakol\u00f3giai \u00e9s Farmakoter\u00e1pi\u00e1s Int\u00e9zet tudom\u00e1nyos f\u0151munkat\u00e1rsa<\/p>\n<h5>Edz\u0151: Lehel Zsolt<\/h5>\n<p>E-mail: <a href=\"mailto:zslehel@yahoo.com\">zslehel@yahoo.com<\/a><\/p>\n<div class=\"keretes w-100\">\n<p><strong>Helysz\u00edn:<\/strong><\/p>\n<p><strong>FTC s\u00e1tras j\u00e9gp\u00e1lya<\/strong><br \/>\n1097 Budapest, K\u00f6nyves K\u00e1lm\u00e1n krt. 28.<\/p>\n<p><strong>Id\u0151pont:\u00a0<\/strong><br \/>\nh\u00e9tf\u0151: 21.30 &#8211; 22.30<\/p>\n<p><strong>A csapathoz csak el\u0151zetes j\u00e9gkorongos tapasztalattal rendelkez\u0151 hallgat\u00f3k csatlakozhatnak!<\/strong><\/p>\n<\/div>\n<hr \/>\n<h4><strong>Az edz\u00e9seken val\u00f3 r\u00e9szv\u00e9tel felt\u00e9tele\u00a0<\/strong><\/h4>\n<ul>\n<li>\n<p><strong> a szakoszt\u00e1lyba t\u00f6rt\u00e9n\u0151 bel\u00e9p\u00e9s<\/strong><br \/>\nA bel\u00e9p\u00e9si nyilatkozat let\u00f6lthet\u0151 a <a href=\"https:\/\/semmelweis.hu\/sportklub\/dokumentumok\/\"><strong>Dokumentumok men\u00fcpontb\u00f3l \u2192<\/strong><\/a> vagy el\u00e9rhet\u0151 a port\u00e1n is\u00a0<\/p>\n<\/li>\n<li>\n<p><strong>a 18.000 Ft \/ szemeszter<\/strong> <strong>tag- \u00e9s szakoszt\u00e1lyi d\u00edj befizet\u00e9se <br \/>\n(k\u00fcls\u0151s\u00f6knek 36.000 Ft)<\/strong><\/p>\n<\/li>\n<li><strong>egyes\u00fcleti online regisztr\u00e1ci\u00f3<\/strong>: <a href=\"https:\/\/egyesuletonline.hu\/regisztracio\/se-sk\">https:\/\/egyesuletonline.hu\/regisztracio\/se-sk<\/a><\/li>\n<\/ul>\n<hr \/>\n\n<p><img loading=\"lazy\" decoding=\"async\" class=\"aligncenter wp-image-370 size-full\" src=\"https:\/\/semmelweis.hu\/sportklub\/files\/2022\/05\/hoki-zsoltos.jpg\" alt=\"\" width=\"960\" height=\"720\" srcset=\"https:\/\/semmelweis.hu\/sportklub\/files\/2022\/05\/hoki-zsoltos.jpg 960w, https:\/\/semmelweis.hu\/sportklub\/files\/2022\/05\/hoki-zsoltos-400x300.jpg 400w, https:\/\/semmelweis.hu\/sportklub\/files\/2022\/05\/hoki-zsoltos-768x576.jpg 768w, https:\/\/semmelweis.hu\/sportklub\/files\/2022\/05\/hoki-zsoltos-753x565.jpg 753w\" sizes=\"auto, (max-width: 960px) 100vw, 960px\" \/><\/p>\n","protected":false},"excerpt":{"rendered":"<p>Szakoszt\u00e1lyvezet\u0151:<br \/>\nDr. Giricz Zolt\u00e1n<br \/>\nFarmakol\u00f3giai \u00e9s Farmakoter\u00e1pi\u00e1s Int\u00e9zet tudom\u00e1nyos f\u0151munkat\u00e1rsa<br \/>\nEdz\u0151: Lehel Zsolt<br \/>\nE-mail: <a href=\"mailto:zslehel@yahoo.com\">zslehel@yahoo.com<\/a><\/p>\n<p>Helysz\u00edn:<br \/>\nFTC s\u00e1tras j\u00e9gp\u00e1lya<br \/>\n1097 Budapest, K\u00f6nyves K\u00e1lm\u00e1n krt. 28.<br \/>\nId\u0151pont:\u00a0<br \/>\nh\u00e9tf\u0151: 21.30 &#8211; 22.30<br \/>\nA csapathoz csak el\u0151zetes j\u00e9gkorongos tapasztalattal rendelkez\u0151 hallgat\u00f3k csatlakozhatnak!<\/p>\n","protected":false},"author":101997,"featured_media":0,"parent":130,"menu_order":0,"comment_status":"closed","ping_status":"closed","template":"","meta":{"_acf_changed":false,"footnotes":""},"categories":[34],"tags":[],"class_list":["post-77","page","type-page","status-publish","hentry","category-aktiv-szakosztalyok"],"acf":[],"_links":{"self":[{"href":"https:\/\/semmelweis.hu\/sportklub\/wp-json\/wp\/v2\/pages\/77","targetHints":{"allow":["GET"]}}],"collection":[{"href":"https:\/\/semmelweis.hu\/sportklub\/wp-json\/wp\/v2\/pages"}],"about":[{"href":"https:\/\/semmelweis.hu\/sportklub\/wp-json\/wp\/v2\/types\/page"}],"author":[{"embeddable":true,"href":"https:\/\/semmelweis.hu\/sportklub\/wp-json\/wp\/v2\/users\/101997"}],"replies":[{"embeddable":true,"href":"https:\/\/semmelweis.hu\/sportklub\/wp-json\/wp\/v2\/comments?post=77"}],"version-history":[{"count":11,"href":"https:\/\/semmelweis.hu\/sportklub\/wp-json\/wp\/v2\/pages\/77\/revisions"}],"predecessor-version":[{"id":1346,"href":"https:\/\/semmelweis.hu\/sportklub\/wp-json\/wp\/v2\/pages\/77\/revisions\/1346"}],"up":[{"embeddable":true,"href":"https:\/\/semmelweis.hu\/sportklub\/wp-json\/wp\/v2\/pages\/130"}],"wp:attachment":[{"href":"https:\/\/semmelweis.hu\/sportklub\/wp-json\/wp\/v2\/media?parent=77"}],"wp:term":[{"taxonomy":"category","embeddable":true,"href":"https:\/\/semmelweis.hu\/sportklub\/wp-json\/wp\/v2\/categories?post=77"},{"taxonomy":"post_tag","embeddable":true,"href":"https:\/\/semmelweis.hu\/sportklub\/wp-json\/wp\/v2\/tags?post=77"}],"curies":[{"name":"wp","href":"https:\/\/api.w.org\/{rel}","templated":true}]}}