{"id":59,"date":"2022-03-08T09:31:19","date_gmt":"2022-03-08T08:31:19","guid":{"rendered":"https:\/\/semmelweis.hu\/sportklub\/?page_id=59"},"modified":"2025-10-01T09:57:21","modified_gmt":"2025-10-01T07:57:21","slug":"tollaslabda","status":"publish","type":"page","link":"https:\/\/semmelweis.hu\/sportklub\/szakosztalyok\/tollaslabda\/","title":{"rendered":"Tollaslabda"},"content":{"rendered":"<h4>Szakoszt\u00e1lyvezet\u0151:<\/h4>\n<h5>Dr. Tenk Mikl\u00f3sn\u00e9 dr. Zsebe Andrea<\/h5>\n<p>PAK d\u00e9k\u00e1n<\/p>\n<h5>Edz\u0151: Szovics M\u00e1rton<\/h5>\n<p>Telefon \/ Phone: <a href=\"tel:+36206105709\">+36 20 610 5709<\/a><\/p>\n<div class=\"keretes w-100\">\n<p><strong>Edz\u00e9s helysz\u00edne:<\/strong> <br \/>\nSemmelweis Egyetem Testnevel\u00e9si \u00e9s Sportk\u00f6zpont\u00a0<br \/>\n1107 Budapest, Z\u00e1gr\u00e1bi utca 14.<\/p>\n<p><strong>Id\u0151pont:<\/strong> <br \/>\np\u00e9ntek : 18.00 \u2013 19.30<\/p>\n<p><strong>Kezd\u0151 \u00e9s halad\u00f3 j\u00e1t\u00e9kosokat egyar\u00e1nt v\u00e1runk az edz\u00e9sekre. <\/strong><span style=\"font-weight: bolder; font-size: 1rem;\">Az els\u0151 edz\u00e9sen val\u00f3 r\u00e9szv\u00e9tel d\u00edjtalan.<\/span><span style=\"font-weight: bolder; font-size: 1rem;\">\u00a0<\/span><\/p>\n<\/div>\n<hr \/>\n<h4><strong>Az edz\u00e9seken val\u00f3 r\u00e9szv\u00e9tel felt\u00e9tele\u00a0<\/strong><\/h4>\n<ul>\n<li>\n<p><strong> a szakoszt\u00e1lyba t\u00f6rt\u00e9n\u0151 bel\u00e9p\u00e9s<\/strong><br \/>\nA bel\u00e9p\u00e9si nyilatkozat let\u00f6lthet\u0151 a <a href=\"https:\/\/semmelweis.hu\/sportklub\/dokumentumok\/\"><strong>Dokumentumok men\u00fcpontb\u00f3l \u2192<\/strong><\/a> vagy el\u00e9rhet\u0151 a port\u00e1n is\u00a0<\/p>\n<\/li>\n<li>\n<p><strong>a 18.000 Ft \/ szemeszter<\/strong> <strong>tag- \u00e9s szakoszt\u00e1lyi d\u00edj befizet\u00e9se <br \/>\n(k\u00fcls\u0151s\u00f6knek 36.000 Ft)<\/strong><\/p>\n<\/li>\n<li><strong>egyes\u00fcleti online regisztr\u00e1ci\u00f3<\/strong>: <a href=\"https:\/\/egyesuletonline.hu\/regisztracio\/se-sk\">https:\/\/egyesuletonline.hu\/regisztracio\/se-sk<\/a><\/li>\n<\/ul>\n<hr \/>\n\n<p>&nbsp;<\/p>\n","protected":false},"excerpt":{"rendered":"<p>Szakoszt\u00e1lyvezet\u0151:<br \/>\nDr. Tenk Mikl\u00f3sn\u00e9 dr. Zsebe Andrea<br \/>\nPAK d\u00e9k\u00e1n<br \/>\nEdz\u0151: Szovics M\u00e1rton<br \/>\nTelefon \/ Phone: <a href=\"tel:+36206105709\">+36 20 610 5709<\/a><\/p>\n<p>Edz\u00e9s helysz\u00edne:<br \/>\nSemmelweis Egyetem Testnevel\u00e9si \u00e9s Sportk\u00f6zpont\u00a0<br \/>\n1107 Budapest, Z\u00e1gr\u00e1bi utca 14.<br \/>\nId\u0151pont:<br \/>\np\u00e9ntek : 18.00 \u2013 19.30<br \/>\nKezd\u0151 \u00e9s halad\u00f3 j\u00e1t\u00e9kosokat egyar\u00e1nt v\u00e1runk az edz\u00e9sekre. Az els\u0151 edz\u00e9sen val\u00f3 r\u00e9szv\u00e9tel d\u00edjtalan.\u00a0<\/p>\n<p>&nbsp;<\/p>\n","protected":false},"author":101997,"featured_media":0,"parent":130,"menu_order":0,"comment_status":"closed","ping_status":"closed","template":"","meta":{"_acf_changed":false,"footnotes":""},"categories":[34],"tags":[],"class_list":["post-59","page","type-page","status-publish","hentry","category-aktiv-szakosztalyok"],"acf":[],"_links":{"self":[{"href":"https:\/\/semmelweis.hu\/sportklub\/wp-json\/wp\/v2\/pages\/59","targetHints":{"allow":["GET"]}}],"collection":[{"href":"https:\/\/semmelweis.hu\/sportklub\/wp-json\/wp\/v2\/pages"}],"about":[{"href":"https:\/\/semmelweis.hu\/sportklub\/wp-json\/wp\/v2\/types\/page"}],"author":[{"embeddable":true,"href":"https:\/\/semmelweis.hu\/sportklub\/wp-json\/wp\/v2\/users\/101997"}],"replies":[{"embeddable":true,"href":"https:\/\/semmelweis.hu\/sportklub\/wp-json\/wp\/v2\/comments?post=59"}],"version-history":[{"count":10,"href":"https:\/\/semmelweis.hu\/sportklub\/wp-json\/wp\/v2\/pages\/59\/revisions"}],"predecessor-version":[{"id":1283,"href":"https:\/\/semmelweis.hu\/sportklub\/wp-json\/wp\/v2\/pages\/59\/revisions\/1283"}],"up":[{"embeddable":true,"href":"https:\/\/semmelweis.hu\/sportklub\/wp-json\/wp\/v2\/pages\/130"}],"wp:attachment":[{"href":"https:\/\/semmelweis.hu\/sportklub\/wp-json\/wp\/v2\/media?parent=59"}],"wp:term":[{"taxonomy":"category","embeddable":true,"href":"https:\/\/semmelweis.hu\/sportklub\/wp-json\/wp\/v2\/categories?post=59"},{"taxonomy":"post_tag","embeddable":true,"href":"https:\/\/semmelweis.hu\/sportklub\/wp-json\/wp\/v2\/tags?post=59"}],"curies":[{"name":"wp","href":"https:\/\/api.w.org\/{rel}","templated":true}]}}