{"id":57,"date":"2022-03-08T09:29:24","date_gmt":"2022-03-08T08:29:24","guid":{"rendered":"https:\/\/semmelweis.hu\/sportklub\/?page_id=57"},"modified":"2025-10-01T11:50:29","modified_gmt":"2025-10-01T09:50:29","slug":"tanc","status":"publish","type":"page","link":"https:\/\/semmelweis.hu\/sportklub\/szakosztalyok\/tanc\/","title":{"rendered":"T\u00e1nc"},"content":{"rendered":"<h4>Szakoszt\u00e1lyvezet\u0151:<\/h4>\n<h5>Bedn\u00e1rikn\u00e9 Dr. D\u00f6rnyei Gabriella<\/h5>\n<p>ETK d\u00e9k\u00e1n<\/p>\n<p>Edz\u0151k: Szab\u00f3 &#8211; Ken\u00e9z Enik\u0151 \u00e9s Szab\u00f3 Csaba<br \/>\nTelefon: +3670\/315-5717<br \/>\nE-mail: <a href=\"mailto:kenez.eniko96@gmail.com\">kenez.eniko96@gmail.com<\/a><\/p>\n<div class=\"keretes w-100\">\n<p><strong>Pr\u00f3b\u00e1k id\u0151pontja:<\/strong> Szerda 17.30 &#8211; 20.00<\/p>\n<p><strong>Helysz\u00edn:<\/strong> Semmelweis ETK\u00a0<br \/>\n1088 Budapest, Vas u. 17. 507-es terem<\/p>\n<\/div>\n<hr \/>\n<h4><strong>Az edz\u00e9seken val\u00f3 r\u00e9szv\u00e9tel felt\u00e9tele\u00a0<\/strong><\/h4>\n<ul>\n<li>\n<p><strong> a szakoszt\u00e1lyba t\u00f6rt\u00e9n\u0151 bel\u00e9p\u00e9s<\/strong><br \/>\nA bel\u00e9p\u00e9si nyilatkozat let\u00f6lthet\u0151 a <a href=\"https:\/\/semmelweis.hu\/sportklub\/dokumentumok\/\"><strong>Dokumentumok men\u00fcpontb\u00f3l \u2192<\/strong><\/a> vagy el\u00e9rhet\u0151 a port\u00e1n is\u00a0<\/p>\n<\/li>\n<li>\n<p><strong>a 18.000 Ft \/ szemeszter<\/strong> <strong>tag- \u00e9s szakoszt\u00e1lyi d\u00edj befizet\u00e9se <br \/>\n(k\u00fcls\u0151s\u00f6knek 36.000 Ft)<\/strong><\/p>\n<\/li>\n<li><strong>egyes\u00fcleti online regisztr\u00e1ci\u00f3<\/strong>: <a href=\"https:\/\/egyesuletonline.hu\/regisztracio\/se-sk\">https:\/\/egyesuletonline.hu\/regisztracio\/se-sk<\/a><\/li>\n<\/ul>\n<hr \/>\n\n<h5>P\u00e1ly\u00e1zati eredm\u00e9ny\u00fcnk<\/h5>\n<p><img loading=\"lazy\" decoding=\"async\" class=\"size-full wp-image-1231 alignright\" src=\"https:\/\/semmelweis.hu\/sportklub\/files\/2025\/09\/thumbnail_Csoori-Sandor-logo.jpg\" alt=\"\" width=\"250\" height=\"250\" srcset=\"https:\/\/semmelweis.hu\/sportklub\/files\/2025\/09\/thumbnail_Csoori-Sandor-logo.jpg 250w, https:\/\/semmelweis.hu\/sportklub\/files\/2025\/09\/thumbnail_Csoori-Sandor-logo-150x150.jpg 150w\" sizes=\"auto, (max-width: 250px) 100vw, 250px\" \/><\/p>\n<p>\u201eA Semmelweis T\u00e1ncegy\u00fcttes a Semmelweis Egyetem Sport Klub tagjak\u00e9nt sikeres p\u00e1ly\u00e1zati \u00e9vet z\u00e1rt.\u00a0A Cso\u00f3ri S\u00e1ndor Program CSSP-NEPTANC-MO-2024-0441 azonos\u00edt\u00f3 sz\u00e1m\u00fa p\u00e1ly\u00e1zat pozit\u00edv elb\u00edr\u00e1l\u00e1sa ut\u00e1n 300.000 Ft \u00e9rt\u00e9kben megkezdt\u00fck saj\u00e1t ruhat\u00e1runk gy\u0171jt\u00e9s\u00e9t.<\/p>\n<p>Az elnyert \u00f6sszegb\u0151l egy\u00fcttes\u00fcnk viselet darabokat tudott v\u00e1s\u00e1rolni ezzel is megk\u00f6nny\u00edtve m\u0171soraink megval\u00f3s\u00edt\u00e1s\u00e1t.<\/p>\n<p>K\u00f6sz\u00f6nj\u00fck a t\u00e1mogat\u00e1st a Cso\u00f3ri S\u00e1ndor Alapnak!\u201d<\/p>\n\r\n        [slb_exclude]\r\n        <div class=\"row galeria-wrapper mx-0 h-auto\">\r\n            <div class=\"col-9 pl-0 pr-2\">\r\n            <span class=\"gallery-item frame\">\r\n\t\t\t\t<div class=\"galeria-left-img\"><a href=\"https:\/\/semmelweis.hu\/sportklub\/files\/2022\/10\/63401E84.PODOM10.PO10.200.200003A.1.4AA3.1@45_63401E84.PODOM10.PO10.100.1776567.1.1B85.1@1_7.PODOM10.PO10.100.0.1.0.jpg\"><img src=https:\/\/semmelweis.hu\/sportklub\/files\/2022\/10\/63401E84.PODOM10.PO10.200.200003A.1.4AA3.1@45_63401E84.PODOM10.PO10.100.1776567.1.1B85.1@1_7.PODOM10.PO10.100.0.1.0.jpg  \r\n                            alt=\"\" \r\n                            class=\"attachment-sote-gallery-big size-sote-gallery-big\" \r\n                            srcset=\"https:\/\/semmelweis.hu\/sportklub\/files\/2022\/10\/63401E84.PODOM10.PO10.200.200003A.1.4AA3.1@45_63401E84.PODOM10.PO10.100.1776567.1.1B85.1@1_7.PODOM10.PO10.100.0.1.0-400x225.jpg 400w, https:\/\/semmelweis.hu\/sportklub\/files\/2022\/10\/63401E84.PODOM10.PO10.200.200003A.1.4AA3.1@45_63401E84.PODOM10.PO10.100.1776567.1.1B85.1@1_7.PODOM10.PO10.100.0.1.0-1024x576.jpg 1024w, https:\/\/semmelweis.hu\/sportklub\/files\/2022\/10\/63401E84.PODOM10.PO10.200.200003A.1.4AA3.1@45_63401E84.PODOM10.PO10.100.1776567.1.1B85.1@1_7.PODOM10.PO10.100.0.1.0-768x432.jpg 768w, https:\/\/semmelweis.hu\/sportklub\/files\/2022\/10\/63401E84.PODOM10.PO10.200.200003A.1.4AA3.1@45_63401E84.PODOM10.PO10.100.1776567.1.1B85.1@1_7.PODOM10.PO10.100.0.1.0-1536x864.jpg 1536w, https:\/\/semmelweis.hu\/sportklub\/files\/2022\/10\/63401E84.PODOM10.PO10.200.200003A.1.4AA3.1@45_63401E84.PODOM10.PO10.100.1776567.1.1B85.1@1_7.PODOM10.PO10.100.0.1.0-753x424.jpg 753w, https:\/\/semmelweis.hu\/sportklub\/files\/2022\/10\/63401E84.PODOM10.PO10.200.200003A.1.4AA3.1@45_63401E84.PODOM10.PO10.100.1776567.1.1B85.1@1_7.PODOM10.PO10.100.0.1.0.jpg 2048w\" ><\/a><\/div>\r\n            <\/span>\r\n\r\n            <\/div>\r\n\r\n\t\t\t<div class=\"col-3 pl-0 pr-0\">\r\n\t\t\t\t<div class=\"galeria-right-img d-flex justify-content-between flex-column h-100 w-100 px-0 mx-0 \">\r\n                <div class=\"galeria-box\">\r\n\t\t\t\t\t<h3 class=\"galeria-title\">Gal\u00e9ria<\/h3>\r\n\t\t\t\t\t<div class=\"galeria-subtitle\">\r\n\r\n\t\t\t\t\t\t<div class=\"galeria-page-counter\"><span>3<\/span>k\u00e9p<\/div>\r\n                    <\/div> <\/div>\r\n                    <span class=\"gallery-item frame d-none d-md-flex\">\r\n\t\t\t\t\t<div class=\"galeria-small-img mt-0\"><a href=\"https:\/\/semmelweis.hu\/sportklub\/files\/2025\/09\/thumbnail_Neptanc_kep1.jpg\"><img src=https:\/\/semmelweis.hu\/sportklub\/files\/2025\/09\/thumbnail_Neptanc_kep1.jpg \r\n                                alt=\"\"  \r\n                                class=\"attachment-sote-gallery-small size-sote-gallery-small\" \r\n                                srcset=\"https:\/\/semmelweis.hu\/sportklub\/files\/2025\/09\/thumbnail_Neptanc_kep1-400x236.jpg 400w, https:\/\/semmelweis.hu\/sportklub\/files\/2025\/09\/thumbnail_Neptanc_kep1.jpg 424w\" ><\/a><\/div>\r\n                    <\/span>\r\n                    <span class=\"gallery-item frame d-none d-md-flex\">\r\n\t\t\t\t\t<div class=\"galeria-small-img mt-0\"><a href=\"https:\/\/semmelweis.hu\/sportklub\/files\/2025\/09\/thumbnail_Neptanc_kep2.jpg\"><img src=https:\/\/semmelweis.hu\/sportklub\/files\/2025\/09\/thumbnail_Neptanc_kep2.jpg \r\n                                alt=\"\" \r\n                                class=\"attachment-sote-gallery-small size-sote-gallery-small\" \r\n                                srcset=\"https:\/\/semmelweis.hu\/sportklub\/files\/2025\/09\/thumbnail_Neptanc_kep2.jpg 374w, https:\/\/semmelweis.hu\/sportklub\/files\/2025\/09\/thumbnail_Neptanc_kep2-203x135.jpg 203w\" ><\/a><\/div>\r\n                    <\/span>\r\n\r\n                <\/div>\r\n\r\n            <\/div>\r\n\r\n            \r\n            <\/div>\r\n\r\n            [\/slb_exclude]\r\n\t\n","protected":false},"excerpt":{"rendered":"<p>Szakoszt\u00e1lyvezet\u0151: Bedn\u00e1rikn\u00e9 Dr. D\u00f6rnyei Gabriella ETK d\u00e9k\u00e1n Edz\u0151k: Szab\u00f3 &#8211; Ken\u00e9z Enik\u0151 \u00e9s Szab\u00f3 Csaba Telefon: +3670\/315-5717 E-mail: <a href=\"mailto:kenez.eniko96@gmail.com\">kenez.eniko96@gmail.com<\/a> Pr\u00f3b\u00e1k id\u0151pontja: Szerda 17.30 &#8211; 20.00 Helysz\u00edn: Semmelweis ETK\u00a0 1088 Budapest, Vas u. 17. 507-es terem P\u00e1ly\u00e1zati eredm\u00e9ny\u00fcnk \u201eA Semmelweis T\u00e1ncegy\u00fcttes a Semmelweis Egyetem Sport Klub tagjak\u00e9nt sikeres p\u00e1ly\u00e1zati \u00e9vet z\u00e1rt.\u00a0A Cso\u00f3ri S\u00e1ndor Program CSSP-NEPTANC-MO-2024-0441 azonos\u00edt\u00f3 sz\u00e1m\u00fa &hellip;<\/p>\n","protected":false},"author":101997,"featured_media":0,"parent":130,"menu_order":0,"comment_status":"closed","ping_status":"closed","template":"","meta":{"_acf_changed":false,"footnotes":""},"categories":[34],"tags":[12],"class_list":["post-57","page","type-page","status-publish","hentry","category-aktiv-szakosztalyok","tag-neptanc"],"acf":[],"_links":{"self":[{"href":"https:\/\/semmelweis.hu\/sportklub\/wp-json\/wp\/v2\/pages\/57","targetHints":{"allow":["GET"]}}],"collection":[{"href":"https:\/\/semmelweis.hu\/sportklub\/wp-json\/wp\/v2\/pages"}],"about":[{"href":"https:\/\/semmelweis.hu\/sportklub\/wp-json\/wp\/v2\/types\/page"}],"author":[{"embeddable":true,"href":"https:\/\/semmelweis.hu\/sportklub\/wp-json\/wp\/v2\/users\/101997"}],"replies":[{"embeddable":true,"href":"https:\/\/semmelweis.hu\/sportklub\/wp-json\/wp\/v2\/comments?post=57"}],"version-history":[{"count":10,"href":"https:\/\/semmelweis.hu\/sportklub\/wp-json\/wp\/v2\/pages\/57\/revisions"}],"predecessor-version":[{"id":1338,"href":"https:\/\/semmelweis.hu\/sportklub\/wp-json\/wp\/v2\/pages\/57\/revisions\/1338"}],"up":[{"embeddable":true,"href":"https:\/\/semmelweis.hu\/sportklub\/wp-json\/wp\/v2\/pages\/130"}],"wp:attachment":[{"href":"https:\/\/semmelweis.hu\/sportklub\/wp-json\/wp\/v2\/media?parent=57"}],"wp:term":[{"taxonomy":"category","embeddable":true,"href":"https:\/\/semmelweis.hu\/sportklub\/wp-json\/wp\/v2\/categories?post=57"},{"taxonomy":"post_tag","embeddable":true,"href":"https:\/\/semmelweis.hu\/sportklub\/wp-json\/wp\/v2\/tags?post=57"}],"curies":[{"name":"wp","href":"https:\/\/api.w.org\/{rel}","templated":true}]}}