{"id":55,"date":"2022-03-08T09:28:45","date_gmt":"2022-03-08T08:28:45","guid":{"rendered":"https:\/\/semmelweis.hu\/sportklub\/?page_id=55"},"modified":"2025-10-01T12:16:03","modified_gmt":"2025-10-01T10:16:03","slug":"sakk","status":"publish","type":"page","link":"https:\/\/semmelweis.hu\/sportklub\/szakosztalyok\/sakk\/","title":{"rendered":"Sakk"},"content":{"rendered":"<h4>Szakoszt\u00e1lyvezet\u0151:<\/h4>\n<h5>Feket\u00e9n\u00e9 Dr. Szab\u00f3 \u00c9va<\/h5>\n<p>strat\u00e9giai rektorhelyettes<\/p>\n<h5><span data-olk-copy-source=\"MessageBody\">\u00a0Edz\u0151: Terbe Zsuzsanna (N\u0151i Nemzetk\u00f6zi Mester, WIM)<\/span><\/h5>\n<p style=\"font-weight: 400;\"><strong>T\u00c9GED IS V\u00c1R AZ EGYETEMI SAKKSZALON!<\/strong><\/p>\n<p style=\"font-weight: 400;\"><strong>A foglalkoz\u00e1sokat vezeti: Mih\u00f3k-Juh\u00e1sz Barbara<\/strong><br \/>\na magyar n\u0151i sakkv\u00e1logatott tagja, Semmelweis Egyetem alumnus<\/p>\n<div class=\"fontos_div\">\n<p>\u00c9rdekl\u0151d\u00e9s, jelentkez\u00e9s:\u00a0<a href=\"mailto:sakk@semmelweis.hu\">sakk@semmelweis.hu<\/a><\/p>\n<\/div>\n<p><a href=\"https:\/\/semmelweis.hu\/hirek\/2022\/08\/29\/ha-szerda-akkor-sakkszalon-megalakult-az-egyetem-sakkszakosztalya\/\">Kapcsol\u00f3d\u00f3 honlapcikk\u00fcnk<\/a><\/p>\n<p style=\"font-weight: 400;\"><strong>T\u00c9GED V\u00c1RUNK, HA:<\/strong><\/p>\n<ul style=\"font-weight: 400;\">\n<li>a Semmelweis Egyetem munkat\u00e1rsa vagy hallgat\u00f3ja vagy,<\/li>\n<li>legal\u00e1bb alapszint\u0171 sakktud\u00e1ssal rendelkezel,<\/li>\n<li>el tudsz j\u00e1rni havonta t\u00f6bb alkalommal a foglalkoz\u00e1sokra az \u00dcll\u0151i \u00fati Szalonba,<\/li>\n<li>szeretn\u00e9d fejleszteni koncentr\u00e1ci\u00f3s k\u00e9szs\u00e9gedet, probl\u00e9mamegold\u00f3 gondolkod\u00e1sodat,<\/li>\n<li>sz\u00edvesen ismerkedn\u00e9l meg hasonl\u00f3 \u00e9rdekl\u0151d\u00e9s\u0171 Semmelweis polg\u00e1rokkal, vagy<\/li>\n<li>egyszer\u0171en csak szeretn\u00e9d j\u00f3l \u00e9rezni magad \u00fagy, hogy k\u00f6zben sakktud\u00e1sod is fejleszted!<\/li>\n<\/ul>\n<p style=\"font-weight: 400;\"><hr \/>\n<h4><strong>Az edz\u00e9seken val\u00f3 r\u00e9szv\u00e9tel felt\u00e9tele\u00a0<\/strong><\/h4>\n<ul>\n<li>\n<p><strong> a szakoszt\u00e1lyba t\u00f6rt\u00e9n\u0151 bel\u00e9p\u00e9s<\/strong><br \/>\nA bel\u00e9p\u00e9si nyilatkozat let\u00f6lthet\u0151 al\u00e1bb\u00a0vagy el\u00e9rhet\u0151 a port\u00e1n is\u00a0<\/p>\n<ul>\n<li>\n<p><a href=\"https:\/\/semmelweis.hu\/sportklub\/files\/2025\/09\/SESK_belepesi_nyilatkozat_HU_sakkbridzs.pdf\">Semmelweis polg\u00e1rok bel\u00e9p\u00e9si nyilatkozata &#8211; sakk \u00e9s bridzs szakoszt\u00e1ly<\/a><\/p>\n<\/li>\n<li>\n<p><a href=\"https:\/\/semmelweis.hu\/sportklub\/files\/2025\/09\/SESK_belepesi_nyilatkozat_HU_sakkbridzs_kulsos.pdf\">K\u00fcls\u0151s tagok bel\u00e9p\u00e9si nyilatkozata &#8211; sakk \u00e9s bridge szakoszt\u00e1ly<\/a><\/p>\n<\/li>\n<\/ul>\n<\/li>\n<li>\n<p><strong>a 9.000 Ft \/ szemeszter<\/strong> <strong>tag- \u00e9s szakoszt\u00e1lyi d\u00edj befizet\u00e9se <br \/>\n(k\u00fcls\u0151s\u00f6knek 18.000 Ft)<\/strong><\/p>\n<\/li>\n<li><strong>egyes\u00fcleti online regisztr\u00e1ci\u00f3<\/strong>: <a href=\"https:\/\/egyesuletonline.hu\/regisztracio\/se-sk\">https:\/\/egyesuletonline.hu\/regisztracio\/se-sk<\/a><\/li>\n<\/ul>\n<hr \/>\n<\/p>\n<p>&nbsp;<\/p>\n<p>&nbsp;<\/p>\n","protected":false},"excerpt":{"rendered":"<p>Szakoszt\u00e1lyvezet\u0151: Feket\u00e9n\u00e9 Dr. Szab\u00f3 \u00c9va strat\u00e9giai rektorhelyettes \u00a0Edz\u0151: Terbe Zsuzsanna (N\u0151i Nemzetk\u00f6zi Mester, WIM) T\u00c9GED IS V\u00c1R AZ EGYETEMI SAKKSZALON! A foglalkoz\u00e1sokat vezeti: Mih\u00f3k-Juh\u00e1sz Barbara a magyar n\u0151i sakkv\u00e1logatott tagja, Semmelweis Egyetem alumnus \u00c9rdekl\u0151d\u00e9s, jelentkez\u00e9s:\u00a0 <a href=\"mailto:sakk@semmelweis.hu\">sakk@semmelweis.hu<\/a> <a href=\"https:\/\/semmelweis.hu\/hirek\/2022\/08\/29\/ha-szerda-akkor-sakkszalon-megalakult-az-egyetem-sakkszakosztalya\/\">Kapcsol\u00f3d\u00f3 honlapcikk\u00fcnk<\/a> T\u00c9GED V\u00c1RUNK, HA: a Semmelweis Egyetem munkat\u00e1rsa vagy hallgat\u00f3ja vagy, legal\u00e1bb alapszint\u0171 sakktud\u00e1ssal rendelkezel, el tudsz j\u00e1rni havonta t\u00f6bb alkalommal &hellip;<\/p>\n","protected":false},"author":101997,"featured_media":0,"parent":130,"menu_order":0,"comment_status":"closed","ping_status":"closed","template":"","meta":{"_acf_changed":false,"footnotes":""},"categories":[34],"tags":[],"class_list":["post-55","page","type-page","status-publish","hentry","category-aktiv-szakosztalyok"],"acf":[],"_links":{"self":[{"href":"https:\/\/semmelweis.hu\/sportklub\/wp-json\/wp\/v2\/pages\/55","targetHints":{"allow":["GET"]}}],"collection":[{"href":"https:\/\/semmelweis.hu\/sportklub\/wp-json\/wp\/v2\/pages"}],"about":[{"href":"https:\/\/semmelweis.hu\/sportklub\/wp-json\/wp\/v2\/types\/page"}],"author":[{"embeddable":true,"href":"https:\/\/semmelweis.hu\/sportklub\/wp-json\/wp\/v2\/users\/101997"}],"replies":[{"embeddable":true,"href":"https:\/\/semmelweis.hu\/sportklub\/wp-json\/wp\/v2\/comments?post=55"}],"version-history":[{"count":10,"href":"https:\/\/semmelweis.hu\/sportklub\/wp-json\/wp\/v2\/pages\/55\/revisions"}],"predecessor-version":[{"id":1356,"href":"https:\/\/semmelweis.hu\/sportklub\/wp-json\/wp\/v2\/pages\/55\/revisions\/1356"}],"up":[{"embeddable":true,"href":"https:\/\/semmelweis.hu\/sportklub\/wp-json\/wp\/v2\/pages\/130"}],"wp:attachment":[{"href":"https:\/\/semmelweis.hu\/sportklub\/wp-json\/wp\/v2\/media?parent=55"}],"wp:term":[{"taxonomy":"category","embeddable":true,"href":"https:\/\/semmelweis.hu\/sportklub\/wp-json\/wp\/v2\/categories?post=55"},{"taxonomy":"post_tag","embeddable":true,"href":"https:\/\/semmelweis.hu\/sportklub\/wp-json\/wp\/v2\/tags?post=55"}],"curies":[{"name":"wp","href":"https:\/\/api.w.org\/{rel}","templated":true}]}}