{"id":53,"date":"2022-03-08T09:27:50","date_gmt":"2022-03-08T08:27:50","guid":{"rendered":"https:\/\/semmelweis.hu\/sportklub\/?page_id=53"},"modified":"2025-10-01T11:45:08","modified_gmt":"2025-10-01T09:45:08","slug":"kuzdosportok","status":"publish","type":"page","link":"https:\/\/semmelweis.hu\/sportklub\/szakosztalyok\/kuzdosportok\/","title":{"rendered":"K\u00fczd\u0151sportok"},"content":{"rendered":"<h4>Szakoszt\u00e1lyvezet\u0151:<\/h4>\n<h5>Prof. Dr. B\u00e1nhidy Ferenc<\/h5>\n<p>oktat\u00e1si rektorhelyettes<\/p>\n<p>A Semmelweis Egyetem Sport Klub K\u00fczd\u0151sport szakoszt\u00e1lya \u00e9s a Budapest Honv\u00e9d Sportegyes\u00fclet egy\u00fcttm\u0171k\u00f6d\u00e9si meg\u00e1llapod\u00e1s\u00e1nak keret\u00e9ben.<\/p>\n<p><strong>Hallgat\u00f3ink sz\u00e1m\u00e1ra\u00a0\u00a0III.- \u00e9vt\u0151l a az edz\u00e9sek l\u00e1togat\u00e1sa kiv\u00e1ltja a testnevel\u00e9sen val\u00f3 r\u00e9szv\u00e9tel, melyhez a NEPTUN rendszerben kell jelentkezni.<\/strong> Az edz\u00e9sek l\u00e1togat\u00e1sa term\u00e9szetesen azok sz\u00e1m\u00e1ra is\u00a0 lehets\u00e9ges, akik nem k\u00edv\u00e1nj\u00e1k kiv\u00e1ltani a testnevel\u00e9st.<\/p>\n<p>\u00c9rdekl\u0151dni az <a id=\"LPlnk581942\" href=\"mailto:SEbirkozas@gmail.com\">SEbirkozas@gmail.com<\/a>\u00a0emailc\u00edmen\u00a0lehet. <strong>Az edz\u00e9sek max. 20 f\u0151vel l\u00e1togathat\u00f3ak<\/strong>,\u00a0 ez\u00e9rt k\u00e9rj\u00fck, hogy r\u00e9szv\u00e9teli sz\u00e1nd\u00e9k\u00e1t miel\u0151bb jelezze.\u00a0<\/p>\n<p><a href=\"https:\/\/semmelweis.hu\/sportklub\/tag\/kuzdosport\/\">Legfrissebb h\u00edreink \u2192<\/a><\/p>\n<div class=\"responsive-tabs\">\n<h2 class=\"tabtitle\">Birk\u00f3z\u00e1s<\/h2>\n<div class=\"tabcontent\">\n\n<h2>Birk\u00f3z\u00e1s<\/h2>\n<h5>Technikai vezet\u0151: Dr. Mensch K\u00e1roly<\/h5>\n<p>e- mail: <a href=\"mailto:menschkaroly@gmail.com\">menschkaroly@gmail.com<\/a><\/p>\n<p>Telefon: +36-20\/ 516-9184<\/p>\n<div class=\"keretes w-100\">\n<p><strong>Helysz\u00edn: BHSE birk\u00f3z\u00f3 terem<br \/>\n<\/strong>1134 Budapest, D\u00f3zsa Gy\u00f6rgy u. 53 sz. alatt\u00a0<\/p>\n<p><strong>Id\u0151pont:\u00a0<\/strong><\/p>\n<p>Szerda 18.30-20.00\u00a0\u00a0<\/p>\n<\/div>\n[slb_exclude]<div data-carousel-extra='{\"blog_id\":239,\"permalink\":\"https:\\\/\\\/semmelweis.hu\\\/sportklub\\\/szakosztalyok\\\/kuzdosportok\\\/\"}' class=\"tiled-gallery type-rectangular\" data-original-width=\"753\"><div class=\"gallery-row\" style=\"width: 748px; height: 247px;\"><div class=\"gallery-group images-1\" style=\"width: 374px; height: 251px;\"><div class=\"tiled-gallery-item tiled-gallery-item-large\"><a href=\"https:\/\/semmelweis.hu\/sportklub\/files\/2022\/09\/birkozas-kepek.jpg\"><img loading=\"lazy\" decoding=\"async\" data-attachment-id=\"464\" data-orig-file=\"https:\/\/semmelweis.hu\/sportklub\/files\/2022\/09\/birkozas-kepek.jpg\" data-orig-size=\"960,640\" data-comments-opened=\"0\" data-image-meta=\"{&quot;aperture&quot;:&quot;2,8&quot;,&quot;credit&quot;:&quot;Micheller Szilvia&quot;,&quot;camera&quot;:&quot;Canon EOS-1D X&quot;,&quot;caption&quot;:&quot;&quot;,&quot;created_timestamp&quot;:&quot;1580288897&quot;,&quot;copyright&quot;:&quot;SMIC&quot;,&quot;focal_length&quot;:&quot;125&quot;,&quot;iso&quot;:&quot;4000&quot;,&quot;shutter_speed&quot;:&quot;0,00125&quot;,&quot;title&quot;:&quot;&quot;,&quot;orientation&quot;:&quot;1&quot;}\" data-image-title=\"\" data-image-description=\"\" data-medium-file=\"https:\/\/semmelweis.hu\/sportklub\/files\/2022\/09\/birkozas-kepek-400x267.jpg\" data-large-file=\"https:\/\/semmelweis.hu\/sportklub\/files\/2022\/09\/birkozas-kepek.jpg\" src=\"https:\/\/semmelweis.hu\/sportklub\/files\/2022\/09\/birkozas-kepek-370x247.jpg\" width=\"370\" height=\"247\" align=\"left\" title=\"\" \/><\/a><\/div><\/div><div class=\"gallery-group images-1\" style=\"width: 374px; height: 251px;\"><div class=\"tiled-gallery-item tiled-gallery-item-large\"><a href=\"https:\/\/semmelweis.hu\/sportklub\/files\/2022\/09\/birkozas-2.jpg\"><img loading=\"lazy\" decoding=\"async\" data-attachment-id=\"463\" data-orig-file=\"https:\/\/semmelweis.hu\/sportklub\/files\/2022\/09\/birkozas-2.jpg\" data-orig-size=\"960,640\" data-comments-opened=\"0\" data-image-meta=\"{&quot;aperture&quot;:&quot;2,8&quot;,&quot;credit&quot;:&quot;Micheller Szilvia&quot;,&quot;camera&quot;:&quot;Canon EOS-1D X&quot;,&quot;caption&quot;:&quot;&quot;,&quot;created_timestamp&quot;:&quot;1580289605&quot;,&quot;copyright&quot;:&quot;SMIC&quot;,&quot;focal_length&quot;:&quot;70&quot;,&quot;iso&quot;:&quot;4000&quot;,&quot;shutter_speed&quot;:&quot;0,003125&quot;,&quot;title&quot;:&quot;&quot;,&quot;orientation&quot;:&quot;1&quot;}\" data-image-title=\"birk\u00f3z\u00e1s 2\" data-image-description=\"\" data-medium-file=\"https:\/\/semmelweis.hu\/sportklub\/files\/2022\/09\/birkozas-2-400x267.jpg\" data-large-file=\"https:\/\/semmelweis.hu\/sportklub\/files\/2022\/09\/birkozas-2.jpg\" src=\"https:\/\/semmelweis.hu\/sportklub\/files\/2022\/09\/birkozas-2-370x247.jpg\" width=\"370\" height=\"247\" align=\"left\" title=\"\" \/><\/a><\/div><\/div><\/div><\/div>[\/slb_exclude]\n\n<\/div><h2 class=\"tabtitle\">Jiu jitsu<\/h2>\n<div class=\"tabcontent\">\n\n<h2>Jiu jitsu<\/h2>\n<h5>Edz\u0151: Veres Szil\u00e1rd<\/h5>\n<p>e-mail: <a href=\"mailto:szili.veres@gmail.com\">szili.veres@gmail.com<\/a><\/p>\n<div class=\"keretes w-100\">\n<p><strong>Helysz\u00edn: BHSE birk\u00f3z\u00f3 terem<br \/>\n<\/strong>1134 Budapest, D\u00f3zsa Gy\u00f6rgy u. 53 sz. alatt\u00a0<\/p>\n<p><strong>Id\u0151pont:\u00a0<\/strong><br \/>\nH\u00e9tf\u0151: 18.30 &#8211; 20.00<\/p>\n<\/div>\n<\/div><\/div>\n<hr \/>\n<h4><strong>Az edz\u00e9seken val\u00f3 r\u00e9szv\u00e9tel felt\u00e9tele\u00a0<\/strong><\/h4>\n<ul>\n<li>\n<p><strong> a szakoszt\u00e1lyba t\u00f6rt\u00e9n\u0151 bel\u00e9p\u00e9s<\/strong><br \/>\nA bel\u00e9p\u00e9si nyilatkozat let\u00f6lthet\u0151 a <a href=\"https:\/\/semmelweis.hu\/sportklub\/dokumentumok\/\"><strong>Dokumentumok men\u00fcpontb\u00f3l \u2192<\/strong><\/a> vagy el\u00e9rhet\u0151 a port\u00e1n is\u00a0<\/p>\n<\/li>\n<li>\n<p><strong>a 18.000 Ft \/ szemeszter<\/strong> <strong>tag- \u00e9s szakoszt\u00e1lyi d\u00edj befizet\u00e9se <br \/>\n(k\u00fcls\u0151s\u00f6knek 36.000 Ft)<\/strong><\/p>\n<\/li>\n<li><strong>egyes\u00fcleti online regisztr\u00e1ci\u00f3<\/strong>: <a href=\"https:\/\/egyesuletonline.hu\/regisztracio\/se-sk\">https:\/\/egyesuletonline.hu\/regisztracio\/se-sk<\/a><\/li>\n<\/ul>\n<hr \/>\n\n<p>&nbsp;<\/p>\n","protected":false},"excerpt":{"rendered":"<p>Szakoszt\u00e1lyvezet\u0151: Prof. Dr. B\u00e1nhidy Ferenc oktat\u00e1si rektorhelyettes A Semmelweis Egyetem Sport Klub K\u00fczd\u0151sport szakoszt\u00e1lya \u00e9s a Budapest Honv\u00e9d Sportegyes\u00fclet egy\u00fcttm\u0171k\u00f6d\u00e9si meg\u00e1llapod\u00e1s\u00e1nak keret\u00e9ben. Hallgat\u00f3ink sz\u00e1m\u00e1ra\u00a0\u00a0III.- \u00e9vt\u0151l a az edz\u00e9sek l\u00e1togat\u00e1sa kiv\u00e1ltja a testnevel\u00e9sen val\u00f3 r\u00e9szv\u00e9tel, melyhez a NEPTUN rendszerben kell jelentkezni. Az edz\u00e9sek l\u00e1togat\u00e1sa term\u00e9szetesen azok sz\u00e1m\u00e1ra is\u00a0 lehets\u00e9ges, akik nem k\u00edv\u00e1nj\u00e1k kiv\u00e1ltani a testnevel\u00e9st. \u00c9rdekl\u0151dni &hellip;<\/p>\n","protected":false},"author":101997,"featured_media":0,"parent":130,"menu_order":0,"comment_status":"closed","ping_status":"closed","template":"","meta":{"_acf_changed":false,"footnotes":""},"categories":[34],"tags":[],"class_list":["post-53","page","type-page","status-publish","hentry","category-aktiv-szakosztalyok"],"acf":[],"_links":{"self":[{"href":"https:\/\/semmelweis.hu\/sportklub\/wp-json\/wp\/v2\/pages\/53","targetHints":{"allow":["GET"]}}],"collection":[{"href":"https:\/\/semmelweis.hu\/sportklub\/wp-json\/wp\/v2\/pages"}],"about":[{"href":"https:\/\/semmelweis.hu\/sportklub\/wp-json\/wp\/v2\/types\/page"}],"author":[{"embeddable":true,"href":"https:\/\/semmelweis.hu\/sportklub\/wp-json\/wp\/v2\/users\/101997"}],"replies":[{"embeddable":true,"href":"https:\/\/semmelweis.hu\/sportklub\/wp-json\/wp\/v2\/comments?post=53"}],"version-history":[{"count":10,"href":"https:\/\/semmelweis.hu\/sportklub\/wp-json\/wp\/v2\/pages\/53\/revisions"}],"predecessor-version":[{"id":1332,"href":"https:\/\/semmelweis.hu\/sportklub\/wp-json\/wp\/v2\/pages\/53\/revisions\/1332"}],"up":[{"embeddable":true,"href":"https:\/\/semmelweis.hu\/sportklub\/wp-json\/wp\/v2\/pages\/130"}],"wp:attachment":[{"href":"https:\/\/semmelweis.hu\/sportklub\/wp-json\/wp\/v2\/media?parent=53"}],"wp:term":[{"taxonomy":"category","embeddable":true,"href":"https:\/\/semmelweis.hu\/sportklub\/wp-json\/wp\/v2\/categories?post=53"},{"taxonomy":"post_tag","embeddable":true,"href":"https:\/\/semmelweis.hu\/sportklub\/wp-json\/wp\/v2\/tags?post=53"}],"curies":[{"name":"wp","href":"https:\/\/api.w.org\/{rel}","templated":true}]}}