{"id":5,"date":"2021-01-27T12:04:46","date_gmt":"2021-01-27T11:04:46","guid":{"rendered":"https:\/\/semmelweis.hu\/sportklub\/?page_id=5"},"modified":"2024-08-23T09:06:53","modified_gmt":"2024-08-23T07:06:53","slug":"bemutatkozas","status":"publish","type":"page","link":"https:\/\/semmelweis.hu\/sportklub\/bemutatkozas\/","title":{"rendered":"Az egyes\u00fcletr\u0151l"},"content":{"rendered":"<p><a href=\"https:\/\/semmelweis.hu\/sportklub\/files\/2022\/03\/RS138217_C19A2098-scr.jpg\"><img loading=\"lazy\" decoding=\"async\" class=\"alignright wp-image-214 size-medium\" src=\"https:\/\/semmelweis.hu\/sportklub\/files\/2022\/03\/RS138217_C19A2098-scr-267x400.jpg\" alt=\"\" width=\"267\" height=\"400\" srcset=\"https:\/\/semmelweis.hu\/sportklub\/files\/2022\/03\/RS138217_C19A2098-scr-267x400.jpg 267w, https:\/\/semmelweis.hu\/sportklub\/files\/2022\/03\/RS138217_C19A2098-scr.jpg 600w\" sizes=\"auto, (max-width: 267px) 100vw, 267px\" \/><\/a>Tisztelt Sportt\u00e1rsam, tisztelt \u00c9rdekl\u0151d\u0151!<\/p>\n<p style=\"text-align: justify;\">K\u00f6sz\u00f6nt\u00f6m a Semmelweis Egyetem Sport Klub honlapj\u00e1n! <br \/>\nAz <a href=\"https:\/\/semmelweis.hu\/vizilabda\/\">SE V\u00edzilabda Klub Sportegyes\u00fclet<\/a> kib\u0151v\u00edt\u00e9s\u00e9vel megalakult Sport Klub c\u00e9lja, hogy a Semmelweis polg\u00e1roknak v\u00e1ltozatos sportol\u00e1si lehet\u0151s\u00e9get ny\u00fajtson mind a szabadid\u0151sport, mind a versenysport vil\u00e1g\u00e1ban. Az eg\u00e9szs\u00e9g, a testi-lelki j\u00f3l-l\u00e9t meg\u0151rz\u00e9se, a versenyz\u00e9s mellett rendk\u00edv\u00fcl fontos a sport t\u00e1rsadalmi kapcsolatokra kifejtett j\u00f3t\u00e9kony hat\u00e1sa.<\/p>\n<p style=\"text-align: justify;\">Az eg\u00e9szs\u00e9g\u00fcgy sz\u00e1m\u00e1ra szakembereket k\u00e9pz\u0151 int\u00e9zm\u00e9ny nev\u00e9t visel\u0151 klubk\u00e9nt kiemelt helyen \u00e1ll a hiteles pozit\u00edv p\u00e9lda, a k\u00f6z\u00f6s sportol\u00e1s \u00f6r\u00f6m\u00e9nek k\u00f6zvet\u00edt\u00e9se sz\u0171kebb k\u00f6rnyezet\u00fcnk \u00e9s az eg\u00e9sz t\u00e1rsadalom fel\u00e9.<\/p>\n<p>Csatlakozzon \u00d6n is a Semmelweis sportol\u00f3i k\u00f6z\u00f6ss\u00e9ghez!<\/p>\n<p>Prof. Dr. Merkely B\u00e9la<br \/>\neln\u00f6k<\/p>\n<h1>A Sport klub t\u00f6rt\u00e9nete<\/h1>\n<p><strong>2010 &#8211; <\/strong>\u00a0Dr. Merkely B\u00e9la vezet\u00e9s\u00e9vel megalakul, majd 2012-ben bejegyz\u00e9sre ker\u00fcl a <a href=\"https:\/\/semmelweis.hu\/vizilabda\/\">Semmelweis Egyetem V\u00edzilabda Klub Sportegyes\u00fclet<\/a><\/p>\n<p><strong>2012<\/strong> &#8211;\u00a0a klub ind\u00edtv\u00e1ny\u00e1ra a v\u00edzilabda sport\u00e1g beker\u00fcl a Medikus Kupa hivatalos versenysz\u00e1mai k\u00f6z\u00e9<\/p>\n<p><strong>2013<\/strong> &#8211; az SE VKS megrendezi az els\u0151 egyetemi-f\u0151iskolai v\u00edzilabda bajnoks\u00e1got, ezzel let\u00e9ve a hagyom\u00e1ny alapjait<\/p>\n<p><strong>2016<\/strong> &#8211; I. Semmelweis Kupa megrendez\u00e9se, mely a csapat gy\u0151zelm\u00e9vel z\u00e1rult<\/p>\n<p><strong>2016<\/strong>-t\u00f3l ut\u00e1np\u00f3tl\u00e1s csapatok ind\u00edt\u00e1sa, folyamatos hazai \u00e9s nemzetk\u00f6zi versenyeken val\u00f3 jelenl\u00e9t<\/p>\n<p><strong>2021<\/strong> &#8211; MEFOB ez\u00fcst\u00e9rem<\/p>\n<p><strong>2021<\/strong> \u00a0<strong>az SE VKS kib\u0151v\u00edt\u00e9s\u00e9vel megalakul a Semmelweis Egyetem Sport Klub (SE SK)<\/strong>, amely folyamatosan b\u0151v\u00fcl\u0151 sport\u00e1gi k\u00edn\u00e1lattal v\u00e1rja leend\u0151 tagjait<\/p>\n<p><a href=\"https:\/\/semmelweis.hu\/sportklub\/files\/2021\/01\/30332_transform.jpg\"><img loading=\"lazy\" decoding=\"async\" class=\"aligncenter wp-image-16 size-full\" src=\"https:\/\/semmelweis.hu\/sportklub\/files\/2021\/01\/30332_transform.jpg\" alt=\"\" width=\"1280\" height=\"420\" srcset=\"https:\/\/semmelweis.hu\/sportklub\/files\/2021\/01\/30332_transform.jpg 1280w, https:\/\/semmelweis.hu\/sportklub\/files\/2021\/01\/30332_transform-400x131.jpg 400w, https:\/\/semmelweis.hu\/sportklub\/files\/2021\/01\/30332_transform-1024x336.jpg 1024w, https:\/\/semmelweis.hu\/sportklub\/files\/2021\/01\/30332_transform-768x252.jpg 768w, https:\/\/semmelweis.hu\/sportklub\/files\/2021\/01\/30332_transform-753x247.jpg 753w\" sizes=\"auto, (max-width: 1280px) 100vw, 1280px\" \/><\/a><\/p>\n","protected":false},"excerpt":{"rendered":"<p style=\"font-family: \"Montserrat\", sans-serif;\"><strong>Tisztelt Sportt\u00e1rsam, tisztelt \u00c9rdekl\u0151d\u0151!<br \/>\nK\u00f6sz\u00f6nt\u00f6m a Semmelweis Egyetem Sport Klub honlapj\u00e1n!<\/strong><\/p>\n<p>Az SE V\u00edzilabda Klub Sportegyes\u00fclet kib\u0151v\u00edt\u00e9s\u00e9vel megalakult Sport Klub c\u00e9lja, hogy a Semmelweis polg\u00e1roknak v\u00e1ltozatos sportol\u00e1si lehet\u0151s\u00e9get ny\u00fajtson mind a szabadid\u0151sport, mind a versenysport vil\u00e1g\u00e1ban. Az eg\u00e9szs\u00e9g, a testi-lelki j\u00f3l-l\u00e9t meg\u0151rz\u00e9se, a versenyz\u00e9s mellett rendk\u00edv\u00fcl fontos a sport t\u00e1rsadalmi kapcsolatokra kifejtett j\u00f3t\u00e9kony hat\u00e1sa.<\/p>\n<p>Csatlakozzon \u00d6n is a Semmelweis sportol\u00f3i k\u00f6z\u00f6ss\u00e9ghez!<\/p>\n","protected":false},"author":12,"featured_media":219,"parent":0,"menu_order":0,"comment_status":"closed","ping_status":"closed","template":"","meta":{"_acf_changed":false,"footnotes":""},"categories":[],"tags":[],"class_list":["post-5","page","type-page","status-publish","has-post-thumbnail","hentry"],"acf":[],"_links":{"self":[{"href":"https:\/\/semmelweis.hu\/sportklub\/wp-json\/wp\/v2\/pages\/5","targetHints":{"allow":["GET"]}}],"collection":[{"href":"https:\/\/semmelweis.hu\/sportklub\/wp-json\/wp\/v2\/pages"}],"about":[{"href":"https:\/\/semmelweis.hu\/sportklub\/wp-json\/wp\/v2\/types\/page"}],"author":[{"embeddable":true,"href":"https:\/\/semmelweis.hu\/sportklub\/wp-json\/wp\/v2\/users\/12"}],"replies":[{"embeddable":true,"href":"https:\/\/semmelweis.hu\/sportklub\/wp-json\/wp\/v2\/comments?post=5"}],"version-history":[{"count":11,"href":"https:\/\/semmelweis.hu\/sportklub\/wp-json\/wp\/v2\/pages\/5\/revisions"}],"predecessor-version":[{"id":871,"href":"https:\/\/semmelweis.hu\/sportklub\/wp-json\/wp\/v2\/pages\/5\/revisions\/871"}],"wp:featuredmedia":[{"embeddable":true,"href":"https:\/\/semmelweis.hu\/sportklub\/wp-json\/wp\/v2\/media\/219"}],"wp:attachment":[{"href":"https:\/\/semmelweis.hu\/sportklub\/wp-json\/wp\/v2\/media?parent=5"}],"wp:term":[{"taxonomy":"category","embeddable":true,"href":"https:\/\/semmelweis.hu\/sportklub\/wp-json\/wp\/v2\/categories?post=5"},{"taxonomy":"post_tag","embeddable":true,"href":"https:\/\/semmelweis.hu\/sportklub\/wp-json\/wp\/v2\/tags?post=5"}],"curies":[{"name":"wp","href":"https:\/\/api.w.org\/{rel}","templated":true}]}}