{"id":47,"date":"2022-03-08T09:24:36","date_gmt":"2022-03-08T08:24:36","guid":{"rendered":"https:\/\/semmelweis.hu\/sportklub\/?page_id=47"},"modified":"2025-12-08T16:49:23","modified_gmt":"2025-12-08T15:49:23","slug":"bridzs","status":"publish","type":"page","link":"https:\/\/semmelweis.hu\/sportklub\/szakosztalyok\/bridzs\/","title":{"rendered":"Bridzs"},"content":{"rendered":"<div class=\"responsive-tabs\">\n<h2 class=\"tabtitle\">Bridge Club<\/h2>\n<div class=\"tabcontent\">\n\n<h6><strong>Semmelweis Sport Klub, BRIDZS szakoszt\u00e1ly<\/strong><\/h6>\n<ul style=\"list-style-type: square\">\n<li>Szakoszt\u00e1lyvezet\u0151:\u00a0<strong>Prof. Dr. Alp\u00e1r Al\u00e1n <\/strong>nemzetk\u00f6zi k\u00e9pz\u00e9sek\u00e9rt felel\u0151s rektorhelyettes<\/li>\n<li>Edz\u0151:\u00a0<strong>D\u00e9nes Istv\u00e1n<\/strong> bridzs oktat\u00f3, igazolt versenyj\u00e1t\u00e9kos<\/li>\n<\/ul>\n<div class=\"keretes w-100\">\n<h6>\u00d6r\u00f6mmel v\u00e1rjuk tagjaink k\u00f6z\u00e9 munkat\u00e1rsainkat \u00e9s egykori hallgat\u00f3inkat, akik m\u00e1r bridzseznek \u00e9s esetleg versenyeznek is. k\u00e9rj\u00fck az \u00e9rdekl\u0151d\u0151ket, t\u00f6lts\u00e9k ki ig\u00e9nyfelm\u00e9r\u0151 \u0171rlapunkat.<\/h6>\n<h6><a class=\"btn btn-secondary\" href=\"https:\/\/forms.office.com\/e\/S64PExW3sJ\" target=\"_blank\" rel=\"noopener\">Ig\u00e9nyfelm\u00e9r\u00e9s \/ jelentkez\u00e9s<\/a><\/h6>\n<\/div>\n<hr \/>\n<h4><strong>Az edz\u00e9seken val\u00f3 r\u00e9szv\u00e9tel felt\u00e9tele\u00a0<\/strong><\/h4>\n<ul>\n<li>\n<p><strong> a szakoszt\u00e1lyba t\u00f6rt\u00e9n\u0151 bel\u00e9p\u00e9s<\/strong><br \/>\nA bel\u00e9p\u00e9si nyilatkozat let\u00f6lthet\u0151 al\u00e1bb\u00a0vagy el\u00e9rhet\u0151 a port\u00e1n is\u00a0<\/p>\n<ul>\n<li>\n<p><a href=\"https:\/\/semmelweis.hu\/sportklub\/files\/2025\/09\/SESK_belepesi_nyilatkozat_HU_sakkbridzs.pdf\">Semmelweis polg\u00e1rok bel\u00e9p\u00e9si nyilatkozata &#8211; sakk \u00e9s bridzs szakoszt\u00e1ly<\/a><\/p>\n<\/li>\n<li>\n<p><a href=\"https:\/\/semmelweis.hu\/sportklub\/files\/2025\/09\/SESK_belepesi_nyilatkozat_HU_sakkbridzs_kulsos.pdf\">K\u00fcls\u0151s tagok bel\u00e9p\u00e9si nyilatkozata &#8211; sakk \u00e9s bridge szakoszt\u00e1ly<\/a><\/p>\n<\/li>\n<\/ul>\n<\/li>\n<li>\n<p><strong>a 9.000 Ft \/ szemeszter<\/strong> <strong>tag- \u00e9s szakoszt\u00e1lyi d\u00edj befizet\u00e9se <br \/>\n(k\u00fcls\u0151s\u00f6knek 18.000 Ft)<\/strong><\/p>\n<\/li>\n<li><strong>egyes\u00fcleti online regisztr\u00e1ci\u00f3<\/strong>: <a href=\"https:\/\/egyesuletonline.hu\/regisztracio\/se-sk\">https:\/\/egyesuletonline.hu\/regisztracio\/se-sk<\/a><\/li>\n<\/ul>\n<hr \/>\n\n<p><span style=\"background-color: #ffffff;font-size: 1rem\">\n<\/div><h2 class=\"tabtitle\">Bridge kurzus<\/h2>\n<div class=\"tabcontent\">\n<\/span><\/p>\n<h4><strong><span style=\"background-color: #ffffff;font-size: 1rem\">Bridge kurzus magyar hallgat\u00f3knak angol nyelven<\/span><\/strong><\/h4>\n<div class=\"keretes w-100\">\n<p>A Bridzs szakoszt\u00e1ly v\u00e1rja a magyar hallgat\u00f3k jelentkez\u00e9s\u00e9t is. A kezd\u0151 hallgat\u00f3k sz\u00e1m\u00e1ra szabadon v\u00e1laszthat\u00f3 kurzust k\u00edn\u00e1lunk minden f\u00e9l\u00e9vben (A Bridzs alapjai, AOSANT908_1A; 2 kredit, l\u00e9tsz\u00e1mkorl\u00e1ttal), a halad\u00f3 fels\u0151bb \u00e9vesek pedig testnevel\u00e9s tant\u00e1rgy keret\u00e9ben felvehetik a bridzs kurzust (SESK Bridzs).\u00a0<\/p>\n<p>Az edz\u00e9sek mind a k\u00e9t esetben angol nyelven t\u00f6rt\u00e9nnek. <a href=\"https:\/\/semmelweis.hu\/sportklub\/en\/sports\/bridge\/\">B\u0151vebb r\u00e9szletek angolul olvashat\u00f3ak \u2192<\/a><\/p>\n<\/div>\n<h4><strong>A kezd\u0151 gyakorlatok tematik\u00e1ja<\/strong><\/h4>\n<table class=\" aligncenter\" style=\"width: 88.1141%;border-collapse: collapse;height: 465px\">\n<tbody>\n<tr style=\"height: 15.0pt\">\n<td class=\"xl65\" style=\"height: 15pt;width: 120.125px\" height=\"20\">1. h\u00e9t<\/td>\n<td style=\"width: 982.5px\">A j\u00e1t\u00e9k szab\u00e1lyai, a felvev\u0151 j\u00e1t\u00e9k alapjai<\/td>\n<\/tr>\n<tr style=\"height: 15.0pt\">\n<td class=\"xl65\" style=\"height: 15pt;width: 120.125px\" height=\"20\">2. h\u00e9t<\/td>\n<td style=\"width: 982.5px\">A felvev\u0151j\u00e1t\u00e9k taktik\u00e1i I (impasszok, sz\u00f6ktet\u00e9sek, lop\u00e1s)<\/td>\n<\/tr>\n<tr style=\"height: 15.0pt\">\n<td class=\"xl65\" style=\"height: 15pt;width: 120.125px\" height=\"20\">3. h\u00e9t<\/td>\n<td style=\"width: 982.5px\">A felvev\u0151j\u00e1t\u00e9k taktik\u00e1i II<\/td>\n<\/tr>\n<tr style=\"height: 15.0pt\">\n<td class=\"xl65\" style=\"height: 15pt;width: 120.125px\" height=\"20\">4. h\u00e9t<\/td>\n<td style=\"width: 982.5px\">Ellenj\u00e1t\u00e9k taktik\u00e1k (indul\u00e1sok, jelz\u00e9sek, licitekb\u0151l levonhat\u00f3 k\u00f6vetkeztet\u00e9sek)<\/td>\n<\/tr>\n<tr style=\"height: 15.0pt\">\n<td class=\"xl65\" style=\"height: 15pt;width: 120.125px\" height=\"20\">5. h\u00e9t<\/td>\n<td style=\"width: 982.5px\">A licit\u00e1l\u00e1s alapjai I (t\u00f6red\u00e9k, g\u00e9m \u00e9s szlemek, pontsz\u00e1m\u00edt\u00e1s, mivel indulunk, miket v\u00e1laszolunk)<\/td>\n<\/tr>\n<tr style=\"height: 15.0pt\">\n<td class=\"xl65\" style=\"height: 15pt;width: 120.125px\" height=\"20\">6. h\u00e9t<\/td>\n<td style=\"width: 982.5px\">A licit\u00e1l\u00e1s alapjai II<\/td>\n<\/tr>\n<tr style=\"height: 15.0pt\">\n<td class=\"xl65\" style=\"height: 15pt;width: 120.125px\" height=\"20\">7. h\u00e9t<\/td>\n<td style=\"width: 982.5px\">Szan indul\u00e1s ut\u00e1ni v\u00e1laszok, konvenci\u00f3k (Stayman, Transzferek)<\/td>\n<\/tr>\n<tr style=\"height: 15.0pt\">\n<td class=\"xl65\" style=\"height: 15pt;width: 120.125px\" height=\"20\">8. h\u00e9t<\/td>\n<td style=\"width: 982.5px\">Gyenge indul\u00e1sok \u00e9s v\u00e1laszok<\/td>\n<\/tr>\n<tr style=\"height: 15.0pt\">\n<td class=\"xl65\" style=\"height: 15pt;width: 120.125px\" height=\"20\">9. h\u00e9t<\/td>\n<td style=\"width: 982.5px\">K\u00f6zbesz\u00f3l\u00e1sok, K\u00fczdelmi licitek I \u00e9s a Kontr\u00e1k k\u00fcl\u00f6nb\u00f6z\u0151 jelent\u00e9sei I<\/td>\n<\/tr>\n<tr style=\"height: 15.0pt\">\n<td class=\"xl65\" style=\"height: 15pt;width: 120.125px\" height=\"20\">10. h\u00e9t<\/td>\n<td style=\"width: 982.5px\">Er\u0151s indul\u00e1sok \u00e9s er\u0151s k\u00f6zbesz\u00f3l\u00e1sok \u00e9s a Kontr\u00e1k k\u00fcl\u00f6nb\u00f6z\u0151 jelent\u00e9sei II<\/td>\n<\/tr>\n<tr style=\"height: 15.0pt\">\n<td class=\"xl65\" style=\"height: 15pt;width: 120.125px\" height=\"20\">11. h\u00e9t<\/td>\n<td style=\"width: 982.5px\">\u00c1szk\u00e9rd\u00e9sek, Kir\u00e1lyk\u00e9rd\u00e9s, D\u00e1mak\u00e9rd\u00e9s, a Szlem felv\u00e9telek fel\u00e9 vezet\u0151 \u00fat<\/td>\n<\/tr>\n<tr style=\"height: 15.0pt\">\n<td class=\"xl65\" style=\"height: 15pt;width: 120.125px\" height=\"20\">12. h\u00e9t<\/td>\n<td style=\"width: 982.5px\">K\u00f6zbesz\u00f3l\u00e1sok, K\u00fczdelmi licitek II<\/td>\n<\/tr>\n<tr style=\"height: 15.0pt\">\n<td class=\"xl65\" style=\"height: 15pt;width: 120.125px\" height=\"20\">13. h\u00e9t<\/td>\n<td style=\"width: 982.5px\">Kieg\u00e9sz\u00edt\u0151 Konvenci\u00f3k (4-dik sz\u00edn, Splinterek)<\/td>\n<\/tr>\n<tr style=\"height: 15.0pt\">\n<td class=\"xl65\" style=\"height: 15pt;width: 120.125px\" height=\"20\">14. h\u00e9t<\/td>\n<td style=\"width: 982.5px\">A f\u00e9l\u00e9vben leadott tananyag sz\u00e1monk\u00e9r\u00e9se \u00e9s gyakorl\u00e1s<\/td>\n<\/tr>\n<\/tbody>\n<\/table>\n<p>&nbsp;<\/p>\n\n<\/div><h2 class=\"tabtitle\">Versenyek<\/h2>\n<div class=\"tabcontent\">\n\n<h4 style=\"text-align: center\"><span style=\"color: #d18615\"><strong>Bridzs versenyeink\u00a0<\/strong><\/span><\/h4>\n<ul>\n<li>\n<p><strong>2025. okt\u00f3ber 8.\u00a0<\/strong> <strong>&#8211;<\/strong> Semmelweis Bridzsverseny, Semmelweis Szalon<br \/>\n<a href=\"https:\/\/semmelweis.hu\/sportklub\/files\/2025\/12\/SESK-Bridzs-verseny-csoportkep_20251008-scaled.jpg\">Csoportk\u00e9p<\/a>\u00a0<\/p>\n<\/li>\n<li>\n<p><strong>2024. okt\u00f3ber 2.<\/strong> <strong>&#8211;<\/strong> Semmelweis Bridzsverseny, Semmelweis Szalon<br \/>\nAz esem\u00e9ny munkat\u00e1rsi, hallgat\u00f3i \u00e9s t\u00e1rsegyetemi r\u00e9szv\u00e9tellel a Semmelweis Szalonban zajlott. \u00d6t asztalon \u00f6sszesen h\u00fasz j\u00e1t\u00e9kos vett r\u00e9szt e szellemi sport idei megm\u00e9rettet\u00e9s\u00e9n.<\/p>\n<\/li>\n<li>\n<p><strong>2023. szeptember 13.<\/strong> &#8211; Els\u0151, hagyom\u00e1nyteremt\u0151 bridzsverseny, Semmelweis Szalon<\/p>\n<\/li>\n<\/ul>\n<blockquote class=\"wp-embedded-content\" data-secret=\"CeB6jucNMr\"><p><a href=\"https:\/\/semmelweis.hu\/hirek\/2023\/09\/19\/bridzsverseny-a-semmelweis-egyetemen\/\">Bridzsverseny a Semmelweis Egyetemen<\/a><\/p><\/blockquote>\n<p><iframe loading=\"lazy\" class=\"wp-embedded-content\" sandbox=\"allow-scripts\" security=\"restricted\" style=\"position: absolute; visibility: hidden;\" title=\"&#8220;Bridzsverseny a Semmelweis Egyetemen&#8221; &#8212; Semmelweis H\u00edrek\" src=\"https:\/\/semmelweis.hu\/hirek\/2023\/09\/19\/bridzsverseny-a-semmelweis-egyetemen\/embed\/#?secret=J9TGtSUTvs#?secret=CeB6jucNMr\" data-secret=\"CeB6jucNMr\" width=\"600\" height=\"338\" frameborder=\"0\" marginwidth=\"0\" marginheight=\"0\" scrolling=\"no\"><\/iframe><\/p>\n<\/div><\/div>\n\r\n        [slb_exclude]\r\n        <div class=\"row galeria-wrapper mx-0 h-auto\">\r\n            <div class=\"col-9 pl-0 pr-2\">\r\n            <span class=\"gallery-item frame\">\r\n\t\t\t\t<div class=\"galeria-left-img\"><a href=\"https:\/\/semmelweis.hu\/sportklub\/files\/2022\/05\/Bridge-DSVS_202205043lr.png\"><img src=https:\/\/semmelweis.hu\/sportklub\/files\/2022\/05\/Bridge-DSVS_202205043lr.png  \r\n                            alt=\"\" \r\n                            class=\"attachment-sote-gallery-big size-sote-gallery-big\" \r\n                            srcset=\"https:\/\/semmelweis.hu\/sportklub\/files\/2022\/05\/Bridge-DSVS_202205043lr-400x266.png 400w, https:\/\/semmelweis.hu\/sportklub\/files\/2022\/05\/Bridge-DSVS_202205043lr-1024x681.png 1024w, https:\/\/semmelweis.hu\/sportklub\/files\/2022\/05\/Bridge-DSVS_202205043lr-768x511.png 768w, https:\/\/semmelweis.hu\/sportklub\/files\/2022\/05\/Bridge-DSVS_202205043lr-1536x1022.png 1536w, https:\/\/semmelweis.hu\/sportklub\/files\/2022\/05\/Bridge-DSVS_202205043lr-2048x1363.png 2048w, https:\/\/semmelweis.hu\/sportklub\/files\/2022\/05\/Bridge-DSVS_202205043lr-753x501.png 753w, https:\/\/semmelweis.hu\/sportklub\/files\/2022\/05\/Bridge-DSVS_202205043lr-203x135.png 203w\" ><\/a><\/div>\r\n            <\/span>\r\n\r\n            <\/div>\r\n\r\n\t\t\t<div class=\"col-3 pl-0 pr-0\">\r\n\t\t\t\t<div class=\"galeria-right-img d-flex justify-content-between flex-column h-100 w-100 px-0 mx-0 \">\r\n                <div class=\"galeria-box\">\r\n\t\t\t\t\t<h3 class=\"galeria-title\">Gal\u00e9ria<\/h3>\r\n\t\t\t\t\t<div class=\"galeria-subtitle\">\r\n\r\n\t\t\t\t\t\t<div class=\"galeria-page-counter\"><span>7<\/span>k\u00e9p<\/div>\r\n                    <\/div> <\/div>\r\n                    <span class=\"gallery-item frame d-none d-md-flex\">\r\n\t\t\t\t\t<div class=\"galeria-small-img mt-0\"><a href=\"https:\/\/semmelweis.hu\/sportklub\/files\/2022\/05\/Bridge-DSVS_202205042lr.png\"><img src=https:\/\/semmelweis.hu\/sportklub\/files\/2022\/05\/Bridge-DSVS_202205042lr.png \r\n                                alt=\"\"  \r\n                                class=\"attachment-sote-gallery-small size-sote-gallery-small\" \r\n                                srcset=\"https:\/\/semmelweis.hu\/sportklub\/files\/2022\/05\/Bridge-DSVS_202205042lr-400x266.png 400w, https:\/\/semmelweis.hu\/sportklub\/files\/2022\/05\/Bridge-DSVS_202205042lr-1024x681.png 1024w, https:\/\/semmelweis.hu\/sportklub\/files\/2022\/05\/Bridge-DSVS_202205042lr-768x511.png 768w, https:\/\/semmelweis.hu\/sportklub\/files\/2022\/05\/Bridge-DSVS_202205042lr-753x501.png 753w, https:\/\/semmelweis.hu\/sportklub\/files\/2022\/05\/Bridge-DSVS_202205042lr-203x135.png 203w, https:\/\/semmelweis.hu\/sportklub\/files\/2022\/05\/Bridge-DSVS_202205042lr.png 1512w\" ><\/a><\/div>\r\n                    <\/span>\r\n                    <span class=\"gallery-item frame d-none d-md-flex\">\r\n\t\t\t\t\t<div class=\"galeria-small-img mt-0\"><a href=\"https:\/\/semmelweis.hu\/sportklub\/files\/2022\/05\/Bridge-DSVS_202205044lr.png\"><img src=https:\/\/semmelweis.hu\/sportklub\/files\/2022\/05\/Bridge-DSVS_202205044lr.png \r\n                                alt=\"\" \r\n                                class=\"attachment-sote-gallery-small size-sote-gallery-small\" \r\n                                srcset=\"https:\/\/semmelweis.hu\/sportklub\/files\/2022\/05\/Bridge-DSVS_202205044lr-400x266.png 400w, https:\/\/semmelweis.hu\/sportklub\/files\/2022\/05\/Bridge-DSVS_202205044lr-1024x681.png 1024w, https:\/\/semmelweis.hu\/sportklub\/files\/2022\/05\/Bridge-DSVS_202205044lr-768x511.png 768w, https:\/\/semmelweis.hu\/sportklub\/files\/2022\/05\/Bridge-DSVS_202205044lr-753x501.png 753w, https:\/\/semmelweis.hu\/sportklub\/files\/2022\/05\/Bridge-DSVS_202205044lr-203x135.png 203w, https:\/\/semmelweis.hu\/sportklub\/files\/2022\/05\/Bridge-DSVS_202205044lr.png 1512w\" ><\/a><\/div>\r\n                    <\/span>\r\n\r\n                <\/div>\r\n\r\n            <\/div>\r\n\r\n            <span class=\"gallery-item\"><div class=\"hidden\"><a href=\"https:\/\/semmelweis.hu\/sportklub\/files\/2022\/05\/Bridge-DSVS_202205041lr-1.png\">\r\n        <img src=https:\/\/semmelweis.hu\/sportklub\/files\/2022\/05\/Bridge-DSVS_202205041lr-1.png alt=\"\" class=\"attachment-sote-gallery-big size-sote-gallery-big\" srcset=\"https:\/\/semmelweis.hu\/sportklub\/files\/2022\/05\/Bridge-DSVS_202205041lr-1-400x284.png 400w, https:\/\/semmelweis.hu\/sportklub\/files\/2022\/05\/Bridge-DSVS_202205041lr-1-1024x728.png 1024w, https:\/\/semmelweis.hu\/sportklub\/files\/2022\/05\/Bridge-DSVS_202205041lr-1-768x546.png 768w, https:\/\/semmelweis.hu\/sportklub\/files\/2022\/05\/Bridge-DSVS_202205041lr-1-753x535.png 753w, https:\/\/semmelweis.hu\/sportklub\/files\/2022\/05\/Bridge-DSVS_202205041lr-1.png 1220w\" >\r\n        <\/a><\/div><\/span><span class=\"gallery-item\"><div class=\"hidden\"><a href=\"https:\/\/semmelweis.hu\/sportklub\/files\/2022\/05\/Bridge-DSVS_202205046lr.png\">\r\n        <img src=https:\/\/semmelweis.hu\/sportklub\/files\/2022\/05\/Bridge-DSVS_202205046lr.png alt=\"\" class=\"attachment-sote-gallery-big size-sote-gallery-big\" srcset=\"https:\/\/semmelweis.hu\/sportklub\/files\/2022\/05\/Bridge-DSVS_202205046lr-400x266.png 400w, https:\/\/semmelweis.hu\/sportklub\/files\/2022\/05\/Bridge-DSVS_202205046lr-1024x681.png 1024w, https:\/\/semmelweis.hu\/sportklub\/files\/2022\/05\/Bridge-DSVS_202205046lr-768x511.png 768w, https:\/\/semmelweis.hu\/sportklub\/files\/2022\/05\/Bridge-DSVS_202205046lr-753x501.png 753w, https:\/\/semmelweis.hu\/sportklub\/files\/2022\/05\/Bridge-DSVS_202205046lr-203x135.png 203w, https:\/\/semmelweis.hu\/sportklub\/files\/2022\/05\/Bridge-DSVS_202205046lr.png 1512w\" >\r\n        <\/a><\/div><\/span><span class=\"gallery-item\"><div class=\"hidden\"><a href=\"https:\/\/semmelweis.hu\/sportklub\/files\/2022\/05\/Bridge-DSVS_202205045lr.png\">\r\n        <img src=https:\/\/semmelweis.hu\/sportklub\/files\/2022\/05\/Bridge-DSVS_202205045lr.png alt=\"\" class=\"attachment-sote-gallery-big size-sote-gallery-big\" srcset=\"https:\/\/semmelweis.hu\/sportklub\/files\/2022\/05\/Bridge-DSVS_202205045lr-400x266.png 400w, https:\/\/semmelweis.hu\/sportklub\/files\/2022\/05\/Bridge-DSVS_202205045lr-1024x681.png 1024w, https:\/\/semmelweis.hu\/sportklub\/files\/2022\/05\/Bridge-DSVS_202205045lr-768x511.png 768w, https:\/\/semmelweis.hu\/sportklub\/files\/2022\/05\/Bridge-DSVS_202205045lr-753x501.png 753w, https:\/\/semmelweis.hu\/sportklub\/files\/2022\/05\/Bridge-DSVS_202205045lr-203x135.png 203w, https:\/\/semmelweis.hu\/sportklub\/files\/2022\/05\/Bridge-DSVS_202205045lr.png 1512w\" >\r\n        <\/a><\/div><\/span><span class=\"gallery-item\"><div class=\"hidden\"><a href=\"https:\/\/semmelweis.hu\/sportklub\/files\/2022\/05\/Bridge-DSVS_20220504LR.png\">\r\n        <img src=https:\/\/semmelweis.hu\/sportklub\/files\/2022\/05\/Bridge-DSVS_20220504LR.png alt=\"\" class=\"attachment-sote-gallery-big size-sote-gallery-big\" srcset=\"https:\/\/semmelweis.hu\/sportklub\/files\/2022\/05\/Bridge-DSVS_20220504LR-400x266.png 400w, https:\/\/semmelweis.hu\/sportklub\/files\/2022\/05\/Bridge-DSVS_20220504LR-203x135.png 203w, https:\/\/semmelweis.hu\/sportklub\/files\/2022\/05\/Bridge-DSVS_20220504LR.png 604w\" >\r\n        <\/a><\/div><\/span>\r\n            <\/div>\r\n\r\n            [\/slb_exclude]\r\n\t\n","protected":false},"excerpt":{"rendered":"<p>Semmelweis Sport Klub, BRIDZS szakoszt\u00e1ly Szakoszt\u00e1lyvezet\u0151:\u00a0Prof. Dr. Alp\u00e1r Al\u00e1n nemzetk\u00f6zi k\u00e9pz\u00e9sek\u00e9rt felel\u0151s rektorhelyettes Edz\u0151:\u00a0D\u00e9nes Istv\u00e1n bridzs oktat\u00f3, igazolt versenyj\u00e1t\u00e9kos \u00d6r\u00f6mmel v\u00e1rjuk tagjaink k\u00f6z\u00e9 munkat\u00e1rsainkat \u00e9s egykori hallgat\u00f3inkat, akik m\u00e1r bridzseznek \u00e9s esetleg versenyeznek is. k\u00e9rj\u00fck az \u00e9rdekl\u0151d\u0151ket, t\u00f6lts\u00e9k ki ig\u00e9nyfelm\u00e9r\u0151 \u0171rlapunkat. <a class=\"btn btn-secondary\" href=\"https:\/\/forms.office.com\/e\/S64PExW3sJ\" target=\"_blank\" rel=\"noopener\">Ig\u00e9nyfelm\u00e9r\u00e9s \/ jelentkez\u00e9s<\/a> Bridge kurzus magyar hallgat\u00f3knak angol nyelven A Bridzs szakoszt\u00e1ly v\u00e1rja a magyar hallgat\u00f3k jelentkez\u00e9s\u00e9t &hellip;<\/p>\n","protected":false},"author":101997,"featured_media":0,"parent":130,"menu_order":0,"comment_status":"closed","ping_status":"closed","template":"","meta":{"_acf_changed":false,"footnotes":""},"categories":[34],"tags":[],"class_list":["post-47","page","type-page","status-publish","hentry","category-aktiv-szakosztalyok"],"acf":[],"_links":{"self":[{"href":"https:\/\/semmelweis.hu\/sportklub\/wp-json\/wp\/v2\/pages\/47","targetHints":{"allow":["GET"]}}],"collection":[{"href":"https:\/\/semmelweis.hu\/sportklub\/wp-json\/wp\/v2\/pages"}],"about":[{"href":"https:\/\/semmelweis.hu\/sportklub\/wp-json\/wp\/v2\/types\/page"}],"author":[{"embeddable":true,"href":"https:\/\/semmelweis.hu\/sportklub\/wp-json\/wp\/v2\/users\/101997"}],"replies":[{"embeddable":true,"href":"https:\/\/semmelweis.hu\/sportklub\/wp-json\/wp\/v2\/comments?post=47"}],"version-history":[{"count":10,"href":"https:\/\/semmelweis.hu\/sportklub\/wp-json\/wp\/v2\/pages\/47\/revisions"}],"predecessor-version":[{"id":413,"href":"https:\/\/semmelweis.hu\/sportklub\/wp-json\/wp\/v2\/pages\/47\/revisions\/413"}],"up":[{"embeddable":true,"href":"https:\/\/semmelweis.hu\/sportklub\/wp-json\/wp\/v2\/pages\/130"}],"wp:attachment":[{"href":"https:\/\/semmelweis.hu\/sportklub\/wp-json\/wp\/v2\/media?parent=47"}],"wp:term":[{"taxonomy":"category","embeddable":true,"href":"https:\/\/semmelweis.hu\/sportklub\/wp-json\/wp\/v2\/categories?post=47"},{"taxonomy":"post_tag","embeddable":true,"href":"https:\/\/semmelweis.hu\/sportklub\/wp-json\/wp\/v2\/tags?post=47"}],"curies":[{"name":"wp","href":"https:\/\/api.w.org\/{rel}","templated":true}]}}