{"id":42,"date":"2022-03-08T09:20:44","date_gmt":"2022-03-08T08:20:44","guid":{"rendered":"https:\/\/semmelweis.hu\/sportklub\/?page_id=42"},"modified":"2025-10-01T11:33:09","modified_gmt":"2025-10-01T09:33:09","slug":"asztalitenisz","status":"publish","type":"page","link":"https:\/\/semmelweis.hu\/sportklub\/szakosztalyok\/asztalitenisz\/","title":{"rendered":"Asztalitenisz"},"content":{"rendered":"<h5>Szakoszt\u00e1lyvezet\u0151:<\/h5>\n<h6>Prof. Dr. Hermann P\u00e9ter &#8211; oktat\u00e1si rektorhelyettes\u00a0<\/h6>\n<h5>Edz\u0151:<\/h5>\n<p>Andr\u00e1s Mikl\u00f3s (DVTK Asztalitenisz Szakoszt\u00e1ly vezet\u0151je)<br \/>\n+36 70 933 1983<\/p>\n<h5>Kapcsolattart\u00f3:<\/h5>\n<p>Fodor Krisztina<br \/>\n<a href=\"mailto:asztalitenisz@semmelweis.hu\">asztalitenisz@semmelweis.hu<\/a><\/p>\n<div class=\"keretes w-100\">\n<p><strong>Helysz\u00edn: <\/strong>Markusovszky Lajos Koll\u00e9gium &#8211; 1089 Budapest, Szenes Iv\u00e1n t\u00e9r 7. (fel\u00faj\u00edtott pincehelys\u00e9g)<\/p>\n<p><em>A Nagyv\u00e1rad t\u00e9rt\u0151l (M3 metr\u00f3) 6 perc, NET (Nagyv\u00e1radt\u00e9ri Elm\u00e9leti T\u00f6mb) \u00e9p\u00fclete szint\u00e9n p\u00e1r percre tal\u00e1lhat\u00f3 a koll\u00e9giumt\u00f3l. Az Anat\u00f3mia Int\u00e9zet, \u00e9s az EOK (Elm\u00e9leti Oktat\u00e1si T\u00f6mb) 1 metr\u00f3 meg\u00e1ll\u00f3.<\/em><\/p>\n<h4><strong>Edz\u00e9sek id\u0151pontja <\/strong><strong>KEDD \u00e9s Cs\u00fct\u00f6rt\u00f6k <\/strong>(heti 2x)<strong>:<\/strong><\/h4>\n<p>Kezd\u0151, amat\u0151r edz\u00e9s: 17:00-18:00<br \/>\nProfi edz\u00e9s:\u00a0 18:00-19:30<\/p>\n<p><strong>A teremben 3 asztalunk van, melyn\u00e9l \u00f6sszesen 6 szem\u00e9ly tud egyszerre j\u00e1tszani. Amennyiben az edz\u00e9sen t\u00f6bben vannak, mint 6 f\u0151, \u00fagy v\u00e1rakozni sz\u00fcks\u00e9ges. K\u00e9rj\u00fck, hogy ezt vegye figyelembe. K\u00f6sz\u00f6nj\u00fck!<\/strong><\/p>\n<\/div>\n<hr \/>\n<h4><strong>Az edz\u00e9seken val\u00f3 r\u00e9szv\u00e9tel felt\u00e9tele\u00a0<\/strong><\/h4>\n<ul>\n<li>\n<p><strong> a szakoszt\u00e1lyba t\u00f6rt\u00e9n\u0151 bel\u00e9p\u00e9s<\/strong><br \/>\nA bel\u00e9p\u00e9si nyilatkozat let\u00f6lthet\u0151 a <a href=\"https:\/\/semmelweis.hu\/sportklub\/dokumentumok\/\"><strong>Dokumentumok men\u00fcpontb\u00f3l \u2192<\/strong><\/a> vagy el\u00e9rhet\u0151 a port\u00e1n is\u00a0<\/p>\n<\/li>\n<li>\n<p><strong>a 18.000 Ft \/ szemeszter<\/strong> <strong>tag- \u00e9s szakoszt\u00e1lyi d\u00edj befizet\u00e9se <br \/>\n(k\u00fcls\u0151s\u00f6knek 36.000 Ft)<\/strong><\/p>\n<\/li>\n<li><strong>egyes\u00fcleti online regisztr\u00e1ci\u00f3<\/strong>: <a href=\"https:\/\/egyesuletonline.hu\/regisztracio\/se-sk\">https:\/\/egyesuletonline.hu\/regisztracio\/se-sk<\/a><\/li>\n<\/ul>\n<hr \/>\n\n","protected":false},"excerpt":{"rendered":"<p>Szakoszt\u00e1lyvezet\u0151: Prof. Dr. Hermann P\u00e9ter &#8211; oktat\u00e1si rektorhelyettes\u00a0 Edz\u0151: Andr\u00e1s Mikl\u00f3s (DVTK Asztalitenisz Szakoszt\u00e1ly vezet\u0151je) +36 70 933 1983 Kapcsolattart\u00f3: Fodor Krisztina <a href=\"mailto:asztalitenisz@semmelweis.hu\">asztalitenisz@semmelweis.hu<\/a> Helysz\u00edn: Markusovszky Lajos Koll\u00e9gium &#8211; 1089 Budapest, Szenes Iv\u00e1n t\u00e9r 7. (fel\u00faj\u00edtott pincehelys\u00e9g) A Nagyv\u00e1rad t\u00e9rt\u0151l (M3 metr\u00f3) 6 perc, NET (Nagyv\u00e1radt\u00e9ri Elm\u00e9leti T\u00f6mb) \u00e9p\u00fclete szint\u00e9n p\u00e1r percre tal\u00e1lhat\u00f3 a koll\u00e9giumt\u00f3l. Az Anat\u00f3mia &hellip;<\/p>\n","protected":false},"author":101997,"featured_media":0,"parent":130,"menu_order":0,"comment_status":"closed","ping_status":"closed","template":"","meta":{"_acf_changed":false,"footnotes":""},"categories":[34],"tags":[],"class_list":["post-42","page","type-page","status-publish","hentry","category-aktiv-szakosztalyok"],"acf":[],"_links":{"self":[{"href":"https:\/\/semmelweis.hu\/sportklub\/wp-json\/wp\/v2\/pages\/42","targetHints":{"allow":["GET"]}}],"collection":[{"href":"https:\/\/semmelweis.hu\/sportklub\/wp-json\/wp\/v2\/pages"}],"about":[{"href":"https:\/\/semmelweis.hu\/sportklub\/wp-json\/wp\/v2\/types\/page"}],"author":[{"embeddable":true,"href":"https:\/\/semmelweis.hu\/sportklub\/wp-json\/wp\/v2\/users\/101997"}],"replies":[{"embeddable":true,"href":"https:\/\/semmelweis.hu\/sportklub\/wp-json\/wp\/v2\/comments?post=42"}],"version-history":[{"count":10,"href":"https:\/\/semmelweis.hu\/sportklub\/wp-json\/wp\/v2\/pages\/42\/revisions"}],"predecessor-version":[{"id":1323,"href":"https:\/\/semmelweis.hu\/sportklub\/wp-json\/wp\/v2\/pages\/42\/revisions\/1323"}],"up":[{"embeddable":true,"href":"https:\/\/semmelweis.hu\/sportklub\/wp-json\/wp\/v2\/pages\/130"}],"wp:attachment":[{"href":"https:\/\/semmelweis.hu\/sportklub\/wp-json\/wp\/v2\/media?parent=42"}],"wp:term":[{"taxonomy":"category","embeddable":true,"href":"https:\/\/semmelweis.hu\/sportklub\/wp-json\/wp\/v2\/categories?post=42"},{"taxonomy":"post_tag","embeddable":true,"href":"https:\/\/semmelweis.hu\/sportklub\/wp-json\/wp\/v2\/tags?post=42"}],"curies":[{"name":"wp","href":"https:\/\/api.w.org\/{rel}","templated":true}]}}