{"id":40,"date":"2022-03-08T09:19:57","date_gmt":"2022-03-08T08:19:57","guid":{"rendered":"https:\/\/semmelweis.hu\/sportklub\/?page_id=40"},"modified":"2025-10-01T11:03:10","modified_gmt":"2025-10-01T09:03:10","slug":"aerobic-es-cheerleading","status":"publish","type":"page","link":"https:\/\/semmelweis.hu\/sportklub\/szakosztalyok\/aerobic-es-cheerleading\/","title":{"rendered":"Aerobic &amp; cheerleading"},"content":{"rendered":"<h4>Szakoszt\u00e1lyvezet\u0151:<\/h4>\n<h5>Dr. Horv\u00e1th M\u00f3nika<\/h5>\n<p>ETK Fizioter\u00e1pia Tansz\u00e9k vezet\u0151je<\/p>\n<h4>Cheerleading:<\/h4>\n<h5>Edz\u0151: Nagy-Kismarci Bence<\/h5>\n<p>Tel.: <a href=\"tel:+36303756322\">+36 30 674-88-47<\/a> <br \/>\nE-mail: <a href=\"mailto:nkbence@gmail.com\">nkbence@gmail.com<\/a><\/p>\n<div class=\"keretes w-100\">\n<p><strong>Helysz\u00edn: BEAC &#8211;\u00a0<\/strong>1117 Bp., Bogd\u00e1nfy utca 12.<br \/>\nBogd\u00e1nfi \u00fati csarnok 1. p\u00e1ly\u00e1j\u00e1n<\/p>\n<p>kedd: 18.00 &#8211; 20.00<br \/>\ncs\u00fct\u00f6rt\u00f6k: 18.00 &#8211; 20.00<\/p>\n<\/div>\n[slb_exclude]<div data-carousel-extra='{\"blog_id\":239,\"permalink\":\"https:\\\/\\\/semmelweis.hu\\\/sportklub\\\/szakosztalyok\\\/aerobic-es-cheerleading\\\/\"}' class=\"tiled-gallery type-rectangular\" data-original-width=\"753\"><div class=\"gallery-row\" style=\"width: 748px; height: 321px;\"><div class=\"gallery-group images-1\" style=\"width: 486px; height: 325px;\"><div class=\"tiled-gallery-item tiled-gallery-item-large\"><a href=\"https:\/\/semmelweis.hu\/sportklub\/files\/2022\/03\/RS76889_ADZ_20180325_0498-scr.jpg\"><img loading=\"lazy\" decoding=\"async\" data-attachment-id=\"69\" data-orig-file=\"https:\/\/semmelweis.hu\/sportklub\/files\/2022\/03\/RS76889_ADZ_20180325_0498-scr.jpg\" data-orig-size=\"950,633\" data-comments-opened=\"0\" data-image-meta=\"{&quot;aperture&quot;:&quot;0&quot;,&quot;credit&quot;:&quot;&quot;,&quot;camera&quot;:&quot;&quot;,&quot;caption&quot;:&quot;&quot;,&quot;created_timestamp&quot;:&quot;0&quot;,&quot;copyright&quot;:&quot;&quot;,&quot;focal_length&quot;:&quot;0&quot;,&quot;iso&quot;:&quot;0&quot;,&quot;shutter_speed&quot;:&quot;0&quot;,&quot;title&quot;:&quot;&quot;,&quot;orientation&quot;:&quot;0&quot;}\" data-image-title=\"RS76889_ADZ_20180325_0498-scr\" data-image-description=\"\" data-medium-file=\"https:\/\/semmelweis.hu\/sportklub\/files\/2022\/03\/RS76889_ADZ_20180325_0498-scr-400x267.jpg\" data-large-file=\"https:\/\/semmelweis.hu\/sportklub\/files\/2022\/03\/RS76889_ADZ_20180325_0498-scr.jpg\" src=\"https:\/\/semmelweis.hu\/sportklub\/files\/2022\/03\/RS76889_ADZ_20180325_0498-scr-482x321.jpg\" width=\"482\" height=\"321\" align=\"left\" title=\"\" \/><\/a><\/div><\/div><div class=\"gallery-group images-2\" style=\"width: 262px; height: 325px;\"><div class=\"tiled-gallery-item tiled-gallery-item-large\"><a href=\"https:\/\/semmelweis.hu\/sportklub\/files\/2022\/03\/RS76886_ADZ_20180325_0469-scr.jpg\"><img loading=\"lazy\" decoding=\"async\" data-attachment-id=\"68\" data-orig-file=\"https:\/\/semmelweis.hu\/sportklub\/files\/2022\/03\/RS76886_ADZ_20180325_0469-scr.jpg\" data-orig-size=\"950,633\" data-comments-opened=\"0\" data-image-meta=\"{&quot;aperture&quot;:&quot;0&quot;,&quot;credit&quot;:&quot;&quot;,&quot;camera&quot;:&quot;&quot;,&quot;caption&quot;:&quot;&quot;,&quot;created_timestamp&quot;:&quot;0&quot;,&quot;copyright&quot;:&quot;&quot;,&quot;focal_length&quot;:&quot;0&quot;,&quot;iso&quot;:&quot;0&quot;,&quot;shutter_speed&quot;:&quot;0&quot;,&quot;title&quot;:&quot;&quot;,&quot;orientation&quot;:&quot;0&quot;}\" data-image-title=\"RS76886_ADZ_20180325_0469-scr\" data-image-description=\"\" data-medium-file=\"https:\/\/semmelweis.hu\/sportklub\/files\/2022\/03\/RS76886_ADZ_20180325_0469-scr-400x267.jpg\" data-large-file=\"https:\/\/semmelweis.hu\/sportklub\/files\/2022\/03\/RS76886_ADZ_20180325_0469-scr.jpg\" src=\"https:\/\/semmelweis.hu\/sportklub\/files\/2022\/03\/RS76886_ADZ_20180325_0469-scr-258x172.jpg\" width=\"258\" height=\"172\" align=\"left\" title=\"\" \/><\/a><\/div><div class=\"tiled-gallery-item tiled-gallery-item-large\"><a href=\"https:\/\/semmelweis.hu\/sportklub\/files\/2024\/10\/cheerle2024-scaled.jpg\"><img loading=\"lazy\" decoding=\"async\" data-attachment-id=\"938\" data-orig-file=\"https:\/\/semmelweis.hu\/sportklub\/files\/2024\/10\/cheerle2024-scaled.jpg\" data-orig-size=\"2560,1440\" data-comments-opened=\"0\" data-image-meta=\"{&quot;aperture&quot;:&quot;3.2&quot;,&quot;credit&quot;:&quot;&quot;,&quot;camera&quot;:&quot;NIKON D750&quot;,&quot;caption&quot;:&quot;&quot;,&quot;created_timestamp&quot;:&quot;1712408358&quot;,&quot;copyright&quot;:&quot;&quot;,&quot;focal_length&quot;:&quot;30&quot;,&quot;iso&quot;:&quot;1000&quot;,&quot;shutter_speed&quot;:&quot;0.002&quot;,&quot;title&quot;:&quot;&quot;,&quot;orientation&quot;:&quot;0&quot;}\" data-image-title=\"cheerle2024\" data-image-description=\"\" data-medium-file=\"https:\/\/semmelweis.hu\/sportklub\/files\/2024\/10\/cheerle2024-400x225.jpg\" data-large-file=\"https:\/\/semmelweis.hu\/sportklub\/files\/2024\/10\/cheerle2024-1024x576.jpg\" src=\"https:\/\/semmelweis.hu\/sportklub\/files\/2024\/10\/cheerle2024-scaled-258x145.jpg\" width=\"258\" height=\"145\" align=\"left\" title=\"\" \/><\/a><\/div><\/div><\/div><div class=\"gallery-row\" style=\"width: 748px; height: 357px;\"><div class=\"gallery-group images-2\" style=\"width: 268px; height: 361px;\"><div class=\"tiled-gallery-item tiled-gallery-item-large\"><a href=\"https:\/\/semmelweis.hu\/sportklub\/files\/2025\/10\/RS212854__19A4836-scr.jpg\"><img loading=\"lazy\" decoding=\"async\" data-attachment-id=\"1310\" data-orig-file=\"https:\/\/semmelweis.hu\/sportklub\/files\/2025\/10\/RS212854__19A4836-scr.jpg\" data-orig-size=\"1200,800\" data-comments-opened=\"0\" data-image-meta=\"{&quot;aperture&quot;:&quot;0&quot;,&quot;credit&quot;:&quot;&quot;,&quot;camera&quot;:&quot;&quot;,&quot;caption&quot;:&quot;&quot;,&quot;created_timestamp&quot;:&quot;0&quot;,&quot;copyright&quot;:&quot;&quot;,&quot;focal_length&quot;:&quot;0&quot;,&quot;iso&quot;:&quot;0&quot;,&quot;shutter_speed&quot;:&quot;0&quot;,&quot;title&quot;:&quot;&quot;,&quot;orientation&quot;:&quot;0&quot;}\" data-image-title=\"RS212854__19A4836-scr\" data-image-description=\"\" data-medium-file=\"https:\/\/semmelweis.hu\/sportklub\/files\/2025\/10\/RS212854__19A4836-scr-400x267.jpg\" data-large-file=\"https:\/\/semmelweis.hu\/sportklub\/files\/2025\/10\/RS212854__19A4836-scr-1024x683.jpg\" src=\"https:\/\/semmelweis.hu\/sportklub\/files\/2025\/10\/RS212854__19A4836-scr-264x177.jpg\" width=\"264\" height=\"177\" align=\"left\" title=\"\" \/><\/a><\/div><div class=\"tiled-gallery-item tiled-gallery-item-large\"><a href=\"https:\/\/semmelweis.hu\/sportklub\/files\/2025\/10\/RS212892__19A4363-scr.jpg\"><img loading=\"lazy\" decoding=\"async\" data-attachment-id=\"1311\" data-orig-file=\"https:\/\/semmelweis.hu\/sportklub\/files\/2025\/10\/RS212892__19A4363-scr.jpg\" data-orig-size=\"1200,800\" data-comments-opened=\"0\" data-image-meta=\"{&quot;aperture&quot;:&quot;0&quot;,&quot;credit&quot;:&quot;&quot;,&quot;camera&quot;:&quot;&quot;,&quot;caption&quot;:&quot;&quot;,&quot;created_timestamp&quot;:&quot;0&quot;,&quot;copyright&quot;:&quot;&quot;,&quot;focal_length&quot;:&quot;0&quot;,&quot;iso&quot;:&quot;0&quot;,&quot;shutter_speed&quot;:&quot;0&quot;,&quot;title&quot;:&quot;&quot;,&quot;orientation&quot;:&quot;0&quot;}\" data-image-title=\"RS212892__19A4363-scr\" data-image-description=\"\" data-medium-file=\"https:\/\/semmelweis.hu\/sportklub\/files\/2025\/10\/RS212892__19A4363-scr-400x267.jpg\" data-large-file=\"https:\/\/semmelweis.hu\/sportklub\/files\/2025\/10\/RS212892__19A4363-scr-1024x683.jpg\" src=\"https:\/\/semmelweis.hu\/sportklub\/files\/2025\/10\/RS212892__19A4363-scr-264x176.jpg\" width=\"264\" height=\"176\" align=\"left\" title=\"\" \/><\/a><\/div><\/div><div class=\"gallery-group images-1\" style=\"width: 480px; height: 361px;\"><div class=\"tiled-gallery-item tiled-gallery-item-large\"><a href=\"https:\/\/semmelweis.hu\/sportklub\/files\/2024\/10\/cheer2024-scaled.jpg\"><img loading=\"lazy\" decoding=\"async\" data-attachment-id=\"936\" data-orig-file=\"https:\/\/semmelweis.hu\/sportklub\/files\/2024\/10\/cheer2024-scaled.jpg\" data-orig-size=\"2560,1920\" data-comments-opened=\"0\" data-image-meta=\"{&quot;aperture&quot;:&quot;3.5&quot;,&quot;credit&quot;:&quot;&quot;,&quot;camera&quot;:&quot;NIKON Z 6_2&quot;,&quot;caption&quot;:&quot;&quot;,&quot;created_timestamp&quot;:&quot;1712994125&quot;,&quot;copyright&quot;:&quot;&quot;,&quot;focal_length&quot;:&quot;85&quot;,&quot;iso&quot;:&quot;500&quot;,&quot;shutter_speed&quot;:&quot;0.001&quot;,&quot;title&quot;:&quot;&quot;,&quot;orientation&quot;:&quot;0&quot;}\" data-image-title=\"cheer2024\" data-image-description=\"\" data-medium-file=\"https:\/\/semmelweis.hu\/sportklub\/files\/2024\/10\/cheer2024-400x300.jpg\" data-large-file=\"https:\/\/semmelweis.hu\/sportklub\/files\/2024\/10\/cheer2024-1024x768.jpg\" src=\"https:\/\/semmelweis.hu\/sportklub\/files\/2024\/10\/cheer2024-scaled-476x357.jpg\" width=\"476\" height=\"357\" align=\"left\" title=\"\" \/><\/a><\/div><\/div><\/div><div class=\"gallery-row\" style=\"width: 748px; height: 542px;\"><div class=\"gallery-group images-1\" style=\"width: 365px; height: 546px;\"><div class=\"tiled-gallery-item tiled-gallery-item-large\"><a href=\"https:\/\/semmelweis.hu\/sportklub\/files\/2024\/10\/cheerl2024-scaled.jpg\"><img loading=\"lazy\" decoding=\"async\" data-attachment-id=\"937\" data-orig-file=\"https:\/\/semmelweis.hu\/sportklub\/files\/2024\/10\/cheerl2024-scaled.jpg\" data-orig-size=\"1703,2560\" data-comments-opened=\"0\" data-image-meta=\"{&quot;aperture&quot;:&quot;2&quot;,&quot;credit&quot;:&quot;&quot;,&quot;camera&quot;:&quot;NIKON Z 6_2&quot;,&quot;caption&quot;:&quot;&quot;,&quot;created_timestamp&quot;:&quot;1712408264&quot;,&quot;copyright&quot;:&quot;&quot;,&quot;focal_length&quot;:&quot;85&quot;,&quot;iso&quot;:&quot;800&quot;,&quot;shutter_speed&quot;:&quot;0.001&quot;,&quot;title&quot;:&quot;&quot;,&quot;orientation&quot;:&quot;0&quot;}\" data-image-title=\"cheerl2024\" data-image-description=\"\" data-medium-file=\"https:\/\/semmelweis.hu\/sportklub\/files\/2024\/10\/cheerl2024-266x400.jpg\" data-large-file=\"https:\/\/semmelweis.hu\/sportklub\/files\/2024\/10\/cheerl2024-681x1024.jpg\" src=\"https:\/\/semmelweis.hu\/sportklub\/files\/2024\/10\/cheerl2024-scaled-361x542.jpg\" width=\"361\" height=\"542\" align=\"left\" title=\"\" \/><\/a><\/div><\/div><div class=\"gallery-group images-1\" style=\"width: 383px; height: 546px;\"><div class=\"tiled-gallery-item tiled-gallery-item-large\"><a href=\"https:\/\/semmelweis.hu\/sportklub\/files\/2025\/10\/RS171373_GV5A0629-scr.jpg\"><img loading=\"lazy\" decoding=\"async\" data-attachment-id=\"1312\" data-orig-file=\"https:\/\/semmelweis.hu\/sportklub\/files\/2025\/10\/RS171373_GV5A0629-scr.jpg\" data-orig-size=\"629,900\" data-comments-opened=\"0\" data-image-meta=\"{&quot;aperture&quot;:&quot;0&quot;,&quot;credit&quot;:&quot;&quot;,&quot;camera&quot;:&quot;&quot;,&quot;caption&quot;:&quot;&quot;,&quot;created_timestamp&quot;:&quot;0&quot;,&quot;copyright&quot;:&quot;&quot;,&quot;focal_length&quot;:&quot;0&quot;,&quot;iso&quot;:&quot;0&quot;,&quot;shutter_speed&quot;:&quot;0&quot;,&quot;title&quot;:&quot;&quot;,&quot;orientation&quot;:&quot;0&quot;}\" data-image-title=\"RS171373_GV5A0629-scr\" data-image-description=\"\" data-medium-file=\"https:\/\/semmelweis.hu\/sportklub\/files\/2025\/10\/RS171373_GV5A0629-scr-280x400.jpg\" data-large-file=\"https:\/\/semmelweis.hu\/sportklub\/files\/2025\/10\/RS171373_GV5A0629-scr.jpg\" src=\"https:\/\/semmelweis.hu\/sportklub\/files\/2025\/10\/RS171373_GV5A0629-scr-379x542.jpg\" width=\"379\" height=\"542\" align=\"left\" title=\"\" \/><\/a><\/div><\/div><\/div><div class=\"gallery-row\" style=\"width: 748px; height: 247px;\"><div class=\"gallery-group images-1\" style=\"width: 374px; height: 251px;\"><div class=\"tiled-gallery-item tiled-gallery-item-large\"><a href=\"https:\/\/semmelweis.hu\/sportklub\/files\/2022\/10\/278308270_2458203940983917_7399405729537944599_n.jpg\"><img loading=\"lazy\" decoding=\"async\" data-attachment-id=\"522\" data-orig-file=\"https:\/\/semmelweis.hu\/sportklub\/files\/2022\/10\/278308270_2458203940983917_7399405729537944599_n.jpg\" data-orig-size=\"1440,960\" data-comments-opened=\"0\" data-image-meta=\"{&quot;aperture&quot;:&quot;0&quot;,&quot;credit&quot;:&quot;&quot;,&quot;camera&quot;:&quot;&quot;,&quot;caption&quot;:&quot;&quot;,&quot;created_timestamp&quot;:&quot;0&quot;,&quot;copyright&quot;:&quot;&quot;,&quot;focal_length&quot;:&quot;0&quot;,&quot;iso&quot;:&quot;0&quot;,&quot;shutter_speed&quot;:&quot;0&quot;,&quot;title&quot;:&quot;&quot;,&quot;orientation&quot;:&quot;0&quot;}\" data-image-title=\"278308270_2458203940983917_7399405729537944599_n\" data-image-description=\"\" data-medium-file=\"https:\/\/semmelweis.hu\/sportklub\/files\/2022\/10\/278308270_2458203940983917_7399405729537944599_n-400x267.jpg\" data-large-file=\"https:\/\/semmelweis.hu\/sportklub\/files\/2022\/10\/278308270_2458203940983917_7399405729537944599_n-1024x683.jpg\" src=\"https:\/\/semmelweis.hu\/sportklub\/files\/2022\/10\/278308270_2458203940983917_7399405729537944599_n-370x247.jpg\" width=\"370\" height=\"247\" align=\"left\" title=\"\" \/><\/a><\/div><\/div><div class=\"gallery-group images-1\" style=\"width: 374px; height: 251px;\"><div class=\"tiled-gallery-item tiled-gallery-item-large\"><a href=\"https:\/\/semmelweis.hu\/sportklub\/files\/2022\/03\/RS76905_ADZ_20180325_0602-scr.jpg\"><img loading=\"lazy\" decoding=\"async\" data-attachment-id=\"70\" data-orig-file=\"https:\/\/semmelweis.hu\/sportklub\/files\/2022\/03\/RS76905_ADZ_20180325_0602-scr.jpg\" data-orig-size=\"950,633\" data-comments-opened=\"0\" data-image-meta=\"{&quot;aperture&quot;:&quot;0&quot;,&quot;credit&quot;:&quot;&quot;,&quot;camera&quot;:&quot;&quot;,&quot;caption&quot;:&quot;&quot;,&quot;created_timestamp&quot;:&quot;0&quot;,&quot;copyright&quot;:&quot;&quot;,&quot;focal_length&quot;:&quot;0&quot;,&quot;iso&quot;:&quot;0&quot;,&quot;shutter_speed&quot;:&quot;0&quot;,&quot;title&quot;:&quot;&quot;,&quot;orientation&quot;:&quot;0&quot;}\" data-image-title=\"RS76905_ADZ_20180325_0602-scr\" data-image-description=\"\" data-medium-file=\"https:\/\/semmelweis.hu\/sportklub\/files\/2022\/03\/RS76905_ADZ_20180325_0602-scr-400x267.jpg\" data-large-file=\"https:\/\/semmelweis.hu\/sportklub\/files\/2022\/03\/RS76905_ADZ_20180325_0602-scr.jpg\" src=\"https:\/\/semmelweis.hu\/sportklub\/files\/2022\/03\/RS76905_ADZ_20180325_0602-scr-370x247.jpg\" width=\"370\" height=\"247\" align=\"left\" title=\"\" \/><\/a><\/div><\/div><\/div><\/div>[\/slb_exclude]\n<p>&nbsp;<\/p>\n","protected":false},"excerpt":{"rendered":"<p>Szakoszt\u00e1lyvezet\u0151:<br \/>\nDr. Horv\u00e1th M\u00f3nika<br \/>\nETK Fizioter\u00e1pia Tansz\u00e9k vezet\u0151je<br \/>\nCheerleading:<br \/>\nEdz\u0151: Nagy-Kismarci Bence<br \/>\nTel.: <a href=\"tel:+36303756322\">+36 30 674-88-47<\/a><br \/>\nE-mail: <a href=\"mailto:nkbence@gmail.com\">nkbence@gmail.com<\/a><\/p>\n<p>Helysz\u00edn: BEAC &#8211;\u00a01117 Bp., Bogd\u00e1nfy utca 12.<br \/>\nBogd\u00e1nfi \u00fati csarnok 1. p\u00e1ly\u00e1j\u00e1n<br \/>\nkedd: 18.00 &#8211; 20.00<br \/>\ncs\u00fct\u00f6rt\u00f6k: 18.00 &#8211; 20.00<\/p>\n<p>&nbsp;<\/p>\n","protected":false},"author":101997,"featured_media":0,"parent":130,"menu_order":0,"comment_status":"closed","ping_status":"closed","template":"","meta":{"_acf_changed":false,"footnotes":""},"categories":[34],"tags":[],"class_list":["post-40","page","type-page","status-publish","hentry","category-aktiv-szakosztalyok"],"acf":[],"_links":{"self":[{"href":"https:\/\/semmelweis.hu\/sportklub\/wp-json\/wp\/v2\/pages\/40","targetHints":{"allow":["GET"]}}],"collection":[{"href":"https:\/\/semmelweis.hu\/sportklub\/wp-json\/wp\/v2\/pages"}],"about":[{"href":"https:\/\/semmelweis.hu\/sportklub\/wp-json\/wp\/v2\/types\/page"}],"author":[{"embeddable":true,"href":"https:\/\/semmelweis.hu\/sportklub\/wp-json\/wp\/v2\/users\/101997"}],"replies":[{"embeddable":true,"href":"https:\/\/semmelweis.hu\/sportklub\/wp-json\/wp\/v2\/comments?post=40"}],"version-history":[{"count":11,"href":"https:\/\/semmelweis.hu\/sportklub\/wp-json\/wp\/v2\/pages\/40\/revisions"}],"predecessor-version":[{"id":1315,"href":"https:\/\/semmelweis.hu\/sportklub\/wp-json\/wp\/v2\/pages\/40\/revisions\/1315"}],"up":[{"embeddable":true,"href":"https:\/\/semmelweis.hu\/sportklub\/wp-json\/wp\/v2\/pages\/130"}],"wp:attachment":[{"href":"https:\/\/semmelweis.hu\/sportklub\/wp-json\/wp\/v2\/media?parent=40"}],"wp:term":[{"taxonomy":"category","embeddable":true,"href":"https:\/\/semmelweis.hu\/sportklub\/wp-json\/wp\/v2\/categories?post=40"},{"taxonomy":"post_tag","embeddable":true,"href":"https:\/\/semmelweis.hu\/sportklub\/wp-json\/wp\/v2\/tags?post=40"}],"curies":[{"name":"wp","href":"https:\/\/api.w.org\/{rel}","templated":true}]}}