{"id":38,"date":"2022-03-08T09:16:52","date_gmt":"2022-03-08T08:16:52","guid":{"rendered":"https:\/\/semmelweis.hu\/sportklub\/?page_id=38"},"modified":"2025-10-01T13:32:25","modified_gmt":"2025-10-01T11:32:25","slug":"vizilabda","status":"publish","type":"page","link":"https:\/\/semmelweis.hu\/sportklub\/szakosztalyok\/vizilabda\/","title":{"rendered":"V\u00edzilabda"},"content":{"rendered":"<h4>Szakoszt\u00e1lyvezet\u0151:<\/h4>\n<h5>Prof. Dr. Merkely B\u00e9la<\/h5>\n<p>rektor<strong><br \/>\n<\/strong><\/p>\n<p><strong>Szervez\u0151\/kapcsolattart\u00f3:<\/strong> Frei Tam\u00e1s <br \/>\nTelefon: +36 70 270 8190 <br \/>\nE-mail: <a href=\"mailto:freitamas20@gmail.com\">freitamas20@gmail.com<\/a><\/p>\n<p><strong>Weboldal:<\/strong> <a href=\"https:\/\/semmelweis.hu\/vizilabda\/\" target=\"_blank\" rel=\"noopener\">https:\/\/semmelweis.hu\/vizilabda\/<\/a><\/p>\n<p><strong>TAO:<\/strong> <a href=\"https:\/\/semmelweis.hu\/vizilabda\/tao\/\" target=\"_blank\" rel=\"noopener\">TAO t\u00e1mogat\u00e1ssal kapcsolatos dokumentumok \u2192<\/a><\/p>\n<h5>Edz\u0151: Kar\u00e1csonyi Vazul<\/h5>\n<p>Telefon: +36 70 418 7019 <br \/>\nE-mail: <a href=\"mailto:karacsonyivazul@gmail.com\">karacsonyivazul@gmail.com<\/a><\/p>\n<div class=\"keretes w-100\">\n<p><strong>MOM Sportuszoda<\/strong><br \/>\nC\u00edm: 1123 Budapest, Cs\u00f6rsz u. 14-16.<\/p>\n<p>h\u00e9tf\u0151: 20.00-21.00 <br \/>\nszerda, cs\u00fct\u00f6rt\u00f6k: 20.00-21.30<\/p>\n<\/div>\n<hr \/>\n<h4><strong>Az edz\u00e9seken val\u00f3 r\u00e9szv\u00e9tel felt\u00e9tele\u00a0<\/strong><\/h4>\n<ul>\n<li>\n<p><strong> a szakoszt\u00e1lyba t\u00f6rt\u00e9n\u0151 bel\u00e9p\u00e9s<\/strong><br \/>\nA bel\u00e9p\u00e9si nyilatkozat let\u00f6lthet\u0151 a <a href=\"https:\/\/semmelweis.hu\/sportklub\/dokumentumok\/\"><strong>Dokumentumok men\u00fcpontb\u00f3l \u2192<\/strong><\/a> vagy el\u00e9rhet\u0151 a port\u00e1n is\u00a0<\/p>\n<\/li>\n<li>\n<p><strong>a 18.000 Ft \/ szemeszter<\/strong> <strong>tag- \u00e9s szakoszt\u00e1lyi d\u00edj befizet\u00e9se <br \/>\n(k\u00fcls\u0151s\u00f6knek 36.000 Ft)<\/strong><\/p>\n<\/li>\n<li><strong>egyes\u00fcleti online regisztr\u00e1ci\u00f3<\/strong>: <a href=\"https:\/\/egyesuletonline.hu\/regisztracio\/se-sk\">https:\/\/egyesuletonline.hu\/regisztracio\/se-sk<\/a><\/li>\n<\/ul>\n<hr \/>\n\n[slb_exclude]<div data-carousel-extra='{\"blog_id\":239,\"permalink\":\"https:\\\/\\\/semmelweis.hu\\\/sportklub\\\/szakosztalyok\\\/vizilabda\\\/\"}' class=\"tiled-gallery type-rectangular\" data-original-width=\"753\"><div class=\"gallery-row\" style=\"width: 748px; height: 330px;\"><div class=\"gallery-group images-1\" style=\"width: 499px; height: 334px;\"><div class=\"tiled-gallery-item tiled-gallery-item-large\"><a href=\"https:\/\/semmelweis.hu\/sportklub\/files\/2022\/03\/RS30332_KA-20150412-IMG_1850-scr.jpg\"><img loading=\"lazy\" decoding=\"async\" data-attachment-id=\"170\" data-orig-file=\"https:\/\/semmelweis.hu\/sportklub\/files\/2022\/03\/RS30332_KA-20150412-IMG_1850-scr.jpg\" data-orig-size=\"950,633\" data-comments-opened=\"0\" data-image-meta=\"{&quot;aperture&quot;:&quot;0&quot;,&quot;credit&quot;:&quot;&quot;,&quot;camera&quot;:&quot;&quot;,&quot;caption&quot;:&quot;&quot;,&quot;created_timestamp&quot;:&quot;0&quot;,&quot;copyright&quot;:&quot;&quot;,&quot;focal_length&quot;:&quot;0&quot;,&quot;iso&quot;:&quot;0&quot;,&quot;shutter_speed&quot;:&quot;0&quot;,&quot;title&quot;:&quot;&quot;,&quot;orientation&quot;:&quot;0&quot;}\" data-image-title=\"RS30332_KA-20150412-IMG_1850-scr\" data-image-description=\"\" data-medium-file=\"https:\/\/semmelweis.hu\/sportklub\/files\/2022\/03\/RS30332_KA-20150412-IMG_1850-scr-400x267.jpg\" data-large-file=\"https:\/\/semmelweis.hu\/sportklub\/files\/2022\/03\/RS30332_KA-20150412-IMG_1850-scr.jpg\" src=\"https:\/\/semmelweis.hu\/sportklub\/files\/2022\/03\/RS30332_KA-20150412-IMG_1850-scr-495x330.jpg\" width=\"495\" height=\"330\" align=\"left\" title=\"\" \/><\/a><\/div><\/div><div class=\"gallery-group images-2\" style=\"width: 249px; height: 334px;\"><div class=\"tiled-gallery-item tiled-gallery-item-small\"><a href=\"https:\/\/semmelweis.hu\/sportklub\/files\/2022\/03\/RS30336_KA-20150412-IMG_1828-scr.jpg\"><img loading=\"lazy\" decoding=\"async\" data-attachment-id=\"171\" data-orig-file=\"https:\/\/semmelweis.hu\/sportklub\/files\/2022\/03\/RS30336_KA-20150412-IMG_1828-scr.jpg\" data-orig-size=\"950,633\" data-comments-opened=\"0\" data-image-meta=\"{&quot;aperture&quot;:&quot;0&quot;,&quot;credit&quot;:&quot;&quot;,&quot;camera&quot;:&quot;&quot;,&quot;caption&quot;:&quot;&quot;,&quot;created_timestamp&quot;:&quot;0&quot;,&quot;copyright&quot;:&quot;&quot;,&quot;focal_length&quot;:&quot;0&quot;,&quot;iso&quot;:&quot;0&quot;,&quot;shutter_speed&quot;:&quot;0&quot;,&quot;title&quot;:&quot;&quot;,&quot;orientation&quot;:&quot;0&quot;}\" data-image-title=\"RS30336_KA-20150412-IMG_1828-scr\" data-image-description=\"\" data-medium-file=\"https:\/\/semmelweis.hu\/sportklub\/files\/2022\/03\/RS30336_KA-20150412-IMG_1828-scr-400x267.jpg\" data-large-file=\"https:\/\/semmelweis.hu\/sportklub\/files\/2022\/03\/RS30336_KA-20150412-IMG_1828-scr.jpg\" src=\"https:\/\/semmelweis.hu\/sportklub\/files\/2022\/03\/RS30336_KA-20150412-IMG_1828-scr-245x163.jpg\" width=\"245\" height=\"163\" align=\"left\" title=\"\" \/><\/a><\/div><div class=\"tiled-gallery-item tiled-gallery-item-small\"><a href=\"https:\/\/semmelweis.hu\/sportklub\/files\/2022\/03\/RS30361_KA-20150412-IMG_1738-scr.jpg\"><img loading=\"lazy\" decoding=\"async\" data-attachment-id=\"172\" data-orig-file=\"https:\/\/semmelweis.hu\/sportklub\/files\/2022\/03\/RS30361_KA-20150412-IMG_1738-scr.jpg\" data-orig-size=\"950,633\" data-comments-opened=\"0\" data-image-meta=\"{&quot;aperture&quot;:&quot;0&quot;,&quot;credit&quot;:&quot;&quot;,&quot;camera&quot;:&quot;&quot;,&quot;caption&quot;:&quot;&quot;,&quot;created_timestamp&quot;:&quot;0&quot;,&quot;copyright&quot;:&quot;&quot;,&quot;focal_length&quot;:&quot;0&quot;,&quot;iso&quot;:&quot;0&quot;,&quot;shutter_speed&quot;:&quot;0&quot;,&quot;title&quot;:&quot;&quot;,&quot;orientation&quot;:&quot;0&quot;}\" data-image-title=\"RS30361_KA-20150412-IMG_1738-scr\" data-image-description=\"\" data-medium-file=\"https:\/\/semmelweis.hu\/sportklub\/files\/2022\/03\/RS30361_KA-20150412-IMG_1738-scr-400x267.jpg\" data-large-file=\"https:\/\/semmelweis.hu\/sportklub\/files\/2022\/03\/RS30361_KA-20150412-IMG_1738-scr.jpg\" src=\"https:\/\/semmelweis.hu\/sportklub\/files\/2022\/03\/RS30361_KA-20150412-IMG_1738-scr-245x163.jpg\" width=\"245\" height=\"163\" align=\"left\" title=\"\" \/><\/a><\/div><\/div><\/div><\/div>[\/slb_exclude]\n<p>&nbsp;<\/p>\n<p>&nbsp;<\/p>\n","protected":false},"excerpt":{"rendered":"<p>Szakoszt\u00e1lyvezet\u0151:<br \/>\nProf. Dr. Merkely B\u00e9la<br \/>\nrektor<\/p>\n<p>Szervez\u0151\/kapcsolattart\u00f3: Frei Tam\u00e1s<br \/>\nTelefon: +36 70 270 8190<br \/>\nE-mail: <a href=\"mailto:freitamas20@gmail.com\">freitamas20@gmail.com<\/a><br \/>\nWeboldal: <a href=\"https:\/\/semmelweis.hu\/vizilabda\/\" target=\"_blank\" rel=\"noopener\">https:\/\/semmelweis.hu\/vizilabda\/<\/a><br \/>\nTAO: <a href=\"https:\/\/semmelweis.hu\/vizilabda\/tao\/\" target=\"_blank\" rel=\"noopener\">TAO t\u00e1mogat\u00e1ssal kapcsolatos dokumentumok \u2192<\/a><br \/>\nEdz\u0151: Kar\u00e1csonyi Vazul<br \/>\nTelefon: +36 70 418 7019<br \/>\nE-mail: <a href=\"mailto:karacsonyivazul@gmail.com\">karacsonyivazul@gmail.com<\/a><\/p>\n<p>MOM Sportuszoda<br \/>\nC\u00edm: 1123 Budapest, Cs\u00f6rsz u. 14-16.<br \/>\nh\u00e9tf\u0151: 20.00-21.00<br \/>\nszerda, cs\u00fct\u00f6rt\u00f6k: 20.00-21.30<\/p>\n<p>&nbsp;<br \/>\n&nbsp;<\/p>\n","protected":false},"author":101997,"featured_media":0,"parent":130,"menu_order":0,"comment_status":"closed","ping_status":"closed","template":"","meta":{"_acf_changed":false,"footnotes":""},"categories":[34],"tags":[],"class_list":["post-38","page","type-page","status-publish","hentry","category-aktiv-szakosztalyok"],"acf":[],"_links":{"self":[{"href":"https:\/\/semmelweis.hu\/sportklub\/wp-json\/wp\/v2\/pages\/38","targetHints":{"allow":["GET"]}}],"collection":[{"href":"https:\/\/semmelweis.hu\/sportklub\/wp-json\/wp\/v2\/pages"}],"about":[{"href":"https:\/\/semmelweis.hu\/sportklub\/wp-json\/wp\/v2\/types\/page"}],"author":[{"embeddable":true,"href":"https:\/\/semmelweis.hu\/sportklub\/wp-json\/wp\/v2\/users\/101997"}],"replies":[{"embeddable":true,"href":"https:\/\/semmelweis.hu\/sportklub\/wp-json\/wp\/v2\/comments?post=38"}],"version-history":[{"count":10,"href":"https:\/\/semmelweis.hu\/sportklub\/wp-json\/wp\/v2\/pages\/38\/revisions"}],"predecessor-version":[{"id":1371,"href":"https:\/\/semmelweis.hu\/sportklub\/wp-json\/wp\/v2\/pages\/38\/revisions\/1371"}],"up":[{"embeddable":true,"href":"https:\/\/semmelweis.hu\/sportklub\/wp-json\/wp\/v2\/pages\/130"}],"wp:attachment":[{"href":"https:\/\/semmelweis.hu\/sportklub\/wp-json\/wp\/v2\/media?parent=38"}],"wp:term":[{"taxonomy":"category","embeddable":true,"href":"https:\/\/semmelweis.hu\/sportklub\/wp-json\/wp\/v2\/categories?post=38"},{"taxonomy":"post_tag","embeddable":true,"href":"https:\/\/semmelweis.hu\/sportklub\/wp-json\/wp\/v2\/tags?post=38"}],"curies":[{"name":"wp","href":"https:\/\/api.w.org\/{rel}","templated":true}]}}