{"id":273,"date":"2022-03-09T14:44:49","date_gmt":"2022-03-09T13:44:49","guid":{"rendered":"https:\/\/semmelweis.hu\/sportklub\/?page_id=273"},"modified":"2025-10-02T09:00:00","modified_gmt":"2025-10-02T07:00:00","slug":"dokumentumok","status":"publish","type":"page","link":"https:\/\/semmelweis.hu\/sportklub\/dokumentumok\/","title":{"rendered":"Dokumentumok"},"content":{"rendered":"<h4><strong>Let\u00f6lt\u00e9sek &#8211; Downloads<\/strong><\/h4>\n<div class=\"keretes w-100\">\n<h6><strong>HU:\u00a0<\/strong><span style=\"color: #ff6600\"><strong>Figyelem! <\/strong><\/span>M\u00e1s nyilatkozatot kell kit\u00f6lteni a Semmelweis Polg\u00e1roknak \u00e9s a k\u00fcls\u0151s tagoknak, illetve a sakk \u00e9s bridge szakoszt\u00e1lyok is elt\u00e9r\u0151 nyilatkozatot haszn\u00e1lnak.\u00a0<\/h6>\n<h6><strong>EN:<\/strong> <span style=\"color: #ff6600\"><strong>Attention!<\/strong> <\/span>Semmelweis Citizens and external members must fill out a different form, and the chess and bridge clubs also use different forms.\u00a0<\/h6>\n<\/div>\n<h6>Bel\u00e9p\u00e9si nyilatkozat <strong>Egyetemi polg\u00e1roknak<\/strong>\/ Declaration of joining the Association for <strong>Semmelweis members<\/strong>:<\/h6>\n<ul style=\"list-style-type: square\">\n<li><a href=\"https:\/\/semmelweis.hu\/sportklub\/files\/2025\/09\/SESK_belepesi_nyilatkozat_HU_egyetemi_polgar.pdf\">Bel\u00e9p\u00e9si nyilatkozat<\/a><\/li>\n<li><a href=\"https:\/\/semmelweis.hu\/sportklub\/files\/2025\/09\/SESK_belepesi_nyilatkozat_EN_-egyetemi_polgar.pdf\">Declaration Of Joining The Association<\/a><\/li>\n<li><a href=\"https:\/\/semmelweis.hu\/sportklub\/files\/2025\/09\/SESK_belepesi_nyilatkozat_DE_egyetemi_polgar.pdf\">Beitrittserkl\u00e4rung\u00a0<\/a><\/li>\n<\/ul>\n<h6>Bel\u00e9p\u00e9si nyilatkozat <strong>Egyetemi polg\u00e1roknak<\/strong> <strong>sakk\/bridzs szakoszt\u00e1lyba<\/strong>\/ Declaration of joining the Association for <strong>Semmelweis members<\/strong> to <strong>chess\/bridge department<\/strong>:<\/h6>\n<ul style=\"list-style-type: square\">\n<li><a href=\"https:\/\/semmelweis.hu\/sportklub\/files\/2025\/09\/SESK_belepesi_nyilatkozat_HU_sakkbridzs.pdf\">Bel\u00e9p\u00e9si nyilatkozat<\/a><\/li>\n<li><a href=\"https:\/\/semmelweis.hu\/sportklub\/files\/2025\/09\/SESK_belepesi_nyilatkozat_EN_-egyetemi_polgar.pdf\">Declaration Of Joining The Association<\/a><\/li>\n<li><a href=\"https:\/\/semmelweis.hu\/sportklub\/files\/2025\/09\/SESK_belepesi_nyilatkozat_DE_sakkbridzs.pdf\">Beitrittserkl\u00e4rung\u00a0<\/a><\/li>\n<\/ul>\n<h6>Bel\u00e9p\u00e9si nyilatkozat <strong>k\u00fcls\u0151s tagoknak\/<\/strong> Declaration of joining the Association for <strong>external member:<\/strong><\/h6>\n<ul style=\"list-style-type: square\">\n<li><a href=\"https:\/\/semmelweis.hu\/sportklub\/files\/2025\/09\/SESK_belepesi_nyilatkozat_HU_kulsos.pdf\">Bel\u00e9p\u00e9si nyilatkozat<\/a><\/li>\n<li><a href=\"https:\/\/semmelweis.hu\/sportklub\/files\/2025\/09\/SESK_belepesi_nyilatkozat_EN_kulsos.pdf\">Declaration Of Joining The Association<\/a><\/li>\n<li><a href=\"https:\/\/semmelweis.hu\/sportklub\/files\/2025\/09\/SESK_belepesi_nyilatkozat_DE_kulsos.pdf\">Beitrittserkl\u00e4rung\u00a0<\/a><\/li>\n<\/ul>\n<h6>Bel\u00e9p\u00e9si nyilatkozat <strong>k\u00fcls\u0151s tagoknak sakk\/bridzs szakoszt\u00e1lyba<\/strong>\/ Declaration of joining the Association for <strong>external member<\/strong> to <strong>chess\/ bridge department<\/strong>:<\/h6>\n<ul style=\"list-style-type: square\">\n<li><a href=\"https:\/\/semmelweis.hu\/sportklub\/files\/2025\/09\/SESK_belepesi_nyilatkozat_HU_sakkbridzs_kulsos.pdf\">Bel\u00e9p\u00e9si nyilatkozat<\/a><\/li>\n<li><a href=\"https:\/\/semmelweis.hu\/sportklub\/files\/2025\/09\/SESK_belepesi_nyilatkozat_EN_sakkbridzs_kulsos.pdf\">Declaration Of Joining The Association<\/a><\/li>\n<li><a href=\"https:\/\/semmelweis.hu\/sportklub\/files\/2025\/09\/SESK_belepesi_nyilatkozat_DE_sakkbridzs_kulsos.pdf\">Beitrittserkl\u00e4rung\u00a0<\/a><\/li>\n<\/ul>\n<h4><strong>K\u00f6z\u00e9rdek\u0171 dokumentumok<\/strong><\/h4>\n<ul style=\"list-style-type: square\">\n<li><a href=\"https:\/\/semmelweis.hu\/sportklub\/files\/2022\/03\/SE-Sportklub-SZMSZ.pdf\" target=\"_blank\" rel=\"noopener\">A Semmelweis Egyetem Sport Klub Szervezeti \u00e9s M\u0171k\u00f6d\u00e9si Rendje 2021 &#8211; SZMSZ <\/a><\/li>\n<li><a href=\"https:\/\/semmelweis.hu\/sportklub\/files\/2025\/10\/Alairt-SE-SK-SZMSZ_20250723.pdf\">A Semmelweis Egyetem Sport Klub Szervezeti \u00e9s M\u0171k\u00f6d\u00e9si Rendje 2025 &#8211; SZMSZ<\/a><\/li>\n<li><a href=\"https:\/\/semmelweis.hu\/sportklub\/files\/2025\/10\/Alairt-SE-SK-Alapszabaly-_-20250514_jogi-ellenjegyzett-1.pdf\">A Semmelweis Egyetem Sport Klub Alapszab\u00e1lya 2025<\/a><\/li>\n<\/ul>\n","protected":false},"excerpt":{"rendered":"<p>Let\u00f6lt\u00e9sek &#8211; Downloads HU:\u00a0Figyelem! M\u00e1s nyilatkozatot kell kit\u00f6lteni a Semmelweis Polg\u00e1roknak \u00e9s a k\u00fcls\u0151s tagoknak, illetve a sakk \u00e9s bridge szakoszt\u00e1lyok is elt\u00e9r\u0151 nyilatkozatot haszn\u00e1lnak.\u00a0 EN: Attention! Semmelweis Citizens and external members must fill out a different form, and the chess and bridge clubs also use different forms.\u00a0 Bel\u00e9p\u00e9si nyilatkozat Egyetemi polg\u00e1roknak\/ Declaration of joining &hellip;<\/p>\n","protected":false},"author":12,"featured_media":0,"parent":0,"menu_order":7,"comment_status":"closed","ping_status":"closed","template":"","meta":{"_acf_changed":false,"footnotes":""},"categories":[],"tags":[],"class_list":["post-273","page","type-page","status-publish","hentry"],"acf":[],"_links":{"self":[{"href":"https:\/\/semmelweis.hu\/sportklub\/wp-json\/wp\/v2\/pages\/273","targetHints":{"allow":["GET"]}}],"collection":[{"href":"https:\/\/semmelweis.hu\/sportklub\/wp-json\/wp\/v2\/pages"}],"about":[{"href":"https:\/\/semmelweis.hu\/sportklub\/wp-json\/wp\/v2\/types\/page"}],"author":[{"embeddable":true,"href":"https:\/\/semmelweis.hu\/sportklub\/wp-json\/wp\/v2\/users\/12"}],"replies":[{"embeddable":true,"href":"https:\/\/semmelweis.hu\/sportklub\/wp-json\/wp\/v2\/comments?post=273"}],"version-history":[{"count":10,"href":"https:\/\/semmelweis.hu\/sportklub\/wp-json\/wp\/v2\/pages\/273\/revisions"}],"predecessor-version":[{"id":1374,"href":"https:\/\/semmelweis.hu\/sportklub\/wp-json\/wp\/v2\/pages\/273\/revisions\/1374"}],"wp:attachment":[{"href":"https:\/\/semmelweis.hu\/sportklub\/wp-json\/wp\/v2\/media?parent=273"}],"wp:term":[{"taxonomy":"category","embeddable":true,"href":"https:\/\/semmelweis.hu\/sportklub\/wp-json\/wp\/v2\/categories?post=273"},{"taxonomy":"post_tag","embeddable":true,"href":"https:\/\/semmelweis.hu\/sportklub\/wp-json\/wp\/v2\/tags?post=273"}],"curies":[{"name":"wp","href":"https:\/\/api.w.org\/{rel}","templated":true}]}}