{"id":1136,"date":"2025-09-18T10:09:07","date_gmt":"2025-09-18T08:09:07","guid":{"rendered":"https:\/\/semmelweis.hu\/sportklub\/?page_id=1136"},"modified":"2025-10-01T13:06:45","modified_gmt":"2025-10-01T11:06:45","slug":"tennis","status":"publish","type":"page","link":"https:\/\/semmelweis.hu\/sportklub\/en\/sports\/tennis\/","title":{"rendered":"Tennis"},"content":{"rendered":"<h4>head of sport:<\/h4>\n<h5>Prof. Dr. Ferdinandy P\u00e9ter<\/h5>\n<p>Vice-Rector for Science and Innovation<\/p>\n<h5>Dr. Zsembery \u00c1kos<\/h5>\n<p>Head of the Department of Oral Biology<\/p>\n<h5>Contact: Dr. Zsembery \u00c1kos<\/h5>\n<p>Phone: +36 20 4633766 <br \/>\nE-mail:\u00a0 <a href=\"mailto:zsembery.akos@dent.semmelweis-univ.hu\">zsembery.akos@semmelweis.hu<\/a><\/p>\n<div class=\"keretes w-100\">\n<p><strong>BVSC sports complex <\/strong><br \/>\nSz\u0151nyi Road 2., entrance from Teleki Blanka Street<br \/>\nTuesday: 17.00-19.00<\/p>\n<p>Advance consultation is required!<\/p>\n<p><strong>Po\u00e9n Teniszklub\u00a0<\/strong><\/p>\n<p>1113 Budapest, Hamzsab\u00e9gi Road 52.<\/p>\n<p>Saturday 16.00-18.00<\/p>\n<\/div>\n<div><hr \/>\n<h4><strong>CONDITION FOR PARTICIPATION IN TRAINING:<\/strong><\/h4>\n<ul>\n<li><strong>Joining the Sport Club<\/strong> by filled and signed application form <em>(download below)<\/em><\/li>\n<li><strong>Paying the semester membership and section fee payment: <\/strong>\n<ul>\n<li>Semmelweis members: students and employee 18.000 HUF \/ semester<\/li>\n<li>External members: HUF 36.000 \/ semester<\/li>\n<\/ul>\n<\/li>\n<\/ul>\n<h5>Declaration of joining the Association:<\/h5>\n<p>\u00a0for <strong>Semmelweis members<\/strong>:<\/p>\n<ul style=\"list-style-type: square;\">\n<li><a href=\"https:\/\/semmelweis.hu\/sportklub\/files\/2025\/09\/SESK_belepesi_nyilatkozat_EN_-egyetemi_polgar.pdf\">Declaration Of Joining The Association<\/a><\/li>\n<li><a href=\"https:\/\/semmelweis.hu\/sportklub\/files\/2025\/09\/SESK_belepesi_nyilatkozat_DE_egyetemi_polgar.pdf\">Beitrittserkl\u00e4rung\u00a0<\/a><\/li>\n<\/ul>\n<p>for <strong>external member:<\/strong><\/p>\n<ul style=\"list-style-type: square;\">\n<li><a href=\"https:\/\/semmelweis.hu\/sportklub\/files\/2025\/09\/SESK_belepesi_nyilatkozat_EN_kulsos.pdf\">Declaration Of Joining The Association<\/a><\/li>\n<li><a href=\"https:\/\/semmelweis.hu\/sportklub\/files\/2025\/09\/SESK_belepesi_nyilatkozat_DE_kulsos.pdf\">Beitrittserkl\u00e4rung\u00a0<\/a><\/li>\n<\/ul>\n<hr \/>\n<\/div>\n","protected":false},"excerpt":{"rendered":"<p>head of sport: Prof. Dr. Ferdinandy P\u00e9ter Vice-Rector for Science and Innovation Dr. Zsembery \u00c1kos Head of the Department of Oral Biology Contact: Dr. Zsembery \u00c1kos Phone: +36 20 4633766 E-mail:\u00a0 <a href=\"mailto:zsembery.akos@dent.semmelweis-univ.hu\">zsembery.akos@semmelweis.hu<\/a> BVSC sports complex Sz\u0151nyi Road 2., entrance from Teleki Blanka Street Tuesday: 17.00-19.00 Advance consultation is required! Po\u00e9n Teniszklub\u00a0 1113 Budapest, Hamzsab\u00e9gi Road 52. &hellip;<\/p>\n","protected":false},"author":102043,"featured_media":0,"parent":1089,"menu_order":0,"comment_status":"closed","ping_status":"closed","template":"","meta":{"_acf_changed":false,"footnotes":""},"categories":[],"tags":[],"class_list":["post-1136","page","type-page","status-publish","hentry"],"acf":[],"_links":{"self":[{"href":"https:\/\/semmelweis.hu\/sportklub\/wp-json\/wp\/v2\/pages\/1136","targetHints":{"allow":["GET"]}}],"collection":[{"href":"https:\/\/semmelweis.hu\/sportklub\/wp-json\/wp\/v2\/pages"}],"about":[{"href":"https:\/\/semmelweis.hu\/sportklub\/wp-json\/wp\/v2\/types\/page"}],"author":[{"embeddable":true,"href":"https:\/\/semmelweis.hu\/sportklub\/wp-json\/wp\/v2\/users\/102043"}],"replies":[{"embeddable":true,"href":"https:\/\/semmelweis.hu\/sportklub\/wp-json\/wp\/v2\/comments?post=1136"}],"version-history":[{"count":6,"href":"https:\/\/semmelweis.hu\/sportklub\/wp-json\/wp\/v2\/pages\/1136\/revisions"}],"predecessor-version":[{"id":1362,"href":"https:\/\/semmelweis.hu\/sportklub\/wp-json\/wp\/v2\/pages\/1136\/revisions\/1362"}],"up":[{"embeddable":true,"href":"https:\/\/semmelweis.hu\/sportklub\/wp-json\/wp\/v2\/pages\/1089"}],"wp:attachment":[{"href":"https:\/\/semmelweis.hu\/sportklub\/wp-json\/wp\/v2\/media?parent=1136"}],"wp:term":[{"taxonomy":"category","embeddable":true,"href":"https:\/\/semmelweis.hu\/sportklub\/wp-json\/wp\/v2\/categories?post=1136"},{"taxonomy":"post_tag","embeddable":true,"href":"https:\/\/semmelweis.hu\/sportklub\/wp-json\/wp\/v2\/tags?post=1136"}],"curies":[{"name":"wp","href":"https:\/\/api.w.org\/{rel}","templated":true}]}}