{"id":1127,"date":"2025-09-18T10:05:29","date_gmt":"2025-09-18T08:05:29","guid":{"rendered":"https:\/\/semmelweis.hu\/sportklub\/?page_id=1127"},"modified":"2025-10-01T11:36:25","modified_gmt":"2025-10-01T09:36:25","slug":"chess","status":"publish","type":"page","link":"https:\/\/semmelweis.hu\/sportklub\/en\/sports\/chess\/","title":{"rendered":"Chess"},"content":{"rendered":"<h4>head of sport:<\/h4>\n<h5>Feket\u00e9n\u00e9 Dr. Szab\u00f3 \u00c9va<\/h5>\n<p>Strategic Vice-Chancellor<\/p>\n<h5><span data-olk-copy-source=\"MessageBody\">Coach: <\/span>Terbe Zsuzsanna<\/h5>\n<p>Women&#8217;s International Master,<\/p>\n<h5>The sessions are led by: Mih\u00f3k-Juh\u00e1sz Barbara<\/h5>\n<p>Member of the Hungarian women&#8217;s chess team, Semmelweis University alumnus<\/p>\n<div class=\"fontos_div\">\n<p>For further information and registration, please contact: <a href=\"mailto:sakk@semmelweis.hu\">sakk@semmelweis.hu<\/a><\/p>\n<\/div>\n<p style=\"font-weight: 400;\"><hr \/>\n<h4><strong>CONDITION FOR PARTICIPATION IN TRAINING:<\/strong><\/h4>\n<ul>\n<li><strong>Joining the Sport Club<\/strong> by filled and signed application form <em>(download below)<\/em><\/li>\n<li><strong>Paying the semester membership and section fee payment: <\/strong>\n<ul>\n<li>Semmelweis members: students and employee 9.000 HUF \/ semester<\/li>\n<li>External members: HUF 18.000 \/ semester<\/li>\n<\/ul>\n<\/li>\n<\/ul>\n<h5>Declaration of joining the Association to\u00a0chess\/bridge department:<\/h5>\n<p>\u00a0for <strong>Semmelweis members<\/strong>:<\/p>\n<ul>\n<li><a href=\"https:\/\/semmelweis.hu\/sportklub\/files\/2025\/09\/SESK_belepesi_nyilatkozat_EN_sakkbridzs.pdf\" target=\"_blank\" rel=\"noopener\">Declaration Of Joining The Association<\/a><\/li>\n<li><a href=\"https:\/\/semmelweis.hu\/sportklub\/files\/2025\/09\/SESK_belepesi_nyilatkozat_DE_sakkbridzs.pdf\" target=\"_blank\" rel=\"noopener\">Beitrittserkl\u00e4rung\u00a0<\/a><\/li>\n<\/ul>\n<p>for <strong>external member:<\/strong><\/p>\n<ul>\n<li><a href=\"https:\/\/semmelweis.hu\/sportklub\/files\/2025\/09\/SESK_belepesi_nyilatkozat_EN_sakkbridzs_kulsos.pdf\" target=\"_blank\" rel=\"noopener\">Declaration Of Joining The Association<\/a><\/li>\n<li><a href=\"https:\/\/semmelweis.hu\/sportklub\/files\/2025\/09\/SESK_belepesi_nyilatkozat_DE_sakkbridzs_kulsos.pdf\" target=\"_blank\" rel=\"noopener\">Beitrittserkl\u00e4rung\u00a0<\/a><\/li>\n<\/ul>\n<hr \/>\n<\/p>\n<p><strong>WE ARE WAITING FOR YOU IF:<\/strong><\/p>\n<ul style=\"list-style-type: square;\">\n<li>you are an employee or student of Semmelweis University,<\/li>\n<li>you have at least a basic knowledge of chess,<\/li>\n<li>you are able to attend the sessions at the \u00dcll\u0151i \u00fat Salon several times a month,<\/li>\n<li>you would like to improve your concentration skills and problem-solving thinking,<\/li>\n<li>you would like to meet Semmelweis citizens with similar interests, or<\/li>\n<li>you simply want to have a good time while improving your chess skills!<\/li>\n<\/ul>\n","protected":false},"excerpt":{"rendered":"<p>head of sport: Feket\u00e9n\u00e9 Dr. Szab\u00f3 \u00c9va Strategic Vice-Chancellor Coach: Terbe Zsuzsanna Women&#8217;s International Master, The sessions are led by: Mih\u00f3k-Juh\u00e1sz Barbara Member of the Hungarian women&#8217;s chess team, Semmelweis University alumnus For further information and registration, please contact: <a href=\"mailto:sakk@semmelweis.hu\">sakk@semmelweis.hu<\/a> WE ARE WAITING FOR YOU IF: you are an employee or student of Semmelweis University, you &hellip;<\/p>\n","protected":false},"author":102043,"featured_media":0,"parent":1089,"menu_order":0,"comment_status":"closed","ping_status":"closed","template":"","meta":{"_acf_changed":false,"footnotes":""},"categories":[],"tags":[],"class_list":["post-1127","page","type-page","status-publish","hentry"],"acf":[],"_links":{"self":[{"href":"https:\/\/semmelweis.hu\/sportklub\/wp-json\/wp\/v2\/pages\/1127","targetHints":{"allow":["GET"]}}],"collection":[{"href":"https:\/\/semmelweis.hu\/sportklub\/wp-json\/wp\/v2\/pages"}],"about":[{"href":"https:\/\/semmelweis.hu\/sportklub\/wp-json\/wp\/v2\/types\/page"}],"author":[{"embeddable":true,"href":"https:\/\/semmelweis.hu\/sportklub\/wp-json\/wp\/v2\/users\/102043"}],"replies":[{"embeddable":true,"href":"https:\/\/semmelweis.hu\/sportklub\/wp-json\/wp\/v2\/comments?post=1127"}],"version-history":[{"count":8,"href":"https:\/\/semmelweis.hu\/sportklub\/wp-json\/wp\/v2\/pages\/1127\/revisions"}],"predecessor-version":[{"id":1325,"href":"https:\/\/semmelweis.hu\/sportklub\/wp-json\/wp\/v2\/pages\/1127\/revisions\/1325"}],"up":[{"embeddable":true,"href":"https:\/\/semmelweis.hu\/sportklub\/wp-json\/wp\/v2\/pages\/1089"}],"wp:attachment":[{"href":"https:\/\/semmelweis.hu\/sportklub\/wp-json\/wp\/v2\/media?parent=1127"}],"wp:term":[{"taxonomy":"category","embeddable":true,"href":"https:\/\/semmelweis.hu\/sportklub\/wp-json\/wp\/v2\/categories?post=1127"},{"taxonomy":"post_tag","embeddable":true,"href":"https:\/\/semmelweis.hu\/sportklub\/wp-json\/wp\/v2\/tags?post=1127"}],"curies":[{"name":"wp","href":"https:\/\/api.w.org\/{rel}","templated":true}]}}