{"id":1105,"date":"2025-09-18T09:57:21","date_gmt":"2025-09-18T07:57:21","guid":{"rendered":"https:\/\/semmelweis.hu\/sportklub\/?page_id=1105"},"modified":"2025-10-01T13:08:21","modified_gmt":"2025-10-01T11:08:21","slug":"swimming","status":"publish","type":"page","link":"https:\/\/semmelweis.hu\/sportklub\/en\/sports\/swimming\/","title":{"rendered":"Swimming"},"content":{"rendered":"<h4>Head of sport:<\/h4>\n<h5>Prof. Dr. Rom\u00e1na Zelk\u00f3<\/h5>\n<p>Doctor of the Hungarian Academy of Sciences<\/p>\n<p>University Pharmacy \u2013 Department of Pharmacy Administration<\/p>\n<h5><span style=\"font-size: 14pt;\">Contact, coach: \u00a0Anik\u00f3 Doharn\u00e9 Buczk\u00f3<\/span><\/h5>\n<p>Phone number: +36 20 825 06 16<\/p>\n<p>E-mail: <a href=\"mailto:doharne.buczko.aniko@semmelweis.hu\">doharne.buczko.aniko@semmelweis.hu<\/a><\/p>\n<div class=\"keretes w-100\">\n<p><strong>Location:\u00a0<\/strong><br \/>\nNKE Ludovika Ar\u00e9na \u2013 Swimmingpool<br \/>\n1083 Budapest, Ludovika Square 2.<\/p>\n<p><strong>Training schedule:<\/strong><br \/>\nTuesday, Thursday 20.00-21.00<\/p>\n<\/div>\n<hr \/>\n<h4><strong>CONDITION FOR PARTICIPATION IN TRAINING:<\/strong><\/h4>\n<ul>\n<li><strong>Joining the Sport Club<\/strong> by filled and signed application form <em>(download below)<\/em><\/li>\n<li><strong>Paying the semester membership and section fee payment: <\/strong>\n<ul>\n<li>Semmelweis members: students and employee 18.000 HUF \/ semester<\/li>\n<li>External members: HUF 36.000 \/ semester<\/li>\n<\/ul>\n<\/li>\n<\/ul>\n<h5>Declaration of joining the Association:<\/h5>\n<p>\u00a0for <strong>Semmelweis members<\/strong>:<\/p>\n<ul style=\"list-style-type: square;\">\n<li><a href=\"https:\/\/semmelweis.hu\/sportklub\/files\/2025\/09\/SESK_belepesi_nyilatkozat_EN_-egyetemi_polgar.pdf\">Declaration Of Joining The Association<\/a><\/li>\n<li><a href=\"https:\/\/semmelweis.hu\/sportklub\/files\/2025\/09\/SESK_belepesi_nyilatkozat_DE_egyetemi_polgar.pdf\">Beitrittserkl\u00e4rung\u00a0<\/a><\/li>\n<\/ul>\n<p>for <strong>external member:<\/strong><\/p>\n<ul style=\"list-style-type: square;\">\n<li><a href=\"https:\/\/semmelweis.hu\/sportklub\/files\/2025\/09\/SESK_belepesi_nyilatkozat_EN_kulsos.pdf\">Declaration Of Joining The Association<\/a><\/li>\n<li><a href=\"https:\/\/semmelweis.hu\/sportklub\/files\/2025\/09\/SESK_belepesi_nyilatkozat_DE_kulsos.pdf\">Beitrittserkl\u00e4rung\u00a0<\/a><\/li>\n<\/ul>\n<hr \/>\n\n","protected":false},"excerpt":{"rendered":"<p>Head of sport:<br \/>\nProf. Dr. Rom\u00e1na Zelk\u00f3<br \/>\nDoctor of the Hungarian Academy of Sciences<br \/>\nUniversity Pharmacy \u2013 Department of Pharmacy Administration<br \/>\nContact, coach: \u00a0Anik\u00f3 Doharn\u00e9 Buczk\u00f3<br \/>\nPhone number: +36 20 825 06 16<br \/>\nE-mail: <a href=\"mailto:doharne.buczko.aniko@semmelweis.hu\">doharne.buczko.aniko@semmelweis.hu<\/a><\/p>\n<p>Location:\u00a0<br \/>\nNKE Ludovika Ar\u00e9na \u2013 Swimmingpool<br \/>\n1083 Budapest, Ludovika Square 2.<br \/>\nTraining schedule:<br \/>\nTuesday, Thursday 20.00-21.00<\/p>\n","protected":false},"author":102043,"featured_media":0,"parent":1089,"menu_order":0,"comment_status":"closed","ping_status":"closed","template":"","meta":{"_acf_changed":false,"footnotes":""},"categories":[],"tags":[],"class_list":["post-1105","page","type-page","status-publish","hentry"],"acf":[],"_links":{"self":[{"href":"https:\/\/semmelweis.hu\/sportklub\/wp-json\/wp\/v2\/pages\/1105","targetHints":{"allow":["GET"]}}],"collection":[{"href":"https:\/\/semmelweis.hu\/sportklub\/wp-json\/wp\/v2\/pages"}],"about":[{"href":"https:\/\/semmelweis.hu\/sportklub\/wp-json\/wp\/v2\/types\/page"}],"author":[{"embeddable":true,"href":"https:\/\/semmelweis.hu\/sportklub\/wp-json\/wp\/v2\/users\/102043"}],"replies":[{"embeddable":true,"href":"https:\/\/semmelweis.hu\/sportklub\/wp-json\/wp\/v2\/comments?post=1105"}],"version-history":[{"count":10,"href":"https:\/\/semmelweis.hu\/sportklub\/wp-json\/wp\/v2\/pages\/1105\/revisions"}],"predecessor-version":[{"id":1364,"href":"https:\/\/semmelweis.hu\/sportklub\/wp-json\/wp\/v2\/pages\/1105\/revisions\/1364"}],"up":[{"embeddable":true,"href":"https:\/\/semmelweis.hu\/sportklub\/wp-json\/wp\/v2\/pages\/1089"}],"wp:attachment":[{"href":"https:\/\/semmelweis.hu\/sportklub\/wp-json\/wp\/v2\/media?parent=1105"}],"wp:term":[{"taxonomy":"category","embeddable":true,"href":"https:\/\/semmelweis.hu\/sportklub\/wp-json\/wp\/v2\/categories?post=1105"},{"taxonomy":"post_tag","embeddable":true,"href":"https:\/\/semmelweis.hu\/sportklub\/wp-json\/wp\/v2\/tags?post=1105"}],"curies":[{"name":"wp","href":"https:\/\/api.w.org\/{rel}","templated":true}]}}