{"id":1091,"date":"2025-09-18T09:46:45","date_gmt":"2025-09-18T07:46:45","guid":{"rendered":"https:\/\/semmelweis.hu\/sportklub\/?page_id=1091"},"modified":"2025-10-01T09:55:33","modified_gmt":"2025-10-01T07:55:33","slug":"badminton","status":"publish","type":"page","link":"https:\/\/semmelweis.hu\/sportklub\/en\/sports\/badminton\/","title":{"rendered":"Badminton"},"content":{"rendered":"<h4>Head of Sport :<\/h4>\n<h5>dr. Andrea\u00a0Zsebe<\/h5>\n<p>Dean of the Andr\u00e1s Pet\u0151 Faculty<\/p>\n<h5>Coach: M\u00e1rton Szovics\u00a0<\/h5>\n<p>Phone: <a href=\"tel:+36206105709\">+36 20 610 5709<\/a><\/p>\n<div class=\"keretes w-100\">\n<p><strong>Place of the trainings:<\/strong> <br \/>\nSemmelweis University&#8217;s P.E. and Sport Centre<br \/>\nH-1107 Budapest, Z\u00e1gr\u00e1bi utca 14.<\/p>\n<p><strong>Time:<\/strong> <br \/>\nFriday : 18.00 \u2013 19.30<\/p>\n<p>You can attend training sessions even if you are a beginner, but we also welcome advanced players.<\/p>\n<p><strong>Participation in the first training session is free of charge.<\/strong><\/p>\n<\/div>\n<hr \/>\n<h4><strong>CONDITION FOR PARTICIPATION IN TRAINING:<\/strong><\/h4>\n<ul>\n<li><strong>Joining the Sport Club<\/strong> by filled and signed application form <em>(download below)<\/em><\/li>\n<li><strong>Paying the semester membership and section fee payment: <\/strong>\n<ul>\n<li>Semmelweis members: students and employee 18.000 HUF \/ semester<\/li>\n<li>External members: HUF 36.000 \/ semester<\/li>\n<\/ul>\n<\/li>\n<\/ul>\n<h5>Declaration of joining the Association:<\/h5>\n<p>\u00a0for <strong>Semmelweis members<\/strong>:<\/p>\n<ul style=\"list-style-type: square;\">\n<li><a href=\"https:\/\/semmelweis.hu\/sportklub\/files\/2025\/09\/SESK_belepesi_nyilatkozat_EN_-egyetemi_polgar.pdf\">Declaration Of Joining The Association<\/a><\/li>\n<li><a href=\"https:\/\/semmelweis.hu\/sportklub\/files\/2025\/09\/SESK_belepesi_nyilatkozat_DE_egyetemi_polgar.pdf\">Beitrittserkl\u00e4rung\u00a0<\/a><\/li>\n<\/ul>\n<p>for <strong>external member:<\/strong><\/p>\n<ul style=\"list-style-type: square;\">\n<li><a href=\"https:\/\/semmelweis.hu\/sportklub\/files\/2025\/09\/SESK_belepesi_nyilatkozat_EN_kulsos.pdf\">Declaration Of Joining The Association<\/a><\/li>\n<li><a href=\"https:\/\/semmelweis.hu\/sportklub\/files\/2025\/09\/SESK_belepesi_nyilatkozat_DE_kulsos.pdf\">Beitrittserkl\u00e4rung\u00a0<\/a><\/li>\n<\/ul>\n<hr \/>\n\n<p>&nbsp;<\/p>\n","protected":false},"excerpt":{"rendered":"<p>Head of Sport : dr. Andrea\u00a0Zsebe Dean of the Andr\u00e1s Pet\u0151 Faculty Coach: M\u00e1rton Szovics\u00a0 Phone: <a href=\"tel:+36206105709\">+36 20 610 5709<\/a> Place of the trainings: Semmelweis University&#8217;s P.E. and Sport Centre H-1107 Budapest, Z\u00e1gr\u00e1bi utca 14. Time: Friday : 18.00 \u2013 19.30 You can attend training sessions even if you are a beginner, but we also welcome advanced players. Participation &hellip;<\/p>\n","protected":false},"author":12,"featured_media":0,"parent":1089,"menu_order":0,"comment_status":"closed","ping_status":"closed","template":"","meta":{"_acf_changed":false,"footnotes":""},"categories":[],"tags":[],"class_list":["post-1091","page","type-page","status-publish","hentry"],"acf":[],"_links":{"self":[{"href":"https:\/\/semmelweis.hu\/sportklub\/wp-json\/wp\/v2\/pages\/1091","targetHints":{"allow":["GET"]}}],"collection":[{"href":"https:\/\/semmelweis.hu\/sportklub\/wp-json\/wp\/v2\/pages"}],"about":[{"href":"https:\/\/semmelweis.hu\/sportklub\/wp-json\/wp\/v2\/types\/page"}],"author":[{"embeddable":true,"href":"https:\/\/semmelweis.hu\/sportklub\/wp-json\/wp\/v2\/users\/12"}],"replies":[{"embeddable":true,"href":"https:\/\/semmelweis.hu\/sportklub\/wp-json\/wp\/v2\/comments?post=1091"}],"version-history":[{"count":8,"href":"https:\/\/semmelweis.hu\/sportklub\/wp-json\/wp\/v2\/pages\/1091\/revisions"}],"predecessor-version":[{"id":1282,"href":"https:\/\/semmelweis.hu\/sportklub\/wp-json\/wp\/v2\/pages\/1091\/revisions\/1282"}],"up":[{"embeddable":true,"href":"https:\/\/semmelweis.hu\/sportklub\/wp-json\/wp\/v2\/pages\/1089"}],"wp:attachment":[{"href":"https:\/\/semmelweis.hu\/sportklub\/wp-json\/wp\/v2\/media?parent=1091"}],"wp:term":[{"taxonomy":"category","embeddable":true,"href":"https:\/\/semmelweis.hu\/sportklub\/wp-json\/wp\/v2\/categories?post=1091"},{"taxonomy":"post_tag","embeddable":true,"href":"https:\/\/semmelweis.hu\/sportklub\/wp-json\/wp\/v2\/tags?post=1091"}],"curies":[{"name":"wp","href":"https:\/\/api.w.org\/{rel}","templated":true}]}}