{"id":105,"date":"2022-03-08T10:39:38","date_gmt":"2022-03-08T09:39:38","guid":{"rendered":"https:\/\/semmelweis.hu\/sportklub\/?page_id=105"},"modified":"2025-10-01T12:07:09","modified_gmt":"2025-10-01T10:07:09","slug":"kezilabda","status":"publish","type":"page","link":"https:\/\/semmelweis.hu\/sportklub\/szakosztalyok\/kezilabda\/","title":{"rendered":"K\u00e9zilabda"},"content":{"rendered":"<h4>\nSzakoszt\u00e1lyvezet\u0151:<\/h4>\n<h5>Dr. Pavlik L\u00edvia<\/h5>\n<p>kancell\u00e1r<\/p>\n<div class=\"responsive-tabs\">\n<h2 class=\"tabtitle\">Edz\u00e9sek<\/h2>\n<div class=\"tabcontent\">\n\n<h5>N\u0151i csapat edz\u0151je: K\u00e9ri M\u00f3zes\u00a0<\/h5>\n<p>E-mail: <a href=\"mailto:kerimozes@gmail.com\">kerimozes@gmail.com<\/a><\/p>\n<h5>F\u00e9rfi csapat edz\u0151je: J\u00e1nka Zsolt\u00a0<\/h5>\n<p>E-mail: <a href=\"mailto:zsolthandball@gmail.com\">zsolthandball@gmail.com<\/a><\/p>\n<div class=\"keretes w-100\">\n<p><strong>Helysz\u00edn: <\/strong>Testnevel\u00e9si \u00e9s Sportk\u00f6zpont: 1107 Budapest, Z\u00e1gr\u00e1bi u. 14.<\/p>\n<p><strong>Edz\u00e9sek id\u0151pontja:<\/strong> <br \/>\nh\u00e9tf\u0151: 20.30-22.00<br \/>\nszerda: 18.00-19.30<\/p>\n<\/div>\n<hr \/>\n<h4><strong>Az edz\u00e9seken val\u00f3 r\u00e9szv\u00e9tel felt\u00e9tele\u00a0<\/strong><\/h4>\n<ul>\n<li>\n<p><strong> a szakoszt\u00e1lyba t\u00f6rt\u00e9n\u0151 bel\u00e9p\u00e9s<\/strong><br \/>\nA bel\u00e9p\u00e9si nyilatkozat let\u00f6lthet\u0151 a <a href=\"https:\/\/semmelweis.hu\/sportklub\/dokumentumok\/\"><strong>Dokumentumok men\u00fcpontb\u00f3l \u2192<\/strong><\/a> vagy el\u00e9rhet\u0151 a port\u00e1n is\u00a0<\/p>\n<\/li>\n<li>\n<p><strong>a 18.000 Ft \/ szemeszter<\/strong> <strong>tag- \u00e9s szakoszt\u00e1lyi d\u00edj befizet\u00e9se <br \/>\n(k\u00fcls\u0151s\u00f6knek 36.000 Ft)<\/strong><\/p>\n<\/li>\n<li><strong>egyes\u00fcleti online regisztr\u00e1ci\u00f3<\/strong>: <a href=\"https:\/\/egyesuletonline.hu\/regisztracio\/se-sk\">https:\/\/egyesuletonline.hu\/regisztracio\/se-sk<\/a><\/li>\n<\/ul>\n<hr \/>\n\n[slb_exclude]<div data-carousel-extra='{\"blog_id\":239,\"permalink\":\"https:\\\/\\\/semmelweis.hu\\\/sportklub\\\/szakosztalyok\\\/kezilabda\\\/\"}' class=\"tiled-gallery type-rectangular\" data-original-width=\"753\"><div class=\"gallery-row\" style=\"width: 748px; height: 237px;\"><div class=\"gallery-group images-1\" style=\"width: 359px; height: 241px;\"><div class=\"tiled-gallery-item tiled-gallery-item-large\"><a href=\"https:\/\/semmelweis.hu\/sportklub\/files\/2022\/03\/RS53664_KA-20160920-IMG_9288-scr.jpg\"><img loading=\"lazy\" decoding=\"async\" data-attachment-id=\"106\" data-orig-file=\"https:\/\/semmelweis.hu\/sportklub\/files\/2022\/03\/RS53664_KA-20160920-IMG_9288-scr.jpg\" data-orig-size=\"950,633\" data-comments-opened=\"0\" data-image-meta=\"{&quot;aperture&quot;:&quot;0&quot;,&quot;credit&quot;:&quot;&quot;,&quot;camera&quot;:&quot;&quot;,&quot;caption&quot;:&quot;&quot;,&quot;created_timestamp&quot;:&quot;0&quot;,&quot;copyright&quot;:&quot;&quot;,&quot;focal_length&quot;:&quot;0&quot;,&quot;iso&quot;:&quot;0&quot;,&quot;shutter_speed&quot;:&quot;0&quot;,&quot;title&quot;:&quot;&quot;,&quot;orientation&quot;:&quot;0&quot;}\" data-image-title=\"RS53664_KA-20160920-IMG_9288-scr\" data-image-description=\"\" data-medium-file=\"https:\/\/semmelweis.hu\/sportklub\/files\/2022\/03\/RS53664_KA-20160920-IMG_9288-scr-400x267.jpg\" data-large-file=\"https:\/\/semmelweis.hu\/sportklub\/files\/2022\/03\/RS53664_KA-20160920-IMG_9288-scr.jpg\" src=\"https:\/\/semmelweis.hu\/sportklub\/files\/2022\/03\/RS53664_KA-20160920-IMG_9288-scr-355x237.jpg\" width=\"355\" height=\"237\" align=\"left\" title=\"\" \/><\/a><\/div><\/div><div class=\"gallery-group images-1\" style=\"width: 389px; height: 241px;\"><div class=\"tiled-gallery-item tiled-gallery-item-large\"><a href=\"https:\/\/semmelweis.hu\/sportklub\/files\/2025\/10\/kezilabda-csapat-noi.jpg\"><img loading=\"lazy\" decoding=\"async\" data-attachment-id=\"1341\" data-orig-file=\"https:\/\/semmelweis.hu\/sportklub\/files\/2025\/10\/kezilabda-csapat-noi.jpg\" data-orig-size=\"1536,944\" data-comments-opened=\"0\" data-image-meta=\"{&quot;aperture&quot;:&quot;0&quot;,&quot;credit&quot;:&quot;&quot;,&quot;camera&quot;:&quot;&quot;,&quot;caption&quot;:&quot;&quot;,&quot;created_timestamp&quot;:&quot;0&quot;,&quot;copyright&quot;:&quot;&quot;,&quot;focal_length&quot;:&quot;0&quot;,&quot;iso&quot;:&quot;0&quot;,&quot;shutter_speed&quot;:&quot;0&quot;,&quot;title&quot;:&quot;&quot;,&quot;orientation&quot;:&quot;0&quot;}\" data-image-title=\"kezilabda-csapat-noi\" data-image-description=\"\" data-medium-file=\"https:\/\/semmelweis.hu\/sportklub\/files\/2025\/10\/kezilabda-csapat-noi-400x246.jpg\" data-large-file=\"https:\/\/semmelweis.hu\/sportklub\/files\/2025\/10\/kezilabda-csapat-noi-1024x629.jpg\" src=\"https:\/\/semmelweis.hu\/sportklub\/files\/2025\/10\/kezilabda-csapat-noi-385x237.jpg\" width=\"385\" height=\"237\" align=\"left\" title=\"\" \/><\/a><\/div><\/div><\/div><\/div>[\/slb_exclude]\n\n<\/div><h2 class=\"tabtitle\">TAO<\/h2>\n<div class=\"tabcontent\">\n\n<h4><strong>TAO dokumentumok &#8211; K\u00e9zilabda szakoszt\u00e1ly<\/strong><\/h4>\n<h5>2025\/2026<\/h5>\n<ul>\n<li>\n<p><a href=\"https:\/\/semmelweis.hu\/sportklub\/files\/2025\/05\/Sportfejlesztesi-program-kezilabda-2025_26.pdf\" target=\"_blank\" rel=\"noopener\">Sportfejlesztesi-program-kezilabda_2025-26.<\/a><\/p>\n<\/li>\n<li>\n<p><a href=\"https:\/\/semmelweis.hu\/sportklub\/files\/2025\/05\/MKSZ-2025_26-jovahagyo-hatarozat.pdf\" target=\"_blank\" rel=\"noopener\">J\u00f3v\u00e1hagy\u00f3 hat\u00e1rozat_2025\/05\/MKSZ-2025_26.<\/a><\/p>\n<\/li>\n<\/ul>\n<h5>2024\/2025<\/h5>\n<ul>\n<li>\n<p><a href=\"https:\/\/semmelweis.hu\/sportklub\/files\/2024\/05\/Jovahagyott-program_SE_kezilabda_2024-25.pdf\">J\u00f3v\u00e1hagyott program_SE_k\u00e9zilabda_2024-25<\/a><\/p>\n<\/li>\n<li>\n<p><a href=\"https:\/\/semmelweis.hu\/sportklub\/files\/2024\/05\/Jovahagyo-hatarozat_SE_kezilabda_2024-25.pdf\">J\u00f3v\u00e1hagy\u00f3 hat\u00e1rozat_SE_k\u00e9zilabda_2024-25<\/a><\/p>\n<\/li>\n<\/ul>\n<\/div><\/div>\n<p>&nbsp;<\/p>\n","protected":false},"excerpt":{"rendered":"<p>Szakoszt\u00e1lyvezet\u0151:<br \/>\nDr. Pavlik L\u00edvia<br \/>\nkancell\u00e1r<\/p>\n<p>N\u0151i csapat edz\u0151je: K\u00e9ri M\u00f3zes\u00a0<br \/>\nE-mail: <a href=\"mailto:kerimozes@gmail.com\">kerimozes@gmail.com<\/a><br \/>\nF\u00e9rfi csapat edz\u0151je: J\u00e1nka Zsolt\u00a0<br \/>\nE-mail: <a href=\"mailto:zsolthandball@gmail.com\">zsolthandball@gmail.com<\/a><\/p>\n<p>Helysz\u00edn: Testnevel\u00e9si \u00e9s Sportk\u00f6zpont: 1107 Budapest, Z\u00e1gr\u00e1bi u. 14.<br \/>\nEdz\u00e9sek id\u0151pontja:<br \/>\nh\u00e9tf\u0151: 20.30-22.00<br \/>\nszerda: 18.00-19.30<\/p>\n<p>TAO dokumentumok &#8211; K\u00e9zilabda szakoszt\u00e1ly<br \/>\n2025\/2026<\/p>\n<p><a href=\"https:\/\/semmelweis.hu\/sportklub\/files\/2025\/05\/Sportfejlesztesi-program-kezilabda-2025_26.pdf\" target=\"_blank\" rel=\"noopener\">Sportfejlesztesi-program-kezilabda_2025-26.<\/a><\/p>\n<p><a href=\"https:\/\/semmelweis.hu\/sportklub\/files\/2025\/05\/MKSZ-2025_26-jovahagyo-hatarozat.pdf\" target=\"_blank\" rel=\"noopener\">J\u00f3v\u00e1hagy\u00f3 hat\u00e1rozat_2025\/05\/MKSZ-2025_26.<\/a><\/p>\n<p>2024\/2025<\/p>\n<p><a href=\"https:\/\/semmelweis.hu\/sportklub\/files\/2024\/05\/Jovahagyott-program_SE_kezilabda_2024-25.pdf\">J\u00f3v\u00e1hagyott program_SE_k\u00e9zilabda_2024-25<\/a><\/p>\n<p><a href=\"https:\/\/semmelweis.hu\/sportklub\/files\/2024\/05\/Jovahagyo-hatarozat_SE_kezilabda_2024-25.pdf\">J\u00f3v\u00e1hagy\u00f3 hat\u00e1rozat_SE_k\u00e9zilabda_2024-25<\/a><\/p>\n<p>&nbsp;<\/p>\n","protected":false},"author":101997,"featured_media":0,"parent":130,"menu_order":0,"comment_status":"closed","ping_status":"closed","template":"","meta":{"_acf_changed":false,"footnotes":""},"categories":[34],"tags":[],"class_list":["post-105","page","type-page","status-publish","hentry","category-aktiv-szakosztalyok"],"acf":[],"_links":{"self":[{"href":"https:\/\/semmelweis.hu\/sportklub\/wp-json\/wp\/v2\/pages\/105","targetHints":{"allow":["GET"]}}],"collection":[{"href":"https:\/\/semmelweis.hu\/sportklub\/wp-json\/wp\/v2\/pages"}],"about":[{"href":"https:\/\/semmelweis.hu\/sportklub\/wp-json\/wp\/v2\/types\/page"}],"author":[{"embeddable":true,"href":"https:\/\/semmelweis.hu\/sportklub\/wp-json\/wp\/v2\/users\/101997"}],"replies":[{"embeddable":true,"href":"https:\/\/semmelweis.hu\/sportklub\/wp-json\/wp\/v2\/comments?post=105"}],"version-history":[{"count":10,"href":"https:\/\/semmelweis.hu\/sportklub\/wp-json\/wp\/v2\/pages\/105\/revisions"}],"predecessor-version":[{"id":1344,"href":"https:\/\/semmelweis.hu\/sportklub\/wp-json\/wp\/v2\/pages\/105\/revisions\/1344"}],"up":[{"embeddable":true,"href":"https:\/\/semmelweis.hu\/sportklub\/wp-json\/wp\/v2\/pages\/130"}],"wp:attachment":[{"href":"https:\/\/semmelweis.hu\/sportklub\/wp-json\/wp\/v2\/media?parent=105"}],"wp:term":[{"taxonomy":"category","embeddable":true,"href":"https:\/\/semmelweis.hu\/sportklub\/wp-json\/wp\/v2\/categories?post=105"},{"taxonomy":"post_tag","embeddable":true,"href":"https:\/\/semmelweis.hu\/sportklub\/wp-json\/wp\/v2\/tags?post=105"}],"curies":[{"name":"wp","href":"https:\/\/api.w.org\/{rel}","templated":true}]}}