{"id":101,"date":"2022-03-08T10:36:15","date_gmt":"2022-03-08T09:36:15","guid":{"rendered":"https:\/\/semmelweis.hu\/sportklub\/?page_id=101"},"modified":"2025-10-01T13:18:08","modified_gmt":"2025-10-01T11:18:08","slug":"uszas","status":"publish","type":"page","link":"https:\/\/semmelweis.hu\/sportklub\/szakosztalyok\/uszas\/","title":{"rendered":"\u00dasz\u00e1s"},"content":{"rendered":"<h4>Szakoszt\u00e1lyvezet\u0151:<\/h4>\n<h5>Prof. Dr. Zelk\u00f3 Rom\u00e1na<strong><br \/>\n<\/strong><\/h5>\n<p>Egyetemi Gy\u00f3gyszert\u00e1r Gy\u00f3gyszer\u00fcgyi Szervez\u00e9si Int\u00e9zet, igazgat\u00f3<\/p>\n<div class=\"responsive-tabs\">\n<h2 class=\"tabtitle\">\u00dasz\u00e1s<\/h2>\n<div class=\"tabcontent\">\n\n<h4><strong>\u00dasz\u00e1s edz\u00e9sek<\/strong><\/h4>\n<p><strong>Edz\u0151: <\/strong>Juh\u00e1sz D\u00e1niel <br \/>\nTelefon: +36 30 572 5795 <br \/>\nE-mail: <a href=\"mailto:uszas97@gmail.com\">uszas97@gmail.com<\/a><\/p>\n<p><a href=\"https:\/\/semmelweis.hu\/sportklub\/en\/sports\/swimming\/\">Trainings of the international students \u2192\u00a0<\/a><\/p>\n<div class=\"keretes w-100\">\n<p><strong>Helysz\u00edn:\u00a0<\/strong>T\u00fcskecsarnok Sportuszoda<br \/>\n<span class=\"LrzXr\" style=\"font-size: 1rem;\">Budapest, Magyar Tud\u00f3sok K\u00f6r\u00fatja 7, 1117<\/span><\/p>\n<p><strong>Edz\u00e9sek id\u0151pontja:<\/strong><\/p>\n<p>H\u00e9tf\u0151, szerda: 20.00-21.30<\/p>\n<\/div>\n<hr \/>\n<h4><strong>Az edz\u00e9seken val\u00f3 r\u00e9szv\u00e9tel felt\u00e9tele\u00a0<\/strong><\/h4>\n<ul>\n<li>\n<p><strong> a szakoszt\u00e1lyba t\u00f6rt\u00e9n\u0151 bel\u00e9p\u00e9s<\/strong><br \/>\nA bel\u00e9p\u00e9si nyilatkozat let\u00f6lthet\u0151 a <a href=\"https:\/\/semmelweis.hu\/sportklub\/dokumentumok\/\"><strong>Dokumentumok men\u00fcpontb\u00f3l \u2192<\/strong><\/a> vagy el\u00e9rhet\u0151 a port\u00e1n is\u00a0<\/p>\n<\/li>\n<li>\n<p><strong>a 18.000 Ft \/ szemeszter<\/strong> <strong>tag- \u00e9s szakoszt\u00e1lyi d\u00edj befizet\u00e9se <br \/>\n(k\u00fcls\u0151s\u00f6knek 36.000 Ft)<\/strong><\/p>\n<\/li>\n<li><strong>egyes\u00fcleti online regisztr\u00e1ci\u00f3<\/strong>: <a href=\"https:\/\/egyesuletonline.hu\/regisztracio\/se-sk\">https:\/\/egyesuletonline.hu\/regisztracio\/se-sk<\/a><\/li>\n<\/ul>\n<hr \/>\n\n\r\n        [slb_exclude]\r\n        <div class=\"row galeria-wrapper mx-0 h-auto\">\r\n            <div class=\"col-9 pl-0 pr-2\">\r\n            <span class=\"gallery-item frame\">\r\n\t\t\t\t<div class=\"galeria-left-img\"><a href=\"https:\/\/semmelweis.hu\/sportklub\/files\/2022\/03\/RS140220_C19A9168-scr.jpg\"><img src=https:\/\/semmelweis.hu\/sportklub\/files\/2022\/03\/RS140220_C19A9168-scr.jpg  \r\n                            alt=\"\" \r\n                            class=\"attachment-sote-gallery-big size-sote-gallery-big\" \r\n                            srcset=\"https:\/\/semmelweis.hu\/sportklub\/files\/2022\/03\/RS140220_C19A9168-scr-400x267.jpg 400w, https:\/\/semmelweis.hu\/sportklub\/files\/2022\/03\/RS140220_C19A9168-scr-1024x683.jpg 1024w, https:\/\/semmelweis.hu\/sportklub\/files\/2022\/03\/RS140220_C19A9168-scr-768x512.jpg 768w, https:\/\/semmelweis.hu\/sportklub\/files\/2022\/03\/RS140220_C19A9168-scr-753x502.jpg 753w, https:\/\/semmelweis.hu\/sportklub\/files\/2022\/03\/RS140220_C19A9168-scr-203x135.jpg 203w, https:\/\/semmelweis.hu\/sportklub\/files\/2022\/03\/RS140220_C19A9168-scr.jpg 1200w\" ><\/a><\/div>\r\n            <\/span>\r\n\r\n            <\/div>\r\n\r\n\t\t\t<div class=\"col-3 pl-0 pr-0\">\r\n\t\t\t\t<div class=\"galeria-right-img d-flex justify-content-between flex-column h-100 w-100 px-0 mx-0 \">\r\n                <div class=\"galeria-box\">\r\n\t\t\t\t\t<h3 class=\"galeria-title\">Gal\u00e9ria<\/h3>\r\n\t\t\t\t\t<div class=\"galeria-subtitle\">\r\n\r\n\t\t\t\t\t\t<div class=\"galeria-page-counter\"><span>3<\/span>k\u00e9p<\/div>\r\n                    <\/div> <\/div>\r\n                    <span class=\"gallery-item frame d-none d-md-flex\">\r\n\t\t\t\t\t<div class=\"galeria-small-img mt-0\"><a href=\"https:\/\/semmelweis.hu\/sportklub\/files\/2023\/12\/IMG-20231125-WA0005.jpg\"><img src=https:\/\/semmelweis.hu\/sportklub\/files\/2023\/12\/IMG-20231125-WA0005.jpg \r\n                                alt=\"\"  \r\n                                class=\"attachment-sote-gallery-small size-sote-gallery-small\" \r\n                                srcset=\"https:\/\/semmelweis.hu\/sportklub\/files\/2023\/12\/IMG-20231125-WA0005-300x400.jpg 300w, https:\/\/semmelweis.hu\/sportklub\/files\/2023\/12\/IMG-20231125-WA0005-768x1024.jpg 768w, https:\/\/semmelweis.hu\/sportklub\/files\/2023\/12\/IMG-20231125-WA0005-1152x1536.jpg 1152w, https:\/\/semmelweis.hu\/sportklub\/files\/2023\/12\/IMG-20231125-WA0005-753x1004.jpg 753w, https:\/\/semmelweis.hu\/sportklub\/files\/2023\/12\/IMG-20231125-WA0005.jpg 1512w\" ><\/a><\/div>\r\n                    <\/span>\r\n                    <span class=\"gallery-item frame d-none d-md-flex\">\r\n\t\t\t\t\t<div class=\"galeria-small-img mt-0\"><a href=\"https:\/\/semmelweis.hu\/sportklub\/files\/2023\/12\/received_1850870378703781-1.jpeg\"><img src=https:\/\/semmelweis.hu\/sportklub\/files\/2023\/12\/received_1850870378703781-1.jpeg \r\n                                alt=\"\" \r\n                                class=\"attachment-sote-gallery-small size-sote-gallery-small\" \r\n                                srcset=\"https:\/\/semmelweis.hu\/sportklub\/files\/2023\/12\/received_1850870378703781-1-400x300.jpeg 400w, https:\/\/semmelweis.hu\/sportklub\/files\/2023\/12\/received_1850870378703781-1-1024x768.jpeg 1024w, https:\/\/semmelweis.hu\/sportklub\/files\/2023\/12\/received_1850870378703781-1-768x576.jpeg 768w, https:\/\/semmelweis.hu\/sportklub\/files\/2023\/12\/received_1850870378703781-1-1536x1152.jpeg 1536w, https:\/\/semmelweis.hu\/sportklub\/files\/2023\/12\/received_1850870378703781-1-753x565.jpeg 753w, https:\/\/semmelweis.hu\/sportklub\/files\/2023\/12\/received_1850870378703781-1.jpeg 2048w\" ><\/a><\/div>\r\n                    <\/span>\r\n\r\n                <\/div>\r\n\r\n            <\/div>\r\n\r\n            \r\n            <\/div>\r\n\r\n            [\/slb_exclude]\r\n\t\n\n<\/div><h2 class=\"tabtitle\">Szenior \u00fasz\u00e1s<\/h2>\n<div class=\"tabcontent\">\n\n<h4><strong>Szenior \u00fasz\u00e1s<\/strong><\/h4>\n<p><span style=\"font-size: 1rem;\">K\u00f6sz\u00f6nt\u00fcnk minden kedves \u00c9rdekl\u0151d\u0151t!\u00a0<\/span>Szenior k\u00f6z\u00f6ss\u00e9g\u00fcnkh\u00f6z m\u00e1r 25 \u00e9ves kort\u00f3l lehet csatlakozni!<\/p>\n<p>A csapat versenyz\u00e9si c\u00e9llal alakult. Tagjaink leigazol\u00e1sra ker\u00fclnek a <a href=\"https:\/\/mszuosz.hu\/\" target=\"_blank\" rel=\"noopener\">Magyar Szenior \u00dasz\u00f3k Orsz\u00e1gos Sz\u00f6vets\u00e9g\u00e9be<\/a>. Tagjainknak f\u00e9l\u00e9vente minimum 1 versenyen val\u00f3 r\u00e9szv\u00e9tel k\u00f6telez\u0151. A versenyz\u0151k nevez\u00e9si d\u00edj\u00e1t, log\u00f3zott \u00fasz\u00f3sapk\u00e1j\u00e1t \u00e9s p\u00f3l\u00f3j\u00e1t a sportklub biztos\u00edtja.\u00a0<\/p>\n<p>K\u00f6zponti edz\u00e9stervet, illetve ingyenes uszoda haszn\u00e1latot biztos\u00edtunk az NKE \u00e9s a T\u00fcske uszod\u00e1kban.\u00a0<\/p>\n<ul style=\"list-style-type: square;\">\n<li><a href=\"https:\/\/docs.google.com\/document\/d\/14q_Iv_E7IGGNUxOQsY6L0LTqbk8GD4xv\/edit?usp=sharing&amp;ouid=116563717572946795509&amp;rtpof=true&amp;sd=true\">Online edz\u00e9stervek (halad\u00f3)<\/a><\/li>\n<li><a href=\"https:\/\/docs.google.com\/document\/d\/14rnC3Ds4PFGNvb2f33YOASUospuqwore\/edit?usp=sharing&amp;ouid=116563717572946795509&amp;rtpof=true&amp;sd=true\">Online training plans (advanced level)<\/a><\/li>\n<li><a href=\"https:\/\/mail.google.com\/mail\/u\/1\/#inbox\/FMfcgzQcpKlPlmPCSCCqSVlkJgSNpQCQ?projector=1&amp;messagePartId=0.1\">Swimming training plan 2025 spring<\/a><\/li>\n<\/ul>\n<p><strong>Edz\u0151: <\/strong>Doharn\u00e9 Buczk\u00f3 Anik\u00f3<\/p>\n<p>Telefonsz\u00e1m: +36 20 825 06 16<br \/>\ne-mail: <a href=\"mailto:uszas.sesk@gmail.com\">uszas.sesk@gmail.com<\/a><\/p>\n<div class=\"keretes w-100\">\n<p style=\"text-align: left;\"><strong>Helysz\u00edn\/ Location:\u00a0<\/strong><\/p>\n<ul>\n<li style=\"text-align: left;\">NKE Sportuszoda\n<p>1089 Budapest, Di\u00f3szegi S\u00e1muel utca 23.<\/p>\n<\/li>\n<li style=\"text-align: left;\">T\u00fcskecsarnok Uszoda<br \/>\n1117 Budapest, Magyar Tud\u00f3sok K\u00f6r\u00fatja 7.<\/li>\n<\/ul>\n<p style=\"text-align: left;\"><strong>Edz\u00e9sek id\u0151pontja: <\/strong>az uszoda nyitvatart\u00e1si idej\u00e9ben b\u00e1rmikor egy\u00e9nileg<\/p>\n<p style=\"text-align: left;\"><a href=\"https:\/\/sportosegyetem.uni-nke.hu\/letesitmenyek\/uszoda\"><em>NKE:<\/em><\/a><\/p>\n<p style=\"text-align: left;\"><span class=\"w8qArf\">H\u00e9tf\u0151 &#8211; P\u00e9ntek: 6:00-8:00, 18:00-21:30<br \/>\n<\/span>Szombat: 8:00-19:30<br \/>\nVas\u00e1rnap: 8:00-18:00<\/p>\n<p style=\"text-align: left;\"><a href=\"https:\/\/tuskecsarnok.hu\/sportuszoda\/\"><em>T\u00fcskecsarnok Uszoda:<\/em><\/a><\/p>\n<p style=\"text-align: left;\">H\u00e9tf\u0151 &#8211; P\u00e9ntek: 6:00 &#8211; 17:00<br \/>\nSzombat-vas\u00e1rnap: 6:00 &#8211; 17:30<\/p>\n<\/div>\n<hr \/>\n<h4><strong>Az edz\u00e9seken val\u00f3 r\u00e9szv\u00e9tel felt\u00e9tele\u00a0<\/strong><\/h4>\n<ul>\n<li>\n<p><strong> a szakoszt\u00e1lyba t\u00f6rt\u00e9n\u0151 bel\u00e9p\u00e9s<\/strong><br \/>\nA bel\u00e9p\u00e9si nyilatkozat let\u00f6lthet\u0151 a <a href=\"https:\/\/semmelweis.hu\/sportklub\/dokumentumok\/\"><strong>Dokumentumok men\u00fcpontb\u00f3l \u2192<\/strong><\/a> vagy el\u00e9rhet\u0151 a port\u00e1n is\u00a0<\/p>\n<\/li>\n<li>\n<p><strong>a 18.000 Ft \/ szemeszter<\/strong> <strong>tag- \u00e9s szakoszt\u00e1lyi d\u00edj befizet\u00e9se <br \/>\n(k\u00fcls\u0151s\u00f6knek 36.000 Ft)<\/strong><\/p>\n<\/li>\n<li><strong>egyes\u00fcleti online regisztr\u00e1ci\u00f3<\/strong>: <a href=\"https:\/\/egyesuletonline.hu\/regisztracio\/se-sk\">https:\/\/egyesuletonline.hu\/regisztracio\/se-sk<\/a><\/li>\n<\/ul>\n<hr \/>\n\n<\/div><\/div>\n<p>&nbsp;<\/p>\n","protected":false},"excerpt":{"rendered":"<p>Szakoszt\u00e1lyvezet\u0151: Prof. Dr. Zelk\u00f3 Rom\u00e1na Egyetemi Gy\u00f3gyszert\u00e1r Gy\u00f3gyszer\u00fcgyi Szervez\u00e9si Int\u00e9zet, igazgat\u00f3 \u00dasz\u00e1s edz\u00e9sek Edz\u0151: Juh\u00e1sz D\u00e1niel Telefon: +36 30 572 5795 E-mail: <a href=\"mailto:uszas97@gmail.com\">uszas97@gmail.com<\/a> <a href=\"https:\/\/semmelweis.hu\/sportklub\/en\/sports\/swimming\/\">Trainings of the international students \u2192\u00a0<\/a> Helysz\u00edn:\u00a0T\u00fcskecsarnok Sportuszoda Budapest, Magyar Tud\u00f3sok K\u00f6r\u00fatja 7, 1117 Edz\u00e9sek id\u0151pontja: H\u00e9tf\u0151, szerda: 20.00-21.30 Szenior \u00fasz\u00e1s K\u00f6sz\u00f6nt\u00fcnk minden kedves \u00c9rdekl\u0151d\u0151t!\u00a0Szenior k\u00f6z\u00f6ss\u00e9g\u00fcnkh\u00f6z m\u00e1r 25 \u00e9ves kort\u00f3l lehet csatlakozni! A csapat versenyz\u00e9si c\u00e9llal alakult. Tagjaink leigazol\u00e1sra &hellip;<\/p>\n","protected":false},"author":101997,"featured_media":0,"parent":130,"menu_order":0,"comment_status":"closed","ping_status":"closed","template":"","meta":{"_acf_changed":false,"footnotes":""},"categories":[34],"tags":[],"class_list":["post-101","page","type-page","status-publish","hentry","category-aktiv-szakosztalyok"],"acf":[],"_links":{"self":[{"href":"https:\/\/semmelweis.hu\/sportklub\/wp-json\/wp\/v2\/pages\/101","targetHints":{"allow":["GET"]}}],"collection":[{"href":"https:\/\/semmelweis.hu\/sportklub\/wp-json\/wp\/v2\/pages"}],"about":[{"href":"https:\/\/semmelweis.hu\/sportklub\/wp-json\/wp\/v2\/types\/page"}],"author":[{"embeddable":true,"href":"https:\/\/semmelweis.hu\/sportklub\/wp-json\/wp\/v2\/users\/101997"}],"replies":[{"embeddable":true,"href":"https:\/\/semmelweis.hu\/sportklub\/wp-json\/wp\/v2\/comments?post=101"}],"version-history":[{"count":11,"href":"https:\/\/semmelweis.hu\/sportklub\/wp-json\/wp\/v2\/pages\/101\/revisions"}],"predecessor-version":[{"id":1366,"href":"https:\/\/semmelweis.hu\/sportklub\/wp-json\/wp\/v2\/pages\/101\/revisions\/1366"}],"up":[{"embeddable":true,"href":"https:\/\/semmelweis.hu\/sportklub\/wp-json\/wp\/v2\/pages\/130"}],"wp:attachment":[{"href":"https:\/\/semmelweis.hu\/sportklub\/wp-json\/wp\/v2\/media?parent=101"}],"wp:term":[{"taxonomy":"category","embeddable":true,"href":"https:\/\/semmelweis.hu\/sportklub\/wp-json\/wp\/v2\/categories?post=101"},{"taxonomy":"post_tag","embeddable":true,"href":"https:\/\/semmelweis.hu\/sportklub\/wp-json\/wp\/v2\/tags?post=101"}],"curies":[{"name":"wp","href":"https:\/\/api.w.org\/{rel}","templated":true}]}}