{"id":7,"date":"2024-03-08T14:10:48","date_gmt":"2024-03-08T13:10:48","guid":{"rendered":"https:\/\/semmelweis.hu\/short-courses\/?page_id=7"},"modified":"2025-07-24T11:46:12","modified_gmt":"2025-07-24T09:46:12","slug":"contacts","status":"publish","type":"page","link":"https:\/\/semmelweis.hu\/short-courses\/contacts\/","title":{"rendered":"Contact"},"content":{"rendered":"<div class=\"keretes w-100\">\n<p style=\"text-align: left\"><strong><img loading=\"lazy\" decoding=\"async\" class=\"wp-image-992 alignright\" src=\"https:\/\/semmelweis.hu\/short-courses\/files\/2024\/04\/SE_INT_LOGO_GRAD_GOLD-400x400.jpg\" alt=\"\" width=\"245\" height=\"245\" srcset=\"https:\/\/semmelweis.hu\/short-courses\/files\/2024\/04\/SE_INT_LOGO_GRAD_GOLD-400x400.jpg 400w, https:\/\/semmelweis.hu\/short-courses\/files\/2024\/04\/SE_INT_LOGO_GRAD_GOLD-1024x1024.jpg 1024w, https:\/\/semmelweis.hu\/short-courses\/files\/2024\/04\/SE_INT_LOGO_GRAD_GOLD-150x150.jpg 150w, https:\/\/semmelweis.hu\/short-courses\/files\/2024\/04\/SE_INT_LOGO_GRAD_GOLD-768x768.jpg 768w, https:\/\/semmelweis.hu\/short-courses\/files\/2024\/04\/SE_INT_LOGO_GRAD_GOLD-1536x1536.jpg 1536w, https:\/\/semmelweis.hu\/short-courses\/files\/2024\/04\/SE_INT_LOGO_GRAD_GOLD-2048x2048.jpg 2048w, https:\/\/semmelweis.hu\/short-courses\/files\/2024\/04\/SE_INT_LOGO_GRAD_GOLD-753x753.jpg 753w\" sizes=\"auto, (max-width: 245px) 100vw, 245px\" \/>SEMMELWEIS UNIVERSITY<\/strong><\/p>\n<p style=\"text-align: left\"><strong>Directorate of International Relations<\/strong><\/p>\n<p style=\"text-align: left\"><strong>International Short Programs Office<\/strong><\/p>\n<div class=\"contact-data mb-2\"><i class=\"fa fa-map-marker\" aria-hidden=\"true\"><\/i><\/p>\n<div class=\"d-inline-block ml-2\"><strong>Address<\/strong>: Hungary &#8211; 1091 Budapest, \u00dcll\u0151i \u00fat 25.<\/div>\n<\/div>\n<div class=\"contact-data mb-2\"><i class=\"fa fa-phone\" aria-hidden=\"true\"><\/i><\/p>\n<div class=\"d-inline-block ml-2\"><strong>Telephone<\/strong>: +36 1 317 9079<\/div>\n<\/div>\n<div class=\"contact-data mb-2\"><i class=\"fa fa-envelope-o\" aria-hidden=\"true\"><\/i><\/p>\n<div class=\"d-inline-block ml-2\"><strong>Email<\/strong>: international@semmelweis.hu<\/div>\n<\/div>\n<\/div>\n\n<!-- iframe plugin v.4.9 wordpress.org\/plugins\/iframe\/ -->\n<iframe src=\"https:\/\/www.google.com\/maps\/embed?pb=!1m18!1m12!1m3!1d40075512.25931137!2d-6.157383661005666!3d-12.08253201454577!2m3!1f0!2f0!3f0!3m2!1i1024!2i768!4f13.1!3m3!1m2!1s0x4741dc59ea3ba3cd%3A0x2435c6b8aa0b78a!2sSemmelweis%20University!5e1!3m2!1sen!2shu!4v1713954314586!5m2!1sen!2shu\" width=\"100%\" height=\"450\" style=\"border:0;\" allowfullscreen loading=\"lazy\" referrerpolicy=\"no-referrer-when-downgrade\" scrolling=\"yes\" class=\"iframe-class\" frameborder=\"0\"><\/iframe>\n\n<hr \/>\n<h3>\u00a0<\/h3>\n","protected":false},"excerpt":{"rendered":"<p>SEMMELWEIS UNIVERSITY<br \/>\nDirectorate of International Relations<br \/>\nInternational Short Programs Office<\/p>\n<p>Address: Hungary &#8211; 1091 Budapest, \u00dcll\u0151i \u00fat 25.<\/p>\n<p>Telephone: +36 1 317 9079<\/p>\n<p>Email: international@semmelweis.hu<\/p>\n<p>\u00a0<\/p>\n","protected":false},"author":12,"featured_media":0,"parent":0,"menu_order":8,"comment_status":"closed","ping_status":"closed","template":"template-fullwidth.php","meta":{"_acf_changed":false,"footnotes":""},"categories":[],"tags":[],"class_list":["post-7","page","type-page","status-publish","hentry"],"acf":[],"_links":{"self":[{"href":"https:\/\/semmelweis.hu\/short-courses\/wp-json\/wp\/v2\/pages\/7","targetHints":{"allow":["GET"]}}],"collection":[{"href":"https:\/\/semmelweis.hu\/short-courses\/wp-json\/wp\/v2\/pages"}],"about":[{"href":"https:\/\/semmelweis.hu\/short-courses\/wp-json\/wp\/v2\/types\/page"}],"author":[{"embeddable":true,"href":"https:\/\/semmelweis.hu\/short-courses\/wp-json\/wp\/v2\/users\/12"}],"replies":[{"embeddable":true,"href":"https:\/\/semmelweis.hu\/short-courses\/wp-json\/wp\/v2\/comments?post=7"}],"version-history":[{"count":11,"href":"https:\/\/semmelweis.hu\/short-courses\/wp-json\/wp\/v2\/pages\/7\/revisions"}],"predecessor-version":[{"id":2319,"href":"https:\/\/semmelweis.hu\/short-courses\/wp-json\/wp\/v2\/pages\/7\/revisions\/2319"}],"wp:attachment":[{"href":"https:\/\/semmelweis.hu\/short-courses\/wp-json\/wp\/v2\/media?parent=7"}],"wp:term":[{"taxonomy":"category","embeddable":true,"href":"https:\/\/semmelweis.hu\/short-courses\/wp-json\/wp\/v2\/categories?post=7"},{"taxonomy":"post_tag","embeddable":true,"href":"https:\/\/semmelweis.hu\/short-courses\/wp-json\/wp\/v2\/tags?post=7"}],"curies":[{"name":"wp","href":"https:\/\/api.w.org\/{rel}","templated":true}]}}