{"id":967,"date":"2022-01-26T09:14:26","date_gmt":"2022-01-26T08:14:26","guid":{"rendered":"https:\/\/semmelweis.hu\/semmelweisiskola\/?page_id=967"},"modified":"2026-02-02T14:02:04","modified_gmt":"2026-02-02T13:02:04","slug":"allasajanlatok-palyazatok","status":"publish","type":"page","link":"https:\/\/semmelweis.hu\/semmelweisiskola\/iskolarol\/allasajanlatok-palyazatok\/","title":{"rendered":"\u00c1ll\u00e1saj\u00e1nlatok, p\u00e1ly\u00e1zatok"},"content":{"rendered":"<p><em><strong>Int\u00e9zm\u00e9ny\u00fcnk az al\u00e1bbi munkak\u00f6r\u00f6k bet\u00f6lt\u00e9s\u00e9re keres munkaer\u0151t:\u00a0<\/strong><\/em><\/p>\n<p>&nbsp;<\/p>\n","protected":false},"excerpt":{"rendered":"<p>Int\u00e9zm\u00e9ny\u00fcnk az al\u00e1bbi munkak\u00f6r\u00f6k bet\u00f6lt\u00e9s\u00e9re keres munkaer\u0151t:\u00a0<br \/>\n&nbsp;<\/p>\n","protected":false},"author":101999,"featured_media":0,"parent":531,"menu_order":14,"comment_status":"closed","ping_status":"closed","template":"","meta":{"_acf_changed":false,"footnotes":""},"categories":[],"tags":[],"class_list":["post-967","page","type-page","status-publish","hentry"],"acf":[],"_links":{"self":[{"href":"https:\/\/semmelweis.hu\/semmelweisiskola\/wp-json\/wp\/v2\/pages\/967","targetHints":{"allow":["GET"]}}],"collection":[{"href":"https:\/\/semmelweis.hu\/semmelweisiskola\/wp-json\/wp\/v2\/pages"}],"about":[{"href":"https:\/\/semmelweis.hu\/semmelweisiskola\/wp-json\/wp\/v2\/types\/page"}],"author":[{"embeddable":true,"href":"https:\/\/semmelweis.hu\/semmelweisiskola\/wp-json\/wp\/v2\/users\/101999"}],"replies":[{"embeddable":true,"href":"https:\/\/semmelweis.hu\/semmelweisiskola\/wp-json\/wp\/v2\/comments?post=967"}],"version-history":[{"count":10,"href":"https:\/\/semmelweis.hu\/semmelweisiskola\/wp-json\/wp\/v2\/pages\/967\/revisions"}],"predecessor-version":[{"id":3772,"href":"https:\/\/semmelweis.hu\/semmelweisiskola\/wp-json\/wp\/v2\/pages\/967\/revisions\/3772"}],"up":[{"embeddable":true,"href":"https:\/\/semmelweis.hu\/semmelweisiskola\/wp-json\/wp\/v2\/pages\/531"}],"wp:attachment":[{"href":"https:\/\/semmelweis.hu\/semmelweisiskola\/wp-json\/wp\/v2\/media?parent=967"}],"wp:term":[{"taxonomy":"category","embeddable":true,"href":"https:\/\/semmelweis.hu\/semmelweisiskola\/wp-json\/wp\/v2\/categories?post=967"},{"taxonomy":"post_tag","embeddable":true,"href":"https:\/\/semmelweis.hu\/semmelweisiskola\/wp-json\/wp\/v2\/tags?post=967"}],"curies":[{"name":"wp","href":"https:\/\/api.w.org\/{rel}","templated":true}]}}