{"id":96,"date":"2021-10-26T10:42:51","date_gmt":"2021-10-26T08:42:51","guid":{"rendered":"https:\/\/semmelweis.hu\/semmelweisiskola\/?page_id=96"},"modified":"2022-09-13T18:43:17","modified_gmt":"2022-09-13T16:43:17","slug":"iskolank-pedagogiai-hitvallasa","status":"publish","type":"page","link":"https:\/\/semmelweis.hu\/semmelweisiskola\/iskolarol\/iskolank-pedagogiai-hitvallasa\/","title":{"rendered":"Iskol\u00e1nk pedag\u00f3giai hitvall\u00e1sa"},"content":{"rendered":"<p style=\"text-align: left\">Iskol\u00e1nk tudatosan v\u00e1llalt k\u00fcldet\u00e9se, hogy minden tanul\u00f3nk sz\u00e1m\u00e1ra megteremts\u00fck az es\u00e9lyt k\u00e9pess\u00e9geik kibontakoztat\u00e1s\u00e1ra, hogy sikereket \u00e9rjenek el azon a ter\u00fcleten, amelyre egy\u00e9ni adotts\u00e1gaik predesztin\u00e1lj\u00e1k \u0151ket, ez\u00e9rt a k\u00f6z\u00f6ss\u00e9gi munk\u00e1t, a sportban vagy a m\u0171v\u00e9szetekben el\u00e9rt eredm\u00e9nyeket ugyan\u00fagy fontosnak tartjuk \u00e9s elismerj\u00fck, mint a j\u00f3 tanulm\u00e1nyi teljes\u00edtm\u00e9nyt. Valljuk, hogy az iskol\u00e1ban elt\u00f6lt\u00f6tt \u00e9vek m\u00e9rs\u00e9kelhetik a szociokultur\u00e1lis h\u00e1tr\u00e1nyokat, ez\u00e9rt minden er\u0151nkkel arra t\u00f6reksz\u00fcnk, hogy biztos\u00edtsuk az es\u00e9lyegyenl\u0151s\u00e9get \u2013 \u00e9ppolyan nagy figyelmet ford\u00edtva a tehets\u00e9g felfedez\u00e9s\u00e9re \u00e9s kibontakoztat\u00e1s\u00e1ra, mint a h\u00e1tr\u00e1nyos helyzet\u0171 tanul\u00f3k felz\u00e1rk\u00f3ztat\u00e1s\u00e1ra.<\/p>\n<p style=\"text-align: left\">Iskol\u00e1nk els\u0151dleges pedag\u00f3giai feladata, hogy a k\u00e9szs\u00e9gfejleszt\u00e9s \u2013 ismeret\u00e1tad\u00e1s, illetve a k\u00f6zismereti \u00e9s a szakmacsoportos oktat\u00e1s megfelel\u0151 egyens\u00faly\u00e1t kialak\u00edtva eredm\u00e9nyesen k\u00e9sz\u00edts\u00fck fel tanul\u00f3inkat a k\u00e9tszint\u0171 \u00e9retts\u00e9gi vizsg\u00e1ra \u00e9s a szakmatanul\u00e1sra, hogy tanul\u00f3ink \u2013 re\u00e1lis \u00f6n- \u00e9s j\u00f6v\u0151k\u00e9p birtok\u00e1ban, tudatosan v\u00e9giggondolt p\u00e1lyav\u00e1laszt\u00e1s ut\u00e1n \u2013 sikeresen folytathass\u00e1k tanulm\u00e1nyaikat a fels\u0151oktat\u00e1sban. Fontosnak tartjuk a munk\u00e1ba \u00e1ll\u00e1shoz \u00e9s az \u00f6n\u00e1ll\u00f3 \u00e9letkezd\u00e9shez sz\u00fcks\u00e9ges ismeretek \u00e9s k\u00e9szs\u00e9gek elsaj\u00e1t\u00edttat\u00e1s\u00e1t, ez\u00e9rt az inform\u00e1ci\u00f3s t\u00e1rsadalomban \u00e9s a munka vil\u00e1g\u00e1ban fel\u00e9rt\u00e9kel\u0151d\u0151 kulcskompetenci\u00e1k (IKT, idegen nyelvi, szoci\u00e1lis k\u00e9szs\u00e9gek stb.) fejleszt\u00e9se alapvet\u0151 feladatunk.<\/p>\n<p>Szeml\u00e9let\u00fcnk gyermekk\u00f6zpont\u00fa, amely tan\u00edtv\u00e1nyainkhoz val\u00f3 pozit\u00edv \u00e9rzelmi viszonyunkat, gyermekszeretet\u00fcnket jelzi, s hogy munk\u00e1nk sor\u00e1n a tanul\u00f3k mindenek felett \u00e1ll\u00f3 \u00e9rdekeit tartjuk szem el\u0151tt, nyitott, hum\u00e1nus, \u00e9rzelmi biztons\u00e1got ny\u00fajt\u00f3 l\u00e9gk\u00f6rt teremtve sz\u00e1mukra. Iskol\u00e1nk demokratikus szeml\u00e9lete nem jelenti a tanul\u00e1shoz sz\u00fcks\u00e9ges rend, a fegyelem \u00e9s a teljes\u00edtm\u00e9nyelv felad\u00e1s\u00e1t, s\u0151t ezek jav\u00edt\u00e1s\u00e1t tartjuk egyik kiemelt c\u00e9lunknak, hogy tanul\u00f3ink z\u00f6kken\u0151mentesen tudjanak beilleszkedni a munka vil\u00e1g\u00e1ba, \u00e9s meg tudjanak felelni a feln\u0151tt l\u00e9t szerepeinek.<\/p>\n<p>Valljuk, hogy a tanul\u00f3k k\u00e9pess\u00e9geinek kibontakoztat\u00e1sa csak a szem\u00e9lyis\u00e9g eg\u00e9sz\u00e9nek fejleszt\u00e9s\u00e9vel egy\u00fctt lehet sikeres, ez\u00e9rt arra t\u00f6reksz\u00fcnk, hogy tan\u00edtv\u00e1nyainkban kialak\u00edtsunk egy stabil, pozit\u00edv \u00e9rt\u00e9krendet: napjaink agressz\u00edv, \u00f6n\u00e9rv\u00e9nyes\u00edt\u0151 vil\u00e1g\u00e1ban az alapvet\u0151 erk\u00f6lcsi norm\u00e1k megszil\u00e1rd\u00edt\u00e1sa mellett mindink\u00e1bb fontosnak tartjuk a szolidarit\u00e1s, a szoci\u00e1lis \u00e9rz\u00e9kenys\u00e9g \u00e9s seg\u00edt\u0151k\u00e9szs\u00e9g kialak\u00edt\u00e1s\u00e1t, a m\u00e1sik ember k\u00fcl\u00f6nb\u00f6z\u0151s\u00e9g\u00e9nek toler\u00e1ns elfogad\u00e1s\u00e1t. C\u00e9lunk, hogy tan\u00edtv\u00e1nyainknak legyen j\u00f6v\u0151k\u00e9p\u00fck, erk\u00f6lcsi tart\u00e1suk, a munka vil\u00e1g\u00e1ban konvert\u00e1lhat\u00f3 tud\u00e1suk, ig\u00e9ny\u00fck a folyamatos tanul\u00e1sra, \u00f6nm\u0171vel\u00e9sre, \u00f6nmaguk \u00e9s a vil\u00e1g megismer\u00e9s\u00e9re, a harmonikus csal\u00e1di \u00e9letre.<\/p>\n","protected":false},"excerpt":{"rendered":"<p>Iskol\u00e1nk tudatosan v\u00e1llalt k\u00fcldet\u00e9se, hogy minden tanul\u00f3nk sz\u00e1m\u00e1ra megteremts\u00fck az es\u00e9lyt k\u00e9pess\u00e9geik kibontakoztat\u00e1s\u00e1ra, hogy sikereket \u00e9rjenek el azon a ter\u00fcleten, amelyre egy\u00e9ni adotts\u00e1gaik predesztin\u00e1lj\u00e1k \u0151ket, ez\u00e9rt a k\u00f6z\u00f6ss\u00e9gi munk\u00e1t, a sportban vagy a m\u0171v\u00e9szetekben el\u00e9rt eredm\u00e9nyeket ugyan\u00fagy fontosnak tartjuk \u00e9s elismerj\u00fck, mint a j\u00f3 tanulm\u00e1nyi teljes\u00edtm\u00e9nyt. Valljuk, hogy az iskol\u00e1ban elt\u00f6lt\u00f6tt \u00e9vek m\u00e9rs\u00e9kelhetik a szociokultur\u00e1lis &hellip;<\/p>\n","protected":false},"author":101934,"featured_media":0,"parent":531,"menu_order":3,"comment_status":"closed","ping_status":"closed","template":"","meta":{"_acf_changed":false,"footnotes":""},"categories":[],"tags":[],"class_list":["post-96","page","type-page","status-publish","hentry"],"acf":[],"_links":{"self":[{"href":"https:\/\/semmelweis.hu\/semmelweisiskola\/wp-json\/wp\/v2\/pages\/96","targetHints":{"allow":["GET"]}}],"collection":[{"href":"https:\/\/semmelweis.hu\/semmelweisiskola\/wp-json\/wp\/v2\/pages"}],"about":[{"href":"https:\/\/semmelweis.hu\/semmelweisiskola\/wp-json\/wp\/v2\/types\/page"}],"author":[{"embeddable":true,"href":"https:\/\/semmelweis.hu\/semmelweisiskola\/wp-json\/wp\/v2\/users\/101934"}],"replies":[{"embeddable":true,"href":"https:\/\/semmelweis.hu\/semmelweisiskola\/wp-json\/wp\/v2\/comments?post=96"}],"version-history":[{"count":11,"href":"https:\/\/semmelweis.hu\/semmelweisiskola\/wp-json\/wp\/v2\/pages\/96\/revisions"}],"predecessor-version":[{"id":1537,"href":"https:\/\/semmelweis.hu\/semmelweisiskola\/wp-json\/wp\/v2\/pages\/96\/revisions\/1537"}],"up":[{"embeddable":true,"href":"https:\/\/semmelweis.hu\/semmelweisiskola\/wp-json\/wp\/v2\/pages\/531"}],"wp:attachment":[{"href":"https:\/\/semmelweis.hu\/semmelweisiskola\/wp-json\/wp\/v2\/media?parent=96"}],"wp:term":[{"taxonomy":"category","embeddable":true,"href":"https:\/\/semmelweis.hu\/semmelweisiskola\/wp-json\/wp\/v2\/categories?post=96"},{"taxonomy":"post_tag","embeddable":true,"href":"https:\/\/semmelweis.hu\/semmelweisiskola\/wp-json\/wp\/v2\/tags?post=96"}],"curies":[{"name":"wp","href":"https:\/\/api.w.org\/{rel}","templated":true}]}}