{"id":94,"date":"2021-10-26T10:42:21","date_gmt":"2021-10-26T08:42:21","guid":{"rendered":"https:\/\/semmelweis.hu\/semmelweisiskola\/?page_id=94"},"modified":"2026-01-09T07:34:39","modified_gmt":"2026-01-09T06:34:39","slug":"az-iskola-jovokepe","status":"publish","type":"page","link":"https:\/\/semmelweis.hu\/semmelweisiskola\/iskolarol\/az-iskola-jovokepe\/","title":{"rendered":"Az iskola j\u00f6v\u0151k\u00e9pe"},"content":{"rendered":"<p><strong>V\u00edzi\u00f3<\/strong><\/p>\n<p>D\u00e9lpest \u00e9s vonz\u00e1sk\u00f6rzet\u00e9nek fiataljai sz\u00e1m\u00e1ra \u00e9s az orsz\u00e1gb\u00f3l \u00e9rkez\u0151 feln\u0151tteknek k\u00edn\u00e1l szakmai oktat\u00e1st, szakmai k\u00e9pz\u00e9st, kompetenciafejleszt\u00e9st eg\u00e9szs\u00e9g\u00fcgyi, szoci\u00e1lis \u00e9s oktat\u00e1si\/pedag\u00f3giai \u00e1gazatokban.<\/p>\n<p>A Semmelweis Egyetem c\u00e9ljait szem el\u0151tt tartva rugalmasan, a gyors t\u00e1rsadalmi v\u00e1ltoz\u00e1sokra meg\u00fajult, gyakorlatorient\u00e1lt m\u00f3dszerekkel reag\u00e1lunk.<\/p>\n<p>&nbsp;<\/p>\n<p><strong>Misszi\u00f3<\/strong><\/p>\n<p>&#8211;\u00a0\u00a0\u00a0\u00a0\u00a0\u00a0 Kiemelten kezelj\u00fck az oktat\u00f3k tov\u00e1bbk\u00e9pz\u00e9s\u00e9t, a j\u00f3 gyakorlatok megoszt\u00e1s\u00e1t.<\/p>\n<p>&#8211;\u00a0\u00a0\u00a0\u00a0\u00a0\u00a0 Szoros kapcsolatot \u00e9p\u00edt\u00fcnk ki a Semmelweis Egyetemmel \u00e9s at egy\u00e9b gyakorlati partnereinkkel.<\/p>\n<p>&#8211;\u00a0\u00a0\u00a0\u00a0\u00a0\u00a0 A p\u00e1lyaorient\u00e1ci\u00f3s tev\u00e9kenys\u00e9g magas sz\u00ednvonal\u00fa v\u00e9gz\u00e9se a feln\u0151ttk\u00e9pz\u00e9sre kiterjed\u0151en is.<\/p>\n<p>&#8211;\u00a0\u00a0\u00a0\u00a0\u00a0\u00a0 A kiemelt figyelmet ig\u00e9nyl\u0151 tanul\u00f3kkal val\u00f3 elk\u00f6telezett foglalkoz\u00e1s, b\u00e1n\u00e1sm\u00f3d.<\/p>\n<p>&#8211;\u00a0\u00a0\u00a0\u00a0\u00a0\u00a0 A tov\u00e1bbtanul\u00e1si sz\u00e1nd\u00e9k er\u0151s\u00edt\u00e9se a tanul\u00f3kban.<\/p>\n<p>\u00c9rt\u00e9kek k\u00f6vet\u00e9se, amelyek ment\u00e9n a misszi\u00f3nkat megval\u00f3s\u00edtjuk:<\/p>\n<p>&#8211;\u00a0\u00a0\u00a0\u00a0\u00a0\u00a0 befogad\u00e1s<\/p>\n<p>&#8211;\u00a0\u00a0\u00a0\u00a0\u00a0\u00a0 rugalmass\u00e1g<\/p>\n<p>&#8211;\u00a0\u00a0\u00a0\u00a0\u00a0\u00a0 emp\u00e1tia<\/p>\n<p>&#8211;\u00a0\u00a0\u00a0\u00a0\u00a0\u00a0 gyakorlatiass\u00e1g<\/p>\n<p>&#8211;\u00a0\u00a0\u00a0\u00a0\u00a0\u00a0 life long learning<\/p>\n<p>&#8211;\u00a0\u00a0\u00a0\u00a0\u00a0\u00a0 partners\u00e9g<\/p>\n<p>&nbsp;<\/p>\n<p><strong>Strat\u00e9giai c\u00e9lok<\/strong><\/p>\n<p>&#8211;\u00a0\u00a0\u00a0\u00a0\u00a0\u00a0 A j\u00f3 gyakorlatok \u00f6sszegy\u0171jt\u00e9se, a gyakorlatorient\u00e1lts\u00e1g el\u0151t\u00e9rbe helyez\u00e9se.<\/p>\n<p>&#8211;\u00a0\u00a0\u00a0\u00a0\u00a0\u00a0 Tud\u00e1smegoszt\u00e1s.<\/p>\n<p>&#8211;\u00a0\u00a0\u00a0\u00a0\u00a0\u00a0 P\u00e1lyaorient\u00e1ci\u00f3s tev\u00e9kenys\u00e9g, p\u00e1lyaorient\u00e1ci\u00f3s rendszer meg\u00faj\u00edt\u00e1sa.<\/p>\n<p>&#8211;\u00a0\u00a0\u00a0\u00a0\u00a0\u00a0 A partners\u00e9g meghat\u00e1roz\u00e1sa, ki\u00e9p\u00edt\u00e9se.<\/p>\n","protected":false},"excerpt":{"rendered":"<p>V\u00edzi\u00f3 D\u00e9lpest \u00e9s vonz\u00e1sk\u00f6rzet\u00e9nek fiataljai sz\u00e1m\u00e1ra \u00e9s az orsz\u00e1gb\u00f3l \u00e9rkez\u0151 feln\u0151tteknek k\u00edn\u00e1l szakmai oktat\u00e1st, szakmai k\u00e9pz\u00e9st, kompetenciafejleszt\u00e9st eg\u00e9szs\u00e9g\u00fcgyi, szoci\u00e1lis \u00e9s oktat\u00e1si\/pedag\u00f3giai \u00e1gazatokban. A Semmelweis Egyetem c\u00e9ljait szem el\u0151tt tartva rugalmasan, a gyors t\u00e1rsadalmi v\u00e1ltoz\u00e1sokra meg\u00fajult, gyakorlatorient\u00e1lt m\u00f3dszerekkel reag\u00e1lunk. &nbsp; Misszi\u00f3 &#8211;\u00a0\u00a0\u00a0\u00a0\u00a0\u00a0 Kiemelten kezelj\u00fck az oktat\u00f3k tov\u00e1bbk\u00e9pz\u00e9s\u00e9t, a j\u00f3 gyakorlatok megoszt\u00e1s\u00e1t. &#8211;\u00a0\u00a0\u00a0\u00a0\u00a0\u00a0 Szoros kapcsolatot \u00e9p\u00edt\u00fcnk ki &hellip;<\/p>\n","protected":false},"author":101934,"featured_media":0,"parent":531,"menu_order":2,"comment_status":"closed","ping_status":"closed","template":"","meta":{"_acf_changed":false,"footnotes":""},"categories":[],"tags":[],"class_list":["post-94","page","type-page","status-publish","hentry"],"acf":[],"_links":{"self":[{"href":"https:\/\/semmelweis.hu\/semmelweisiskola\/wp-json\/wp\/v2\/pages\/94","targetHints":{"allow":["GET"]}}],"collection":[{"href":"https:\/\/semmelweis.hu\/semmelweisiskola\/wp-json\/wp\/v2\/pages"}],"about":[{"href":"https:\/\/semmelweis.hu\/semmelweisiskola\/wp-json\/wp\/v2\/types\/page"}],"author":[{"embeddable":true,"href":"https:\/\/semmelweis.hu\/semmelweisiskola\/wp-json\/wp\/v2\/users\/101934"}],"replies":[{"embeddable":true,"href":"https:\/\/semmelweis.hu\/semmelweisiskola\/wp-json\/wp\/v2\/comments?post=94"}],"version-history":[{"count":10,"href":"https:\/\/semmelweis.hu\/semmelweisiskola\/wp-json\/wp\/v2\/pages\/94\/revisions"}],"predecessor-version":[{"id":3726,"href":"https:\/\/semmelweis.hu\/semmelweisiskola\/wp-json\/wp\/v2\/pages\/94\/revisions\/3726"}],"up":[{"embeddable":true,"href":"https:\/\/semmelweis.hu\/semmelweisiskola\/wp-json\/wp\/v2\/pages\/531"}],"wp:attachment":[{"href":"https:\/\/semmelweis.hu\/semmelweisiskola\/wp-json\/wp\/v2\/media?parent=94"}],"wp:term":[{"taxonomy":"category","embeddable":true,"href":"https:\/\/semmelweis.hu\/semmelweisiskola\/wp-json\/wp\/v2\/categories?post=94"},{"taxonomy":"post_tag","embeddable":true,"href":"https:\/\/semmelweis.hu\/semmelweisiskola\/wp-json\/wp\/v2\/tags?post=94"}],"curies":[{"name":"wp","href":"https:\/\/api.w.org\/{rel}","templated":true}]}}