{"id":92,"date":"2021-10-26T10:42:01","date_gmt":"2021-10-26T08:42:01","guid":{"rendered":"https:\/\/semmelweis.hu\/semmelweisiskola\/?page_id=92"},"modified":"2021-11-24T14:38:32","modified_gmt":"2021-11-24T13:38:32","slug":"hagyomanyaink","status":"publish","type":"page","link":"https:\/\/semmelweis.hu\/semmelweisiskola\/iskolarol\/hagyomanyaink\/","title":{"rendered":"Hagyom\u00e1nyaink"},"content":{"rendered":"<div style=\"text-align: center;\"><strong>HAGYOM\u00c1NYAINK<\/strong><\/p>\n<p style=\"text-align: left;\">Minden iskolai k\u00f6z\u00f6ss\u00e9g l\u00e9t\u00e9t meghat\u00e1rozza a m\u00faltja, az \u00e9vek alatt kialakult hagyom\u00e1nyok, \u00e9rt\u00e9kek meg\u0151rz\u00e9se, ez\u00e9rt kiemelt feladatunknak tartjuk ezek \u00e1pol\u00e1s\u00e1t, tov\u00e1bbfejleszt\u00e9s\u00e9t \u00e9s az \u00fajabb k\u00f6z\u00f6ss\u00e9gteremt\u0151 lehet\u0151s\u00e9gek keres\u00e9s\u00e9t.<\/p>\n<p><strong>Semmelweis-nap<\/strong><\/p>\n<p style=\"text-align: left;\">Iskol\u00e1nk, amely imm\u00e1r csaknem \u00f6tven\u00e9ves m\u00faltra tekint vissza, 1970-ben vette fel az any\u00e1k megment\u0151j\u00e9nek, Semmelweis Ign\u00e1cnak a nev\u00e9t. Hagyom\u00e1nyaink k\u00f6z\u00fcl kiemelkedik n\u00e9vad\u00f3nk eml\u00e9k\u00e9nek, szellemis\u00e9g\u00e9nek \u00e1pol\u00e1sa. Minden \u00e9v szeptember 29-\u00e9n, a Semmelweis-nap keret\u00e9ben \u00fcnnepi megeml\u00e9kez\u00e9st tartunk, \u00e9s az oszt\u00e1lyok megkoszor\u00fazz\u00e1k n\u00e9vad\u00f3nk mellszobr\u00e1t, melyet 1973-ban avattak fel (Farkas \u00c1d\u00e1m szobr\u00e1szm\u0171v\u00e9sz alkot\u00e1sa).<\/p>\n<p style=\"text-align: left;\">Ezen a napon hirdetj\u00fck ki a Semmelweis-p\u00e1ly\u00e1zat t\u00e9m\u00e1it, amelyek \u00e1ltal\u00e1ban eg\u00e9szs\u00e9g- \u00e9s k\u00f6rnyezetv\u00e9delmi t\u00e9mak\u00f6r\u00f6kh\u00f6z kapcsol\u00f3dnak.\u00a0<\/p>\n<p><strong>Semmelweis-h\u00e9t<\/strong><\/p>\n<p style=\"text-align: left;\">Minden \u00e9v okt\u00f3ber\u00e9ben megrendezz\u00fck a Semelweis-hetet, amely az \u00e9vek sor\u00e1n jelent\u0151s v\u00e1ltoz\u00e1sokon ment kereszt\u00fcl, alkalmazkodva az iskola k\u00e9pz\u00e9si profilj\u00e1nak b\u0151v\u00fcl\u00e9s\u00e9hez. M\u00edg r\u00e9gebben els\u0151sorban az eg\u00e9szs\u00e9gnevel\u00e9si t\u00e9m\u00e1kra koncentr\u00e1ltunk, \u00fajabban a k\u00f6rnyezetv\u00e9delem is hangs\u00falyoss\u00e1 v\u00e1lt. A Semmelweis-h\u00e9ten tartjuk a sportd\u00e9lut\u00e1nt, amelyen a tan\u00e1rok \u00e9s a di\u00e1kok m\u00e9rik \u00f6ssze erej\u00fcket r\u00f6plabd\u00e1ban \u00e9s kos\u00e1rlabd\u00e1ban. (Iskol\u00e1nkban sok a fiatal tan\u00e1r, ez\u00e9rt nem mindig a di\u00e1kok gy\u0151znek!)\u00a0<\/p>\n<p style=\"text-align: left;\">A Semmelweis-h\u00e9ten a g\u00f3ly\u00e1k \u00e1llnak a k\u00f6z\u00e9ppontban. Minden napra kit\u0171znek sz\u00e1mukra valamilyen \u201epr\u00f3b\u00e1t\u201d, p\u00e9ld\u00e1ul k\u00fcl\u00f6nb\u00f6z\u0151 produkci\u00f3kat kell bemutatniuk (t\u00e1nc, \u00e9nek, par\u00f3dia stb.), vagy tr\u00e9f\u00e1s feladatokat megoldaniuk (jelmezbe \u00f6lt\u00f6z\u00e9s, z\u00f6lds\u00e9gszobr\u00e1szat stb.), \u00e9s a fels\u0151bb \u00e9vfolyamosok pontozz\u00e1k a teljes\u00edtm\u00e9ny\u00fcket.\u00a0<\/p>\n<p style=\"text-align: left;\">A Semmelweis-hetet az iskolanap z\u00e1rja, ezt minden \u00e9vben k\u00fcl\u00f6nb\u00f6z\u0151 form\u00e1ban szervezz\u00fck meg. Az oszt\u00e1lyok &#8211; forg\u00f3sz\u00ednpadszer\u0171en \u2013 k\u00fcl\u00f6nb\u00f6z\u0151, igen v\u00e1ltozatos t\u00e9m\u00e1kat fel\u00f6lel\u0151 foglalkoz\u00e1sokon vesznek r\u00e9szt (eg\u00e9szs\u00e9gnevel\u00e9s, p\u00e1rkapcsolatok, konfliktuskezel\u00e9s, k\u00f6rnyezetv\u00e9delem stb.).\u00a0<\/p>\n<p style=\"text-align: left;\">Az iskolanapot este a g\u00f3lyab\u00e1l z\u00e1rja, amely a kilencedikesek tr\u00e9f\u00e1s vet\u00e9lked\u0151j\u00e9vel indul, s itt d\u0151l el v\u00e9glegesen, melyik oszt\u00e1ly tulajdon\u00e1ba ker\u00fcl \u2013 legal\u00e1bbis egy \u00e9vre \u2013 az \u201eiskolag\u00f3lya\u201d, majd diszk\u00f3 k\u00f6vetkezik \u2013 a tan\u00e1rok legnagyobb \u00f6r\u00f6m\u00e9re.<\/p>\n<p><strong>Mikul\u00e1snap<\/strong><\/p>\n<p style=\"text-align: left;\">Kedves mozzanata az iskola \u00e9let\u00e9nek a mikul\u00e1snap, amikor reggel a Mikul\u00e1s \u00e9s krampuszok fogadj\u00e1k az \u00e9rkez\u0151ket \u2013 mindenkit szaloncukorral megaj\u00e1nd\u00e9kozva. D\u00e9lut\u00e1n az iskolai dolgoz\u00f3k gyerekeit v\u00e1rja a Mikul\u00e1s: a szervez\u0151 oszt\u00e1ly b\u00e1bj\u00e1t\u00e9kot mutat be, \u00e9s az aj\u00e1nd\u00e9kcsomagok \u00e1tad\u00e1sa ut\u00e1n kezd\u0151dik a j\u00e1tsz\u00f3h\u00e1z (arcfest\u00e9s, vet\u00e9lked\u0151k stb.).\u00a0<\/p>\n<p><strong>Iskolai kar\u00e1csony<\/strong><\/p>\n<p style=\"text-align: left;\">A t\u00e9li sz\u00fcnet el\u0151tti utols\u00f3 napon minden oszt\u00e1ly meghitt \u00fcnneps\u00e9get tart, amelyen a di\u00e1kok megaj\u00e1nd\u00e9kozz\u00e1k egym\u00e1st. Az oszt\u00e1lykar\u00e1csonyok ut\u00e1n egy k\u00f6z\u00f6s fa mellett gy\u0171lik \u00f6ssze az eg\u00e9sz iskola, \u00e9s a m\u0171sor ut\u00e1n rengeteg aj\u00e1nd\u00e9k tal\u00e1l gazd\u00e1ra, de f\u0151leg: egy\u00fctt \u00fcnnepel\u00fcnk.<\/p>\n<p><strong>Valentin-nap<\/strong><\/p>\n<p style=\"text-align: left;\">2005 \u00f3ta hagyom\u00e1ny iskol\u00e1nkban a Valentin-nap meg\u00fcnnepl\u00e9se. Az iskola minden di\u00e1kja \u00e9s dolgoz\u00f3ja kap egy sz\u00e1mmal ell\u00e1tott piros sz\u00edvet, ezt p\u00e1r napig viselnie kell, \u00e9s a \u201eszeretetdobozokba\u201d bedobva \u00fczeneteket lehet k\u00fcldeni egym\u00e1snak, amelyeket a szervez\u0151 oszt\u00e1ly Valentin-napon tov\u00e1bb\u00edt a \u201ec\u00edmzetteknek\u201d a sz\u00e1mok alapj\u00e1n.<\/p>\n<p><strong>Farsangi b\u00e1l<\/strong><\/p>\n<p style=\"text-align: left;\">Szint\u00e9n 2005 \u00f3ta szervezz\u00fck meg a farsangi b\u00e1lt, amelyen nem is a t\u00e1nc a l\u00e9nyeg, hanem a k\u00fcl\u00f6nb\u00f6z\u0151 t\u00e9m\u00e1kban kit\u0171z\u00f6tt jelmezek versenye. A b\u00e1lon a r\u00e9sztvev\u0151k szavazatai alapj\u00e1n megv\u00e1lasztj\u00e1k a b\u00e1lkir\u00e1lyn\u0151t \u00e9s farsang herceg\u00e9t.<\/p>\n<p><strong>Ballag\u00e1s<\/strong><\/p>\n<p style=\"text-align: left;\">A ballag\u00e1si \u00fcnneps\u00e9gen a di\u00e1k\u00f6nkorm\u00e1nyzat javaslata \u00e9s a nevel\u0151test\u00fclet d\u00f6nt\u00e9se alapj\u00e1n Semmelweis-\u00e9rmet kap az a v\u00e9gz\u0151s tanul\u00f3, aki n\u00e9gy \u00e9vig kiemelked\u0151 tanulm\u00e1nyi \u00e9s k\u00f6z\u00f6ss\u00e9gi munk\u00e1t v\u00e9gzett. (A plakett k\u00e9sz\u00edt\u0151je Kis Nagy Andr\u00e1s \u00e9remm\u0171v\u00e9sz, a d\u00edj el\u0151sz\u00f6r 1969-ben ker\u00fclt \u00e1tad\u00e1sra.) Az \u00e9rmet nyert tanul\u00f3 f\u00e9nyk\u00e9p\u00e9t elhelyezz\u00fck az iskola \u00ab b\u00fcszkes\u00e9geink \u00bb tabl\u00f3j\u00e1n.<\/p>\n<p style=\"text-align: left;\">A ballag\u00e1s v\u00e9g\u00e9n a v\u00e9gz\u0151s di\u00e1kok az \u201eEgyszer v\u00e9get \u00e9r a l\u00e1zas ifj\u00fas\u00e1g\u201d \u00e9neksz\u00e1m alatt \u00a0elengedik a lufit, \u00edgy fejezve ki, hogy sz\u00e1mukra elkezd\u0151d\u00f6tt a \u201eszabads\u00e1g\u201d.<\/p>\n<p><strong>Szalagavat\u00f3 b\u00e1l<\/strong><\/p>\n<p style=\"text-align: left;\">A szalagavat\u00f3 b\u00e1lt \u00e1ltal\u00e1ban november k\u00f6zep\u00e9n rendezz\u00fck meg a pestszentimrei Sportkast\u00e9lyban. A szalagok felt\u0171z\u00e9se ut\u00e1n minden oszt\u00e1ly el\u0151ad egy saj\u00e1t t\u00e1ncsz\u00e1mot, \u00e9s a b\u00e1lt a v\u00e9gz\u0151s\u00f6k \u00f6sszt\u00e1nca z\u00e1rja, amikor 70-80 p\u00e1r impoz\u00e1ns koreogr\u00e1fia szerint lejt a kering\u0151 dallam\u00e1ra<\/p>\n<p><strong>\u00dcnnep\u00e9lyek<\/strong><\/p>\n<p style=\"text-align: left;\">Nemzeti \u00fcnnepeinkr\u0151l is v\u00e1ltozatos form\u00e1ban eml\u00e9kez\u00fcnk meg. A hagyom\u00e1nyos \u00fcnnep\u00e9lyek, m\u0171sorok mellett az ut\u00f3bbi \u00e9vekben m\u00e1s form\u00e1it is keress\u00fck a m\u00e9lt\u00f3 megeml\u00e9kez\u00e9snek, m\u00fazeuml\u00e1togat\u00e1st, koszor\u00faz\u00e1st, iskolai vet\u00e9lked\u0151ket szervez\u00fcnk. Minden iskolai \u00fcnnep\u00e9lyen \u2013 a m\u0171sor befejez\u00e9se ut\u00e1n \u2013 a tanul\u00f3k el\u0151tt \u00e9rt\u00e9kelj\u00fck az elm\u00falt id\u0151szak esem\u00e9nyeit, versenyeredm\u00e9nyeit \u00e9s a jutalmaz\u00e1s soha nem marad el.<\/p>\n<\/div>\n","protected":false},"excerpt":{"rendered":"<p>HAGYOM\u00c1NYAINK Minden iskolai k\u00f6z\u00f6ss\u00e9g l\u00e9t\u00e9t meghat\u00e1rozza a m\u00faltja, az \u00e9vek alatt kialakult hagyom\u00e1nyok, \u00e9rt\u00e9kek meg\u0151rz\u00e9se, ez\u00e9rt kiemelt feladatunknak tartjuk ezek \u00e1pol\u00e1s\u00e1t, tov\u00e1bbfejleszt\u00e9s\u00e9t \u00e9s az \u00fajabb k\u00f6z\u00f6ss\u00e9gteremt\u0151 lehet\u0151s\u00e9gek keres\u00e9s\u00e9t. Semmelweis-nap Iskol\u00e1nk, amely imm\u00e1r csaknem \u00f6tven\u00e9ves m\u00faltra tekint vissza, 1970-ben vette fel az any\u00e1k megment\u0151j\u00e9nek, Semmelweis Ign\u00e1cnak a nev\u00e9t. Hagyom\u00e1nyaink k\u00f6z\u00fcl kiemelkedik n\u00e9vad\u00f3nk eml\u00e9k\u00e9nek, szellemis\u00e9g\u00e9nek \u00e1pol\u00e1sa. Minden &hellip;<\/p>\n","protected":false},"author":101934,"featured_media":0,"parent":531,"menu_order":5,"comment_status":"closed","ping_status":"closed","template":"","meta":{"_acf_changed":false,"footnotes":""},"categories":[],"tags":[],"class_list":["post-92","page","type-page","status-publish","hentry"],"acf":[],"_links":{"self":[{"href":"https:\/\/semmelweis.hu\/semmelweisiskola\/wp-json\/wp\/v2\/pages\/92","targetHints":{"allow":["GET"]}}],"collection":[{"href":"https:\/\/semmelweis.hu\/semmelweisiskola\/wp-json\/wp\/v2\/pages"}],"about":[{"href":"https:\/\/semmelweis.hu\/semmelweisiskola\/wp-json\/wp\/v2\/types\/page"}],"author":[{"embeddable":true,"href":"https:\/\/semmelweis.hu\/semmelweisiskola\/wp-json\/wp\/v2\/users\/101934"}],"replies":[{"embeddable":true,"href":"https:\/\/semmelweis.hu\/semmelweisiskola\/wp-json\/wp\/v2\/comments?post=92"}],"version-history":[{"count":8,"href":"https:\/\/semmelweis.hu\/semmelweisiskola\/wp-json\/wp\/v2\/pages\/92\/revisions"}],"predecessor-version":[{"id":599,"href":"https:\/\/semmelweis.hu\/semmelweisiskola\/wp-json\/wp\/v2\/pages\/92\/revisions\/599"}],"up":[{"embeddable":true,"href":"https:\/\/semmelweis.hu\/semmelweisiskola\/wp-json\/wp\/v2\/pages\/531"}],"wp:attachment":[{"href":"https:\/\/semmelweis.hu\/semmelweisiskola\/wp-json\/wp\/v2\/media?parent=92"}],"wp:term":[{"taxonomy":"category","embeddable":true,"href":"https:\/\/semmelweis.hu\/semmelweisiskola\/wp-json\/wp\/v2\/categories?post=92"},{"taxonomy":"post_tag","embeddable":true,"href":"https:\/\/semmelweis.hu\/semmelweisiskola\/wp-json\/wp\/v2\/tags?post=92"}],"curies":[{"name":"wp","href":"https:\/\/api.w.org\/{rel}","templated":true}]}}