{"id":88,"date":"2021-10-26T10:41:26","date_gmt":"2021-10-26T08:41:26","guid":{"rendered":"https:\/\/semmelweis.hu\/semmelweisiskola\/?page_id=88"},"modified":"2021-11-24T14:38:43","modified_gmt":"2021-11-24T13:38:43","slug":"diakonkormanyzat","status":"publish","type":"page","link":"https:\/\/semmelweis.hu\/semmelweisiskola\/iskolarol\/diakonkormanyzat\/","title":{"rendered":"Di\u00e1k\u00f6nkorm\u00e1nyzat"},"content":{"rendered":"<p>Egy iskola akkor j\u00f3, \u00e9s f\u0151leg akkor szerethet\u0151, ha a tanul\u00e1s mellett a di\u00e1k\u00e9let is sz\u00ednes, v\u00e1ltozatos, s ebben kiemelked\u0151 szerepe van a di\u00e1k\u00f6nkorm\u00e1nyzatnak. Iskol\u00e1nkban a di\u00e1k\u00f6nkorm\u00e1nyzat \u00e1ll\u00edtja \u00f6ssze a tan\u00e9v szabadid\u0151s programk\u00edn\u00e1lat\u00e1t, \u00e9s az a szok\u00e1s, hogy a tan\u00e9v elej\u00e9n minden program, m\u0171sor stb. megszervez\u00e9s\u00e9t egy-egy oszt\u00e1ly v\u00e1llalja el, s a tervez\u00e9st\u0151l a lebonyol\u00edt\u00e1sig minden az \u0151 feladatuk. A di\u00e1kok \u00f6n\u00e1ll\u00f3 \u00f6tleteinek k\u00fcl\u00f6n\u00f6sen a Semmelweis-h\u00e9ten van nagy jelent\u0151s\u00e9ge, hogy minden \u00e9vben \u00faj\u00edtani tudjunk, de a hagyom\u00e1nyainkat is tov\u00e1bbvigy\u00fck (p\u00e9ld\u00e1ul tan\u00e1r-di\u00e1k meccs, g\u00f3ly\u00e1k vet\u00e9lked\u0151je stb.).\u00a0<\/p>\n<p>Az iskolai di\u00e1k\u00f6nkorm\u00e1nyzat els\u0151sorban m\u00e9gis a di\u00e1kok \u00e9rdekv\u00e9delmi, \u00e9rdek\u00e9rv\u00e9nyes\u00edt\u00e9si szerve, amely \u00f6n\u00e1ll\u00f3 szervezeti \u00e9s m\u0171k\u00f6d\u00e9si szab\u00e1lyzattal, k\u00f6lts\u00e9gvet\u00e9sileg elk\u00fcl\u00f6n\u00edtett p\u00e9nz\u00fcgyi fedezettel rendelkezik. Munk\u00e1j\u00e1t az \u00e9venk\u00e9nt v\u00e1lasztott IDB (Iskolai Di\u00e1kbizotts\u00e1g) ir\u00e1ny\u00edtja. Ennek tagjai a titk\u00e1r, helyettes, illetve az oszt\u00e1lyok k\u00e9pvisel\u0151i (az oszt\u00e1ly-di\u00e1kbizotts\u00e1gok titk\u00e1rai). Az oszt\u00e1lyok szabadon d\u00f6ntenek arr\u00f3l, hogy \u2013 az ODB-titk\u00e1ron \u00e9s helyettes\u00e9n k\u00edv\u00fcl \u2013 milyen egy\u00e9b tiszts\u00e9gvisel\u0151ket v\u00e1lasztanak. Az iskolai di\u00e1kbizotts\u00e1g sz\u00fcks\u00e9g szerint, de havonta legal\u00e1bb egyszer \u00fcl \u00f6ssze, \u00e9s gyakran tartanak megbesz\u00e9l\u00e9st az iskolavezet\u0151s\u00e9ggel is, \u00e9vente legal\u00e1bb h\u00e1rom alkalommal az iskolavezet\u00e9si \u00fcl\u00e9sen is r\u00e9szt vesznek. T\u00f6reksz\u00fcnk arra, hogy az igazgat\u00f3, a nevel\u0151test\u00fclet \u00e9s di\u00e1kvezet\u0151s\u00e9g k\u00f6z\u00f6tt j\u00f3 legyen a kapcsolat, a tanul\u00f3i k\u00e9r\u00e9sek meghallgat\u00e1sra tal\u00e1ljanak.<\/p>\n<p>Az iskolai di\u00e1k\u00f6nkorm\u00e1nyzat legfels\u0151bb f\u00f3ruma a di\u00e1kk\u00f6zgy\u0171l\u00e9s, amelyen minden oszt\u00e1ly h\u00e1rom k\u00fcld\u00f6ttel k\u00e9pviselteti mag\u00e1t, de b\u00e1rki r\u00e9szt vehet, illetve hozz\u00e1sz\u00f3lhat, javaslatot tehet. A di\u00e1kk\u00f6zgy\u0171l\u00e9s feladata az el\u0151z\u0151 \u00e9v munk\u00e1j\u00e1nak \u00e1ttekint\u00e9se, az IDB besz\u00e1mol\u00f3j\u00e1nak \u00e9s a gazdas\u00e1gi besz\u00e1mol\u00f3nak a megvitat\u00e1sa, illetve az \u00faj IDB megv\u00e1laszt\u00e1sa. Ezen a f\u00f3rumon a di\u00e1kok elmondhatj\u00e1k probl\u00e9m\u00e1ikat, javaslataikat, k\u00e9rd\u00e9seket tehetnek fel az iskolavezet\u0151s\u00e9gnek, s ha azonnal nem sz\u00fcletik megold\u00e1s, a k\u00f6zgy\u0171l\u00e9s hat\u00e1rozatot hoz, amelyek v\u00e9grehajt\u00e1s\u00e1r\u00f3l a k\u00f6vetkez\u0151 \u00e9vi di\u00e1kk\u00f6zgy\u0171l\u00e9sen az iskola igazgat\u00f3ja besz\u00e1mol.<\/p>\n<p>A di\u00e1k\u00f6nkorm\u00e1nyzat a saj\u00e1t p\u00e9nz\u00e9vel \u00f6n\u00e1ll\u00f3an gazd\u00e1lkodik. Bev\u00e9telei rendezv\u00e9nyekb\u0151l, p\u00e1ly\u00e1zatokb\u00f3l sz\u00e1rmaznak. Ezt a p\u00e9nzt m\u0171k\u00f6d\u00e9s\u00e9nek k\u00f6lts\u00e9geire, programok szervez\u00e9s\u00e9re, jutalmaz\u00e1sokra, vezet\u0151k\u00e9pz\u00e9sre k\u00f6lti. Minden jelent\u0151s kiad\u00e1sr\u00f3l az IDB d\u00f6nt, gazd\u00e1lkod\u00e1s\u00e1r\u00f3l pedig \u00e9vente besz\u00e1mol a di\u00e1kk\u00f6zgy\u0171l\u00e9snek. A di\u00e1kmozgalom az iskolai k\u00f6lts\u00e9gvet\u00e9sb\u0151l is kap t\u00e1mogat\u00e1st. Ezt els\u0151sorban a k\u00f6nyvjutalmak megv\u00e1s\u00e1rl\u00e1s\u00e1ra ford\u00edtjuk.\u00a0<\/p>\n<p>Di\u00e1ks\u00e1gunk k\u00e9pvisel\u0151i r\u00e9szt vesznek a Kispesti Ifj\u00fas\u00e1gi \u00d6nkorm\u00e1nyzat, valamint budapesti (F\u0150DISZ) illetve orsz\u00e1gos (MODE) di\u00e1kszervezetek munk\u00e1j\u00e1ban is, a Pet\u0151fi Csarnok, a F\u0151v\u00e1rosi Pedag\u00f3giai Int\u00e9zet ez ir\u00e1ny\u00fa rendezv\u00e9nyein.\u00a0<\/p>\n<p>A D\u00d6K seg\u00edt\u00e9se az iskola minden tan\u00e1r\u00e1nak, de els\u0151sorban az iskola vezet\u0151inek \u00e9s az oszt\u00e1lyf\u0151n\u00f6k\u00f6knek a feladata. Tev\u00e9kenys\u00e9g\u00fcket a di\u00e1k\u00f6nkorm\u00e1nyzatot seg\u00edt\u0151 tan\u00e1r koordin\u00e1lja. Kiv\u00e1laszt\u00e1sa a tanul\u00f3ifj\u00fas\u00e1g v\u00e9lem\u00e9ny\u00e9nek kik\u00e9r\u00e9s\u00e9vel igazgat\u00f3i d\u00f6nt\u00e9ssel t\u00f6rt\u00e9nik. A kiv\u00e1laszt\u00e1sn\u00e1l f\u0151 szempont a tanul\u00f3kkal val\u00f3 j\u00f3 kapcsolat \u00e9s a j\u00f3 szervez\u0151k\u00e9szs\u00e9g.<\/p>\n<p>Di\u00e1kvezet\u0151ink egy\u00fcttm\u0171k\u00f6d\u00e9s\u00e9t, \u00f6sszeszokott k\u00f6z\u00f6ss\u00e9gg\u00e9 v\u00e1l\u00e1s\u00e1t seg\u00edtik a h\u00e9tv\u00e9gi \u00e9s a ny\u00e1ri t\u00e1borok, melyek a k\u00f6tetlen k\u00f6z\u00f6s programok mellett k\u00e9pz\u00e9sre is lehet\u0151s\u00e9get adnak.<\/p>\n","protected":false},"excerpt":{"rendered":"<p>Egy iskola akkor j\u00f3, \u00e9s f\u0151leg akkor szerethet\u0151, ha a tanul\u00e1s mellett a di\u00e1k\u00e9let is sz\u00ednes, v\u00e1ltozatos, s ebben kiemelked\u0151 szerepe van a di\u00e1k\u00f6nkorm\u00e1nyzatnak. Iskol\u00e1nkban a di\u00e1k\u00f6nkorm\u00e1nyzat \u00e1ll\u00edtja \u00f6ssze a tan\u00e9v szabadid\u0151s programk\u00edn\u00e1lat\u00e1t, \u00e9s az a szok\u00e1s, hogy a tan\u00e9v elej\u00e9n minden program, m\u0171sor stb. megszervez\u00e9s\u00e9t egy-egy oszt\u00e1ly v\u00e1llalja el, s a tervez\u00e9st\u0151l a lebonyol\u00edt\u00e1sig &hellip;<\/p>\n","protected":false},"author":101934,"featured_media":0,"parent":531,"menu_order":6,"comment_status":"closed","ping_status":"closed","template":"","meta":{"_acf_changed":false,"footnotes":""},"categories":[],"tags":[],"class_list":["post-88","page","type-page","status-publish","hentry"],"acf":[],"_links":{"self":[{"href":"https:\/\/semmelweis.hu\/semmelweisiskola\/wp-json\/wp\/v2\/pages\/88","targetHints":{"allow":["GET"]}}],"collection":[{"href":"https:\/\/semmelweis.hu\/semmelweisiskola\/wp-json\/wp\/v2\/pages"}],"about":[{"href":"https:\/\/semmelweis.hu\/semmelweisiskola\/wp-json\/wp\/v2\/types\/page"}],"author":[{"embeddable":true,"href":"https:\/\/semmelweis.hu\/semmelweisiskola\/wp-json\/wp\/v2\/users\/101934"}],"replies":[{"embeddable":true,"href":"https:\/\/semmelweis.hu\/semmelweisiskola\/wp-json\/wp\/v2\/comments?post=88"}],"version-history":[{"count":7,"href":"https:\/\/semmelweis.hu\/semmelweisiskola\/wp-json\/wp\/v2\/pages\/88\/revisions"}],"predecessor-version":[{"id":480,"href":"https:\/\/semmelweis.hu\/semmelweisiskola\/wp-json\/wp\/v2\/pages\/88\/revisions\/480"}],"up":[{"embeddable":true,"href":"https:\/\/semmelweis.hu\/semmelweisiskola\/wp-json\/wp\/v2\/pages\/531"}],"wp:attachment":[{"href":"https:\/\/semmelweis.hu\/semmelweisiskola\/wp-json\/wp\/v2\/media?parent=88"}],"wp:term":[{"taxonomy":"category","embeddable":true,"href":"https:\/\/semmelweis.hu\/semmelweisiskola\/wp-json\/wp\/v2\/categories?post=88"},{"taxonomy":"post_tag","embeddable":true,"href":"https:\/\/semmelweis.hu\/semmelweisiskola\/wp-json\/wp\/v2\/tags?post=88"}],"curies":[{"name":"wp","href":"https:\/\/api.w.org\/{rel}","templated":true}]}}