{"id":84,"date":"2021-10-26T10:41:00","date_gmt":"2021-10-26T08:41:00","guid":{"rendered":"https:\/\/semmelweis.hu\/semmelweisiskola\/?page_id=84"},"modified":"2023-02-13T09:15:02","modified_gmt":"2023-02-13T08:15:02","slug":"az-iskola-bemutatasa","status":"publish","type":"page","link":"https:\/\/semmelweis.hu\/semmelweisiskola\/iskolarol\/az-iskola-bemutatasa\/","title":{"rendered":"Az iskola bemutat\u00e1sa"},"content":{"rendered":"<blockquote>\n<p>&#8222;Az \u00e9n tan\u00edt\u00e1som nem arra van \u00edt\u00e9lve, hogy k\u00f6nyvt\u00e1rak por\u00e1ban pen\u00e9szedj\u00e9k, hanem hogy gy\u0151ztesen hasson a gyakorlati \u00e9letben.&#8221;<\/p>\n<\/blockquote>\n<p>Iskol\u00e1nkban, amely Kispest csendes, z\u00f6ld\u00f6vezeti r\u00e9sz\u00e9n fekszik, 1965-ben indult az oktat\u00e1s, s mivel kezdetben eg\u00e9szs\u00e9g\u00fcgyi szakk\u00f6z\u00e9piskolak\u00e9nt m\u0171k\u00f6dt\u00fcnk, 1970-ben felvett\u00fck az any\u00e1k megment\u0151j\u00e9nek, Semmelweis Ign\u00e1cnak a nev\u00e9t. Nevel\u0151test\u00fclet\u00fcnkre mindig is jellemz\u0151 volt a nyitotts\u00e1g \u00e9s az innovat\u00edv szellem, s nemcsak hogy rugalmasan alkalmazkodunk a k\u00fcls\u0151 k\u00f6rnyezet sz\u00fcntelen\u00fcl v\u00e1ltoz\u00f3 elv\u00e1r\u00e1saihoz, hanem el\u00e9be is megy\u00fcnk a v\u00e1ltoz\u00e1soknak. A meg\u00fajul\u00e1sra val\u00f3 k\u00e9pess\u00e9g\u00fcnket bizony\u00edtja, hogy az orsz\u00e1gban egyed\u00fcl mi vezett\u00fck be 1990-ben az eg\u00e9szs\u00e9g\u00fcgyi integr\u00e1lt k\u00e9pz\u00e9st, majd 1995-t\u0151l bekapcsol\u00f3dtunk a szakk\u00f6z\u00e9piskolai v\u00e9gzetts\u00e9gre \u00e9p\u00fcl\u0151 H\u00cdD-as \u00e1pol\u00f3k\u00e9pz\u00e9sbe. K\u00e9pz\u00e9si k\u00edn\u00e1latunkat 1996-t\u00f3l gimn\u00e1ziumi oszt\u00e1lyok ind\u00edt\u00e1s\u00e1val b\u0151v\u00edtett\u00fck, \u00e9s sikeres p\u00e1ly\u00e1zatunknak k\u00f6sz\u00f6nhet\u0151en 1998-ban elkezd\u0151dhetett a vil\u00e1gbanki modell szerinti oktat\u00e1s k\u00e9t \u2013 hum\u00e1n \u00e9s k\u00f6rnyezetv\u00e9delmi \u2013 szakmacsoportban. Szakk\u00f6z\u00e9piskol\u00e1saink a n\u00e9gy\u00e9ves alapoz\u00f3 szakasz ut\u00e1n \u00e9retts\u00e9gi vizsg\u00e1ra \u00e9p\u00fcl\u0151 OKJ-k\u00e9pz\u00e9sben vehettek r\u00e9szt az \u00e1pol\u00f3 vagy a k\u00f6rnyezetv\u00e9delmi technikus szakm\u00e1t elsaj\u00e1t\u00edtva.\u00a0<\/p>\n<p><iframe loading=\"lazy\" title=\"Ismerd meg a Semmelweis Ign\u00e1c T\u00f6bbc\u00e9l\u00fa Szakk\u00e9pz\u0151 Int\u00e9zm\u00e9nyt \u00e9s k\u00e9pz\u00e9seit!\" width=\"753\" height=\"424\" src=\"https:\/\/www.youtube.com\/embed\/HETA8E3QP1g?feature=oembed\" frameborder=\"0\" allow=\"accelerometer; autoplay; clipboard-write; encrypted-media; gyroscope; picture-in-picture; web-share\" allowfullscreen><\/iframe><\/p>\n<p>A f\u0151v\u00e1rosi szakk\u00e9pz\u00e9si rendszer \u00e1talakul\u00e1sa iskol\u00e1nkban is nagy v\u00e1ltoz\u00e1sokat hozott. A 2006\/2007-as tan\u00e9v v\u00e9g\u00e9n az egy\u00fcttm\u0171k\u00f6d\u00e9si meg\u00e1llapod\u00e1s al\u00e1\u00edr\u00e1s\u00e1val l\u00e9trej\u00f6ttek a T\u00e9rs\u00e9gi Integr\u00e1lt Szakk\u00e9pz\u0151 K\u00f6zpontok, amelyekben mi a szakk\u00e9pz\u00e9si \u00e9vfolyamra \u201ek\u00fcld\u0151\u201d iskola szerep\u00e9t bet\u00f6ltve az eg\u00e9szs\u00e9g\u00fcgyi szakmacsoport vonatkoz\u00e1s\u00e1ban a \u201eHum\u00e1n TISZK\u201d (Raul Wallenberg), a k\u00f6rnyezetv\u00e9delem-v\u00edzgazd\u00e1lkod\u00e1s szakmacsoportban pedig a \u201ePetrik TISZK\u201d tagja lett\u00fcnk. \u00a02013. janu\u00e1r 1-j\u00e9t\u0151l \u2013 amikor az iskol\u00e1k \u00e1llami fenntart\u00e1sba ker\u00fcltek \u2013 nem v\u00e1ltozott ez a strukt\u00fara, de \u00fajra lehet\u0151s\u00e9g\u00fcnk van arra, hogy OKJ-s k\u00e9pz\u00e9seket ind\u00edtsunk.<\/p>\n<p>Az elm\u00falt \u00e9vtizedek a folyamatos v\u00e1ltoz\u00e1sok jegy\u00e9ben teltek, iskol\u00e1nk k\u00e9pz\u00e9si arculat\u00e1nak h\u00e1rmas ir\u00e1nyults\u00e1ga m\u00e9gis \u00e1lland\u00f3s\u00e1got \u00e9s egyben soksz\u00edn\u0171s\u00e9get mutat: szakk\u00f6z\u00e9piskolai tagozatunkon h\u00e1rom szakmacsoportban (eg\u00e9szs\u00e9g\u00fcgyi, k\u00f6rnyezetv\u00e9delmi-v\u00edzgazd\u00e1lkod\u00e1si, szoci\u00e1lis szolg\u00e1ltat\u00e1sok) folyik szakmacsoportos alapoz\u00f3 oktat\u00e1s, a szakiskolai tagozaton pedig 2013-t\u00f3l k\u00e9t szakma, a szoci\u00e1lis gondoz\u00f3 \u00e9s \u00e1pol\u00f3, illetve a v\u00edz- \u00e9s csatornam\u0171-kezel\u0151 ind\u00edt\u00e1s\u00e1ra kaptunk lehet\u0151s\u00e9get, valamint esti tagozaton \u00fajra elind\u00edthatjuk az \u00e1pol\u00f3k\u00e9pz\u00e9st.\u00a0<\/p>\n<p>2015. j\u00falius 1-t\u0151l hivatalosan tagint\u00e9zm\u00e9ny lett\u00fcnk, m\u00e9gpedig a Budapesti Vend\u00e9gl\u00e1t\u00f3ipari \u00e9s Hum\u00e1n Szakk\u00e9pz\u00e9si Centrum Semmelweis Ign\u00e1c Szakk\u00e9pz\u0151 Iskol\u00e1ja. Ez az int\u00e9zm\u00e9nyi forma 4 \u00e9v ut\u00e1n megv\u00e1ltozott. 2019. augusztus 1-t\u0151l \u00fajabb fenntart\u00f3v\u00e1lt\u00e1sra ker\u00fclt sor, melynek k\u00f6vetkezt\u00e9ben szakgimn\u00e1ziumunk neve is megv\u00e1ltozott. \u00cdgy lett az \u00faj nev\u00fcnk Semmelweis Egyetem Semmelweis Ign\u00e1c T\u00f6bbc\u00e9l\u00fa Szakk\u00e9pz\u0151 Iskol\u00e1ja. Hiszen az eddigi eg\u00e9szs\u00e9g\u00fcgyi \u00e9s szoci\u00e1lis \u00e1gazat mell\u00e9 a nagyon n\u00e9pszer\u0171 pedag\u00f3giai \u00e1gazat is csatlakozott.<\/p>\n<p>Tanul\u00f3k\u00f6z\u00f6ss\u00e9g\u00fcnk \u00f6sszet\u00e9tele is igen v\u00e1ltozatos. Hozz\u00e1nk f\u0151leg olyan gyerekek jelentkeznek, akik \u00e9retts\u00e9gire \u00e9p\u00fcl\u0151 szakm\u00e1t szeretn\u00e9nek v\u00e1lasztani, illetve akik szakir\u00e1ny\u00fa tov\u00e1bbtanul\u00e1sban gondolkodnak. \u00c1ltal\u00e1noss\u00e1gban meg\u00e1llap\u00edthat\u00f3, hogy \u00e9vr\u0151l \u00e9vre sz\u00e9p sz\u00e1mmal j\u00f6nnek hozz\u00e1nk olyan gyerekek, akiknek k\u00f6zeli rokonai n\u00e1lunk v\u00e9geztek, \u00edgy bepillant\u00e1st kaphattak az emberekkel val\u00f3 foglalkoz\u00e1s, a sz\u00e1mukra ny\u00fajtott seg\u00edts\u00e9gad\u00e1s sz\u00e9ps\u00e9geibe, neh\u00e9zs\u00e9geibe. Sokukn\u00e1l megfigyelhet\u0151 a kor\u00e1n kialakult szakmai elhivatotts\u00e1g. Ezt bizony\u00edtja di\u00e1kjaink k\u00fcl\u00f6nb\u00f6z\u0151 versenyeken val\u00f3 magas r\u00e9szv\u00e9teli ar\u00e1nya, \u00e9s ezeken el\u00e9rt sz\u00e9p eredm\u00e9nyeik is.<\/p>\n<p>Szem\u00e9lyi \u00e9s t\u00e1rgyi felt\u00e9teleink lehet\u0151v\u00e9 teszik e sokr\u00e9t\u0171 tev\u00e9kenys\u00e9grendszer megval\u00f3s\u00edt\u00e1s\u00e1t: a folyamatos fejleszt\u00e9snek k\u00f6sz\u00f6nhet\u0151en t\u00f6bb szaktanterem, t\u00e1gas k\u00f6nyvt\u00e1r, k\u00e9t tornaterem, sportudvar \u00e9s n\u00e9gy informatikaterem biztos\u00edtja a sz\u00ednvonalas oktat\u00e1st, a szakmacsoportos alapoz\u00f3 gyakorlatok pedig korszer\u0171en felszerelt eg\u00e9szs\u00e9g\u00fcgyi demonstr\u00e1ci\u00f3s termekben folynak.<\/p>\n<p>Iskol\u00e1nkban bar\u00e1ts\u00e1gos \u00e9s harmonikus l\u00e9gk\u00f6r uralkodik. A tantest\u00fclet egy nyitott, \u00e1lland\u00f3 meg\u00fajul\u00e1sra k\u00e9pes csapat, akik szeretnek itt dolgozni, mert az egy\u00e9ni k\u00e9pess\u00e9geket mindenki maxim\u00e1lisan ki tudja bontakoztatni, \u00f6tleteihez mindig tal\u00e1l seg\u00edt\u0151 t\u00e1rsat. A tov\u00e1bbk\u00e9pz\u00e9seken val\u00f3 r\u00e9szv\u00e9tel ig\u00e9nye az esetek t\u00f6bbs\u00e9g\u00e9ben bel\u00fclr\u0151l fakad, nagy a bels\u0151 motiv\u00e1ci\u00f3 \u00e9s az innov\u00e1ci\u00f3ra val\u00f3 hajlam. Mindenki sz\u00e1m\u00e1ra a legfontosabbak a gyermekek, akiknek nevel\u00e9se, tan\u00edt\u00e1sa a f\u0151 feladatunk. M\u00e1rpedig ez nem megy kell\u0151 elhivatotts\u00e1g, szakmaszeretet, \u00e9s nem utols\u00f3 sorban a r\u00e1nk b\u00edzott tanul\u00f3k teljes elfogad\u00e1sa n\u00e9lk\u00fcl. A z\u00f6kken\u0151mentes munk\u00e1t nagyban seg\u00edti, hogy jelen pillanatban \u00f6t munkak\u00f6z\u00f6ss\u00e9g\u00fcnk van, mindegyik f\u00e9l \u00e9ves illetve az eg\u00e9sz tan\u00e9vre vonatkoz\u00f3 tervet k\u00e9sz\u00edt, amelyet a munkak\u00f6z\u00f6ss\u00e9g-vezet\u0151k ismertetnek a tantest\u00fclet t\u00f6bbi tagj\u00e1val is. Ez megk\u00f6nny\u00edti a c\u00e9lok, feladatok \u00f6sszehangol\u00e1s\u00e1t.<\/p>\n<p>&nbsp;<\/p>\n\r\n        [slb_exclude]\r\n        <div class=\"row galeria-wrapper mx-0 h-auto\">\r\n            <div class=\"col-9 pl-0 pr-2\">\r\n            <span class=\"gallery-item frame\">\r\n\t\t\t\t<div class=\"galeria-left-img\"><a href=\"https:\/\/semmelweis.hu\/semmelweisiskola\/files\/2021\/11\/Semmelweis-2.jpg\"><img src=https:\/\/semmelweis.hu\/semmelweisiskola\/files\/2021\/11\/Semmelweis-2.jpg  \r\n                            alt=\"\" \r\n                            class=\"attachment-sote-gallery-big size-sote-gallery-big\" \r\n                            srcset=\"https:\/\/semmelweis.hu\/semmelweisiskola\/files\/2021\/11\/Semmelweis-2-400x267.jpg 400w, https:\/\/semmelweis.hu\/semmelweisiskola\/files\/2021\/11\/Semmelweis-2-768x512.jpg 768w, https:\/\/semmelweis.hu\/semmelweisiskola\/files\/2021\/11\/Semmelweis-2-753x502.jpg 753w, https:\/\/semmelweis.hu\/semmelweisiskola\/files\/2021\/11\/Semmelweis-2-203x135.jpg 203w, https:\/\/semmelweis.hu\/semmelweisiskola\/files\/2021\/11\/Semmelweis-2.jpg 852w\" ><\/a><\/div>\r\n            <\/span>\r\n\r\n            <\/div>\r\n\r\n\t\t\t<div class=\"col-3 pl-0 pr-0\">\r\n\t\t\t\t<div class=\"galeria-right-img d-flex justify-content-between flex-column h-100 w-100 px-0 mx-0 \">\r\n                <div class=\"galeria-box\">\r\n\t\t\t\t\t<h3 class=\"galeria-title\">Gal\u00e9ria<\/h3>\r\n\t\t\t\t\t<div class=\"galeria-subtitle\">\r\n\r\n\t\t\t\t\t\t<div class=\"galeria-page-counter\"><span>9<\/span>k\u00e9p<\/div>\r\n                    <\/div> <\/div>\r\n                    <span class=\"gallery-item frame d-none d-md-flex\">\r\n\t\t\t\t\t<div class=\"galeria-small-img mt-0\"><a href=\"https:\/\/semmelweis.hu\/semmelweisiskola\/files\/2021\/11\/Semmelweis-6.jpg\"><img src=https:\/\/semmelweis.hu\/semmelweisiskola\/files\/2021\/11\/Semmelweis-6.jpg \r\n                                alt=\"\"  \r\n                                class=\"attachment-sote-gallery-small size-sote-gallery-small\" \r\n                                srcset=\"https:\/\/semmelweis.hu\/semmelweisiskola\/files\/2021\/11\/Semmelweis-6-400x300.jpg 400w, https:\/\/semmelweis.hu\/semmelweisiskola\/files\/2021\/11\/Semmelweis-6-753x564.jpg 753w, https:\/\/semmelweis.hu\/semmelweisiskola\/files\/2021\/11\/Semmelweis-6.jpg 758w\" ><\/a><\/div>\r\n                    <\/span>\r\n                    <span class=\"gallery-item frame d-none d-md-flex\">\r\n\t\t\t\t\t<div class=\"galeria-small-img mt-0\"><a href=\"https:\/\/semmelweis.hu\/semmelweisiskola\/files\/2021\/11\/Semmelweis-13.jpg\"><img src=https:\/\/semmelweis.hu\/semmelweisiskola\/files\/2021\/11\/Semmelweis-13.jpg \r\n                                alt=\"\" \r\n                                class=\"attachment-sote-gallery-small size-sote-gallery-small\" \r\n                                srcset=\"https:\/\/semmelweis.hu\/semmelweisiskola\/files\/2021\/11\/Semmelweis-13-400x248.jpg 400w, https:\/\/semmelweis.hu\/semmelweisiskola\/files\/2021\/11\/Semmelweis-13-1024x636.jpg 1024w, https:\/\/semmelweis.hu\/semmelweisiskola\/files\/2021\/11\/Semmelweis-13-768x477.jpg 768w, https:\/\/semmelweis.hu\/semmelweisiskola\/files\/2021\/11\/Semmelweis-13-753x468.jpg 753w, https:\/\/semmelweis.hu\/semmelweisiskola\/files\/2021\/11\/Semmelweis-13.jpg 1530w\" ><\/a><\/div>\r\n                    <\/span>\r\n\r\n                <\/div>\r\n\r\n            <\/div>\r\n\r\n            <span class=\"gallery-item\"><div class=\"hidden\"><a href=\"https:\/\/semmelweis.hu\/semmelweisiskola\/files\/2021\/11\/Semmelweis-14-scaled.jpg\">\r\n        <img src=https:\/\/semmelweis.hu\/semmelweisiskola\/files\/2021\/11\/Semmelweis-14-scaled.jpg alt=\"\" class=\"attachment-sote-gallery-big size-sote-gallery-big\" srcset=\"https:\/\/semmelweis.hu\/semmelweisiskola\/files\/2021\/11\/Semmelweis-14-400x180.jpg 400w, https:\/\/semmelweis.hu\/semmelweisiskola\/files\/2021\/11\/Semmelweis-14-1024x462.jpg 1024w, https:\/\/semmelweis.hu\/semmelweisiskola\/files\/2021\/11\/Semmelweis-14-768x346.jpg 768w, https:\/\/semmelweis.hu\/semmelweisiskola\/files\/2021\/11\/Semmelweis-14-1536x692.jpg 1536w, https:\/\/semmelweis.hu\/semmelweisiskola\/files\/2021\/11\/Semmelweis-14-2048x923.jpg 2048w, https:\/\/semmelweis.hu\/semmelweisiskola\/files\/2021\/11\/Semmelweis-14-753x339.jpg 753w\" >\r\n        <\/a><\/div><\/span><span class=\"gallery-item\"><div class=\"hidden\"><a href=\"https:\/\/semmelweis.hu\/semmelweisiskola\/files\/2021\/11\/Semmelweis-17.jpg\">\r\n        <img src=https:\/\/semmelweis.hu\/semmelweisiskola\/files\/2021\/11\/Semmelweis-17.jpg alt=\"\" class=\"attachment-sote-gallery-big size-sote-gallery-big\" srcset=\"https:\/\/semmelweis.hu\/semmelweisiskola\/files\/2021\/11\/Semmelweis-17-400x225.jpg 400w, https:\/\/semmelweis.hu\/semmelweisiskola\/files\/2021\/11\/Semmelweis-17-768x432.jpg 768w, https:\/\/semmelweis.hu\/semmelweisiskola\/files\/2021\/11\/Semmelweis-17-753x423.jpg 753w, https:\/\/semmelweis.hu\/semmelweisiskola\/files\/2021\/11\/Semmelweis-17.jpg 1010w\" >\r\n        <\/a><\/div><\/span><span class=\"gallery-item\"><div class=\"hidden\"><a href=\"https:\/\/semmelweis.hu\/semmelweisiskola\/files\/2021\/11\/Semmelweis-35-scaled.jpg\">\r\n        <img src=https:\/\/semmelweis.hu\/semmelweisiskola\/files\/2021\/11\/Semmelweis-35-scaled.jpg alt=\"\" class=\"attachment-sote-gallery-big size-sote-gallery-big\" srcset=\"https:\/\/semmelweis.hu\/semmelweisiskola\/files\/2021\/11\/Semmelweis-35-400x180.jpg 400w, https:\/\/semmelweis.hu\/semmelweisiskola\/files\/2021\/11\/Semmelweis-35-1024x462.jpg 1024w, https:\/\/semmelweis.hu\/semmelweisiskola\/files\/2021\/11\/Semmelweis-35-768x346.jpg 768w, https:\/\/semmelweis.hu\/semmelweisiskola\/files\/2021\/11\/Semmelweis-35-1536x692.jpg 1536w, https:\/\/semmelweis.hu\/semmelweisiskola\/files\/2021\/11\/Semmelweis-35-2048x923.jpg 2048w, https:\/\/semmelweis.hu\/semmelweisiskola\/files\/2021\/11\/Semmelweis-35-753x339.jpg 753w\" >\r\n        <\/a><\/div><\/span><span class=\"gallery-item\"><div class=\"hidden\"><a href=\"https:\/\/semmelweis.hu\/semmelweisiskola\/files\/2021\/11\/Semmelweis-58.jpg\">\r\n        <img src=https:\/\/semmelweis.hu\/semmelweisiskola\/files\/2021\/11\/Semmelweis-58.jpg alt=\"\" class=\"attachment-sote-gallery-big size-sote-gallery-big\" srcset=\"https:\/\/semmelweis.hu\/semmelweisiskola\/files\/2021\/11\/Semmelweis-58-400x300.jpg 400w, https:\/\/semmelweis.hu\/semmelweisiskola\/files\/2021\/11\/Semmelweis-58-753x564.jpg 753w, https:\/\/semmelweis.hu\/semmelweisiskola\/files\/2021\/11\/Semmelweis-58.jpg 758w\" >\r\n        <\/a><\/div><\/span><span class=\"gallery-item\"><div class=\"hidden\"><a href=\"https:\/\/semmelweis.hu\/semmelweisiskola\/files\/2021\/11\/Semmelweis-60.jpg\">\r\n        <img src=https:\/\/semmelweis.hu\/semmelweisiskola\/files\/2021\/11\/Semmelweis-60.jpg alt=\"\" class=\"attachment-sote-gallery-big size-sote-gallery-big\" srcset=\"https:\/\/semmelweis.hu\/semmelweisiskola\/files\/2021\/11\/Semmelweis-60-300x400.jpg 300w, https:\/\/semmelweis.hu\/semmelweisiskola\/files\/2021\/11\/Semmelweis-60.jpg 426w\" >\r\n        <\/a><\/div><\/span><span class=\"gallery-item\"><div class=\"hidden\"><a href=\"https:\/\/semmelweis.hu\/semmelweisiskola\/files\/2021\/11\/Semmelweis-65-scaled.jpg\">\r\n        <img src=https:\/\/semmelweis.hu\/semmelweisiskola\/files\/2021\/11\/Semmelweis-65-scaled.jpg alt=\"\" class=\"attachment-sote-gallery-big size-sote-gallery-big\" srcset=\"https:\/\/semmelweis.hu\/semmelweisiskola\/files\/2021\/11\/Semmelweis-65-400x300.jpg 400w, https:\/\/semmelweis.hu\/semmelweisiskola\/files\/2021\/11\/Semmelweis-65-1024x768.jpg 1024w, https:\/\/semmelweis.hu\/semmelweisiskola\/files\/2021\/11\/Semmelweis-65-768x576.jpg 768w, https:\/\/semmelweis.hu\/semmelweisiskola\/files\/2021\/11\/Semmelweis-65-1536x1152.jpg 1536w, https:\/\/semmelweis.hu\/semmelweisiskola\/files\/2021\/11\/Semmelweis-65-2048x1536.jpg 2048w, https:\/\/semmelweis.hu\/semmelweisiskola\/files\/2021\/11\/Semmelweis-65-753x565.jpg 753w\" >\r\n        <\/a><\/div><\/span>\r\n            <\/div>\r\n\r\n            [\/slb_exclude]\r\n\t\n<p>&nbsp;<\/p>\n<div class=\"fontos_div\">\n<p>Iskol\u00e1nk nev\u00e9ben a \u201ehum\u00e1n\u201d jelz\u0151 nemcsak k\u00e9pz\u00e9si arculatunkra, hanem \u00e9rt\u00e9krend\u00fcnkre is utal: gyermekk\u00f6zpont\u00fa iskolak\u00e9nt arra t\u00f6reksz\u00fcnk, hogy nyugodt, bar\u00e1ts\u00e1gos l\u00e9gk\u00f6rt teremtve, \u00e9rzelmileg is biztons\u00e1got ny\u00fajtsunk tanul\u00f3ink sz\u00e1m\u00e1ra. A sz\u00ednvonalas oktat\u00e1s mellett a tan\u00f3r\u00e1n k\u00edv\u00fcli \u00e9s szabadid\u0151s tev\u00e9kenys\u00e9gek sz\u00e9les k\u00f6r\u00e9t biztos\u00edtjuk tanul\u00f3inknak, a hagyom\u00e1nyos felz\u00e1rk\u00f3ztat\u00f3 foglalkoz\u00e1sokon \u00e9s szakk\u00f6r\u00f6k\u00f6n k\u00edv\u00fcl sz\u00ednh\u00e1z- \u00e9s m\u00fazeuml\u00e1togat\u00e1sokat, h\u00e9tv\u00e9gi t\u00far\u00e1kat, ny\u00e1ri t\u00e1borokat szervez\u00fcnk, hogy kialak\u00edtsuk tanul\u00f3inkban az eg\u00e9szs\u00e9ges \u00e9letm\u00f3d \u00e9s a szabad id\u0151 kultur\u00e1lt elt\u00f6lt\u00e9s\u00e9nek ig\u00e9ny\u00e9t.<\/p>\n<\/div>\n<p>&nbsp;<\/p>\n<div style=\"text-align: center\">\u00a0<\/div>\n","protected":false},"excerpt":{"rendered":"<p>&#8222;Az \u00e9n tan\u00edt\u00e1som nem arra van \u00edt\u00e9lve, hogy k\u00f6nyvt\u00e1rak por\u00e1ban pen\u00e9szedj\u00e9k, hanem hogy gy\u0151ztesen hasson a gyakorlati \u00e9letben.&#8221; Iskol\u00e1nkban, amely Kispest csendes, z\u00f6ld\u00f6vezeti r\u00e9sz\u00e9n fekszik, 1965-ben indult az oktat\u00e1s, s mivel kezdetben eg\u00e9szs\u00e9g\u00fcgyi szakk\u00f6z\u00e9piskolak\u00e9nt m\u0171k\u00f6dt\u00fcnk, 1970-ben felvett\u00fck az any\u00e1k megment\u0151j\u00e9nek, Semmelweis Ign\u00e1cnak a nev\u00e9t. Nevel\u0151test\u00fclet\u00fcnkre mindig is jellemz\u0151 volt a nyitotts\u00e1g \u00e9s az innovat\u00edv szellem, &hellip;<\/p>\n","protected":false},"author":101934,"featured_media":655,"parent":531,"menu_order":1,"comment_status":"closed","ping_status":"closed","template":"","meta":{"_acf_changed":false,"footnotes":""},"categories":[],"tags":[],"class_list":["post-84","page","type-page","status-publish","has-post-thumbnail","hentry"],"acf":[],"_links":{"self":[{"href":"https:\/\/semmelweis.hu\/semmelweisiskola\/wp-json\/wp\/v2\/pages\/84","targetHints":{"allow":["GET"]}}],"collection":[{"href":"https:\/\/semmelweis.hu\/semmelweisiskola\/wp-json\/wp\/v2\/pages"}],"about":[{"href":"https:\/\/semmelweis.hu\/semmelweisiskola\/wp-json\/wp\/v2\/types\/page"}],"author":[{"embeddable":true,"href":"https:\/\/semmelweis.hu\/semmelweisiskola\/wp-json\/wp\/v2\/users\/101934"}],"replies":[{"embeddable":true,"href":"https:\/\/semmelweis.hu\/semmelweisiskola\/wp-json\/wp\/v2\/comments?post=84"}],"version-history":[{"count":12,"href":"https:\/\/semmelweis.hu\/semmelweisiskola\/wp-json\/wp\/v2\/pages\/84\/revisions"}],"predecessor-version":[{"id":800,"href":"https:\/\/semmelweis.hu\/semmelweisiskola\/wp-json\/wp\/v2\/pages\/84\/revisions\/800"}],"up":[{"embeddable":true,"href":"https:\/\/semmelweis.hu\/semmelweisiskola\/wp-json\/wp\/v2\/pages\/531"}],"wp:featuredmedia":[{"embeddable":true,"href":"https:\/\/semmelweis.hu\/semmelweisiskola\/wp-json\/wp\/v2\/media\/655"}],"wp:attachment":[{"href":"https:\/\/semmelweis.hu\/semmelweisiskola\/wp-json\/wp\/v2\/media?parent=84"}],"wp:term":[{"taxonomy":"category","embeddable":true,"href":"https:\/\/semmelweis.hu\/semmelweisiskola\/wp-json\/wp\/v2\/categories?post=84"},{"taxonomy":"post_tag","embeddable":true,"href":"https:\/\/semmelweis.hu\/semmelweisiskola\/wp-json\/wp\/v2\/tags?post=84"}],"curies":[{"name":"wp","href":"https:\/\/api.w.org\/{rel}","templated":true}]}}