{"id":81,"date":"2021-10-26T10:38:08","date_gmt":"2021-10-26T08:38:08","guid":{"rendered":"https:\/\/semmelweis.hu\/semmelweisiskola\/?page_id=81"},"modified":"2025-10-28T09:07:36","modified_gmt":"2025-10-28T08:07:36","slug":"pedagogiai-szakgimnazium","status":"publish","type":"page","link":"https:\/\/semmelweis.hu\/semmelweisiskola\/oktatas\/pedagogiai-szakgimnazium\/","title":{"rendered":"Pedag\u00f3giai szakgimn\u00e1zium"},"content":{"rendered":"<p style=\"text-align: center\"><strong>PEDAG\u00d3GIAI SZAKGIMN\u00c1ZIUM<\/strong><\/p>\n<p>Ha ezt a tagozatot v\u00e1lasztod, megtanulhatod, hogyan seg\u00edthetsz m\u00e1sokon, p\u00e9ld\u00e1ul:<\/p>\n<ul>\n<li>felk\u00e9sz\u00fclhetsz arra, hogyan foglalkozz kisgyermekekkel \u00e9s kisiskol\u00e1sokkal<\/li>\n<li>\u00f3vodai, iskolai tapasztalatokat szerezhetsz<\/li>\n<li>gyermeknevel\u00e9si tudnival\u00f3kat saj\u00e1t\u00edthatsz el<\/li>\n<\/ul>\n<p>Az\u00a0\u00e9retts\u00e9gi bizony\u00edtv\u00e1ny megszerz\u00e9s\u00e9vel egy\u00fctt technikusi szakk\u00e9pzetts\u00e9get is kapsz, \u00edgy ha nem szeretn\u00e9l tov\u00e1bbtanulni a k\u00f6z\u00e9piskola befejez\u00e9se ut\u00e1n, r\u00f6gt\u00f6n munk\u00e1t tudsz majd v\u00e1llalni.\u00a0<br \/>\nTanulm\u00e1nyaidat j\u00f3 es\u00e9llyel \u00f3v\u00f3n\u0151k\u00e9pz\u0151 f\u0151iskol\u00e1n, tan\u00edt\u00f3k\u00e9pz\u0151n vagy ak\u00e1r egyetem pszichol\u00f3gia szak\u00e1n is folytathatod.<br \/>\nHogy mindezt j\u00f3l elsaj\u00e1t\u00edtsd, fogsz tanulni p\u00e9ld\u00e1ul:<\/p>\n<ul>\n<li>nevel\u00e9si elm\u00e9let \u00e9s gyakorlat<\/li>\n<li>gondoz\u00e1si \u00e9s eg\u00e9szs\u00e9gnevel\u00e9si alapismeretek<\/li>\n<li>kapcsolattart\u00e1s elm\u00e9lete \u00e9s gyakorlata<\/li>\n<\/ul>\n","protected":false},"excerpt":{"rendered":"<p>PEDAG\u00d3GIAI SZAKGIMN\u00c1ZIUM Ha ezt a tagozatot v\u00e1lasztod, megtanulhatod, hogyan seg\u00edthetsz m\u00e1sokon, p\u00e9ld\u00e1ul: felk\u00e9sz\u00fclhetsz arra, hogyan foglalkozz kisgyermekekkel \u00e9s kisiskol\u00e1sokkal \u00f3vodai, iskolai tapasztalatokat szerezhetsz gyermeknevel\u00e9si tudnival\u00f3kat saj\u00e1t\u00edthatsz el Az\u00a0\u00e9retts\u00e9gi bizony\u00edtv\u00e1ny megszerz\u00e9s\u00e9vel egy\u00fctt technikusi szakk\u00e9pzetts\u00e9get is kapsz, \u00edgy ha nem szeretn\u00e9l tov\u00e1bbtanulni a k\u00f6z\u00e9piskola befejez\u00e9se ut\u00e1n, r\u00f6gt\u00f6n munk\u00e1t tudsz majd v\u00e1llalni.\u00a0 Tanulm\u00e1nyaidat j\u00f3 es\u00e9llyel \u00f3v\u00f3n\u0151k\u00e9pz\u0151 f\u0151iskol\u00e1n, tan\u00edt\u00f3k\u00e9pz\u0151n &hellip;<\/p>\n","protected":false},"author":101934,"featured_media":0,"parent":380,"menu_order":3,"comment_status":"closed","ping_status":"closed","template":"","meta":{"_acf_changed":false,"footnotes":""},"categories":[],"tags":[],"class_list":["post-81","page","type-page","status-publish","hentry"],"acf":[],"_links":{"self":[{"href":"https:\/\/semmelweis.hu\/semmelweisiskola\/wp-json\/wp\/v2\/pages\/81","targetHints":{"allow":["GET"]}}],"collection":[{"href":"https:\/\/semmelweis.hu\/semmelweisiskola\/wp-json\/wp\/v2\/pages"}],"about":[{"href":"https:\/\/semmelweis.hu\/semmelweisiskola\/wp-json\/wp\/v2\/types\/page"}],"author":[{"embeddable":true,"href":"https:\/\/semmelweis.hu\/semmelweisiskola\/wp-json\/wp\/v2\/users\/101934"}],"replies":[{"embeddable":true,"href":"https:\/\/semmelweis.hu\/semmelweisiskola\/wp-json\/wp\/v2\/comments?post=81"}],"version-history":[{"count":9,"href":"https:\/\/semmelweis.hu\/semmelweisiskola\/wp-json\/wp\/v2\/pages\/81\/revisions"}],"predecessor-version":[{"id":3592,"href":"https:\/\/semmelweis.hu\/semmelweisiskola\/wp-json\/wp\/v2\/pages\/81\/revisions\/3592"}],"up":[{"embeddable":true,"href":"https:\/\/semmelweis.hu\/semmelweisiskola\/wp-json\/wp\/v2\/pages\/380"}],"wp:attachment":[{"href":"https:\/\/semmelweis.hu\/semmelweisiskola\/wp-json\/wp\/v2\/media?parent=81"}],"wp:term":[{"taxonomy":"category","embeddable":true,"href":"https:\/\/semmelweis.hu\/semmelweisiskola\/wp-json\/wp\/v2\/categories?post=81"},{"taxonomy":"post_tag","embeddable":true,"href":"https:\/\/semmelweis.hu\/semmelweisiskola\/wp-json\/wp\/v2\/tags?post=81"}],"curies":[{"name":"wp","href":"https:\/\/api.w.org\/{rel}","templated":true}]}}