{"id":75,"date":"2021-10-26T10:36:16","date_gmt":"2021-10-26T08:36:16","guid":{"rendered":"https:\/\/semmelweis.hu\/semmelweisiskola\/?page_id=75"},"modified":"2025-10-28T09:17:07","modified_gmt":"2025-10-28T08:17:07","slug":"szocialis-technikum","status":"publish","type":"page","link":"https:\/\/semmelweis.hu\/semmelweisiskola\/oktatas\/szocialis-technikum\/","title":{"rendered":"Szoci\u00e1lis technikum"},"content":{"rendered":"<p><strong>Tagozatk\u00f3d: 9003<\/strong><\/p>\n<p>A k\u00e9pz\u00e9st nemcsak azoknak a nyolcadikosnak aj\u00e1nljuk, akik elhivatotts\u00e1got \u00e9reznek a szoci\u00e1lis p\u00e1ly\u00e1k ir\u00e1nt, \u00e9s szeretnek embe rekkel, gyerekekkel foglalkozni, hanem mindazoknak, akik m\u00e9g bizonytalanok, \u00e9s egyel\u0151re csak azt tudj\u00e1k, hogy szeretn\u00e9nek \u00e9retts\u00e9gi bizony\u00edtv\u00e1nyt szerezni, \u00e9s olyan tant\u00e1rgyakat tanulni, olyan praktikus ismeretekre szert tenni, amelyeket k\u00e9s\u0151bb a mindennapi \u00e9let\u00fckben is hasznos\u00edtani tudnak.<\/p>\n<p>Mint az eg\u00e9sz orsz\u00e1gban, \u00edgy n\u00e1lunk is az \u00faj kerettantervek szerint indulnak az oszt\u00e1lyok! A szoci\u00e1lis technikum \u00e9letk\u00f6zeli, praktikus, hasznos ismereteket ny\u00fajt! (pszichol\u00f3gia, kommunik\u00e1ci\u00f3, eg\u00e9szs\u00e9g\u00fcgyi ismeretek stb.) A szakmai gyakorlatok maximum 12 f\u0151s csoportokban folynak a korszer\u0171en felszerelt demonstr\u00e1ci\u00f3s termeinkben.<\/p>\n<p>Az\u00a0<strong>\u00f3raterv <a href=\"https:\/\/semmelweis.hu\/semmelweisiskola\/files\/2021\/10\/Szocialisot.pdf\" target=\"_blank\" rel=\"noopener noreferrer\">innen<\/a> <\/strong>let\u00f6lthet\u0151, itt megn\u00e9zheted a tan\u00edtott tant\u00e1rgyakat.<\/p>\n<p>A szoci\u00e1lis technikum\u00a0tov\u00e1bbi el\u0151nyei:<\/p>\n<ul>\n<li>aki nem akar, vagy nem tud tov\u00e1bbtanulni, a szakmai \u00e9retts\u00e9gi vizsg\u00e1val \u00a0technikusi szakk\u00e9pes\u00edt\u00e9st is kap, \u00edgy azonnal munk\u00e1ba lehet \u00e1llni<\/li>\n<li>aki az \u00e9retts\u00e9gi vizsga ut\u00e1n szakir\u00e1nyban tanul tov\u00e1bb, egy \u00e9v alatt szerezhet tov\u00e1bbi\u00a0technikusi-szakk\u00e9pes\u00edt\u00e9seket, illetve tov\u00e1bbi egy \u00e9v alatt szakk\u00e9pes\u00edt\u00e9s-r\u00e1\u00e9p\u00fcl\u00e9st is elv\u00e9gezhet<\/li>\n<li>tal\u00e1n nincs is m\u00e1s olyan \u00e1gazat, amelyn\u00e9l az \u00e9retts\u00e9gi vizsga ut\u00e1n ilyen sokf\u00e9le ir\u00e1nyban lehet tov\u00e1bbtanulni, \u00e9s ilyen sokf\u00e9le ter\u00fcleten lehet elhelyezkedni (gyermekgondoz\u00e1s, gyermekv\u00e9delem, szoci\u00e1lis ter\u00fcletek, id\u0151sgondoz\u00e1s, a fogyat\u00e9kkal \u00e9l\u0151k \u00e9s a szenved\u00e9lybetegek gondoz\u00e1sa stb.).<\/li>\n<\/ul>\n<p>&nbsp;<\/p>\n<p>A szoci\u00e1lis technikumba fi\u00fak is jelentkezhetnek, hiszen a szoci\u00e1lis ter\u00fcleteken f\u00e9rfi munkaer\u0151ket is keresnek. Iskol\u00e1nkban bar\u00e1ts\u00e1gos a l\u00e9gk\u00f6r, mert tan\u00e1raink gyerekszeret\u0151, elhivatott pedag\u00f3gusok.<\/p>\n<p>B\u0151vebb inform\u00e1ci\u00f3 telefonon:<\/p>\n<ul style=\"list-style-type: square\">\n<li>+36-1-281-3736<\/li>\n<li>+36-1-358-0556\u00a0\u00a0<\/li>\n<li>+36-70-932- 0048<\/li>\n<li>+36-70-932-0347<\/li>\n<\/ul>\n","protected":false},"excerpt":{"rendered":"<p>Tagozatk\u00f3d: 9003 A k\u00e9pz\u00e9st nemcsak azoknak a nyolcadikosnak aj\u00e1nljuk, akik elhivatotts\u00e1got \u00e9reznek a szoci\u00e1lis p\u00e1ly\u00e1k ir\u00e1nt, \u00e9s szeretnek embe rekkel, gyerekekkel foglalkozni, hanem mindazoknak, akik m\u00e9g bizonytalanok, \u00e9s egyel\u0151re csak azt tudj\u00e1k, hogy szeretn\u00e9nek \u00e9retts\u00e9gi bizony\u00edtv\u00e1nyt szerezni, \u00e9s olyan tant\u00e1rgyakat tanulni, olyan praktikus ismeretekre szert tenni, amelyeket k\u00e9s\u0151bb a mindennapi \u00e9let\u00fckben is hasznos\u00edtani tudnak. Mint &hellip;<\/p>\n","protected":false},"author":101934,"featured_media":0,"parent":380,"menu_order":2,"comment_status":"closed","ping_status":"closed","template":"","meta":{"_acf_changed":false,"footnotes":""},"categories":[],"tags":[],"class_list":["post-75","page","type-page","status-publish","hentry"],"acf":[],"_links":{"self":[{"href":"https:\/\/semmelweis.hu\/semmelweisiskola\/wp-json\/wp\/v2\/pages\/75","targetHints":{"allow":["GET"]}}],"collection":[{"href":"https:\/\/semmelweis.hu\/semmelweisiskola\/wp-json\/wp\/v2\/pages"}],"about":[{"href":"https:\/\/semmelweis.hu\/semmelweisiskola\/wp-json\/wp\/v2\/types\/page"}],"author":[{"embeddable":true,"href":"https:\/\/semmelweis.hu\/semmelweisiskola\/wp-json\/wp\/v2\/users\/101934"}],"replies":[{"embeddable":true,"href":"https:\/\/semmelweis.hu\/semmelweisiskola\/wp-json\/wp\/v2\/comments?post=75"}],"version-history":[{"count":11,"href":"https:\/\/semmelweis.hu\/semmelweisiskola\/wp-json\/wp\/v2\/pages\/75\/revisions"}],"predecessor-version":[{"id":3598,"href":"https:\/\/semmelweis.hu\/semmelweisiskola\/wp-json\/wp\/v2\/pages\/75\/revisions\/3598"}],"up":[{"embeddable":true,"href":"https:\/\/semmelweis.hu\/semmelweisiskola\/wp-json\/wp\/v2\/pages\/380"}],"wp:attachment":[{"href":"https:\/\/semmelweis.hu\/semmelweisiskola\/wp-json\/wp\/v2\/media?parent=75"}],"wp:term":[{"taxonomy":"category","embeddable":true,"href":"https:\/\/semmelweis.hu\/semmelweisiskola\/wp-json\/wp\/v2\/categories?post=75"},{"taxonomy":"post_tag","embeddable":true,"href":"https:\/\/semmelweis.hu\/semmelweisiskola\/wp-json\/wp\/v2\/tags?post=75"}],"curies":[{"name":"wp","href":"https:\/\/api.w.org\/{rel}","templated":true}]}}