{"id":71,"date":"2021-10-26T09:41:54","date_gmt":"2021-10-26T07:41:54","guid":{"rendered":"https:\/\/semmelweis.hu\/semmelweisiskola\/?page_id=71"},"modified":"2025-01-14T12:12:57","modified_gmt":"2025-01-14T11:12:57","slug":"elerhetoseg","status":"publish","type":"page","link":"https:\/\/semmelweis.hu\/semmelweisiskola\/elerhetoseg\/","title":{"rendered":"El\u00e9rhet\u0151s\u00e9g"},"content":{"rendered":"<p style=\"text-align: center\"><strong>SEMMELWEIS EGYETEM SEMMELWEIS IGN\u00c1C T\u00d6BBC\u00c9L\u00da SZAKK\u00c9PZ\u0150 INT\u00c9ZM\u00c9NYE<br \/>\n<\/strong><strong>OM azonos\u00edt\u00f3:<\/strong>\u00a0<strong>203421<br \/>\n<\/strong><strong>Telephelyk\u00f3d 001<\/strong><\/p>\n<p style=\"text-align: left\"><strong>Telefon:<\/strong> +36 (70)797-9703, +36 (70)797-9704, +36 (1) 282-9877<\/p>\n<p style=\"text-align: left\"><strong>Email: \u00a0\u00a0<\/strong><a href=\"mailto:titkarsag.szakkepzo@semmelweis.hu\">titkarsag.szakkepzo@semmelweis.hu<\/a><\/p>\n<p style=\"text-align: left\"><strong>Titk\u00e1rs\u00e1g:<\/strong>\u00a0<\/p>\n<p style=\"text-align: left\"><strong>C\u00edm:\u00a0<\/strong>1194 Budapest Cseng\u0151 utca 1.<br \/>\n<strong>Post\u00e1z\u00e1si c\u00edm:<\/strong> Semmelweis Egyetem 1085 Budapest, \u00dcll\u0151i \u00fat 26.<\/p>\n<p style=\"text-align: left\">Iskol\u00e1nk Budapest minden pontj\u00e1r\u00f3l, illetve az d\u00e9l-pesti agglomer\u00e1ci\u00f3b\u00f3l is kiv\u00e1l\u00f3an megk\u00f6zel\u00edthet\u0151 t\u00f6megk\u00f6zleked\u00e9ssel.<\/p>\n<ul style=\"list-style-type: square\">\n<li style=\"text-align: left\"><strong>K\u0151b\u00e1nya-Kispest\u00a0M3\u00a0metr\u00f3\u00e1llom\u00e1st\u00f3l\u00a0<\/strong>(M\u00c1V \u00e9s Vol\u00e1n \u00e1tsz\u00e1ll\u00e1si lehet\u0151s\u00e9g) 68-as busszal Vas Gereben utc\u00e1ig, 10 perc<\/li>\n<li style=\"text-align: left\"><strong>Hat\u00e1r \u00fat\u00a0M3\u00a0metr\u00f3\u00e1llom\u00e1st\u00f3l\u00a0<\/strong>84E, 89E, 294E-es busszal K\u00e9reg utc\u00e1ig, 8 perc<\/li>\n<li style=\"text-align: left\"><strong>Hat\u00e1r \u00fat\u00a0M3\u00a0metr\u00f3\u00e1llom\u00e1st\u00f3l\u00a0<\/strong>194, 199-es busszal Pinc\u00e9r utc\u00e1ig, 10 perc<\/li>\n<li style=\"text-align: left\"><strong>Bor\u00e1ros t\u00e9r\u00a0H7\u00a0H\u00c9V v\u00e9g\u00e1llom\u00e1sr\u00f3l\u00a0<\/strong>54, 55-\u00f6s busszal a K\u00e9reg utc\u00e1ig, 20 perc<\/li>\n<li style=\"text-align: left\"><strong>K\u00f6zv\u00e1g\u00f3h\u00edd\u00a0H6\u00a0H\u00c9V v\u00e9g\u00e1llom\u00e1sr\u00f3l\u00a0<\/strong>54, 55-\u00f6s busszal a K\u00e9reg utc\u00e1ig, 17 perc<\/li>\n<li style=\"text-align: left\"><strong>Gy\u00e1lr\u00f3l\u00a0<\/strong>55, 84E, 89E, 294-es busszal Vas Gereben utc\u00e1ig, 15-20 perc<\/li>\n<li style=\"text-align: left\"><strong>Csepelr\u0151l, Pesterzs\u00e9betr\u0151l\u00a0<\/strong>148, 151-es busszal, majd \u00e1tsz\u00e1ll\u00e1ssal a 54, 55, 84E, 89E, 294-es busszal a K\u00e9reg utc\u00e1ig (Nagyk\u0151r\u00f6si \u00fatt\u00f3l 5 perc)<\/li>\n<\/ul>\n<p style=\"text-align: center\"><iframe loading=\"lazy\" src=\"https:\/\/www.google.com\/maps\/embed?pb=!1m14!1m8!1m3!1d21588.627464559395!2d19.139139!3d47.439663!3m2!1i1024!2i768!4f13.1!3m3!1m2!1s0x4741c293b790f3a3%3A0x39ec9cf7dfcc3616!2sBudapest%2C%20Cseng%C5%91%20u.%201%2C%201194%20Magyarorsz%C3%A1g!5e0!3m2!1shu!2sus!4v1635255023368!5m2!1shu!2sus\" width=\"100%\" height=\"450\"><\/iframe><\/p>\n","protected":false},"excerpt":{"rendered":"<p>SEMMELWEIS EGYETEM SEMMELWEIS IGN\u00c1C T\u00d6BBC\u00c9L\u00da SZAKK\u00c9PZ\u0150 INT\u00c9ZM\u00c9NYE OM azonos\u00edt\u00f3:\u00a0203421 Telephelyk\u00f3d 001 Telefon: +36 (70)797-9703, +36 (70)797-9704, +36 (1) 282-9877 Email: \u00a0\u00a0 <a href=\"mailto:titkarsag.szakkepzo@semmelweis.hu\">titkarsag.szakkepzo@semmelweis.hu<\/a> Titk\u00e1rs\u00e1g:\u00a0 C\u00edm:\u00a01194 Budapest Cseng\u0151 utca 1. Post\u00e1z\u00e1si c\u00edm: Semmelweis Egyetem 1085 Budapest, \u00dcll\u0151i \u00fat 26. Iskol\u00e1nk Budapest minden pontj\u00e1r\u00f3l, illetve az d\u00e9l-pesti agglomer\u00e1ci\u00f3b\u00f3l is kiv\u00e1l\u00f3an megk\u00f6zel\u00edthet\u0151 t\u00f6megk\u00f6zleked\u00e9ssel. K\u0151b\u00e1nya-Kispest\u00a0M3\u00a0metr\u00f3\u00e1llom\u00e1st\u00f3l\u00a0(M\u00c1V \u00e9s Vol\u00e1n \u00e1tsz\u00e1ll\u00e1si lehet\u0151s\u00e9g) 68-as busszal &hellip;<\/p>\n","protected":false},"author":101934,"featured_media":0,"parent":0,"menu_order":9,"comment_status":"closed","ping_status":"closed","template":"","meta":{"_acf_changed":false,"footnotes":""},"categories":[],"tags":[],"class_list":["post-71","page","type-page","status-publish","hentry"],"acf":[],"_links":{"self":[{"href":"https:\/\/semmelweis.hu\/semmelweisiskola\/wp-json\/wp\/v2\/pages\/71","targetHints":{"allow":["GET"]}}],"collection":[{"href":"https:\/\/semmelweis.hu\/semmelweisiskola\/wp-json\/wp\/v2\/pages"}],"about":[{"href":"https:\/\/semmelweis.hu\/semmelweisiskola\/wp-json\/wp\/v2\/types\/page"}],"author":[{"embeddable":true,"href":"https:\/\/semmelweis.hu\/semmelweisiskola\/wp-json\/wp\/v2\/users\/101934"}],"replies":[{"embeddable":true,"href":"https:\/\/semmelweis.hu\/semmelweisiskola\/wp-json\/wp\/v2\/comments?post=71"}],"version-history":[{"count":11,"href":"https:\/\/semmelweis.hu\/semmelweisiskola\/wp-json\/wp\/v2\/pages\/71\/revisions"}],"predecessor-version":[{"id":3262,"href":"https:\/\/semmelweis.hu\/semmelweisiskola\/wp-json\/wp\/v2\/pages\/71\/revisions\/3262"}],"wp:attachment":[{"href":"https:\/\/semmelweis.hu\/semmelweisiskola\/wp-json\/wp\/v2\/media?parent=71"}],"wp:term":[{"taxonomy":"category","embeddable":true,"href":"https:\/\/semmelweis.hu\/semmelweisiskola\/wp-json\/wp\/v2\/categories?post=71"},{"taxonomy":"post_tag","embeddable":true,"href":"https:\/\/semmelweis.hu\/semmelweisiskola\/wp-json\/wp\/v2\/tags?post=71"}],"curies":[{"name":"wp","href":"https:\/\/api.w.org\/{rel}","templated":true}]}}