{"id":50,"date":"2021-10-26T09:35:51","date_gmt":"2021-10-26T07:35:51","guid":{"rendered":"https:\/\/semmelweis.hu\/semmelweisiskola\/?page_id=50"},"modified":"2026-03-25T19:25:47","modified_gmt":"2026-03-25T18:25:47","slug":"pedagogusaink","status":"publish","type":"page","link":"https:\/\/semmelweis.hu\/semmelweisiskola\/iskolarol\/pedagogusaink\/","title":{"rendered":"Oktat\u00f3ink"},"content":{"rendered":"<table style=\"width: 106.271%;height: 1870px\" width=\"1693\">\n<tbody>\n<tr style=\"height: 33px\">\n<td style=\"height: 33px;width: 39.2562%\" width=\"764\">\n<p><strong><span style=\"font-size: 10pt;color: #000000\">1. Bart\u00f3k Kinga, magyar nyelv \u00e9s irodalom szakos oktat\u00f3 &#8211; bartok.kinga@semmelweis.hu<\/span><\/strong><\/p>\n<\/td>\n<td style=\"height: 33px;width: 46.5589%\" width=\"929\">\n<p><strong><span style=\"font-size: 10pt;color: #000000\">29. Kov\u00e1cs Bal\u00e1zs J\u00f3zsef, pedag\u00f3giai szakos oktat\u00f3 &#8211; kovacs.balazs.jozsef@semmelweis.hu<\/span><\/strong><\/p>\n<\/td>\n<\/tr>\n<tr style=\"height: 33px\">\n<td style=\"height: 33px;width: 39.2562%\">\u00a0<\/td>\n<td style=\"height: 33px;width: 46.5589%\">\u00a0<\/td>\n<\/tr>\n<tr style=\"height: 33px\">\n<td style=\"height: 33px;width: 39.2562%\">\n<p><strong><span style=\"font-size: 10pt;color: #000000\">2. Bede \u00c9va,\u00a0 matematika szakos oktat\u00f3, re\u00e1l munkak\u00f6z\u00f6ss\u00e9g vezet\u0151 &#8211; bede.eva@semmelweis.hu<\/span><\/strong><\/p>\n<\/td>\n<td style=\"height: 33px;width: 46.5589%\">\n<p><strong><span style=\"font-size: 10pt;color: #000000\">30. Kov\u00e1cs Gy\u00f6rgy, t\u00f6rt\u00e9nelem szakos oktat\u00f3 &#8211; kovacs.gyorgy@semmelweis.hu<\/span><\/strong><\/p>\n<\/td>\n<\/tr>\n<tr style=\"height: 33px\">\n<td style=\"height: 33px;width: 39.2562%\">\u00a0<\/td>\n<td style=\"height: 33px;width: 46.5589%\">\u00a0<\/td>\n<\/tr>\n<tr style=\"height: 33px\">\n<td style=\"height: 33px;width: 39.2562%\">\n<p><strong><span style=\"font-size: 10pt;color: #000000\">3. Bereczki M\u00e1rta Szilvia, pedag\u00f3giai tant\u00e1rgyat oktat\u00f3, szakmai munkak\u00f6z\u00f6ss\u00e9g vezet\u0151 &#8211; bereczki.marta.szilvia@semmelweis.hu<\/span><\/strong><\/p>\n<\/td>\n<td style=\"height: 33px;width: 46.5589%\">\n<p><strong><span style=\"font-size: 10pt;color: #000000\">31. Lip\u00f3t M\u00e1ria Anna, szakmai elm\u00e9leti tant\u00e1rgyat oktat\u00f3 tan\u00e1r &#8211; lipot.maria@semmelweis.hu<\/span><\/strong><\/p>\n<\/td>\n<\/tr>\n<tr style=\"height: 33px\">\n<td style=\"height: 33px;width: 39.2562%\">\u00a0<\/td>\n<td style=\"height: 33px;width: 46.5589%\">\u00a0<\/td>\n<\/tr>\n<tr style=\"height: 33px\">\n<td style=\"height: 33px;width: 39.2562%\">\n<p><strong><span style=\"font-size: 10pt;color: #000000\">4. Boszkovics-Gr\u00f3sz Anna, idegennyelv oktat\u00f3 &#8211; boszkovics.grosz.anna@semmelweis.hu<\/span><\/strong><\/p>\n<\/td>\n<td style=\"height: 33px;width: 46.5589%\">\n<p><strong><span style=\"font-size: 10pt;color: #000000\">32. L\u0151z Erika M\u00e1ria szakmai elm\u00e9leti oktat\u00f3, t\u00f6rt\u00e9nelem, f\u00f6ldrajz, vizu\u00e1lis kult\u00fara szakos oktat\u00f3, hum\u00e1n munkak\u00f6z\u00f6ss\u00e9g vezet\u0151 &#8211; loz.erika@semmelweis.hu<\/span><\/strong><\/p>\n<\/td>\n<\/tr>\n<tr style=\"height: 33px\">\n<td style=\"height: 33px;width: 39.2562%\">\u00a0<\/td>\n<td style=\"height: 33px;width: 46.5589%\">\u00a0<\/td>\n<\/tr>\n<tr style=\"height: 33px\">\n<td style=\"height: 33px;width: 39.2562%\">\n<p><strong><span style=\"font-size: 10pt;color: #000000\">5. Botika Csaba, k\u00f6zismereti t\u00e1rgyat oktat\u00f3 &#8211; botika.csaba@semmelweis.hu<\/span><\/strong><\/p>\n<\/td>\n<td style=\"height: 33px;width: 46.5589%\">\n<p><strong><span style=\"font-size: 10pt;color: #000000\">33. Marik Laura, idegennyelv-tan\u00e1r &#8211; marik.laura@semmelweis.hu<\/span><\/strong><\/p>\n<\/td>\n<\/tr>\n<tr style=\"height: 33px\">\n<td style=\"height: 33px;width: 39.2562%\">\u00a0<\/td>\n<td style=\"height: 33px;width: 46.5589%\">\u00a0<\/td>\n<\/tr>\n<tr style=\"height: 63px\">\n<td style=\"height: 63px;width: 39.2562%\">\n<p><strong><span style=\"font-size: 10pt;color: #000000\">6. Csiky-Z\u00f6ld Orsolya Zsanett, k\u00f6zismereti t\u00e1rgyat oktat\u00f3 &#8211; csiky.zold.orsoly.zsanett@semmelweis.hu<\/span><\/strong><\/p>\n<\/td>\n<td style=\"height: 63px;width: 46.5589%\">\n<p><strong><span style=\"font-size: 10pt;color: #000000\">34. M\u00e1ndin\u00e9 Bod Csilla Emese, szakmai elm\u00e9leti tant\u00e1rgyat oktat\u00f3, f\u00f6ldrajz, fenntarthat\u00f3s\u00e1g &#8211; mandine.bod.csilla@semmelweis.hu<\/span><\/strong><\/p>\n<\/td>\n<\/tr>\n<tr style=\"height: 33px\">\n<td style=\"height: 33px;width: 39.2562%\">\u00a0<\/td>\n<td style=\"height: 33px;width: 46.5589%\">\u00a0<\/td>\n<\/tr>\n<tr style=\"height: 33px\">\n<td style=\"height: 33px;width: 39.2562%\">\n<p><strong><span style=\"font-size: 10pt;color: #000000\">7. Cs\u00f6rnyei-Kelemen \u00c1gnes,\u00a0 gyakorlati oktat\u00e1s vezet\u0151, szakmai elm\u00e9leti oktat\u00f3 &#8211; kelemen.agnes@semmelweis.hu<\/span><\/strong><\/p>\n<\/td>\n<td style=\"height: 33px;width: 46.5589%\">\n<p><strong><span style=\"font-size: 10pt;color: #000000\">35. Nagy No\u00e9mi, matematika szakos oktat\u00f3 &#8211; nagy.noemi@semmelweis.hu<\/span><\/strong><\/p>\n<\/td>\n<\/tr>\n<tr style=\"height: 33px\">\n<td style=\"height: 33px;width: 39.2562%\">\u00a0<\/td>\n<td style=\"height: 33px;width: 46.5589%\">\u00a0<\/td>\n<\/tr>\n<tr style=\"height: 33px\">\n<td style=\"height: 33px;width: 39.2562%\">\n<p><strong><span style=\"font-size: 10pt;color: #000000\">8. Deme N\u00e1ndor, digit\u00e1lis kult\u00fara t\u00e1rgyat oktat\u00f3 &#8211; deme.nandor@semmelweis.hu<\/span><\/strong><\/p>\n<\/td>\n<td style=\"height: 33px;width: 46.5589%\">\n<p><strong><span style=\"font-size: 10pt;color: #000000\">36.\u00a0Orosz Fanni, k\u00f6zismereti t\u00e1rgyat (vizu\u00e1lis kult\u00fara) oktat\u00f3 &#8211; orosz.fanni@semmelweis.hu<\/span><\/strong><\/p>\n<\/td>\n<\/tr>\n<tr style=\"height: 33px\">\n<td style=\"height: 33px;width: 39.2562%\">\u00a0<\/td>\n<td style=\"height: 33px;width: 46.5589%\">\u00a0<\/td>\n<\/tr>\n<tr style=\"height: 33px\">\n<td style=\"height: 33px;width: 39.2562%\">\n<p><strong><span style=\"font-size: 10pt;color: #000000\">9. Dob\u00f3-Csizmadia Edina, szakmai elm\u00e9leti tant\u00e1rgyat oktat\u00f3 &#8211; dobo-csizmadia.erika@semmelweis.hu<\/span><\/strong><\/p>\n<\/td>\n<td style=\"height: 33px;width: 46.5589%\">\n<p><strong><span style=\"font-size: 10pt;color: #000000\">37.\u00a0Papp Ildik\u00f3, angol nyelv szakos oktat\u00f3 &#8211; papp.ildiko@semmelweis.hu<\/span><\/strong><\/p>\n<\/td>\n<\/tr>\n<tr style=\"height: 33px\">\n<td style=\"height: 33px;width: 39.2562%\">\u00a0<\/td>\n<td style=\"height: 33px;width: 46.5589%\">\u00a0<\/td>\n<\/tr>\n<tr style=\"height: 33px\">\n<td style=\"height: 33px;width: 39.2562%\">\n<p><strong><span style=\"font-size: 10pt;color: #000000\">10. Dr. Bakn\u00e9 D\u00f3cs Amanda \u00c9va, szakmai elm\u00e9leti tant\u00e1rgyat oktat\u00f3 &#8211; bakne.docs.amanda@semmelweis.hu<\/span><\/strong><\/p>\n<\/td>\n<td style=\"height: 33px;width: 46.5589%\">\n<p><strong><span style=\"font-size: 10pt;color: #000000\">38.\u00a0\u00a0 Pichler Rudolf Csaba, testnevel\u00e9s szakos oktat\u00f3 &#8211; pichler.rudolf.csaba@semmelweis.hu<\/span><\/strong><\/p>\n<\/td>\n<\/tr>\n<tr style=\"height: 33px\">\n<td style=\"height: 33px;width: 39.2562%\">\u00a0<\/td>\n<td style=\"height: 33px;width: 46.5589%\">\u00a0<\/td>\n<\/tr>\n<tr style=\"height: 33px\">\n<td style=\"height: 33px;width: 39.2562%\">\n<p><strong><span style=\"font-size: 10pt;color: #000000\">11. Dr. Bernscherer Gy\u00f6rgyn\u00e9, szakmai elm\u00e9leti tant\u00e1rgyat oktat\u00f3 &#8211; bernscherer.gyorgyne@semmelweis.hu<\/span><\/strong><\/p>\n<\/td>\n<td style=\"height: 33px;width: 46.5589%\">\n<p><strong><span style=\"font-size: 10pt;color: #000000\">39.\u00a0\u00a0P\u00e1lmai Andrea, szakmai elm\u00e9leti tant\u00e1rgyat oktat\u00f3 tan\u00e1r &#8211; palmai.andrea@semmelweis.hu<\/span><\/strong><\/p>\n<\/td>\n<\/tr>\n<tr style=\"height: 33px\">\n<td style=\"height: 33px;width: 39.2562%\">\u00a0<\/td>\n<td style=\"height: 33px;width: 46.5589%\">\u00a0<\/td>\n<\/tr>\n<tr style=\"height: 33px\">\n<td style=\"height: 33px;width: 39.2562%\">\n<p><strong><span style=\"font-size: 10pt;color: #000000\">12. D\u00e9t\u00e1ri-Varga T\u00fcnde, k\u00f6zismereti tant\u00e1rgyat oktat\u00f3 k\u00f6z\u00e9piskolai &#8211; pfenningne.varga.tunde@semmelweis.hu<\/span><\/strong><\/p>\n<\/td>\n<td style=\"height: 33px;width: 46.5589%\">\n<p><strong><span style=\"font-size: 10pt;color: #000000\">40.\u00a0 Rad\u00f3cz Zolt\u00e1n Istv\u00e1n, matematika szakos oktat\u00f3 &#8211; radocz.zoltan.istvan@semmelweis.hu<\/span><\/strong><\/p>\n<\/td>\n<\/tr>\n<tr style=\"height: 33px\">\n<td style=\"height: 33px;width: 39.2562%\">\u00a0<\/td>\n<td style=\"height: 33px;width: 46.5589%\">\u00a0<\/td>\n<\/tr>\n<tr style=\"height: 33px\">\n<td style=\"height: 33px;width: 39.2562%\">\n<p><strong><span style=\"font-size: 10pt;color: #000000\">13. D\u00e9v\u00e9nyi T\u00edmea, angol nyelv szakos oktat\u00f3 &#8211; devenyi.timea@semmelweis.hu<\/span><\/strong><\/p>\n<\/td>\n<td style=\"height: 33px;width: 46.5589%\">\n<p><strong><span style=\"font-size: 10pt;color: #000000\">41.\u00a0Rajczi Emil, t\u00f6rt\u00e9nelem szakos oktat\u00f3 &#8211; rajczi.emil@semmelweis.hu<\/span><\/strong><\/p>\n<\/td>\n<\/tr>\n<tr style=\"height: 33px\">\n<td style=\"height: 33px;width: 39.2562%\">\u00a0<\/td>\n<td style=\"height: 33px;width: 46.5589%\">\u00a0<\/td>\n<\/tr>\n<tr style=\"height: 33px\">\n<td style=\"height: 33px;width: 39.2562%\">\n<p><strong><span style=\"font-size: 10pt;color: #000000\">14. \u00c9kes-Gajd\u00e1tsy Andrea, angol szakos oktat\u00f3 &#8211; ekes.gajdatsy.andrea@semmelweis.hu<\/span><\/strong><\/p>\n<\/td>\n<td style=\"height: 33px;width: 46.5589%\">\n<p><strong><span style=\"font-size: 10pt;color: #000000\">42.\u00a0R\u00e9p\u00e1si Ad\u00e9l Fel\u00edcia, eg\u00e9szs\u00e9g\u00fcgyi szakos oktat\u00f3 &#8211; repasi.adel.felicia@semmelweis.hu<\/span><\/strong><\/p>\n<\/td>\n<\/tr>\n<tr style=\"height: 33px\">\n<td style=\"height: 33px;width: 39.2562%\">\u00a0<\/td>\n<td style=\"height: 33px;width: 46.5589%\">\u00a0<\/td>\n<\/tr>\n<tr style=\"height: 33px\">\n<td style=\"height: 33px;width: 39.2562%\">\n<p><strong><span style=\"font-size: 10pt;color: #000000\">15. \u00c9les R\u00f3bert Gy\u00f6rgy, matematika tant\u00e1rgyat oktat\u00f3 &#8211; eles.robert.gyorgy@semmelweis.hu<\/span><\/strong><\/p>\n<\/td>\n<td style=\"height: 33px;width: 46.5589%\">\n<p><strong><span style=\"font-size: 10pt;color: #000000\">43.\u00a0R\u00e9p\u00e1si Marcell L\u00e1szl\u00f3, szakmai igazgat\u00f3helyettes, szakmai elm\u00e9leti oktat\u00f3 &#8211; repasi.marcell.laszlo@semmelweis.hu<\/span><\/strong><\/p>\n<\/td>\n<\/tr>\n<tr style=\"height: 33px\">\n<td style=\"height: 33px;width: 39.2562%\">\u00a0<\/td>\n<td style=\"height: 33px;width: 46.5589%\">\u00a0<\/td>\n<\/tr>\n<tr style=\"height: 33px\">\n<td style=\"height: 33px;width: 39.2562%\">\n<p><strong><span style=\"font-size: 10pt;color: #000000\">16. Farkas Ildik\u00f3, idegennyelv oktat\u00f3, idegennyelvi munkak\u00f6z\u00f6ss\u00e9g vezet\u0151 &#8211; farkas.ildiko@semmelweis.hu<\/span><\/strong><\/p>\n<\/td>\n<td style=\"height: 33px;width: 46.5589%\">\n<p><strong><span style=\"font-size: 10pt;color: #000000\">44. S\u00e1nta \u00c1beln\u00e9, pedag\u00f3giai tant\u00e1rgyat oktat\u00f3 &#8211; santa.abelne@semmelweis.hu<\/span><\/strong><\/p>\n<\/td>\n<\/tr>\n<tr style=\"height: 33px\">\n<td style=\"height: 33px;width: 39.2562%\">\u00a0<\/td>\n<td style=\"height: 33px;width: 46.5589%\">\u00a0<\/td>\n<\/tr>\n<tr style=\"height: 33px\">\n<td style=\"height: 33px;width: 39.2562%\">\n<p><strong><span style=\"font-size: 10pt;color: #000000\">17. Fekete-Mizsei Vikt\u00f3ria Titanilla, szakmai elm\u00e9leti tant\u00e1rgyat oktat\u00f3 &#8211; mizsei.viktoria@semmelweis.hu<\/span><\/strong><\/p>\n<\/td>\n<td style=\"height: 33px;width: 46.5589%\">\n<p><strong><span style=\"font-size: 10pt;color: #000000\">45.\u00a0Szabados M\u00e1ria Em\u0151ke, szakmai elm\u00e9leti tant\u00e1rgyat oktat\u00f3 tan\u00e1r &#8211; szabados.maria@semmelweis.hu<\/span><\/strong><\/p>\n<\/td>\n<\/tr>\n<tr style=\"height: 33px\">\n<td style=\"height: 33px;width: 39.2562%\">\u00a0<\/td>\n<td style=\"height: 33px;width: 46.5589%\">\u00a0<\/td>\n<\/tr>\n<tr style=\"height: 33px\">\n<td style=\"height: 33px;width: 39.2562%\">\n<p><strong><span style=\"font-size: 10pt;color: #000000\">18. F\u00fcl\u00f6p J\u00e1nos, matematika szakos oktat\u00f3 &#8211;\u00a0 fulop.janos@semmelweis.hu<\/span><\/strong><\/p>\n<\/td>\n<td style=\"height: 33px;width: 46.5589%\">\n<p><strong><span style=\"font-size: 10pt;color: #000000\">46. Szab\u00f3 S\u00e1ndor, k\u00e9mia, fizika szakos-oktat\u00f3 &#8211; szabo.sandor4@semmelweis.hu<\/span><\/strong><\/p>\n<\/td>\n<\/tr>\n<tr style=\"height: 33px\">\n<td style=\"height: 33px;width: 39.2562%\">\u00a0<\/td>\n<td style=\"height: 33px;width: 46.5589%\">\u00a0<\/td>\n<\/tr>\n<tr style=\"height: 33px\">\n<td style=\"height: 33px;width: 39.2562%\">\n<p><strong><span style=\"font-size: 10pt;color: #000000\">19. Gombk\u00f6t\u0151 Csaba J\u00f3zsef, magyar nyelv \u00e9s irodalom szakos oktat\u00f3 &#8211; gombkoto.csaba@semmelweis.hu<\/span><\/strong><\/p>\n<\/td>\n<td style=\"height: 33px;width: 46.5589%\">\n<p><strong><span style=\"font-size: 10pt;color: #000000\">47.\u00a0Szab\u00f3 Tam\u00e1s Mikl\u00f3s, magyar nyelv \u00e9s irodalom tant\u00e1rgyat oktat\u00f3 &#8211; szabo.tamas.miklos@semmelweis.hu<\/span><\/strong><\/p>\n<\/td>\n<\/tr>\n<tr style=\"height: 33px\">\n<td style=\"height: 33px;width: 39.2562%\">\u00a0<\/td>\n<td style=\"height: 33px;width: 46.5589%\">\u00a0<\/td>\n<\/tr>\n<tr style=\"height: 33px\">\n<td style=\"height: 33px;width: 39.2562%\">\n<p><strong><span style=\"font-size: 10pt;color: #000000\">20. Gonda Andrea, angol nyelv tant\u00e1rgyat oktat\u00f3 &#8211; gonda.andrea@semmelweis.hu<\/span><\/strong><\/p>\n<\/td>\n<td style=\"height: 33px;width: 46.5589%\">\n<p><strong><span style=\"font-size: 10pt;color: #000000\">48.\u00a0Szecsei Judit Kl\u00e1ra, szakmai elm\u00e9leti tant\u00e1rgyat oktat\u00f3 &#8211; szecsei.judit@semmelweis.hu<\/span><\/strong><\/p>\n<\/td>\n<\/tr>\n<tr style=\"height: 33px\">\n<td style=\"height: 33px;width: 39.2562%\">\u00a0<\/td>\n<td style=\"height: 33px;width: 46.5589%\">\u00a0<\/td>\n<\/tr>\n<tr style=\"height: 33px\">\n<td style=\"height: 33px;width: 39.2562%\">\n<p><strong><span style=\"font-size: 10pt;color: #000000\">21. Heged\u0171s J\u00f3zsef, angol nyelv szakos oktat\u00f3 &#8211; hegedus.jozsef@semmelweis.hu<\/span><\/strong><\/p>\n<\/td>\n<td style=\"height: 33px;width: 46.5589%\">\n<p><strong><span style=\"font-size: 10pt;color: #000000\">49. Szil\u00e1di Kriszti\u00e1n, testnevel\u00e9s szakos oktat\u00f3 &#8211; sziladi.krisztian@semmelweis.hu\u2002<\/span><\/strong><\/p>\n<\/td>\n<\/tr>\n<tr style=\"height: 33px\">\n<td style=\"height: 33px;width: 39.2562%\">\u00a0<\/td>\n<td style=\"height: 33px;width: 46.5589%\">\u00a0<\/td>\n<\/tr>\n<tr style=\"height: 33px\">\n<td style=\"height: 33px;width: 39.2562%\">\n<p><strong><span style=\"font-size: 10pt;color: #000000\">22. Horv\u00e1th Szit\u00e1s Gabriella, matematika oktat\u00f3, oszt\u00e1lyf\u0151n\u00f6ki munkak\u00f6z\u00f6ss\u00e9g vezet\u0151 &#8211; horvath.szitas.gabriela@semmelweis.hu<\/span><\/strong><\/p>\n<\/td>\n<td style=\"height: 33px;width: 46.5589%\">\n<p><strong><span style=\"font-size: 10pt;color: #000000\">50.\u00a0Sz\u00e9kely Zolt\u00e1n, pedag\u00f3giai tant\u00e1rgyat oktat\u00f3 &#8211; szekely.zoltan@semmelweis.hu<\/span><\/strong><\/p>\n<\/td>\n<\/tr>\n<tr style=\"height: 33px\">\n<td style=\"height: 33px;width: 39.2562%\">\u00a0<\/td>\n<td style=\"height: 33px;width: 46.5589%\">\u00a0<\/td>\n<\/tr>\n<tr style=\"height: 33px\">\n<td style=\"height: 33px;width: 39.2562%\">\n<p><strong><span style=\"font-size: 10pt;color: #000000\">23. Hrncsj\u00e1r \u00c1gota, k\u00f6zismereti tant\u00e1rgyat (magyar nyelv \u00e9s irodalom) oktat\u00f3 tan\u00e1r &#8211; hrncsjar.agota@semmelweis.hu<\/span><\/strong><\/p>\n<\/td>\n<td style=\"height: 33px;width: 46.5589%\">\n<p><strong><span style=\"font-size: 10pt;color: #000000\">51.\u00a0\u00a0T\u00f6r\u00f6k Ildik\u00f3, \u00e1ltal\u00e1nos igazgat\u00f3helyettes, szakmai elm\u00e9leti oktat\u00f3 &#8211; torok.ildiko1@semmelweis.hu<\/span><\/strong><\/p>\n<\/td>\n<\/tr>\n<tr style=\"height: 33px\">\n<td style=\"height: 28px;width: 39.2562%\">\u00a0<\/td>\n<td style=\"height: 28px;width: 46.5589%\">\u00a0<\/td>\n<\/tr>\n<tr style=\"height: 63px\">\n<td style=\"height: 63px;width: 39.2562%\">\n<p><strong><span style=\"font-size: 10pt;color: #000000\">24. Juh\u00e1sz Judit, matematika \u00a0szakos oktat\u00f3 &#8211; juhasz.judit@semmelweis.hu<\/span><\/strong><\/p>\n<\/td>\n<td style=\"height: 63px;width: 46.5589%\">\n<p><strong><span style=\"font-size: 10pt;color: #000000\">52. T\u00f6r\u0151csik Istv\u00e1n, k\u00f6zismereti t\u00e1rgyat (magyar nyelv \u00e9s irodalom) oktat\u00f3 &#8211; torocsik.istvan1@semmelweis.hu<\/span><\/strong><\/p>\n<\/td>\n<\/tr>\n<tr style=\"height: 33px\">\n<td style=\"height: 33px;width: 39.2562%\">\u00a0<\/td>\n<td style=\"height: 33px;width: 46.5589%\">\u00a0<\/td>\n<\/tr>\n<tr style=\"height: 33px\">\n<td style=\"height: 33px;width: 39.2562%\">\n<p><strong><span style=\"font-size: 10pt;color: #000000\">25. Kan\u00f3cz Rich\u00e1rd, testnevel\u0151 tan\u00e1r\/oktat\u00f3 &#8211; kanocz.richard@semmelweis.hu<\/span><\/strong><\/p>\n<\/td>\n<td style=\"height: 33px;width: 46.5589%\">\n<p><strong><span style=\"font-size: 10pt;color: #000000\">53.\u00a0Varga Zs\u00f3fia, oktat\u00f3, iskolapszichol\u00f3gus &#8211; varga.zsofia1@semmelweis.hu<\/span><\/strong><\/p>\n<\/td>\n<\/tr>\n<tr style=\"height: 33px\">\n<td style=\"height: 33px;width: 39.2562%\">\u00a0<\/td>\n<td style=\"height: 33px;width: 46.5589%\">\u00a0<\/td>\n<\/tr>\n<tr style=\"height: 33px\">\n<td style=\"height: 33px;width: 39.2562%\">\n<p><strong><span style=\"font-size: 10pt;color: #000000\">26. Karvalics R\u00e9ka, n\u00e9met nyelv szakos oktat\u00f3 &#8211; karvalics.reka@semmelweis.hu<\/span><\/strong><\/p>\n<\/td>\n<td style=\"height: 33px;width: 46.5589%\">\n<p><strong><span style=\"font-size: 10pt;color: #000000\">54.\u00a0Viskovits Ren\u00e1ta Rita, angol nyelv szakos oktat\u00f3 &#8211; viskovits.renata.rita@semmelweis.hu<\/span><\/strong><\/p>\n<\/td>\n<\/tr>\n<tr style=\"height: 33px\">\n<td style=\"height: 33px;width: 39.2562%\">\u00a0<\/td>\n<td style=\"height: 33px;width: 46.5589%\">\u00a0<\/td>\n<\/tr>\n<tr style=\"height: 33px\">\n<td style=\"height: 33px;width: 39.2562%\">\n<p><strong><span style=\"font-size: 10pt;color: #000000\">27. Katona B\u00e1lint, szakmai elm\u00e9leti tant\u00e1rgyat oktat\u00f3 &#8211; katona.balint@semmelweis.hu<\/span><\/strong><\/p>\n<\/td>\n<td style=\"height: 33px;width: 46.5589%\">\n<p><strong><span style=\"font-size: 10pt;color: #000000\">55. Zaja Roland, igazgat\u00f3, szakmai elm\u00e9leti oktat\u00f3 &#8211; zaja.roland@semmelweis.hu<\/span><\/strong><\/p>\n<\/td>\n<\/tr>\n<tr style=\"height: 33px\">\n<td style=\"height: 33px;width: 39.2562%\">\u00a0<\/td>\n<td style=\"height: 33px;width: 46.5589%\">\u00a0<\/td>\n<\/tr>\n<tr style=\"height: 33px\">\n<td style=\"height: 33px;width: 39.2562%\">\n<p><strong><span style=\"font-size: 10pt;color: #000000\">28. Katona B\u00e1lintn\u00e9, fejleszt\u0151 pedag\u00f3gus &#8211; katona.balintne@semmelweis.hu<\/span><\/strong><\/p>\n<\/td>\n<td style=\"height: 33px;width: 46.5589%\">\n<p><strong><span style=\"font-size: 10pt;color: #000000\">56.\u00a0Wohlr\u00e1b Fanni Katalin, matematika szakos oktat\u00f3 &#8211; wohlrab.fanni.katalin@semmelweis.hu<\/span><\/strong><\/p>\n<\/td>\n<\/tr>\n<\/tbody>\n<\/table>\n<p>&nbsp;<\/p>\n","protected":false},"excerpt":{"rendered":"<p>1. Bart\u00f3k Kinga, magyar nyelv \u00e9s irodalom szakos oktat\u00f3 &#8211; bartok.kinga@semmelweis.hu 29. Kov\u00e1cs Bal\u00e1zs J\u00f3zsef, pedag\u00f3giai szakos oktat\u00f3 &#8211; kovacs.balazs.jozsef@semmelweis.hu \u00a0 \u00a0 2. Bede \u00c9va,\u00a0 matematika szakos oktat\u00f3, re\u00e1l munkak\u00f6z\u00f6ss\u00e9g vezet\u0151 &#8211; bede.eva@semmelweis.hu 30. Kov\u00e1cs Gy\u00f6rgy, t\u00f6rt\u00e9nelem szakos oktat\u00f3 &#8211; kovacs.gyorgy@semmelweis.hu \u00a0 \u00a0 3. Bereczki M\u00e1rta Szilvia, pedag\u00f3giai tant\u00e1rgyat oktat\u00f3, szakmai munkak\u00f6z\u00f6ss\u00e9g vezet\u0151 &#8211; bereczki.marta.szilvia@semmelweis.hu &hellip;<\/p>\n","protected":false},"author":101934,"featured_media":0,"parent":531,"menu_order":8,"comment_status":"closed","ping_status":"closed","template":"","meta":{"_acf_changed":false,"footnotes":""},"categories":[],"tags":[],"class_list":["post-50","page","type-page","status-publish","hentry"],"acf":[],"_links":{"self":[{"href":"https:\/\/semmelweis.hu\/semmelweisiskola\/wp-json\/wp\/v2\/pages\/50","targetHints":{"allow":["GET"]}}],"collection":[{"href":"https:\/\/semmelweis.hu\/semmelweisiskola\/wp-json\/wp\/v2\/pages"}],"about":[{"href":"https:\/\/semmelweis.hu\/semmelweisiskola\/wp-json\/wp\/v2\/types\/page"}],"author":[{"embeddable":true,"href":"https:\/\/semmelweis.hu\/semmelweisiskola\/wp-json\/wp\/v2\/users\/101934"}],"replies":[{"embeddable":true,"href":"https:\/\/semmelweis.hu\/semmelweisiskola\/wp-json\/wp\/v2\/comments?post=50"}],"version-history":[{"count":13,"href":"https:\/\/semmelweis.hu\/semmelweisiskola\/wp-json\/wp\/v2\/pages\/50\/revisions"}],"predecessor-version":[{"id":3848,"href":"https:\/\/semmelweis.hu\/semmelweisiskola\/wp-json\/wp\/v2\/pages\/50\/revisions\/3848"}],"up":[{"embeddable":true,"href":"https:\/\/semmelweis.hu\/semmelweisiskola\/wp-json\/wp\/v2\/pages\/531"}],"wp:attachment":[{"href":"https:\/\/semmelweis.hu\/semmelweisiskola\/wp-json\/wp\/v2\/media?parent=50"}],"wp:term":[{"taxonomy":"category","embeddable":true,"href":"https:\/\/semmelweis.hu\/semmelweisiskola\/wp-json\/wp\/v2\/categories?post=50"},{"taxonomy":"post_tag","embeddable":true,"href":"https:\/\/semmelweis.hu\/semmelweisiskola\/wp-json\/wp\/v2\/tags?post=50"}],"curies":[{"name":"wp","href":"https:\/\/api.w.org\/{rel}","templated":true}]}}