{"id":442,"date":"2021-11-12T09:45:27","date_gmt":"2021-11-12T08:45:27","guid":{"rendered":"https:\/\/semmelweis.hu\/semmelweisiskola\/?page_id=442"},"modified":"2021-11-24T14:47:04","modified_gmt":"2021-11-24T13:47:04","slug":"netfit","status":"publish","type":"page","link":"https:\/\/semmelweis.hu\/semmelweisiskola\/oktatas\/netfit\/","title":{"rendered":"NETFIT\u00ae"},"content":{"rendered":"<p style=\"text-align: center;\"><strong>A\u00a0NETFIT<sup>\u00ae<\/sup>\u00a0PROGRAMR\u00d3L<\/strong><\/p>\n<p>A Magyar Di\u00e1ksport Sz\u00f6vets\u00e9g 2013. m\u00e1jus 24-\u00e9n \u00fatnak ind\u00edtotta az\u00a0<em>\u201eA testnevel\u00e9s \u00faj strat\u00e9gi\u00e1j\u00e1nak \u00e9s a fizikai \u00e1llapot \u00faj m\u00e9r\u00e9si rendszer\u00e9nek kialak\u00edt\u00e1sa \u00e9s az \u00f6nk\u00e9ntes r\u00e9szv\u00e9tel \u00f6szt\u00f6nz\u00e9se a komplex iskolai testmozg\u00e1sprogramok szervez\u00e9s\u00e9ben\u201d <\/em>elnevez\u00e9s\u0171 kiemelt projektj\u00e9t.<\/p>\n<p>A programr\u00f3l illetve a projekt pontos megval\u00f3s\u00edt\u00e1s\u00e1r\u00f3l az al\u00e1bbi linken t\u00e1j\u00e9koz\u00f3dhattok:<\/p>\n<p><a href=\"https:\/\/www.mdsz.hu\/hir\/netfit-class-challenge-cimmel-palyazatot-hirdetetunk\/\" target=\"_blank\" rel=\"noopener noreferrer\">NETFIT\u00ae program<\/a><\/p>\n<p style=\"text-align: center;\"><strong>NETFIT<sup>\u00ae<\/sup>\u00a0OKTAT\u00d3VIDE\u00d3K<\/strong><\/p>\n<p>&nbsp;<\/p>\n<p><iframe loading=\"lazy\" title=\"NETFIT\u00ae Hajl\u00e9konys\u00e1gi teszt \/ Back-saver sit and reach test\" width=\"753\" height=\"424\" src=\"https:\/\/www.youtube.com\/embed\/do0lei80Xu8?feature=oembed\" frameborder=\"0\" allow=\"accelerometer; autoplay; clipboard-write; encrypted-media; gyroscope; picture-in-picture\" allowfullscreen><\/iframe><\/p>\n<p>&nbsp;<\/p>\n<p><iframe loading=\"lazy\" title=\"NETFIT\u00ae Helyb\u0151l t\u00e1volugr\u00e1s teszt \/ Standing long jump test\" width=\"753\" height=\"424\" src=\"https:\/\/www.youtube.com\/embed\/PjukuapL1wo?start=1&#038;feature=oembed\" frameborder=\"0\" allow=\"accelerometer; autoplay; clipboard-write; encrypted-media; gyroscope; picture-in-picture\" allowfullscreen><\/iframe><\/p>\n<p>&nbsp;<\/p>\n<p><iframe loading=\"lazy\" title=\"NETFIT\u00ae T\u00f6rzsemel\u00e9s teszt - Trunklift test\" width=\"753\" height=\"424\" src=\"https:\/\/www.youtube.com\/embed\/sCHLbapWsKw?feature=oembed\" frameborder=\"0\" allow=\"accelerometer; autoplay; clipboard-write; encrypted-media; gyroscope; picture-in-picture\" allowfullscreen><\/iframe><\/p>\n<p>&nbsp;<\/p>\n<p><iframe loading=\"lazy\" title=\"NETFIT\u00ae K\u00e9zi szor\u00edt\u00f3er\u0151 m\u00e9r\u00e9s \/ Handgrip strength test\" width=\"753\" height=\"424\" src=\"https:\/\/www.youtube.com\/embed\/EYFofBfJdlc?start=1&#038;feature=oembed\" frameborder=\"0\" allow=\"accelerometer; autoplay; clipboard-write; encrypted-media; gyroscope; picture-in-picture\" allowfullscreen><\/iframe><\/p>\n<p>&nbsp;<\/p>\n<p><iframe loading=\"lazy\" title=\"NETFIT\u00ae Testt\u00f6meg index \/ Body mass index\" width=\"753\" height=\"424\" src=\"https:\/\/www.youtube.com\/embed\/1xu9MoRhurU?feature=oembed\" frameborder=\"0\" allow=\"accelerometer; autoplay; clipboard-write; encrypted-media; gyroscope; picture-in-picture\" allowfullscreen><\/iframe><\/p>\n<p>&nbsp;<\/p>\n<p><iframe loading=\"lazy\" title=\"NETFIT\u00ae Testzs\u00edrsz\u00e1zal\u00e9k m\u00e9r\u00e9se - Body fat percentage\" width=\"753\" height=\"424\" src=\"https:\/\/www.youtube.com\/embed\/2v2VRDt7Kzo?feature=oembed\" frameborder=\"0\" allow=\"accelerometer; autoplay; clipboard-write; encrypted-media; gyroscope; picture-in-picture\" allowfullscreen><\/iframe><\/p>\n","protected":false},"excerpt":{"rendered":"<p>A\u00a0NETFIT\u00ae\u00a0PROGRAMR\u00d3L<br \/>\nA Magyar Di\u00e1ksport Sz\u00f6vets\u00e9g 2013. m\u00e1jus 24-\u00e9n \u00fatnak ind\u00edtotta az\u00a0\u201eA testnevel\u00e9s \u00faj strat\u00e9gi\u00e1j\u00e1nak \u00e9s a fizikai \u00e1llapot \u00faj m\u00e9r\u00e9si rendszer\u00e9nek kialak\u00edt\u00e1sa \u00e9s az \u00f6nk\u00e9ntes r\u00e9szv\u00e9tel \u00f6szt\u00f6nz\u00e9se a komplex iskolai testmozg\u00e1sprogramok szervez\u00e9s\u00e9ben\u201d elnevez\u00e9s\u0171 kiemelt projektj\u00e9t.<br \/>\nA programr\u00f3l illetve a projekt pontos megval\u00f3s\u00edt\u00e1s\u00e1r\u00f3l az al\u00e1bbi linken t\u00e1j\u00e9koz\u00f3dhattok:<br \/>\n<a href=\"https:\/\/www.mdsz.hu\/hir\/netfit-class-challenge-cimmel-palyazatot-hirdetetunk\/\" target=\"_blank\" rel=\"noopener noreferrer\">NETFIT\u00ae program<\/a><br \/>\nNETFIT\u00ae\u00a0OKTAT\u00d3VIDE\u00d3K<br \/>\n&nbsp;<\/p>\n<p>&nbsp;<\/p>\n<p>&nbsp;<\/p>\n<p>&nbsp;<\/p>\n<p>&nbsp;<\/p>\n<p>&nbsp;<\/p>\n","protected":false},"author":101934,"featured_media":0,"parent":380,"menu_order":13,"comment_status":"closed","ping_status":"closed","template":"","meta":{"_acf_changed":false,"footnotes":""},"categories":[],"tags":[],"class_list":["post-442","page","type-page","status-publish","hentry"],"acf":[],"_links":{"self":[{"href":"https:\/\/semmelweis.hu\/semmelweisiskola\/wp-json\/wp\/v2\/pages\/442","targetHints":{"allow":["GET"]}}],"collection":[{"href":"https:\/\/semmelweis.hu\/semmelweisiskola\/wp-json\/wp\/v2\/pages"}],"about":[{"href":"https:\/\/semmelweis.hu\/semmelweisiskola\/wp-json\/wp\/v2\/types\/page"}],"author":[{"embeddable":true,"href":"https:\/\/semmelweis.hu\/semmelweisiskola\/wp-json\/wp\/v2\/users\/101934"}],"replies":[{"embeddable":true,"href":"https:\/\/semmelweis.hu\/semmelweisiskola\/wp-json\/wp\/v2\/comments?post=442"}],"version-history":[{"count":10,"href":"https:\/\/semmelweis.hu\/semmelweisiskola\/wp-json\/wp\/v2\/pages\/442\/revisions"}],"predecessor-version":[{"id":829,"href":"https:\/\/semmelweis.hu\/semmelweisiskola\/wp-json\/wp\/v2\/pages\/442\/revisions\/829"}],"up":[{"embeddable":true,"href":"https:\/\/semmelweis.hu\/semmelweisiskola\/wp-json\/wp\/v2\/pages\/380"}],"wp:attachment":[{"href":"https:\/\/semmelweis.hu\/semmelweisiskola\/wp-json\/wp\/v2\/media?parent=442"}],"wp:term":[{"taxonomy":"category","embeddable":true,"href":"https:\/\/semmelweis.hu\/semmelweisiskola\/wp-json\/wp\/v2\/categories?post=442"},{"taxonomy":"post_tag","embeddable":true,"href":"https:\/\/semmelweis.hu\/semmelweisiskola\/wp-json\/wp\/v2\/tags?post=442"}],"curies":[{"name":"wp","href":"https:\/\/api.w.org\/{rel}","templated":true}]}}