{"id":431,"date":"2021-11-12T09:34:11","date_gmt":"2021-11-12T08:34:11","guid":{"rendered":"https:\/\/semmelweis.hu\/semmelweisiskola\/?page_id=431"},"modified":"2021-12-01T12:35:32","modified_gmt":"2021-12-01T11:35:32","slug":"konyvtar","status":"publish","type":"page","link":"https:\/\/semmelweis.hu\/semmelweisiskola\/oktatas\/konyvtar\/","title":{"rendered":"K\u00f6nyvt\u00e1r"},"content":{"rendered":"<p style=\"text-align: center;\"><strong>A TANK\u00d6NYVK\u00d6LCS\u00d6NZ\u00c9S RENDJE<\/strong><\/p>\n<p><strong>1. A tank\u00f6nyvk\u00f6lcs\u00f6nz\u00e9s szab\u00e1lyai \u00e9s rendje<\/strong><\/p>\n<p>a) Az iskola a k\u00f6nyvt\u00e1rb\u00f3l val\u00f3 k\u00f6lcs\u00f6nz\u00e9s \u00fatj\u00e1n \u2013 \u00faj vagy haszn\u00e1lt \u00e1llapotban &#8211; ingyenesen biztos\u00edtja a tank\u00f6nyveket azoknak a nappali tagozatos tanul\u00f3knak, akik a normat\u00edv t\u00e1mogat\u00e1s jogszab\u00e1lyban meghat\u00e1rozott jogosults\u00e1gi felt\u00e9telei valamelyik\u00e9nek megfelelnek.<\/p>\n<p>b) Az ingyenes tank\u00f6nyvre jogosult tanul\u00f3k ig\u00e9nyeinek kiel\u00e9g\u00edt\u00e9se ut\u00e1n fennmarad\u00f3 haszn\u00e1lt tank\u00f6nyveket a szoci\u00e1lisan r\u00e1szorult tanul\u00f3k az iskolai k\u00f6nyvt\u00e1rb\u00f3l kik\u00f6lcs\u00f6n\u00f6zhetik, ha a t\u00e1mogat\u00e1sra val\u00f3 jogosults\u00e1gukat a di\u00e1kj\u00f3l\u00e9ti bizotts\u00e1g meg\u00e1llap\u00edtotta.<\/p>\n<p>c) A fentieken k\u00edv\u00fcl a k\u00f6nyvt\u00e1rb\u00f3l k\u00f6lcs\u00f6n\u00f6zhet tank\u00f6nyvet az a tanul\u00f3, aki a tan\u00e9v k\u00f6zben \u00e1tv\u00e9tellel ker\u00fclt az iskol\u00e1ba,<\/p>\n<ul>\n<li>\u00e9s nem jogosult normat\u00edv t\u00e1mogat\u00e1sra, de a csal\u00e1d szoci\u00e1lis helyzete indokoltt\u00e1 teszi, hogy ne k\u00e9nyszer\u00fclj\u00f6n \u00fajabb tank\u00f6nyvek megv\u00e1s\u00e1rl\u00e1s\u00e1ra,<\/li>\n<li>k\u00fcl\u00f6nb\u00f6zeti vizsg\u00e1t tesz, \u00e9s a vizsga let\u00e9tele ut\u00e1n nem lesz sz\u00fcks\u00e9ge az adott tank\u00f6nyvre.<\/li>\n<\/ul>\n<p>d) Az iskola lehet\u0151s\u00e9g szerint k\u00f6nyvt\u00e1ri k\u00f6lcs\u00f6nz\u00e9ssel biztos\u00edt a tanul\u00f3knak egyes szakmacsoportos tank\u00f6nyveket, ha a tant\u00e1rgy sz\u00e1m\u00e1ra a hivatalos tank\u00f6nyvjegyz\u00e9ken nem szerepel akkredit\u00e1lt tank\u00f6nyv.<\/p>\n<p>e) Egy\u00e9b esetekben a tanul\u00f3k a k\u00f6nyvt\u00e1rb\u00f3l nem k\u00f6lcs\u00f6n\u00f6zhetnek tank\u00f6nyvet, k\u00fcl\u00f6n\u00f6sen nem az \u00f3rak\u00f6zi sz\u00fcnetekben, ha a tanul\u00f3 a tank\u00f6nyv\u00e9t otthon hagyta.<\/p>\n<p>f) A tanul\u00f3nak a k\u00f6lcs\u00f6nz\u00f6tt tank\u00f6nyveket vissza kell szolg\u00e1ltatnia a k\u00f6nyvt\u00e1rba<\/p>\n<ul>\n<li>annak a tan\u00e9vnek az utols\u00f3 tan\u00edt\u00e1si napj\u00e1n, amikor az adott tant\u00e1rgyb\u00f3l befejez\u0151d\u00f6tt a k\u00e9pz\u00e9s,<\/li>\n<li>a vizsgat\u00e1rgyak tank\u00f6nyveit a vizsga let\u00e9tel\u00e9nek napj\u00e1n,<\/li>\n<li>ha a tanul\u00f3 a szabadon v\u00e1lasztott \u00e9retts\u00e9gi tant\u00e1rgy megv\u00e1ltoztat\u00e1s\u00e1ra enged\u00e9lyt kapott, az \u00fajonnan v\u00e1lasztott tant\u00e1rgy tank\u00f6nyv\u00e9nek k\u00f6lcs\u00f6nz\u00e9sekor,<\/li>\n<li>ha a tanul\u00f3 jav\u00edt\u00f3 vagy oszt\u00e1lyoz\u00f3 vizsg\u00e1t tesz, az adott tant\u00e1rgy tank\u00f6nyveit \u2013 kiv\u00e9ve a vizsgat\u00e1rgyak\u00e9t \u2013 a vizsga let\u00e9tel\u00e9nek napj\u00e1n.<\/li>\n<\/ul>\n<p>g) A tanul\u00f3 saj\u00e1t tulajdon\u00e1ban maradhatnak a munkaf\u00fczetek, a munkatank\u00f6nyvek \u00e9s a nyelvk\u00f6nyvek, de a t\u00f6bbi tank\u00f6nyv visszaad\u00e1sakor \u2013 a selejtez\u00e9s dokument\u00e1l\u00e1sa v\u00e9gett \u2013 ezeket is be kell mutatnia a k\u00f6nyvt\u00e1rban, \u00e9s ha csak kev\u00e9s (vagy ceruz\u00e1s) bejegyz\u00e9s van benn\u00fck, a k\u00f6nyvt\u00e1ros ezeket a tank\u00f6nyveket is visszak\u00e9rheti a tanul\u00f3t\u00f3l.<\/p>\n<p>h) A tanul\u00f3i jogviszony megsz\u0171n\u00e9sekor a tanul\u00f3 k\u00f6teles a k\u00f6nyvt\u00e1rnak visszaszolg\u00e1ltatni az \u00f6sszes k\u00f6lcs\u00f6nz\u00e9ssel biztos\u00edtott tank\u00f6nyvet.<\/p>\n<p><strong>2. A k\u00f6lcs\u00f6nz\u00f6tt tank\u00f6nyvek haszn\u00e1lat\u00e1val \u00e9s a k\u00e1rt\u00e9r\u00edt\u00e9ssel kapcsolatos szab\u00e1lyok<\/strong><\/p>\n<p>a) A tanul\u00f3 a k\u00f6nyvt\u00e1rb\u00f3l k\u00f6lcs\u00f6nz\u00f6tt tank\u00f6nyveket k\u00f6teles meg\u0151rizni, rendeltet\u00e9sszer\u0171en haszn\u00e1lni, \u00e9s a k\u00f6lcs\u00f6nz\u00e9si id\u0151 lej\u00e1rtakor \u00e9p, tiszta \u00e1llapotban visszaszolg\u00e1ltatni.\u00a0<\/p>\n<p>b) A tanul\u00f3, illetve a kiskor\u00fa tanul\u00f3 sz\u00fcl\u0151je k\u00f6teles az iskol\u00e1nak megt\u00e9r\u00edteni a k\u00e1rt \u2013 kiv\u00e9ve a rendeltet\u00e9sszer\u0171 haszn\u00e1latb\u00f3l sz\u00e1rmaz\u00f3 \u00e9rt\u00e9kcs\u00f6kken\u00e9st \u2013, ha a k\u00f6nyvt\u00e1rb\u00f3l k\u00f6lcs\u00f6nz\u00f6tt tank\u00f6nyv<\/p>\n<ul>\n<li>elveszett,<\/li>\n<li>megrong\u00e1l\u00f3dott,<\/li>\n<li>elhaszn\u00e1l\u00f3d\u00e1s\u00e1nak m\u00e9rt\u00e9ke a rendeltet\u00e9sszer\u0171 haszn\u00e1latb\u00f3l sz\u00e1rmaz\u00f3n\u00e1l nagyobb.<\/li>\n<\/ul>\n<p>c)A tank\u00f6nyv elhaszn\u00e1l\u00f3d\u00e1s\u00e1nak vagy megrong\u00e1l\u00f3d\u00e1s\u00e1nak m\u00e9rt\u00e9k\u00e9t a k\u00f6lcs\u00f6nz\u00e9si id\u0151 lej\u00e1rtakor a k\u00f6nyvt\u00e1ros \u00e1llap\u00edtja meg, vit\u00e1s esetekben az igazgat\u00f3 d\u00f6nt.<\/p>\n<p>d)A k\u00e1rt\u00e9r\u00edt\u00e9s \u00f6sszeg\u00e9t a k\u00f6nyvt\u00e1ros hat\u00e1rozza meg a tank\u00f6nyvjegyz\u00e9ken szerepl\u0151 v\u00e9tel\u00e1r \u00e9s a rendeltet\u00e9sszer\u0171 haszn\u00e1latb\u00f3l sz\u00e1rmaz\u00f3 \u00e9rt\u00e9kcs\u00f6kken\u00e9s alapj\u00e1n.<\/p>\n<p>e)A rendeltet\u00e9sszer\u0171 haszn\u00e1latb\u00f3l sz\u00e1rmaz\u00f3 \u00e9rt\u00e9kcs\u00f6kken\u00e9s haszn\u00e1lati \u00e9venk\u00e9nt 25 sz\u00e1zal\u00e9k. A vizsgat\u00e1rgyak tank\u00f6nyvein\u00e9l az \u00e9rt\u00e9kcs\u00f6kken\u00e9sbe csak azt a tan\u00e9vet vagy tan\u00e9veket sz\u00e1m\u00edtjuk be, amikor a tanul\u00f3 a tank\u00f6nyvet a helyi tanterv szerint a felk\u00e9sz\u00fcl\u00e9shez haszn\u00e1lta.<\/p>\n<p>f) Az igazgat\u00f3 \u2013 az oszt\u00e1lyf\u0151n\u00f6k v\u00e9lem\u00e9ny\u00e9nek meghallgat\u00e1s\u00e1val \u2013 a sz\u00fcl\u0151 \u00edr\u00e1sbeli k\u00e9r\u00e9s\u00e9re a csal\u00e1d szoci\u00e1lis r\u00e1szorults\u00e1ga alapj\u00e1n m\u00e9rs\u00e9kelheti vagy elengedheti az okozott k\u00e1r megt\u00e9r\u00edt\u00e9s\u00e9t.<\/p>\n<p>g) Ha a tank\u00f6nyv tan\u00e9v k\u00f6zben veszett el, a m\u00e1sodszori k\u00f6lcs\u00f6nz\u00e9s felt\u00e9tele, hogy a tanul\u00f3 k\u00e1rt\u00e9r\u00edt\u00e9si k\u00f6telezetts\u00e9g\u00e9nek eleget tegyen.<\/p>\n<p style=\"text-align: center;\"><strong>A K\u00d6NYVT\u00c1R M\u0170K\u00d6D\u00c9SI RENDJE<\/strong><\/p>\n<p><strong>1.\u00a0A beiratkoz\u00e1s rendje<\/strong><\/p>\n<p>a) Az iskolai k\u00f6nyvt\u00e1rnak az iskola minden tanul\u00f3ja \u00e9s alkalmazottja tagja lehet, \u00e9s t\u00e9r\u00edt\u00e9smentesen haszn\u00e1lhatja a k\u00f6nyvt\u00e1r \u00e1llom\u00e1ny\u00e1t.<\/p>\n<p>b) A k\u00f6nyvt\u00e1ri tags\u00e1g az els\u0151 k\u00f6lcs\u00f6nz\u00e9skor j\u00f6n l\u00e9tre, \u00e9s a tanul\u00f3i vagy k\u00f6zalkalmazotti jogviszony megsz\u0171n\u00e9s\u00e9ig folyamatosan \u00e9rv\u00e9nyes. A k\u00f6nyvt\u00e1rtag a k\u00f6lcs\u00f6nz\u00e9si jegy\u00e9t \u2013 amelyet k\u00f6teles meg\u0151rizni \u2013 a beiratkoz\u00e1skor kapja meg.<\/p>\n<p>c) A k\u00f6nyvt\u00e1rtagokr\u00f3l csak a k\u00f6vetkez\u0151 szem\u00e9lyes adatokat lehet nyilv\u00e1ntartani:<\/p>\n<ul>\n<li>sz\u00fclet\u00e9si adatok,<\/li>\n<li>anyja neve,<\/li>\n<li>tanul\u00f3 eset\u00e9ben a gondvisel\u0151 neve,<\/li>\n<li>lakc\u00edm,<\/li>\n<li>OM-azonos\u00edt\u00f3.<\/li>\n<\/ul>\n<p>d) A k\u00f6nyvt\u00e1rtag k\u00f6teles t\u00e1j\u00e9koztatni a k\u00f6nyvt\u00e1rost, ha a lakc\u00edm\u00e9ben, illetve a tanul\u00f3, ha a gondvisel\u0151je szem\u00e9ly\u00e9ben v\u00e1ltoz\u00e1s k\u00f6vetkezett be.<\/p>\n<p>e) A beiratkoz\u00e1skor az olvas\u00f3 k\u00f6telezetts\u00e9get v\u00e1llal a k\u00f6nyvt\u00e1ri szab\u00e1lyok betart\u00e1s\u00e1ra, ezekr\u0151l a k\u00f6nyvt\u00e1ros a beiratkoz\u00e1skor ad t\u00e1j\u00e9koztat\u00e1st.<\/p>\n<p>f) Az \u00faj oszt\u00e1lyok sz\u00e1m\u00e1ra a k\u00f6nyvt\u00e1ros a k\u00f6nyvt\u00e1rismereti \u00f3r\u00e1n r\u00e9szletes t\u00e1j\u00e9koztat\u00e1st tart a k\u00f6nyvt\u00e1r m\u0171k\u00f6d\u00e9si rendj\u00e9r\u0151l, dokumentum\u00e1llom\u00e1ny\u00e1r\u00f3l \u00e9s a dokumentumok k\u00f6z\u00f6tti eligazod\u00e1sr\u00f3l.<\/p>\n<p>g) A k\u00f6nyvt\u00e1rhaszn\u00e1l\u00f3knak joguk van, hogy a k\u00f6nyvt\u00e1ros seg\u00edts\u00e9g\u00e9t k\u00e9rj\u00e9k a k\u00f6nyvt\u00e1ri \u00e1llom\u00e1ny megismer\u00e9s\u00e9ben \u00e9s a t\u00e1j\u00e9koz\u00f3d\u00e1sban.<\/p>\n<p><strong>2. A nyitva tart\u00e1s \u00e9s a k\u00f6lcs\u00f6nz\u00e9s ideje<\/strong><\/p>\n<p>a) Az iskolai k\u00f6nyvt\u00e1r hetente 22 \u00f3r\u00e1t tart nyitva a k\u00f6vetkez\u0151 id\u0151beoszt\u00e1s szerint:<\/p>\n<p style=\"padding-left: 40px;\">H\u00e9tf\u0151: 11:00 &#8211; 15:30<br \/>\nKedd: 11:30 &#8211; 16:00<br \/>\nSzerda: 11:00 &#8211; 15:30<br \/>\nCs\u00fct\u00f6rt\u00f6k: 11:30 &#8211; 16:00<br \/>\nP\u00e9ntek: 11:00 &#8211; 15:00<\/p>\n<p>b) Nyitvatart\u00e1si id\u0151ben minden k\u00f6nyvt\u00e1rtag haszn\u00e1lhatja k\u00f6lcs\u00f6nz\u00e9sre, helyben olvas\u00e1sra, sz\u00e1m\u00edt\u00f3g\u00e9pez\u00e9sre, zenehallgat\u00e1sra \u00e9s filmn\u00e9z\u00e9sre a k\u00f6nyvt\u00e1rt, tan\u00edt\u00e1si \u00f3r\u00e1n csak azok a tanul\u00f3k, akik mentes\u00fcltek valamely tant\u00e1rgy tanul\u00e1sa al\u00f3l.<\/p>\n<p>c) Nyitva tart\u00e1si id\u0151n k\u00edv\u00fcl k\u00f6lcs\u00f6n\u00f6zni nem lehet, de a k\u00f6nyvt\u00e1ros \u2013 ha a k\u00f6nyvt\u00e1rban tart\u00f3zkodik, \u00e9s a munk\u00e1j\u00e1ban nem zavarj\u00e1k \u2013 enged\u00e9lyt adhat a helyben olvas\u00e1sra \u00e9s a sz\u00e1m\u00edt\u00f3g\u00e9p haszn\u00e1lat\u00e1ra.<\/p>\n<p>d) Az iskolai k\u00f6nyvt\u00e1r nyitvatart\u00e1si-k\u00f6lcs\u00f6nz\u00e9si rendje a k\u00f6nyvt\u00e1rban, a folyos\u00f3i hirdet\u0151t\u00e1bl\u00e1n \u00e9s a tan\u00e1ri szob\u00e1ban van kif\u00fcggesztve.<\/p>\n<p><strong>3. A k\u00f6lcs\u00f6nz\u00e9s rendje<\/strong><\/p>\n<p>a) Az iskolai k\u00f6nyvt\u00e1rb\u00f3l k\u00f6lcs\u00f6n\u00f6zni a nyitvatart\u00e1si id\u0151ben lehet.<\/p>\n<p>b) A k\u00f6lcs\u00f6nz\u00f6tt dokumentumokr\u00f3l a k\u00f6nyvt\u00e1ros elektronikus nyilv\u00e1ntart\u00e1st vezet, amelyben a k\u00f6nyvt\u00e1rtag nev\u00e9n\u00e9l r\u00f6gz\u00edti a k\u00f6lcs\u00f6nz\u00f6tt dokumentum lelt\u00e1ri sz\u00e1m\u00e1t, c\u00edm\u00e9t, illetve a k\u00f6lcs\u00f6nz\u00e9s id\u0151pontj\u00e1t, \u00e9s ezeket az adatokat a k\u00f6lcs\u00f6nz\u0151 jegyre is r\u00e1vezeti.<\/p>\n<p>c) A k\u00f6lcs\u00f6nz\u00f6tt dokumentum visszaszolg\u00e1ltat\u00e1s\u00e1t a k\u00f6nyvt\u00e1ros a k\u00f6lcs\u00f6nz\u0151jegyen al\u00e1\u00edr\u00e1s\u00e1val igazolja, \u00e9s ezzel egyidej\u0171leg elv\u00e9gzi a t\u00f6rl\u00e9st az elektronikus nyilv\u00e1ntart\u00e1sban.<\/p>\n<p>d) A k\u00f6nyvt\u00e1rtagok legfeljebb \u00f6t dokumentumot k\u00f6lcs\u00f6n\u00f6zhetnek, a pedag\u00f3gusok a tan\u00edt\u00e1shoz sz\u00fcks\u00e9ges darabsz\u00e1mot. A pedag\u00f3gusok a lexikonokon k\u00edv\u00fcl b\u00e1rmilyen dokumentumot kik\u00f6lcs\u00f6n\u00f6zhetnek. A tanul\u00f3k a lexikonokat, albumokat, k\u00e9zik\u00f6nyveket \u00e9s az elektronikus adathordoz\u00f3kat csak a k\u00f6nyvt\u00e1rban haszn\u00e1lhatj\u00e1k, ezeket kik\u00f6lcs\u00f6n\u00f6zni \u2013 rendk\u00edv\u00fcl indokolt esetben \u2013 csak igazgat\u00f3i enged\u00e9llyel lehet.<\/p>\n<p>e) A k\u00f6lcs\u00f6nz\u00e9s id\u0151tartama k\u00e9t h\u00e9t,\u00a0 a pedag\u00f3gusok sz\u00e1m\u00e1ra a folyamatosan haszn\u00e1lt seg\u00e9d- vagy szakk\u00f6nyvek eset\u00e9ben egy tan\u00e9v, de lelt\u00e1roz\u00e1skor, illetve ha id\u0151k\u00f6zben m\u00e1snak is sz\u00fcks\u00e9ge van a kik\u00f6lcs\u00f6nz\u00f6tt dokumentumra, az jogosan visszak\u00e9rhet\u0151. A pedag\u00f3gusok az elektronikus seg\u00e9danyagokat egy h\u00e9tre k\u00f6lcs\u00f6n\u00f6zhetik ki.<\/p>\n<p>f) Ha a tanul\u00f3n\u00e1l olyan k\u00f6nyvek vannak, amelyeknek lej\u00e1rt a k\u00f6lcs\u00f6nz\u00e9si ideje, addig nem k\u00f6lcs\u00f6n\u00f6zhet \u00fajabb k\u00f6nyvet, am\u00edg a k\u00f6nyvtartoz\u00e1s\u00e1t nem rendezte.<\/p>\n<p>g) A tanul\u00f3k m\u00e1jus \u2013 a v\u00e9gz\u0151s\u00f6k \u00e1prilis \u2013 v\u00e9g\u00e9ig k\u00f6telesek a k\u00f6nyvtartoz\u00e1saikat rendezni, a ny\u00e1ri sz\u00fcnetre csak kiv\u00e9telesen indokolt esetben maradhat a tanul\u00f3n\u00e1l dokumentum.<\/p>\n<p>h) A kik\u00f6lcs\u00f6nz\u00f6tt dokumentumot tiszt\u00e1n, s\u00e9rtetlen\u00fcl kell visszaadni. A dokumentum elveszt\u00e9s\u00e9b\u0151l vagy megrong\u00e1l\u00e1s\u00e1b\u00f3l sz\u00e1rmaz\u00f3 k\u00e1rt a k\u00f6nyvt\u00e1rtag k\u00f6teles a mindenkori forgalmi \u00e9rt\u00e9ken \u2013 tank\u00f6nyvek eset\u00e9ben \u00e9rt\u00e9kcs\u00f6kkentett \u00e1ron \u2013 megt\u00e9r\u00edteni, vagy ugyanolyan dokumentumot beszerezni.<\/p>\n<p>i) Ha az alkalmazottnak vagy a tanul\u00f3nak az iskol\u00e1val megsz\u0171nik a jogviszonya, k\u00f6teles a k\u00f6nyvt\u00e1ri tartoz\u00e1s\u00e1t rendezni, \u00e9s ennek t\u00e9ny\u00e9t a kil\u00e9p\u0151 lapon a k\u00f6nyvt\u00e1rossal igazoltatni, ellenkez\u0151 esetben az iskola jogi \u00faton j\u00e1r el.<\/p>\n<p><strong>4. A k\u00f6nyvt\u00e1r haszn\u00e1lat\u00e1nak szab\u00e1lyai<\/strong><\/p>\n<p>a) A k\u00f6nyvt\u00e1rhaszn\u00e1lati szab\u00e1lyzatot minden k\u00f6nyvt\u00e1ri tagnak be kell tartania, \u00e9s vigy\u00e1znia kell a k\u00f6nyvt\u00e1r \u00e9s \u00e1llom\u00e1ny\u00e1nak rendj\u00e9re, tisztas\u00e1g\u00e1ra \u00e9s a dokumentumok \u00e9ps\u00e9g\u00e9re.<\/p>\n<p>b) A k\u00f6nyvt\u00e1rba \u00e9telt \u00e9s italt nem szabad behozni, a kab\u00e1tot, t\u00e1sk\u00e1t az arra kijel\u00f6lt helyen kell elhelyezni.<\/p>\n<p>c) A k\u00f6lcs\u00f6nz\u0151k \u00e9s a helyben olvas\u00f3k magatart\u00e1sukkal nem zavarhatj\u00e1k a k\u00f6nyvt\u00e1r csendj\u00e9t.<\/p>\n<p>d) A helyben olvas\u00e1skor haszn\u00e1lt k\u00f6nyveket t\u00e1voz\u00e1s el\u0151tt az eredeti hely\u00fckre kell visszatenni, vagy a k\u00f6nyvt\u00e1rosnak visszaadni.<\/p>\n<p>e) A sz\u00e1m\u00edt\u00f3g\u00e9p haszn\u00e1latakor be kell tartani azokat a szab\u00e1lyokat, amelyeket erre vonatkoz\u00f3an az iskolai h\u00e1zirend el\u0151\u00edr.<\/p>\n<p>f) A k\u00f6nyvt\u00e1rban elhelyezett f\u00e9nym\u00e1sol\u00f3t t\u00e9r\u00edt\u00e9s ellen\u00e9ben, \u00f6n\u00e1ll\u00f3an lehet haszn\u00e1lni, de az \u00e9szlelt hib\u00e1t azonnal jelezni kell a k\u00f6nyvt\u00e1rosnak.<\/p>\n<p><strong>5. A k\u00f6nyvt\u00e1r csoportos haszn\u00e1lata<\/strong><\/p>\n<p>a) A k\u00f6nyvt\u00e1rostan\u00e1r a helyi tantervben meghat\u00e1rozott tematika \u00e9s \u00f3rasz\u00e1m szerint k\u00f6nyvt\u00e1rismereti foglalkoz\u00e1sokat tart\u00a0 a k\u00f6nyvt\u00e1rban, amelyek id\u0151pontj\u00e1t a tan\u00e9v elej\u00e9n egyeztetnie kell az \u00e9rintett szaktan\u00e1rokkal, akik a tanmeneteikben r\u00f6gz\u00edtik az \u00fctemez\u00e9st.<\/p>\n<p>b) Ha a teremell\u00e1totts\u00e1g lehet\u0151v\u00e9 teszi, a k\u00f6nyvt\u00e1rba tan\u00edt\u00e1si \u00f3ra nem oszthat\u00f3 be. A k\u00f6nyvt\u00e1rhaszn\u00e1latot ig\u00e9nyl\u0151 tan\u00edt\u00e1si \u00f3r\u00e1k \u00e9s tan\u00f3r\u00e1n k\u00edv\u00fcli foglalkoz\u00e1sok id\u0151pontj\u00e1t a pedag\u00f3gusoknak el\u0151zetesen egyeztetni\u00fck kell a k\u00f6nyvt\u00e1rostan\u00e1rral.<\/p>\n<p>c) A k\u00f6nyvt\u00e1rostan\u00e1r munkak\u00f6ri k\u00f6teless\u00e9ge, hogy szakmai seg\u00edts\u00e9get adjon a k\u00f6nyvt\u00e1ri foglalkoz\u00e1sok el\u0151k\u00e9sz\u00edt\u00e9s\u00e9hez, \u00e9s k\u00f6zrem\u0171k\u00f6dj\u00f6n azok megtart\u00e1s\u00e1ban.\u00a0<\/p>\n","protected":false},"excerpt":{"rendered":"<p>A TANK\u00d6NYVK\u00d6LCS\u00d6NZ\u00c9S RENDJE 1. A tank\u00f6nyvk\u00f6lcs\u00f6nz\u00e9s szab\u00e1lyai \u00e9s rendje a) Az iskola a k\u00f6nyvt\u00e1rb\u00f3l val\u00f3 k\u00f6lcs\u00f6nz\u00e9s \u00fatj\u00e1n \u2013 \u00faj vagy haszn\u00e1lt \u00e1llapotban &#8211; ingyenesen biztos\u00edtja a tank\u00f6nyveket azoknak a nappali tagozatos tanul\u00f3knak, akik a normat\u00edv t\u00e1mogat\u00e1s jogszab\u00e1lyban meghat\u00e1rozott jogosults\u00e1gi felt\u00e9telei valamelyik\u00e9nek megfelelnek. b) Az ingyenes tank\u00f6nyvre jogosult tanul\u00f3k ig\u00e9nyeinek kiel\u00e9g\u00edt\u00e9se ut\u00e1n fennmarad\u00f3 haszn\u00e1lt tank\u00f6nyveket a &hellip;<\/p>\n","protected":false},"author":101934,"featured_media":0,"parent":380,"menu_order":11,"comment_status":"closed","ping_status":"closed","template":"","meta":{"_acf_changed":false,"footnotes":""},"categories":[],"tags":[],"class_list":["post-431","page","type-page","status-publish","hentry"],"acf":[],"_links":{"self":[{"href":"https:\/\/semmelweis.hu\/semmelweisiskola\/wp-json\/wp\/v2\/pages\/431","targetHints":{"allow":["GET"]}}],"collection":[{"href":"https:\/\/semmelweis.hu\/semmelweisiskola\/wp-json\/wp\/v2\/pages"}],"about":[{"href":"https:\/\/semmelweis.hu\/semmelweisiskola\/wp-json\/wp\/v2\/types\/page"}],"author":[{"embeddable":true,"href":"https:\/\/semmelweis.hu\/semmelweisiskola\/wp-json\/wp\/v2\/users\/101934"}],"replies":[{"embeddable":true,"href":"https:\/\/semmelweis.hu\/semmelweisiskola\/wp-json\/wp\/v2\/comments?post=431"}],"version-history":[{"count":11,"href":"https:\/\/semmelweis.hu\/semmelweisiskola\/wp-json\/wp\/v2\/pages\/431\/revisions"}],"predecessor-version":[{"id":899,"href":"https:\/\/semmelweis.hu\/semmelweisiskola\/wp-json\/wp\/v2\/pages\/431\/revisions\/899"}],"up":[{"embeddable":true,"href":"https:\/\/semmelweis.hu\/semmelweisiskola\/wp-json\/wp\/v2\/pages\/380"}],"wp:attachment":[{"href":"https:\/\/semmelweis.hu\/semmelweisiskola\/wp-json\/wp\/v2\/media?parent=431"}],"wp:term":[{"taxonomy":"category","embeddable":true,"href":"https:\/\/semmelweis.hu\/semmelweisiskola\/wp-json\/wp\/v2\/categories?post=431"},{"taxonomy":"post_tag","embeddable":true,"href":"https:\/\/semmelweis.hu\/semmelweisiskola\/wp-json\/wp\/v2\/tags?post=431"}],"curies":[{"name":"wp","href":"https:\/\/api.w.org\/{rel}","templated":true}]}}