{"id":3412,"date":"2025-05-12T15:47:08","date_gmt":"2025-05-12T13:47:08","guid":{"rendered":"https:\/\/semmelweis.hu\/semmelweisiskola\/?page_id=3412"},"modified":"2026-04-13T14:30:04","modified_gmt":"2026-04-13T12:30:04","slug":"iskola-adminisztracios-munkatarsak","status":"publish","type":"page","link":"https:\/\/semmelweis.hu\/semmelweisiskola\/iskolarol\/iskola-adminisztracios-munkatarsak\/","title":{"rendered":"Iskolai adminisztr\u00e1ci\u00f3s munkat\u00e1rsak"},"content":{"rendered":"<table style=\"border-collapse: collapse;width: 100%;height: 289px\">\n<tbody>\n<tr style=\"height: 33px\">\n<td style=\"width: 40.4999%;height: 21px\"><strong><span style=\"font-size: 10pt\">Szab\u00f3 Judit M\u00e1ria<\/span><\/strong><\/td>\n<td style=\"width: 40.9811%;height: 37px\" width=\"469\"><strong><span style=\"font-size: 10pt\">Deme N\u00e1ndor<\/span><\/strong><\/td>\n<\/tr>\n<tr style=\"height: 33px\">\n<td style=\"width: 40.4999%;height: 33px\"><strong><span style=\"font-size: 10pt\">szabo.judit.maria@semmelweis.hu, iskolatitk\u00e1r<\/span><\/strong><\/td>\n<td style=\"width: 40.9811%;height: 33px\"><strong><span style=\"font-size: 10pt\">deme.nandor@semmelweis.hu, rendszergazda<\/span><\/strong><\/td>\n<\/tr>\n<tr style=\"height: 33px\">\n<td style=\"width: 40.4999%;height: 33px\">\u00a0<\/td>\n<td style=\"width: 40.9811%;height: 33px\">\u00a0<\/td>\n<\/tr>\n<tr style=\"height: 33px\">\n<td style=\"width: 40.4999%;height: 33px\"><strong><span style=\"font-size: 10pt\">Patakin\u00e9 Szab\u00f3 Zsuzsanna<\/span><\/strong>\u00a0<\/td>\n<td style=\"width: 40.9811%;height: 33px\"><strong><span style=\"font-size: 10pt\">Varga Zs\u00f3fia<\/span><\/strong><\/td>\n<\/tr>\n<tr style=\"height: 33px\">\n<td style=\"width: 40.4999%;height: 33px\"><strong><span style=\"font-size: 10pt\">patakine.szabo.zsuzsanna@semmelweis.hu, adminisztr\u00e1tor<\/span><\/strong><\/td>\n<td style=\"width: 40.9811%;height: 33px\"><strong><span style=\"font-size: 10pt\">varga.zsofia1@semmelweis.hu, pszichol\u00f3gus<\/span><\/strong><\/td>\n<\/tr>\n<tr style=\"height: 33px\">\n<td style=\"width: 40.4999%;height: 33px\">\u00a0<\/td>\n<td style=\"width: 40.9811%;height: 33px\">\u00a0<\/td>\n<\/tr>\n<tr style=\"height: 33px\">\n<td style=\"width: 40.4999%;height: 37px\">\u00a0<\/td>\n<td style=\"width: 40.9811%;height: 37px\" width=\"469\">\u00a0<\/td>\n<\/tr>\n<tr style=\"height: 33px\">\n<td style=\"width: 40.4999%;height: 33px\">\u00a0<\/td>\n<td style=\"width: 40.9811%;height: 33px\">\u00a0<\/td>\n<\/tr>\n<tr style=\"height: 33px\">\n<td style=\"width: 40.4999%;height: 33px\">\u00a0<\/td>\n<td style=\"width: 40.9811%;height: 33px\">\u00a0<\/td>\n<\/tr>\n<\/tbody>\n<\/table>\n","protected":false},"excerpt":{"rendered":"<p>Szab\u00f3 Judit M\u00e1ria<br \/>\nDeme N\u00e1ndor<\/p>\n<p>szabo.judit.maria@semmelweis.hu, iskolatitk\u00e1r<br \/>\ndeme.nandor@semmelweis.hu, rendszergazda<\/p>\n<p>\u00a0<br \/>\n\u00a0<\/p>\n<p>Patakin\u00e9 Szab\u00f3 Zsuzsanna\u00a0<br \/>\nVarga Zs\u00f3fia<\/p>\n<p>patakine.szabo.zsuzsanna@semmelweis.hu, adminisztr\u00e1tor<br \/>\nvarga.zsofia1@semmelweis.hu, pszichol\u00f3gus<\/p>\n<p>\u00a0<br \/>\n\u00a0<\/p>\n<p>\u00a0<br \/>\n\u00a0<\/p>\n<p>\u00a0<br \/>\n\u00a0<\/p>\n<p>\u00a0<br \/>\n\u00a0<\/p>\n","protected":false},"author":101999,"featured_media":0,"parent":531,"menu_order":9,"comment_status":"closed","ping_status":"closed","template":"","meta":{"_acf_changed":false,"footnotes":""},"categories":[],"tags":[],"class_list":["post-3412","page","type-page","status-publish","hentry"],"acf":[],"_links":{"self":[{"href":"https:\/\/semmelweis.hu\/semmelweisiskola\/wp-json\/wp\/v2\/pages\/3412","targetHints":{"allow":["GET"]}}],"collection":[{"href":"https:\/\/semmelweis.hu\/semmelweisiskola\/wp-json\/wp\/v2\/pages"}],"about":[{"href":"https:\/\/semmelweis.hu\/semmelweisiskola\/wp-json\/wp\/v2\/types\/page"}],"author":[{"embeddable":true,"href":"https:\/\/semmelweis.hu\/semmelweisiskola\/wp-json\/wp\/v2\/users\/101999"}],"replies":[{"embeddable":true,"href":"https:\/\/semmelweis.hu\/semmelweisiskola\/wp-json\/wp\/v2\/comments?post=3412"}],"version-history":[{"count":7,"href":"https:\/\/semmelweis.hu\/semmelweisiskola\/wp-json\/wp\/v2\/pages\/3412\/revisions"}],"predecessor-version":[{"id":3870,"href":"https:\/\/semmelweis.hu\/semmelweisiskola\/wp-json\/wp\/v2\/pages\/3412\/revisions\/3870"}],"up":[{"embeddable":true,"href":"https:\/\/semmelweis.hu\/semmelweisiskola\/wp-json\/wp\/v2\/pages\/531"}],"wp:attachment":[{"href":"https:\/\/semmelweis.hu\/semmelweisiskola\/wp-json\/wp\/v2\/media?parent=3412"}],"wp:term":[{"taxonomy":"category","embeddable":true,"href":"https:\/\/semmelweis.hu\/semmelweisiskola\/wp-json\/wp\/v2\/categories?post=3412"},{"taxonomy":"post_tag","embeddable":true,"href":"https:\/\/semmelweis.hu\/semmelweisiskola\/wp-json\/wp\/v2\/tags?post=3412"}],"curies":[{"name":"wp","href":"https:\/\/api.w.org\/{rel}","templated":true}]}}